{"id":9024,"date":"2023-09-26T20:00:41","date_gmt":"2023-09-26T18:00:41","guid":{"rendered":"http:\/\/agora-eoi.xtec.cat\/eoitarragona\/?page_id=9024"},"modified":"2025-09-25T11:07:18","modified_gmt":"2025-09-25T09:07:18","slug":"renuncia-curs-superat-i-renuncia-matricula","status":"publish","type":"page","link":"https:\/\/agora-eoi.xtec.cat\/eoitarragona\/tramits-administratius\/renuncia-curs-superat-i-renuncia-matricula\/","title":{"rendered":"Ren\u00fancia curs superat i ren\u00fancia matr\u00edcula"},"content":{"rendered":"\n<p>\u25cf <strong>Ren\u00fancia curs superat <\/strong><strong><br><\/strong><\/p>\n\n\n\n<p>Qualsevol persona que tingui un expedient acad\u00e8mic obert en una escola oficial d&#8217;idiomes podr\u00e0 sol\u00b7licitar a la direcci\u00f3 de l&#8217;escola la ren\u00fancia a un dels cursos acad\u00e8mics superats en aquell idioma, sempre que no siguin cursos que hagin comportat l&#8217;obtenci\u00f3 d&#8217;un certificat.<\/p>\n\n\n\n<p>L&#8217;escola la podr\u00e0 concedir un cop obtinguts els informes oportuns del departament d&#8217;aquell idioma.<\/p>\n\n\n\n<p>El curs renunciat computar\u00e0 a efectes de repetici\u00f3.<\/p>\n\n\n\n<p>Terminis:<\/p>\n\n\n\n<p>-Presentaci\u00f3 de sol\u00b7licituds: del 2 a l&#8217;9 de juliol i del 3 al 10 de setembre<\/p>\n\n\n\n<p>-Resoluci\u00f3: 9 de juliol alumnes oficials i 20 setembre nou alumnat<\/p>\n\n\n\n<p>-Matriculaci\u00f3: 12 i 13 juliol alumnes oficials i 27 de setembre nou alumnat<\/p>\n\n\n\n<p><strong><a href=\"https:\/\/forms.gle\/6HcDtCQDyG6VxKh69\" target=\"_blank\" rel=\"noopener\">Formulari de Sol\u00b7licitud<\/a><\/strong>.<\/p>\n\n\n\n<ul class=\"wp-block-list\">\n<li><strong>Ren\u00fancia de la Matr\u00edcula<br><\/strong><br>La ren\u00fancia no computa a efectes de repetici\u00f3 i l\u2019alumne mant\u00e9 la prioritat per matricular-se com a antic alumne al seg\u00fcent any acad\u00e8mic, en el torn que la normativa dictamini.<\/li>\n<\/ul>\n\n\n\n<p>Un cop acceptada la ren\u00fancia per part de l\u2019EOI, l\u2019alumne ja no podr\u00e0 assistir a classe.<\/p>\n\n\n\n<p>Renunciar a la matr\u00edcula no implica&nbsp; el dret al retorn de cap taxa.<\/p>\n\n\n\n<p>Si un alumne abandona el curs sense que es formalitzi l\u2019acceptaci\u00f3 d\u2019una ren\u00fancia, tindr\u00e0, a tots els efectes, la consideraci\u00f3 de \u201cno presentat\u201d i, es computar\u00e0 el curs a efectes de repetici\u00f3.<\/p>\n\n\n\n<p>D&#8217;aquestes ren\u00fancies, l&#8217;alumne en podr\u00e0 fer nom\u00e9s <strong>una<\/strong> per curs.<\/p>\n\n\n\n<p>Terminis:<\/p>\n\n\n\n<p>Curs anual: <strong>fins al darrer dia h\u00e0bil de novembre<\/strong><\/p>\n\n\n\n<p>Curs intensiu de 1r quadrimestre: <strong>fins al darrer dia h\u00e0bil d&#8217;octubre<\/strong><\/p>\n\n\n\n<p>Curs intensiu de 2n quadrimestre: <strong>fins al darrer dia h\u00e0bil de febrer<\/strong><\/p>\n\n\n\n<p>Impr\u00e8s de Sol\u00b7licitud. <a href=\"https:\/\/drive.google.com\/file\/d\/1V0C9DMZJ5YDS5Rje8yOWn_KiTL7ssaXQ\/view?usp=drive_link\"><strong>Cliqueu aqu\u00ed.<\/strong><\/a><\/p>\n\n\n\n<p>\u25cf <strong>Devoluci\u00f3 de taxes<\/strong><\/p>\n\n\n\n<p>El retorn de taxes \u00e9s compet\u00e8ncia del Departament d\u2019Educaci\u00f3.<a href=\"https:\/\/web.gencat.cat\/ca\/tramits\/tramits-temes\/devolucio-ingressos-indeguts\" data-type=\"link\" data-id=\"https:\/\/web.gencat.cat\/ca\/tramits\/tramits-temes\/devolucio-ingressos-indeguts\"> Gesti\u00f3 online.<\/a><\/p>\n\n\n\n<p>Les taxes o preus p\u00fablics de la matr\u00edcula a les EOI nom\u00e9s es poden retornar en els sup\u00f2sits que s&#8217;indiquen a continuaci\u00f3 i dins dels terminis que, quan escau, s&#8217;assenyalen:<\/p>\n\n\n\n<ul class=\"wp-block-list\">\n<li>Ren\u00fancia amb dret a devoluci\u00f3 de taxes per la matr\u00edcula de cursos extensius i de cursos intensius i flexibilitzats del primer quadrimestre fins al <strong>10 d\u2019octubre<\/strong>, i fins al <strong>10 de febrer<\/strong>, per als cursos intensius i flexibilitzats del segon quadrimestre.<\/li>\n\n\n\n<li>Ren\u00fancia a la inscripci\u00f3 a les proves lliures per a l&#8217;obtenci\u00f3 del certificat de nivell intermedi B1, del certificat de nivell intermedi B2 o del certificat de nivell avan\u00e7at C1 quan la ren\u00fancia i la sol\u00b7licitud de retorn de taxes o de preus p\u00fablics es<br>produeixen abans de la data de publicaci\u00f3 de les llistes definitives d&#8217;admesos.<\/li>\n\n\n\n<li>Pagaments duplicats o per import superior.<\/li>\n\n\n\n<li>No aplicaci\u00f3 de bonificacions o exempcions a les quals l&#8217;alumne t\u00e9 dret en el moment de la matricula, per l&#8217;import corresponent.<\/li>\n\n\n\n<li>No-prestaci\u00f3 del servei per causes no imputables a l&#8217;alumne. No es consideren sup\u00f2sits de for\u00e7a major els canvis en l&#8217;horari laboral, ni els canvis de domicili o similars.<\/li>\n<\/ul>\n\n\n\n<p>En cas de <strong>trasllat a una altra comunitat aut\u00f2noma<\/strong>, l&#8217;alumne pot sol\u00b7licitar el retorn de taxes o preus p\u00fablics <strong>abans del darrer dia h\u00e0bil de novembre<\/strong>.<\/p>\n\n\n\n<p>Les sol\u00b7licituds de devoluci\u00f3 de taxes i preus p\u00fablics s&#8217;han de formular mitjan\u00e7ant el model &#8220;<a href=\"https:\/\/drive.google.com\/file\/d\/161rV68Vs2fN5tAqd30PWkajVDz8I_K27\/view\" target=\"_blank\" rel=\"noopener\">Sol\u00b7licitud de devoluci\u00f3 de taxa en la prestaci\u00f3 de serveis docents de les escoles oficials d&#8217;idiomes (EOI) o per a la inscripci\u00f3 en les proves lliures<\/a>&#8220;, que s&#8217;ha de presentar preferentment a la secretaria de l&#8217;EOI; aquesta ha de registrar-ne l&#8217;entrada i l\u2019ha de revisar per orientar l&#8217;alumne respecte de la correcci\u00f3 de la sol\u00b7licitud i de la documentaci\u00f3 aportada. Tamb\u00e9 es pot presentar en altres registres de l&#8217;Administraci\u00f3 o en els altres llocs establerts per la legislaci\u00f3.<\/p>\n\n\n\n<p>La ren\u00fancia a la matr\u00edcula oficial amb devoluci\u00f3 de taxa suposa l&#8217;anul\u00b7laci\u00f3 de la matr\u00edcula a tots els efectes i l&#8217;exclusi\u00f3 de la matr\u00edcula de l&#8217;expedient acad\u00e8mic de l&#8217;alumne i, per tant, la ren\u00fancia a la pla\u00e7a per part de l&#8217;alumne.<\/p>\n\n\n\n<p>Impr\u00e8s de Sol\u00b7licitud. <strong><a href=\"https:\/\/drive.google.com\/file\/d\/161rV68Vs2fN5tAqd30PWkajVDz8I_K27\/view\" target=\"_blank\" rel=\"noopener\">Cliqueu aqu\u00ed<\/a>.<\/strong><\/p>\n","protected":false},"excerpt":{"rendered":"<p>\u25cf Ren\u00fancia curs superat Qualsevol persona que tingui un expedient acad\u00e8mic obert en una escola oficial d&#8217;idiomes podr\u00e0 sol\u00b7licitar a la direcci\u00f3 de l&#8217;escola la ren\u00fancia a un dels cursos acad\u00e8mics superats en aquell idioma, sempre que no siguin cursos que hagin comportat l&#8217;obtenci\u00f3 d&#8217;un certificat. L&#8217;escola la podr\u00e0 concedir un cop obtinguts els informes [&hellip;]<\/p>\n","protected":false},"author":3,"featured_media":0,"parent":9011,"menu_order":60,"comment_status":"closed","ping_status":"closed","template":"","meta":{"_bbp_topic_count":0,"_bbp_reply_count":0,"_bbp_total_topic_count":0,"_bbp_total_reply_count":0,"_bbp_voice_count":0,"_bbp_anonymous_reply_count":0,"_bbp_topic_count_hidden":0,"_bbp_reply_count_hidden":0,"_bbp_forum_subforum_count":0,"site-sidebar-layout":"default","site-content-layout":"","ast-site-content-layout":"default","site-content-style":"default","site-sidebar-style":"default","ast-global-header-display":"","ast-banner-title-visibility":"","ast-main-header-display":"","ast-hfb-above-header-display":"","ast-hfb-below-header-display":"","ast-hfb-mobile-header-display":"","site-post-title":"","ast-breadcrumbs-content":"","ast-featured-img":"","footer-sml-layout":"","theme-transparent-header-meta":"","adv-header-id-meta":"","stick-header-meta":"","header-above-stick-meta":"","header-main-stick-meta":"","header-below-stick-meta":"","astra-migrate-meta-layouts":"set","ast-page-background-enabled":"default","ast-page-background-meta":{"desktop":{"background-color":"var(--ast-global-color-4)","background-image":"","background-repeat":"repeat","background-position":"center center","background-size":"auto","background-attachment":"scroll","background-type":"","background-media":"","overlay-type":"","overlay-color":"","overlay-opacity":"","overlay-gradient":""},"tablet":{"background-color":"","background-image":"","background-repeat":"repeat","background-position":"center center","background-size":"auto","background-attachment":"scroll","background-type":"","background-media":"","overlay-type":"","overlay-color":"","overlay-opacity":"","overlay-gradient":""},"mobile":{"background-color":"","background-image":"","background-repeat":"repeat","background-position":"center center","background-size":"auto","background-attachment":"scroll","background-type":"","background-media":"","overlay-type":"","overlay-color":"","overlay-opacity":"","overlay-gradient":""}},"ast-content-background-meta":{"desktop":{"background-color":"var(--ast-global-color-5)","background-image":"","background-repeat":"repeat","background-position":"center center","background-size":"auto","background-attachment":"scroll","background-type":"","background-media":"","overlay-type":"","overlay-color":"","overlay-opacity":"","overlay-gradient":""},"tablet":{"background-color":"var(--ast-global-color-5)","background-image":"","background-repeat":"repeat","background-position":"center center","background-size":"auto","background-attachment":"scroll","background-type":"","background-media":"","overlay-type":"","overlay-color":"","overlay-opacity":"","overlay-gradient":""},"mobile":{"background-color":"var(--ast-global-color-5)","background-image":"","background-repeat":"repeat","background-position":"center center","background-size":"auto","background-attachment":"scroll","background-type":"","background-media":"","overlay-type":"","overlay-color":"","overlay-opacity":"","overlay-gradient":""}},"footnotes":""},"class_list":["post-9024","page","type-page","status-publish","hentry"],"post_mailing_queue_ids":[],"_links":{"self":[{"href":"https:\/\/agora-eoi.xtec.cat\/eoitarragona\/wp-json\/wp\/v2\/pages\/9024","targetHints":{"allow":["GET"]}}],"collection":[{"href":"https:\/\/agora-eoi.xtec.cat\/eoitarragona\/wp-json\/wp\/v2\/pages"}],"about":[{"href":"https:\/\/agora-eoi.xtec.cat\/eoitarragona\/wp-json\/wp\/v2\/types\/page"}],"author":[{"embeddable":true,"href":"https:\/\/agora-eoi.xtec.cat\/eoitarragona\/wp-json\/wp\/v2\/users\/3"}],"replies":[{"embeddable":true,"href":"https:\/\/agora-eoi.xtec.cat\/eoitarragona\/wp-json\/wp\/v2\/comments?post=9024"}],"version-history":[{"count":6,"href":"https:\/\/agora-eoi.xtec.cat\/eoitarragona\/wp-json\/wp\/v2\/pages\/9024\/revisions"}],"predecessor-version":[{"id":17782,"href":"https:\/\/agora-eoi.xtec.cat\/eoitarragona\/wp-json\/wp\/v2\/pages\/9024\/revisions\/17782"}],"up":[{"embeddable":true,"href":"https:\/\/agora-eoi.xtec.cat\/eoitarragona\/wp-json\/wp\/v2\/pages\/9011"}],"wp:attachment":[{"href":"https:\/\/agora-eoi.xtec.cat\/eoitarragona\/wp-json\/wp\/v2\/media?parent=9024"}],"curies":[{"name":"wp","href":"https:\/\/api.w.org\/{rel}","templated":true}]}}