{"id":9020,"date":"2023-06-29T13:00:10","date_gmt":"2023-06-29T11:00:10","guid":{"rendered":"http:\/\/agora-eoi.xtec.cat\/eoitarragona\/?page_id=9020"},"modified":"2025-07-14T13:00:00","modified_gmt":"2025-07-14T11:00:00","slug":"repeticio-de-curs-i-convocatoria-addicional","status":"publish","type":"page","link":"https:\/\/agora-eoi.xtec.cat\/eoitarragona\/tramits-administratius\/repeticio-de-curs-i-convocatoria-addicional\/","title":{"rendered":"Repetici\u00f3 de curs i convocat\u00f2ria addicional"},"content":{"rendered":"\n<p><strong>1.-Repetici\u00f3 de curs:<\/strong><\/p>\n\n\n\n<p>Dins de cada nivell, b\u00e0sic, intermedi, avan\u00e7at, C1, l\u2019alumnat t\u00e9 dret a romandre matriculat en el r\u00e8gim d\u2019ensenyament oficial, modalitat presencial, durant un m\u00e0xim de cursos acad\u00e8mics equivalents al doble dels ordenats per al nivell i l\u2019 idioma corresponents. (Decret 4\/2009).<\/p>\n\n\n\n<p>-La suma de repeticions per <strong>nivell b\u00e0sic <\/strong>(1r i 2n)&nbsp;<strong> i avan\u00e7at<\/strong> (4t i 5\u00e8) no pot ser&nbsp; superior a 4 cursos.<\/p>\n\n\n\n<p>-La suma de repeticions per <strong>nivell intermedi i C1<\/strong> no pot ser superior a 2 cursos.<\/p>\n\n\n\n<p>Per saber les vegades que est\u00e0 perm\u00e8s matricular-se en un curs consulteu les combinacions possibles seg\u00fcents:<\/p>\n\n\n\n<figure class=\"wp-block-table\"><table><tbody><tr><td><strong>NIVELL<\/strong><\/td><td colspan=\"3\"><strong>B\u00c0SIC<\/strong><\/td><td><strong>INTERMEDI<\/strong><\/td><td colspan=\"2\">\n<p style=\"text-align: center;\"><strong>INTERMEDI <\/strong><\/p>\n<p style=\"text-align: center;\"><strong>B1.1 i B1.2<\/strong><\/p>\n<\/td><td colspan=\"2\"><strong>&nbsp; INTERMEDI<\/strong><\/td><td colspan=\"2\">\n<p style=\"text-align: center;\"><strong>AVAN\u00c7AT<\/strong><\/p>\n<p style=\"text-align: center;\"><strong>C1 I <\/strong><strong>C2<\/strong><\/p>\n<\/td><\/tr><tr><td><strong>Curs<\/strong><\/td><td><strong>A1<\/strong><\/td><td colspan=\"2\"><b>&nbsp; &nbsp; &nbsp; <strong>A2<\/strong><\/b><\/td><td><strong>B1<\/strong><\/td><td><strong>B1.1<\/strong><\/td><td><strong>B1.2<\/strong><\/td><td><strong>B2.1<\/strong><\/td><td><strong>B2.2&nbsp;<\/strong><\/td><td><strong>C1<\/strong><\/td><td><strong>C2<\/strong><\/td><\/tr><tr><td rowspan=\"4\">Vegades que un alumne es pot matricular en cada curs i les combinacions per nivells<\/td><td colspan=\"2\">1<\/td><td>3<\/td><td>2<\/td><td>1<\/td><td>3<\/td><td>1<\/td><td>3<\/td><td>2<\/td><td>2<\/td><\/tr><tr><td colspan=\"2\">3<\/td><td>1<\/td><td>&nbsp;<\/td><td>3<\/td><td>1<\/td><td>3<\/td><td>1<\/td><td>&nbsp;<\/td><td>&nbsp;<\/td><\/tr><tr><td colspan=\"2\">2<\/td><td>2<\/td><td>&nbsp;<\/td><td>2<\/td><td>2<\/td><td>2<\/td><td>2<\/td><td>&nbsp;<\/td><td>&nbsp;<\/td><\/tr><tr><td colspan=\"2\">Acc\u00e9s directe a A2<\/td><td>1<\/td><td>&nbsp;<\/td><td>Acc\u00e9s directe a 3r B<\/td><td>1<\/td><td>Acc\u00e9s directe a B2.2<\/td><td>1<\/td><td>&nbsp;<\/td><td>&nbsp;<\/td><\/tr><\/tbody><\/table><\/figure>\n\n\n\n<p>Si s&#8217;ha fet una ren\u00fancia durant l&#8217;any acad\u00e8mic, el curs no computa a efectes de repeticions.<\/p>\n\n\n\n<p>Alumnat lliure: no hi ha l\u00edmit de convocat\u00f2ries per matricular-se com a candidat lliure dels Certificats de Nivell Intermedi i Avan\u00e7at.<\/p>\n\n\n\n<p><strong>2.-Convocat\u00f2ria addicional<\/strong><\/p>\n\n\n\n<p>En casos excepcionals i justificats documentalment, la direcci\u00f3 de l\u2019escola podria autoritzar una convocat\u00f2ria addicional sempre que no representi fer el mateix curs per quarta vegada.<\/p>\n\n\n\n<p><strong>Documentaci\u00f3<\/strong><\/p>\n\n\n\n<p><strong><a href=\"https:\/\/forms.gle\/zTkU89sa2rN12Cj48\" target=\"_blank\" rel=\"noopener\">Formulari de sol\u00b7licitud<\/a><\/strong><\/p>\n","protected":false},"excerpt":{"rendered":"<p>1.-Repetici\u00f3 de curs: Dins de cada nivell, b\u00e0sic, intermedi, avan\u00e7at, C1, l\u2019alumnat t\u00e9 dret a romandre matriculat en el r\u00e8gim d\u2019ensenyament oficial, modalitat presencial, durant un m\u00e0xim de cursos acad\u00e8mics equivalents al doble dels ordenats per al nivell i l\u2019 idioma corresponents. (Decret 4\/2009). -La suma de repeticions per nivell b\u00e0sic (1r i 2n)&nbsp; i [&hellip;]<\/p>\n","protected":false},"author":3,"featured_media":0,"parent":9011,"menu_order":40,"comment_status":"closed","ping_status":"closed","template":"","meta":{"_bbp_topic_count":0,"_bbp_reply_count":0,"_bbp_total_topic_count":0,"_bbp_total_reply_count":0,"_bbp_voice_count":0,"_bbp_anonymous_reply_count":0,"_bbp_topic_count_hidden":0,"_bbp_reply_count_hidden":0,"_bbp_forum_subforum_count":0,"site-sidebar-layout":"default","site-content-layout":"","ast-site-content-layout":"default","site-content-style":"default","site-sidebar-style":"default","ast-global-header-display":"","ast-banner-title-visibility":"","ast-main-header-display":"","ast-hfb-above-header-display":"","ast-hfb-below-header-display":"","ast-hfb-mobile-header-display":"","site-post-title":"","ast-breadcrumbs-content":"","ast-featured-img":"","footer-sml-layout":"","theme-transparent-header-meta":"","adv-header-id-meta":"","stick-header-meta":"","header-above-stick-meta":"","header-main-stick-meta":"","header-below-stick-meta":"","astra-migrate-meta-layouts":"set","ast-page-background-enabled":"default","ast-page-background-meta":{"desktop":{"background-color":"var(--ast-global-color-4)","background-image":"","background-repeat":"repeat","background-position":"center center","background-size":"auto","background-attachment":"scroll","background-type":"","background-media":"","overlay-type":"","overlay-color":"","overlay-opacity":"","overlay-gradient":""},"tablet":{"background-color":"","background-image":"","background-repeat":"repeat","background-position":"center center","background-size":"auto","background-attachment":"scroll","background-type":"","background-media":"","overlay-type":"","overlay-color":"","overlay-opacity":"","overlay-gradient":""},"mobile":{"background-color":"","background-image":"","background-repeat":"repeat","background-position":"center center","background-size":"auto","background-attachment":"scroll","background-type":"","background-media":"","overlay-type":"","overlay-color":"","overlay-opacity":"","overlay-gradient":""}},"ast-content-background-meta":{"desktop":{"background-color":"var(--ast-global-color-5)","background-image":"","background-repeat":"repeat","background-position":"center center","background-size":"auto","background-attachment":"scroll","background-type":"","background-media":"","overlay-type":"","overlay-color":"","overlay-opacity":"","overlay-gradient":""},"tablet":{"background-color":"var(--ast-global-color-5)","background-image":"","background-repeat":"repeat","background-position":"center center","background-size":"auto","background-attachment":"scroll","background-type":"","background-media":"","overlay-type":"","overlay-color":"","overlay-opacity":"","overlay-gradient":""},"mobile":{"background-color":"var(--ast-global-color-5)","background-image":"","background-repeat":"repeat","background-position":"center center","background-size":"auto","background-attachment":"scroll","background-type":"","background-media":"","overlay-type":"","overlay-color":"","overlay-opacity":"","overlay-gradient":""}},"footnotes":""},"class_list":["post-9020","page","type-page","status-publish","hentry"],"post_mailing_queue_ids":[],"_links":{"self":[{"href":"https:\/\/agora-eoi.xtec.cat\/eoitarragona\/wp-json\/wp\/v2\/pages\/9020","targetHints":{"allow":["GET"]}}],"collection":[{"href":"https:\/\/agora-eoi.xtec.cat\/eoitarragona\/wp-json\/wp\/v2\/pages"}],"about":[{"href":"https:\/\/agora-eoi.xtec.cat\/eoitarragona\/wp-json\/wp\/v2\/types\/page"}],"author":[{"embeddable":true,"href":"https:\/\/agora-eoi.xtec.cat\/eoitarragona\/wp-json\/wp\/v2\/users\/3"}],"replies":[{"embeddable":true,"href":"https:\/\/agora-eoi.xtec.cat\/eoitarragona\/wp-json\/wp\/v2\/comments?post=9020"}],"version-history":[{"count":5,"href":"https:\/\/agora-eoi.xtec.cat\/eoitarragona\/wp-json\/wp\/v2\/pages\/9020\/revisions"}],"predecessor-version":[{"id":17474,"href":"https:\/\/agora-eoi.xtec.cat\/eoitarragona\/wp-json\/wp\/v2\/pages\/9020\/revisions\/17474"}],"up":[{"embeddable":true,"href":"https:\/\/agora-eoi.xtec.cat\/eoitarragona\/wp-json\/wp\/v2\/pages\/9011"}],"wp:attachment":[{"href":"https:\/\/agora-eoi.xtec.cat\/eoitarragona\/wp-json\/wp\/v2\/media?parent=9020"}],"curies":[{"name":"wp","href":"https:\/\/api.w.org\/{rel}","templated":true}]}}