{"id":9017,"date":"2016-09-25T16:42:01","date_gmt":"2016-09-25T14:42:01","guid":{"rendered":"http:\/\/agora-eoi.xtec.cat\/eoitarragona\/?page_id=9017"},"modified":"2025-07-14T12:57:59","modified_gmt":"2025-07-14T10:57:59","slug":"certificats-oficials-a2-b1-b2-c1-i-c2","status":"publish","type":"page","link":"https:\/\/agora-eoi.xtec.cat\/eoitarragona\/tramits-administratius\/certificats-oficials-a2-b1-b2-c1-i-c2\/","title":{"rendered":"Certificats Oficials A2, B1, B2, C1 i C2"},"content":{"rendered":"\n<p class=\"has-text-align-center\"><strong><span style=\"text-decoration: underline;\">TAULA DE TITULACIONS OFICIALS<\/span> <\/strong><\/p>\n\n\n\n<p><strong>CERTIFICATS OFICIALS<\/strong><\/p>\n\n\n\n<figure class=\"wp-block-table\"><table class=\"has-fixed-layout\"><tbody><tr><td colspan=\"3\">&nbsp;<\/td><\/tr><tr><td>CURS EOI<\/td><td>CERTIFICATS EOI<\/td><td>NIVELLS MERC**<\/td><\/tr><tr><td>A1<\/td><td>&nbsp;<\/td><td>A1<\/td><\/tr><tr><td>A2<\/td><td>NIVELL B\u00c0SIC<\/td><td>A2<\/td><\/tr><tr><td>B1<\/td><td>NIELL INTERMEDI B1<\/td><td>B1<\/td><\/tr><tr><td>B2.1<\/td><td>&nbsp;<\/td><td>&nbsp;<\/td><\/tr><tr><td>B2.2<\/td><td>NIELL INTERMEDI B2<\/td><td>B2<\/td><\/tr><tr><td>C1<\/td><td>NIVELL AVAN\u00c7AT C1<\/td><td><strong>&nbsp;C1<\/strong><\/td><\/tr><tr><td>C2.1<\/td><td>&nbsp;<\/td><td>&nbsp;<\/td><\/tr><tr><td>C2.2<\/td><td>NIVELL AVAN\u00c7AT C2<\/td><td><strong>C2<\/strong><\/td><\/tr><\/tbody><\/table><\/figure>\n\n\n\n<p>LOMCE, Real decret 1041\/2017<\/p>\n\n\n\n<p>**Nivells del Marc europeu com\u00fa de refer\u00e8ncia (MECR)<\/p>\n\n\n\n<p>&nbsp;<\/p>\n\n\n\n<p><strong>CERTIFICATS OFICIALS DE L&#8217;IDIOMA CATAL\u00c0<\/strong><\/p>\n\n\n\n<figure class=\"wp-block-table\"><table class=\"has-fixed-layout\"><tbody><tr><td colspan=\"4\">&nbsp;<\/td><\/tr><tr><td>CURS EOI<\/td><td>CERTIFICATS EOI<\/td><td>NIVELLS MERC<\/td><td>DIRECCI\u00d3 GENERAL POL\u00cdTICA LING\u00dc\u00cdSTICA<\/td><\/tr><tr><td>1r<\/td><td>&nbsp;<\/td><td>&nbsp;<\/td><td>&nbsp;<\/td><\/tr><tr><td>2n<\/td><td>NIVELL B\u00c0SIC<\/td><td>A2<\/td><td>A B\u00c0SIC<\/td><\/tr><tr><td>3r<\/td><td>NIVELL INTERMEDI<\/td><td>B1<\/td><td>A ELEMENTAL<\/td><\/tr><tr><td>4t<\/td><td>NIVELL AVAN\u00c7AT<\/td><td>B2<\/td><td>B<\/td><\/tr><tr><td>5\u00e8<\/td><td>C1<\/td><td>C1<\/td><td>C<\/td><\/tr><tr><td>6\u00e8<\/td><td>C2<\/td><td>C2<\/td><td>D<\/td><\/tr><\/tbody><\/table><\/figure>\n\n\n\n<p>Nivells del Marc Europeu Com\u00fa de Refer\u00e8ncia (MECR)<\/p>\n\n\n\n<p>&nbsp;<\/p>\n\n\n\n<p>&nbsp;<\/p>\n\n\n\n<p>&nbsp;<\/p>\n","protected":false},"excerpt":{"rendered":"<p>TAULA DE TITULACIONS OFICIALS CERTIFICATS OFICIALS &nbsp; CURS EOI CERTIFICATS EOI NIVELLS MERC** A1 &nbsp; A1 A2 NIVELL B\u00c0SIC A2 B1 NIELL INTERMEDI B1 B1 B2.1 &nbsp; &nbsp; B2.2 NIELL INTERMEDI B2 B2 C1 NIVELL AVAN\u00c7AT C1 &nbsp;C1 C2.1 &nbsp; &nbsp; C2.2 NIVELL AVAN\u00c7AT C2 C2 LOMCE, Real decret 1041\/2017 **Nivells del Marc europeu com\u00fa [&hellip;]<\/p>\n","protected":false},"author":3,"featured_media":0,"parent":9011,"menu_order":30,"comment_status":"closed","ping_status":"closed","template":"","meta":{"_bbp_topic_count":0,"_bbp_reply_count":0,"_bbp_total_topic_count":0,"_bbp_total_reply_count":0,"_bbp_voice_count":0,"_bbp_anonymous_reply_count":0,"_bbp_topic_count_hidden":0,"_bbp_reply_count_hidden":0,"_bbp_forum_subforum_count":0,"site-sidebar-layout":"default","site-content-layout":"","ast-site-content-layout":"default","site-content-style":"default","site-sidebar-style":"default","ast-global-header-display":"","ast-banner-title-visibility":"","ast-main-header-display":"","ast-hfb-above-header-display":"","ast-hfb-below-header-display":"","ast-hfb-mobile-header-display":"","site-post-title":"","ast-breadcrumbs-content":"","ast-featured-img":"","footer-sml-layout":"","theme-transparent-header-meta":"","adv-header-id-meta":"","stick-header-meta":"","header-above-stick-meta":"","header-main-stick-meta":"","header-below-stick-meta":"","astra-migrate-meta-layouts":"set","ast-page-background-enabled":"default","ast-page-background-meta":{"desktop":{"background-color":"var(--ast-global-color-4)","background-image":"","background-repeat":"repeat","background-position":"center center","background-size":"auto","background-attachment":"scroll","background-type":"","background-media":"","overlay-type":"","overlay-color":"","overlay-opacity":"","overlay-gradient":""},"tablet":{"background-color":"","background-image":"","background-repeat":"repeat","background-position":"center center","background-size":"auto","background-attachment":"scroll","background-type":"","background-media":"","overlay-type":"","overlay-color":"","overlay-opacity":"","overlay-gradient":""},"mobile":{"background-color":"","background-image":"","background-repeat":"repeat","background-position":"center center","background-size":"auto","background-attachment":"scroll","background-type":"","background-media":"","overlay-type":"","overlay-color":"","overlay-opacity":"","overlay-gradient":""}},"ast-content-background-meta":{"desktop":{"background-color":"var(--ast-global-color-5)","background-image":"","background-repeat":"repeat","background-position":"center center","background-size":"auto","background-attachment":"scroll","background-type":"","background-media":"","overlay-type":"","overlay-color":"","overlay-opacity":"","overlay-gradient":""},"tablet":{"background-color":"var(--ast-global-color-5)","background-image":"","background-repeat":"repeat","background-position":"center center","background-size":"auto","background-attachment":"scroll","background-type":"","background-media":"","overlay-type":"","overlay-color":"","overlay-opacity":"","overlay-gradient":""},"mobile":{"background-color":"var(--ast-global-color-5)","background-image":"","background-repeat":"repeat","background-position":"center center","background-size":"auto","background-attachment":"scroll","background-type":"","background-media":"","overlay-type":"","overlay-color":"","overlay-opacity":"","overlay-gradient":""}},"footnotes":""},"class_list":["post-9017","page","type-page","status-publish","hentry"],"post_mailing_queue_ids":[],"_links":{"self":[{"href":"https:\/\/agora-eoi.xtec.cat\/eoitarragona\/wp-json\/wp\/v2\/pages\/9017","targetHints":{"allow":["GET"]}}],"collection":[{"href":"https:\/\/agora-eoi.xtec.cat\/eoitarragona\/wp-json\/wp\/v2\/pages"}],"about":[{"href":"https:\/\/agora-eoi.xtec.cat\/eoitarragona\/wp-json\/wp\/v2\/types\/page"}],"author":[{"embeddable":true,"href":"https:\/\/agora-eoi.xtec.cat\/eoitarragona\/wp-json\/wp\/v2\/users\/3"}],"replies":[{"embeddable":true,"href":"https:\/\/agora-eoi.xtec.cat\/eoitarragona\/wp-json\/wp\/v2\/comments?post=9017"}],"version-history":[{"count":3,"href":"https:\/\/agora-eoi.xtec.cat\/eoitarragona\/wp-json\/wp\/v2\/pages\/9017\/revisions"}],"predecessor-version":[{"id":17472,"href":"https:\/\/agora-eoi.xtec.cat\/eoitarragona\/wp-json\/wp\/v2\/pages\/9017\/revisions\/17472"}],"up":[{"embeddable":true,"href":"https:\/\/agora-eoi.xtec.cat\/eoitarragona\/wp-json\/wp\/v2\/pages\/9011"}],"wp:attachment":[{"href":"https:\/\/agora-eoi.xtec.cat\/eoitarragona\/wp-json\/wp\/v2\/media?parent=9017"}],"curies":[{"name":"wp","href":"https:\/\/api.w.org\/{rel}","templated":true}]}}