{"id":8981,"date":"2025-02-19T12:00:29","date_gmt":"2025-02-19T11:00:29","guid":{"rendered":"http:\/\/agora-eoi.xtec.cat\/eoitarragona\/?page_id=8981"},"modified":"2026-02-20T11:52:53","modified_gmt":"2026-02-20T10:52:53","slug":"pla-de-qualitat-i-estrategic","status":"publish","type":"page","link":"https:\/\/agora-eoi.xtec.cat\/eoitarragona\/el-servei-educatiu\/pla-de-qualitat-i-estrategic\/","title":{"rendered":"Pla de qualitat i estrat\u00e8gic"},"content":{"rendered":"\n<p><a href=\"https:\/\/docs.google.com\/forms\/d\/e\/1FAIpQLSfSAj0x-kBU4kd9CRNTuSJBrSPr7-sQDqMrLF2QouxXzSvhuw\/viewform\" data-type=\"link\" data-id=\"https:\/\/docs.google.com\/forms\/d\/e\/1FAIpQLSfSAj0x-kBU4kd9CRNTuSJBrSPr7-sQDqMrLF2QouxXzSvhuw\/viewform\" target=\"_blank\" rel=\"noreferrer noopener\">ENQUESTA SATISFACCI\u00d3 FORMACI\u00d3 ALUMNAT<\/a><\/p>\n\n\n\n<p><\/p>\n\n\n\n<figure class=\"wp-block-image\"><img loading=\"lazy\" decoding=\"async\" width=\"490\" height=\"77\" src=\"http:\/\/agora-eoi.xtec.cat\/eoitarragona\/wp-content\/uploads\/usu2261\/2017\/09\/fsi_mecd_2016.png\" alt=\"\" class=\"wp-image-10238\" srcset=\"https:\/\/agora-eoi.xtec.cat\/eoitarragona\/wp-content\/uploads\/usu2261\/2017\/09\/fsi_mecd_2016.png 490w, https:\/\/agora-eoi.xtec.cat\/eoitarragona\/wp-content\/uploads\/usu2261\/2017\/09\/fsi_mecd_2016-150x24.png 150w, https:\/\/agora-eoi.xtec.cat\/eoitarragona\/wp-content\/uploads\/usu2261\/2017\/09\/fsi_mecd_2016-300x47.png 300w\" sizes=\"auto, (max-width: 490px) 100vw, 490px\" \/><\/figure>\n\n\n\n<figure class=\"wp-block-image\"><img loading=\"lazy\" decoding=\"async\" width=\"1024\" height=\"494\" src=\"https:\/\/agora-eoi.xtec.cat\/eoitarragona\/wp-content\/uploads\/usu2261\/2023\/12\/ISO-9001-RGB-1024x494.png\" alt=\"\" class=\"wp-image-16066\" srcset=\"https:\/\/agora-eoi.xtec.cat\/eoitarragona\/wp-content\/uploads\/usu2261\/2023\/12\/ISO-9001-RGB-1024x494.png 1024w, https:\/\/agora-eoi.xtec.cat\/eoitarragona\/wp-content\/uploads\/usu2261\/2023\/12\/ISO-9001-RGB-300x145.png 300w, https:\/\/agora-eoi.xtec.cat\/eoitarragona\/wp-content\/uploads\/usu2261\/2023\/12\/ISO-9001-RGB-150x72.png 150w, https:\/\/agora-eoi.xtec.cat\/eoitarragona\/wp-content\/uploads\/usu2261\/2023\/12\/ISO-9001-RGB-768x371.png 768w, https:\/\/agora-eoi.xtec.cat\/eoitarragona\/wp-content\/uploads\/usu2261\/2023\/12\/ISO-9001-RGB-1536x742.png 1536w, https:\/\/agora-eoi.xtec.cat\/eoitarragona\/wp-content\/uploads\/usu2261\/2023\/12\/ISO-9001-RGB-2048x989.png 2048w\" sizes=\"auto, (max-width: 1024px) 100vw, 1024px\" \/><\/figure>\n\n\n\n<p><\/p>\n\n\n\n<figure class=\"wp-block-image aligncenter\"><img loading=\"lazy\" decoding=\"async\" width=\"724\" height=\"1024\" src=\"https:\/\/agora-eoi.xtec.cat\/eoitarragona\/wp-content\/uploads\/usu2261\/2024\/01\/20101738-BUP-ESCOLA-OFICIAL-DIDIOMES-TARRAGONA-CATALAN-724x1024.jpg\" alt=\"\" class=\"wp-image-16155\" srcset=\"https:\/\/agora-eoi.xtec.cat\/eoitarragona\/wp-content\/uploads\/usu2261\/2024\/01\/20101738-BUP-ESCOLA-OFICIAL-DIDIOMES-TARRAGONA-CATALAN-724x1024.jpg 724w, https:\/\/agora-eoi.xtec.cat\/eoitarragona\/wp-content\/uploads\/usu2261\/2024\/01\/20101738-BUP-ESCOLA-OFICIAL-DIDIOMES-TARRAGONA-CATALAN-212x300.jpg 212w, https:\/\/agora-eoi.xtec.cat\/eoitarragona\/wp-content\/uploads\/usu2261\/2024\/01\/20101738-BUP-ESCOLA-OFICIAL-DIDIOMES-TARRAGONA-CATALAN-106x150.jpg 106w, https:\/\/agora-eoi.xtec.cat\/eoitarragona\/wp-content\/uploads\/usu2261\/2024\/01\/20101738-BUP-ESCOLA-OFICIAL-DIDIOMES-TARRAGONA-CATALAN-768x1086.jpg 768w, https:\/\/agora-eoi.xtec.cat\/eoitarragona\/wp-content\/uploads\/usu2261\/2024\/01\/20101738-BUP-ESCOLA-OFICIAL-DIDIOMES-TARRAGONA-CATALAN-1086x1536.jpg 1086w, https:\/\/agora-eoi.xtec.cat\/eoitarragona\/wp-content\/uploads\/usu2261\/2024\/01\/20101738-BUP-ESCOLA-OFICIAL-DIDIOMES-TARRAGONA-CATALAN-1448x2048.jpg 1448w, https:\/\/agora-eoi.xtec.cat\/eoitarragona\/wp-content\/uploads\/usu2261\/2024\/01\/20101738-BUP-ESCOLA-OFICIAL-DIDIOMES-TARRAGONA-CATALAN-scaled.jpg 1811w\" sizes=\"auto, (max-width: 724px) 100vw, 724px\" \/><\/figure>\n\n\n\n<p><\/p>\n\n\n\n<hr class=\"wp-block-separator has-alpha-channel-opacity\"\/>\n\n\n\n<p><span style=\"font-size: 14pt;\"><strong>Programa de Quali<\/strong><\/span><span style=\"font-size: 14pt;\"><strong>tat i Millora<\/strong><\/span><\/p>\n\n\n\n<p><strong>QU\u00c8 \u00c9S?<\/strong><\/p>\n\n\n\n<p>Des del curs 2008-2009, l\u2019EOI de Tarragona forma part del Programa de Qualitat i Millora Cont\u00ednua del Departament d\u2019Educaci\u00f3. Aix\u00f2 suposa comen\u00e7ar una nova din\u00e0mica de treball en tots els \u00e0mbits de l\u2019escola per tal d\u2019anar millorant en tot el que es pugui. Aquest sistema de treball consisteix a planificar degudament totes les actuacions, i un cop s\u2019hagin fet, avaluar-les per tal d&#8217;extreure\u2019n conclusions i aix\u00ed poder rectificar i millorar. El resum d\u2019aquest proc\u00e9s seria: Planificar, Fer, Avaluar i Millorar.<\/p>\n\n\n\n<p><strong>OBJECTIU<\/strong><\/p>\n\n\n\n<p>L\u2019objectiu \u00e9s oferir a l\u2019alumnat un ensenyament i un servei de gran qualitat. Es tracta de que l\u2019alumnat estigui plenament satisfet amb el servei ofert des del centre, tant a nivell acad\u00e8mic com de gesti\u00f3 de matr\u00edcula, etc.<\/p>\n\n\n\n<p><strong>COM HO FAREM?<br><\/strong><\/p>\n\n\n\n<p>Per tal d\u2019aconseguir aquesta qualitat cal que totes les \u00e0rees del centre adoptin uns h\u00e0bits de treball que s\u2019aniran aplicant progressivament. Per exemple, s\u2019adoptar\u00e0 un nou sistema de codificaci\u00f3 de documents per tal de facilitar-ne l\u2019accessibilitat. Tamb\u00e9 es fomentar\u00e0 l\u2019\u00fas d\u2019enquestes per obtenir dades per a l\u2019avaluaci\u00f3 dels diferents processos.<\/p>\n\n\n\n<p>La an\u00e0lisi sistem\u00e0tica de totes les actuacions far\u00e0 m\u00e9s f\u00e0cil poder prendre mesures de rectificaci\u00f3 o millora, sempre tenint en compte les veus dels participants.<\/p>\n\n\n\n<figure class=\"wp-block-table\"><table class=\"has-fixed-layout\"><tbody><tr><td><strong>COM ENS DEFINIM?<\/strong><\/td><td><strong>FORMACI\u00d3<\/strong>: d\u2019alumnat, de personal docent i no docent\n<p><strong>INNOVACI\u00d3 I MILLORA<\/strong>: en tots els \u00e0mbits<\/p>\n<p><strong>TECNOLOGIA<\/strong>: en canals d\u2019informaci\u00f3, en equipaments a la doc\u00e8ncia<\/p>\n<\/td><\/tr><\/tbody><\/table><\/figure>\n\n\n\n<hr class=\"wp-block-separator has-alpha-channel-opacity\"\/>\n\n\n\n<p><strong><span style=\"font-size: 14pt;\">Pol\u00edtica de Qualitat de l\u2019EOI Tarragona<\/span><\/strong><\/p>\n\n\n\n<p>La Pol\u00edtica de Qualitat de l\u2019EOI Tarragona es basa en la voluntat de&nbsp; satisfer les expectatives i &nbsp;les necessitats educatives tant dels nostres alumnes com de la societat en general, oferint uns ensenyaments i serveis de qualitat, cercant la millora cont\u00ednua i aspirant a l&#8217;excel\u00b7l\u00e8ncia en el servei. La implantaci\u00f3 i el manteniment del nostre sistema de gesti\u00f3 de la qualitat garanteix el compliment d&#8217;aquest objectiu, el qual estableix aquests referents:<\/p>\n\n\n\n<ul class=\"wp-block-list\">\n<li><strong>1r<\/strong> L&#8217;oferta d&#8217;una formaci\u00f3 de qualitat en lleng\u00fces que estigui adaptada a les necessitats formatives dels alumnes i que fomenti l\u2019autonomia i responsabilitat en el seu aprenentatge.<\/li>\n\n\n\n<li><strong>2n<\/strong> La garantia de la confian\u00e7a i la satisfacci\u00f3 dels alumnes mitjan\u00e7ant la millora cont\u00ednua dels serveis que ofereix el centre.<\/li>\n\n\n\n<li><strong>3r<\/strong> La gesti\u00f3 i organitzaci\u00f3 del centre i dels serveis de manera efica\u00e7 i eficient per optimitzar els recursos materials, de personal i els espais existents.<\/li>\n\n\n\n<li><strong>4t<\/strong> La nostra imatge com a centre de refer\u00e8ncia en l\u2019ensenyament de lleng\u00fces comprom\u00e8s a oferir excel\u00b7l\u00e8ncia en el servei.<\/li>\n\n\n\n<li><strong>5\u00e8<\/strong> El comprom\u00eds amb la qualitat dels serveis i les activitats que ofereix el centre, amb vista a la millora cont\u00ednua, la innovaci\u00f3 i la import\u00e0ncia de la formaci\u00f3 cont\u00ednua.<\/li>\n\n\n\n<li><strong>6\u00e8<\/strong> L&#8217;inter\u00e8s per acomplir els requisits legals i reglamentaris establerts per l&#8217;Administraci\u00f3 educativa i d&#8217;altres lleis i disposicions que siguin d&#8217;aplicaci\u00f3.<\/li>\n<\/ul>\n\n\n\n<p>La Direcci\u00f3 de l\u2019EOI Tarragona<\/p>\n\n\n\n<hr class=\"wp-block-separator has-alpha-channel-opacity\"\/>\n\n\n\n<p><strong><span style=\"font-size: 14pt;\">Pla estrat\u00e8gic de l&#8217;EOI Tarragona<\/span><\/strong><\/p>\n\n\n\n<p>El Pla Estrat\u00e8gic, o Pla d&#8217;Autonomia de Centre (PAC), &nbsp;recull de manera detallada i sistematitzada els objectius de l&#8217;EOI Tarragona i les estrat\u00e8gies previstes per assolir-los a mig termini, aix\u00ed com els sistemes &nbsp;els instruments de seguiment i avaluaci\u00f3 corresponents.<\/p>\n\n\n\n<p>Aquests objectius s\u00f3n la suma de diferent informaci\u00f3 extreta de diverses fonts (EFQM, AGD, auditories, enquestes, l\u2019Equip directiu, la Comissi\u00f3 de Qualitat, els Coordinadors de Pla Estrat\u00e8gic, a m\u00e9s de les aportacions del professorat i el personal PAS de l\u2019EOI Tarragona). El resultat de tot plegat ha definit els tres grans objectius seg\u00fcents:<\/p>\n\n\n\n<ol class=\"wp-block-list\">\n<li>Millorar els resultats educatius<\/li>\n\n\n\n<li>Millorar la cohesi\u00f3 social<\/li>\n\n\n\n<li>Millorar la confian\u00e7a dels grups d&#8217;inter\u00e8s (alumnes, fam\u00edlies i empreses)<\/li>\n<\/ol>\n\n\n\n<p>Aquest pla t\u00e9 una durada de quatre anys, per\u00f2 cada any es defineixen diferents activitats per tal d\u2019assolir-ne els objectius.<\/p>\n\n\n\n<hr class=\"wp-block-separator has-alpha-channel-opacity\"\/>\n\n\n\n<p><strong><span style=\"font-size: 14pt;\">Criteris aprovaci\u00f3 prove\u00efdors<\/span><\/strong><\/p>\n\n\n\n<p><span style=\"color: #000000; font-size: 12pt;\"><span style=\"font-family: Arial;\">Els criteris que es tindran en compte en l\u2019aprovaci\u00f3 dels nostres prove\u00efdors seran els seg\u00fcents:<\/span><\/span><\/p>\n\n\n\n<ul class=\"wp-block-list\">\n<li>\n<ul class=\"wp-block-list\">\n<li><span style=\"color: #000000; font-size: 12pt;\"><span style=\"font-family: Arial;\">Preus i condicions econ\u00f2miques (10 punts)<\/span><\/span><\/li>\n\n\n\n<li><span style=\"color: #212121; font-size: 12pt;\"><span style=\"font-family: Lato, sans-serif;\"><span style=\"color: #000000;\"><span style=\"font-family: Arial;\">Facilitat compra <span style=\"color: #000000; font-size: 12pt;\">(10 punts)<\/span><\/span><\/span><span style=\"color: #000000;\">&nbsp;<\/span><\/span><\/span><\/li>\n\n\n\n<li>Atenci\u00f3 al client <span style=\"color: #000000; font-size: 12pt;\"><span style=\"font-family: Arial;\">(10 punts)<\/span><\/span><\/li>\n\n\n\n<li><span style=\"color: #000000; font-size: 12pt;\"><span style=\"font-family: Arial;\">Qualitat productes o serveis (10 punts)<\/span><\/span><\/li>\n\n\n\n<li>Nombre d&#8217;incid\u00e8ncies<\/li>\n\n\n\n<li>Comanda satisfact\u00f2ria<\/li>\n<\/ul>\n<\/li>\n<\/ul>\n\n\n\n<p>Els prove\u00efdors necessitaran una puntuaci\u00f3 m\u00ednima de 25 punts per ser aprovats per la Direcci\u00f3 de l&#8217;Escola.<\/p>\n\n\n\n<p>&nbsp;<\/p>\n\n\n\n<p><span style=\"font-size: 14pt;\"><strong><span style=\"color: #ff0000;\">Primera EOI d&#8217;Espanya amb certificat ISO!<\/span><\/strong><\/span><\/p>\n\n\n\n<p>&nbsp;<\/p>\n","protected":false},"excerpt":{"rendered":"<p>ENQUESTA SATISFACCI\u00d3 FORMACI\u00d3 ALUMNAT Programa de Qualitat i Millora QU\u00c8 \u00c9S? Des del curs 2008-2009, l\u2019EOI de Tarragona forma part del Programa de Qualitat i Millora Cont\u00ednua del Departament d\u2019Educaci\u00f3. Aix\u00f2 suposa comen\u00e7ar una nova din\u00e0mica de treball en tots els \u00e0mbits de l\u2019escola per tal d\u2019anar millorant en tot el que es pugui. Aquest [&hellip;]<\/p>\n","protected":false},"author":3,"featured_media":0,"parent":806,"menu_order":90,"comment_status":"closed","ping_status":"closed","template":"","meta":{"_bbp_topic_count":0,"_bbp_reply_count":0,"_bbp_total_topic_count":0,"_bbp_total_reply_count":0,"_bbp_voice_count":0,"_bbp_anonymous_reply_count":0,"_bbp_topic_count_hidden":0,"_bbp_reply_count_hidden":0,"_bbp_forum_subforum_count":0,"site-sidebar-layout":"default","site-content-layout":"","ast-site-content-layout":"default","site-content-style":"default","site-sidebar-style":"default","ast-global-header-display":"","ast-banner-title-visibility":"","ast-main-header-display":"","ast-hfb-above-header-display":"","ast-hfb-below-header-display":"","ast-hfb-mobile-header-display":"","site-post-title":"","ast-breadcrumbs-content":"","ast-featured-img":"","footer-sml-layout":"","theme-transparent-header-meta":"","adv-header-id-meta":"","stick-header-meta":"","header-above-stick-meta":"","header-main-stick-meta":"","header-below-stick-meta":"","astra-migrate-meta-layouts":"set","ast-page-background-enabled":"default","ast-page-background-meta":{"desktop":{"background-color":"var(--ast-global-color-4)","background-image":"","background-repeat":"repeat","background-position":"center center","background-size":"auto","background-attachment":"scroll","background-type":"","background-media":"","overlay-type":"","overlay-color":"","overlay-opacity":"","overlay-gradient":""},"tablet":{"background-color":"","background-image":"","background-repeat":"repeat","background-position":"center center","background-size":"auto","background-attachment":"scroll","background-type":"","background-media":"","overlay-type":"","overlay-color":"","overlay-opacity":"","overlay-gradient":""},"mobile":{"background-color":"","background-image":"","background-repeat":"repeat","background-position":"center center","background-size":"auto","background-attachment":"scroll","background-type":"","background-media":"","overlay-type":"","overlay-color":"","overlay-opacity":"","overlay-gradient":""}},"ast-content-background-meta":{"desktop":{"background-color":"var(--ast-global-color-5)","background-image":"","background-repeat":"repeat","background-position":"center center","background-size":"auto","background-attachment":"scroll","background-type":"","background-media":"","overlay-type":"","overlay-color":"","overlay-opacity":"","overlay-gradient":""},"tablet":{"background-color":"var(--ast-global-color-5)","background-image":"","background-repeat":"repeat","background-position":"center center","background-size":"auto","background-attachment":"scroll","background-type":"","background-media":"","overlay-type":"","overlay-color":"","overlay-opacity":"","overlay-gradient":""},"mobile":{"background-color":"var(--ast-global-color-5)","background-image":"","background-repeat":"repeat","background-position":"center center","background-size":"auto","background-attachment":"scroll","background-type":"","background-media":"","overlay-type":"","overlay-color":"","overlay-opacity":"","overlay-gradient":""}},"footnotes":""},"class_list":["post-8981","page","type-page","status-publish","hentry"],"post_mailing_queue_ids":[],"_links":{"self":[{"href":"https:\/\/agora-eoi.xtec.cat\/eoitarragona\/wp-json\/wp\/v2\/pages\/8981","targetHints":{"allow":["GET"]}}],"collection":[{"href":"https:\/\/agora-eoi.xtec.cat\/eoitarragona\/wp-json\/wp\/v2\/pages"}],"about":[{"href":"https:\/\/agora-eoi.xtec.cat\/eoitarragona\/wp-json\/wp\/v2\/types\/page"}],"author":[{"embeddable":true,"href":"https:\/\/agora-eoi.xtec.cat\/eoitarragona\/wp-json\/wp\/v2\/users\/3"}],"replies":[{"embeddable":true,"href":"https:\/\/agora-eoi.xtec.cat\/eoitarragona\/wp-json\/wp\/v2\/comments?post=8981"}],"version-history":[{"count":6,"href":"https:\/\/agora-eoi.xtec.cat\/eoitarragona\/wp-json\/wp\/v2\/pages\/8981\/revisions"}],"predecessor-version":[{"id":18279,"href":"https:\/\/agora-eoi.xtec.cat\/eoitarragona\/wp-json\/wp\/v2\/pages\/8981\/revisions\/18279"}],"up":[{"embeddable":true,"href":"https:\/\/agora-eoi.xtec.cat\/eoitarragona\/wp-json\/wp\/v2\/pages\/806"}],"wp:attachment":[{"href":"https:\/\/agora-eoi.xtec.cat\/eoitarragona\/wp-json\/wp\/v2\/media?parent=8981"}],"curies":[{"name":"wp","href":"https:\/\/api.w.org\/{rel}","templated":true}]}}