{"id":8621,"date":"2024-01-25T09:00:49","date_gmt":"2024-01-25T08:00:49","guid":{"rendered":"http:\/\/agora-eoi.xtec.cat\/eoitarragona\/?page_id=8621"},"modified":"2025-12-15T09:05:13","modified_gmt":"2025-12-15T08:05:13","slug":"consell-escolar","status":"publish","type":"page","link":"https:\/\/agora-eoi.xtec.cat\/eoitarragona\/el-servei-educatiu\/consell-escolar\/","title":{"rendered":"Consell escolar"},"content":{"rendered":"\n<h4 class=\"wp-block-heading\"><strong>Funcions, composici\u00f3 i funcionament dels Consell Escolars als centres p\u00fablics:<\/strong><\/h4>\n\n\n\n<p>Corresponen al consell escolar les funcions seg\u00fcents:<\/p>\n\n\n\n<ol class=\"wp-block-list\">\n<li>Aprovar el projecte educatiu i les modificacions corresponents per una majoria de tres cinquenes parts dels membres.<\/li>\n\n\n\n<li>Aprovar la programaci\u00f3 general anual del centre i avaluar-ne el desenvolupament i els resultats.<\/li>\n\n\n\n<li>Aprovar les propostes d&#8217;acords de coresponsabilitat, convenis i altres acords de col\u00b7laboraci\u00f3 del centre amb entitats o institucions.<\/li>\n\n\n\n<li>Aprovar les normes d&#8217;organitzaci\u00f3 i funcionament i les modificacions corresponents.<\/li>\n\n\n\n<li>Aprovar la carta de comprom\u00eds educatiu.<\/li>\n\n\n\n<li>Aprovar el pressupost del centre i el rendiment de comptes.<\/li>\n\n\n\n<li>Intervenir en el procediment d&#8217;admissi\u00f3 d&#8217;alumnes.<\/li>\n\n\n\n<li>Participar en el procediment de selecci\u00f3 i en la proposta de cessament del director o directora.<\/li>\n\n\n\n<li>Intervenir en la resoluci\u00f3 dels conflictes i, si escau, revisar les sancions als alumnes.<\/li>\n\n\n\n<li>Aprovar les directrius per a la programaci\u00f3 d&#8217;activitats escolars complement\u00e0ries i d&#8217;activitats extraescolars, i avaluar-ne el desenvolupament.<\/li>\n\n\n\n<li>Participar en les an\u00e0lisis i les avaluacions del funcionament general del centre i con\u00e8ixer l&#8217;evoluci\u00f3 del rendiment escolar.<\/li>\n\n\n\n<li>Aprovar els criteris de col\u00b7laboraci\u00f3 amb altres centres i amb l&#8217;entorn.<\/li>\n\n\n\n<li>Qualsevol altra que li sigui atribu\u00efda per les normes legals o reglament\u00e0ries.<\/li>\n<\/ol>\n\n\n\n<h4 class=\"wp-block-heading\">Composici\u00f3 en els centres p\u00fablics<\/h4>\n\n\n\n<ul class=\"wp-block-list\">\n<li>El director o directora, que el presideix.<\/li>\n\n\n\n<li>El cap o la cap d&#8217;estudis.<\/li>\n\n\n\n<li>Un o una representant de l&#8217;ajuntament de la localitat on es troba situat el centre.<\/li>\n\n\n\n<li>Els i les representants del professorat s&#8217;elegeixen pel claustre.<\/li>\n\n\n\n<li>Els i les representants de l&#8217;alumnat i dels pares i mares o tutors, elegits respectivament per ells i entre ells.<\/li>\n\n\n\n<li>Un o una representant del personal d&#8217;administraci\u00f3 i serveis, elegit per i entre aquest personal.<\/li>\n\n\n\n<li>En els centres espec\u00edfics d&#8217;educaci\u00f3 especial i en els que tinguin unitats d&#8217;educaci\u00f3 especial tamb\u00e9 \u00e9s membre del consell escolar un o una representant del personal d&#8217;atenci\u00f3 educativa. La representaci\u00f3 d&#8217;aquest personal no t\u00e9 la consideraci\u00f3 de representaci\u00f3 del professorat als efectes de determinar la composici\u00f3 del consell escolar.<\/li>\n<\/ul>\n\n\n\n<ol class=\"wp-block-list\">\n<li>El consell escolar d&#8217;un centre p\u00fablic est\u00e0 integrat per:<\/li>\n\n\n\n<li>El secretari o la secret\u00e0ria del centre&nbsp;no \u00e9s membre del consell escolar, per\u00f2&nbsp;hi assisteix amb veu i sense vot i exerceix la secretaria del consell.<\/li>\n\n\n\n<li>El nombre de representants del professorat no pot ser inferior a un ter\u00e7 del total de persones membres del consell.<\/li>\n\n\n\n<li>El nombre de representants de l&#8217;alumnat i pares i mares o tutors, en conjunt, no pot ser inferior a un ter\u00e7 del total de persones membres del consell. Una de les persones representants dels progenitors la designa l&#8217;associaci\u00f3 de pares i mares m\u00e9s representativa del centre.<\/li>\n\n\n\n<li>Cada centre determina la <strong>composici\u00f3 del consell escolar<\/strong> que queda recollida a les seves normes d&#8217;organitzaci\u00f3 i funcionament, d&#8217;acord amb el que s&#8217;estableix en el Decret 102\/2010, de 3 d&#8217;agost, d&#8217;autonomia dels centres educatius i la resta de legislaci\u00f3 vigent.<\/li>\n\n\n\n<li>En els <strong>centres de nova creaci\u00f3<\/strong>, el director o directora ha d&#8217;ajustar la composici\u00f3 del consell escolar respectant el que estableixen els apartats 3 i 4. En els <strong>centres incomplets<\/strong>, quan el nombre de professorat no permeti assolir el que preveu l&#8217;apartat 3, les normes d&#8217;organitzaci\u00f3 i funcionament han d&#8217;establir que, en tot cas, hi hagi el mateix nombre de representants del professorat i de representants de l&#8217;alumnat&nbsp;i pares i mares en conjunt.<\/li>\n\n\n\n<li>En els centres que imparteixen exclusivament ensenyaments que duen a l&#8217;obtenci\u00f3 de t\u00edtols acad\u00e8mics que equivalen a t\u00edtols universitaris, en les escoles oficials d&#8217;idiomes, en les escoles d&#8217;art, en els centres que imparteixen ensenyaments de r\u00e8gim especial d&#8217;esports i en els altres centres que imparteixen ensenyaments exclusivament a alumnes majors de divuit anys, no hi ha representaci\u00f3 dels pares i mares dels i de les alumnes.En els <strong>centres espec\u00edfics d&#8217;educaci\u00f3 especial<\/strong> i en els que tenen unitats d&#8217;educaci\u00f3 especial hi ha d&#8217;haver una persona representant del personal d&#8217;atenci\u00f3 educativa.En els <strong>centres que imparteixen cicles formatius<\/strong> de dues o m\u00e9s fam\u00edlies professionals, o en els centres en qu\u00e8 almenys el 25% de l&#8217;alumnat cursa ensenyaments de formaci\u00f3 professional o d&#8217;arts pl\u00e0stiques i disseny, ensenyaments de grau mitj\u00e0 de m\u00fasica o de dansa o ensenyaments art\u00edstics superiors, es pot incorporar a les sessions del consell escolar una persona proposada per les institucions empresarials o laborals presents en l&#8217;\u00e0mbit d&#8217;acci\u00f3 del centre, amb veu i sense vot.<\/li>\n\n\n\n<li>El centre no pot modificar la configuraci\u00f3 del consell escolar dins dels tres cursos acad\u00e8mics seg\u00fcents a aquell en qu\u00e8 \u00e9s determinada. L&#8217;aprovaci\u00f3 d&#8217;una modificaci\u00f3 en la composici\u00f3 del consell escolar no entrar\u00e0 en vigor fins al primer proc\u00e9s electoral que es dugui a terme despr\u00e9s que s&#8217;hagi aprovat.Un cop constitu\u00eft, el consell escolar del centre ha de designar una persona que impulsi mesures educatives de foment de la igualtat real i efectiva entre homes i dones.<\/li>\n<\/ol>\n\n\n\n<h4 class=\"wp-block-heading\">Funcionament<\/h4>\n\n\n\n<p>El consell escolar ha d&#8217;aprovar les seves normes de funcionament. En all\u00f2 que no estigui previst s&#8217;han d&#8217;aplicar les normes reguladores dels \u00f2rgans col\u00b7legiats de l&#8217;Administraci\u00f3 de la Generalitat.<\/p>\n\n\n\n<p>El consell escolar del centre es reuneix preceptivament una vegada al trimestre i sempre que el convoca el director o directora del centre o ho sol\u00b7licita al menys un ter\u00e7 de les seves persones membres. A m\u00e9s, s&#8217;ha de fer una reuni\u00f3 a principi de curs i una altra a la seva finalitzaci\u00f3.<\/p>\n\n\n\n<p>El consell escolar actua normalment en ple. Es poden constituir comissions espec\u00edfiques d\u2019estudi i informaci\u00f3, a les quals, en tot cas, s\u2019hi ha d\u2019incorporar la direcci\u00f3 del centre, o en la seva representaci\u00f3, un altre \u00f2rgan&nbsp;unipersonal de direcci\u00f3,&nbsp;un professor o professora, i un alumne o alumna o un representant o una representant de les mares i els pares. Els centres de titularitat p\u00fablica, a m\u00e9s, hi ha d&#8217;haver preceptivament&nbsp;una <strong>comissi\u00f3 econ\u00f2mica<\/strong> que supervisa la gesti\u00f3 econ\u00f2mica del centre.<\/p>\n\n\n\n<h4 class=\"wp-block-heading\">Renovaci\u00f3 de membres<\/h4>\n\n\n\n<p>Les persones del consell escolar s\u00f3n elegides per <strong>un per\u00edode de quatre anys<\/strong> i es renoven per meitats cada dos anys.<\/p>\n\n\n\n<p>Les eleccions per a la constituci\u00f3 o renovaci\u00f3 de membres del consell escolar, les convoca el director o directora del centre p\u00fablic, amb quinze dies d&#8217;antelaci\u00f3, dintre del per\u00edode que fixa el Departament d&#8217;Ensenyament.<\/p>\n\n\n\n<p>Les <strong>vacants<\/strong> del consell escolar s&#8217;han d&#8217;ocupar pel procediment establert a les normes d&#8217;organitzaci\u00f3 i funcionament del centre; si aquestes no ho preveuen, les ha d&#8217;ocupar la seg\u00fcent candidatura m\u00e9s votada en les darreres eleccions. Si no hi ha m\u00e9s candidats o candidates per cobrir-les, romanen sense cobrir fins a la propera renovaci\u00f3 del consell escolar.<\/p>\n\n\n\n<p>La condici\u00f3 de membre del consell escolar es perd quan es deixa el c\u00e0rrec que comporta ser-ne membre, quan es deixa de complir algun dels requisits per ser elegible o quan l&#8217;\u00f2rgan que l&#8217;ha designat en revoca la designaci\u00f3.<\/p>\n\n\n\n<p>&nbsp;<\/p>\n\n\n\n<p><strong>El Consell Escolar a l&#8217;EOI Tarragona<br><\/strong><\/p>\n\n\n\n<p>El <strong>Consell Escolar <\/strong>del centre est\u00e0 format pels seg\u00fcents membres:<\/p>\n\n\n\n<p><strong>Representants dels alumnes:&nbsp;<\/strong><\/p>\n\n\n\n<ul class=\"wp-block-list\">\n<li>Cristina Criado<\/li>\n\n\n\n<li>Eduard Martin<\/li>\n\n\n\n<li>Roser Dom\u00e8nech<\/li>\n\n\n\n<li>Pilar Tarradas<\/li>\n\n\n\n<li>Ariadna Vives<\/li>\n<\/ul>\n\n\n\n<p><strong>Representant de PAS: <\/strong><span style=\"font-family: inherit; font-size: 1em;\">Antonia Ortiz<\/span><\/p>\n\n\n\n<p><strong>Representant de l&#8217;Ajuntament:<\/strong> Manuel Baeza<\/p>\n\n\n\n<p><strong>Representants del Professorat:&nbsp;<\/strong><\/p>\n\n\n\n<ul class=\"wp-block-list\">\n<li>Jennifer Esteban <span style=\"font-family: inherit; font-size: 1em;\">(Dept. Franc\u00e8s)<\/span><\/li>\n\n\n\n<li><span style=\"font-family: inherit; font-size: 1em;\">Anna Gracia Dom\u00e8nech (Dept. Alemany)<\/span><\/li>\n\n\n\n<li><span style=\"font-family: inherit; font-size: 1em;\">Cristina Pernau Noguera (Dept. Rus)<\/span><\/li>\n\n\n\n<li>Marta Rius Francino <span style=\"font-family: inherit; font-size: 1em;\">(Dept. Angl\u00e8s)<\/span><\/li>\n\n\n\n<li><span style=\"font-family: inherit; font-size: 1em;\">Josep Suller Roca (Dept. Angl\u00e8s)<\/span><\/li>\n<\/ul>\n\n\n\n<p><strong>Membres de la Junta Directiva:&nbsp;<\/strong><\/p>\n\n\n\n<p>Maite Santacreu Mass\u00f3&nbsp; (Cap d&#8217;Estudis)<\/p>\n\n\n\n<p>Sidney Martin Mota (Director)<\/p>\n\n\n\n<p>Cecilia Mart\u00ednez Cebri\u00e1n (Secret\u00e0ria)<\/p>\n\n\n\n<p>&nbsp;<\/p>\n\n\n\n<h4 class=\"wp-block-heading\">Curs escolar 2023-2024: Acords de les reunions<\/h4>\n\n\n\n<p><a href=\"https:\/\/docs.google.com\/document\/d\/1ugO7TzF9qz7nOc5xCM2nNHmbbKgCDbJUh5sGKg5duVE\/edit?usp=sharing\" target=\"_blank\" rel=\"noopener\">Veure el document<\/a><\/p>\n\n\n\n<p>&nbsp;<\/p>\n\n\n\n<p>CONTACTA AMB NOSALTRES: eoitarragona@xtec.cat (indiqueu a l&#8217;atenci\u00f3 del Consell Escolar)<\/p>\n\n\n\n<p>&nbsp;<\/p>\n","protected":false},"excerpt":{"rendered":"<p>Funcions, composici\u00f3 i funcionament dels Consell Escolars als centres p\u00fablics: Corresponen al consell escolar les funcions seg\u00fcents: Composici\u00f3 en els centres p\u00fablics Funcionament El consell escolar ha d&#8217;aprovar les seves normes de funcionament. En all\u00f2 que no estigui previst s&#8217;han d&#8217;aplicar les normes reguladores dels \u00f2rgans col\u00b7legiats de l&#8217;Administraci\u00f3 de la Generalitat. El consell escolar [&hellip;]<\/p>\n","protected":false},"author":1,"featured_media":0,"parent":806,"menu_order":60,"comment_status":"closed","ping_status":"closed","template":"","meta":{"_bbp_topic_count":0,"_bbp_reply_count":0,"_bbp_total_topic_count":0,"_bbp_total_reply_count":0,"_bbp_voice_count":0,"_bbp_anonymous_reply_count":0,"_bbp_topic_count_hidden":0,"_bbp_reply_count_hidden":0,"_bbp_forum_subforum_count":0,"site-sidebar-layout":"default","site-content-layout":"","ast-site-content-layout":"default","site-content-style":"default","site-sidebar-style":"default","ast-global-header-display":"","ast-banner-title-visibility":"","ast-main-header-display":"","ast-hfb-above-header-display":"","ast-hfb-below-header-display":"","ast-hfb-mobile-header-display":"","site-post-title":"","ast-breadcrumbs-content":"","ast-featured-img":"","footer-sml-layout":"","theme-transparent-header-meta":"","adv-header-id-meta":"","stick-header-meta":"","header-above-stick-meta":"","header-main-stick-meta":"","header-below-stick-meta":"","astra-migrate-meta-layouts":"set","ast-page-background-enabled":"default","ast-page-background-meta":{"desktop":{"background-color":"var(--ast-global-color-4)","background-image":"","background-repeat":"repeat","background-position":"center center","background-size":"auto","background-attachment":"scroll","background-type":"","background-media":"","overlay-type":"","overlay-color":"","overlay-opacity":"","overlay-gradient":""},"tablet":{"background-color":"","background-image":"","background-repeat":"repeat","background-position":"center center","background-size":"auto","background-attachment":"scroll","background-type":"","background-media":"","overlay-type":"","overlay-color":"","overlay-opacity":"","overlay-gradient":""},"mobile":{"background-color":"","background-image":"","background-repeat":"repeat","background-position":"center center","background-size":"auto","background-attachment":"scroll","background-type":"","background-media":"","overlay-type":"","overlay-color":"","overlay-opacity":"","overlay-gradient":""}},"ast-content-background-meta":{"desktop":{"background-color":"var(--ast-global-color-5)","background-image":"","background-repeat":"repeat","background-position":"center center","background-size":"auto","background-attachment":"scroll","background-type":"","background-media":"","overlay-type":"","overlay-color":"","overlay-opacity":"","overlay-gradient":""},"tablet":{"background-color":"var(--ast-global-color-5)","background-image":"","background-repeat":"repeat","background-position":"center center","background-size":"auto","background-attachment":"scroll","background-type":"","background-media":"","overlay-type":"","overlay-color":"","overlay-opacity":"","overlay-gradient":""},"mobile":{"background-color":"var(--ast-global-color-5)","background-image":"","background-repeat":"repeat","background-position":"center center","background-size":"auto","background-attachment":"scroll","background-type":"","background-media":"","overlay-type":"","overlay-color":"","overlay-opacity":"","overlay-gradient":""}},"footnotes":""},"class_list":["post-8621","page","type-page","status-publish","hentry"],"post_mailing_queue_ids":[],"_links":{"self":[{"href":"https:\/\/agora-eoi.xtec.cat\/eoitarragona\/wp-json\/wp\/v2\/pages\/8621","targetHints":{"allow":["GET"]}}],"collection":[{"href":"https:\/\/agora-eoi.xtec.cat\/eoitarragona\/wp-json\/wp\/v2\/pages"}],"about":[{"href":"https:\/\/agora-eoi.xtec.cat\/eoitarragona\/wp-json\/wp\/v2\/types\/page"}],"author":[{"embeddable":true,"href":"https:\/\/agora-eoi.xtec.cat\/eoitarragona\/wp-json\/wp\/v2\/users\/1"}],"replies":[{"embeddable":true,"href":"https:\/\/agora-eoi.xtec.cat\/eoitarragona\/wp-json\/wp\/v2\/comments?post=8621"}],"version-history":[{"count":6,"href":"https:\/\/agora-eoi.xtec.cat\/eoitarragona\/wp-json\/wp\/v2\/pages\/8621\/revisions"}],"predecessor-version":[{"id":18096,"href":"https:\/\/agora-eoi.xtec.cat\/eoitarragona\/wp-json\/wp\/v2\/pages\/8621\/revisions\/18096"}],"up":[{"embeddable":true,"href":"https:\/\/agora-eoi.xtec.cat\/eoitarragona\/wp-json\/wp\/v2\/pages\/806"}],"wp:attachment":[{"href":"https:\/\/agora-eoi.xtec.cat\/eoitarragona\/wp-json\/wp\/v2\/media?parent=8621"}],"curies":[{"name":"wp","href":"https:\/\/api.w.org\/{rel}","templated":true}]}}