{"id":8506,"date":"2025-01-17T11:00:30","date_gmt":"2025-01-17T10:00:30","guid":{"rendered":"http:\/\/agora-eoi.xtec.cat\/eoitarragona\/?page_id=8506"},"modified":"2026-04-22T11:58:58","modified_gmt":"2026-04-22T09:58:58","slug":"absencies-del-professorat","status":"publish","type":"page","link":"https:\/\/agora-eoi.xtec.cat\/eoitarragona\/el-servei-educatiu\/absencies-del-professorat\/","title":{"rendered":"Abs\u00e8ncies del professorat"},"content":{"rendered":"\n<p class=\"has-text-align-center\"><span style=\"font-size: 36pt;\"><strong>22  d&#8217;abril  <\/strong><strong>de 2026<\/strong><\/span><\/p>\n\n\n\n<h2 class=\"wp-block-heading has-medium-font-size\"><span style=\"font-size: 24pt;\">Departament d&#8217;alemany<\/span><\/h2>\n\n\n\n<h2 class=\"wp-block-heading has-medium-font-size\"><span style=\"font-size: 18pt;\"><span style=\"font-size: 24pt;\">Departament d&#8217;\u00e0rab<\/span><\/span><\/h2>\n\n\n\n<h2 class=\"wp-block-heading has-black-color has-text-color has-medium-font-size\"><span style=\"font-size: 24pt;\">Departament d&#8217;angl\u00e8s<\/span><\/h2>\n\n\n\n<ul class=\"wp-block-list\">\n<li class=\"has-large-font-size\"><strong><em>Yolanda Scott-Tennent<\/em><\/strong> <em>( tota la setmana )<\/em><\/li>\n\n\n\n<li class=\"has-large-font-size\"> <strong>LLu\u00efsa Duat<\/strong><\/li>\n<\/ul>\n\n\n\n<h2 class=\"wp-block-heading has-black-color has-text-color has-medium-font-size\"><span style=\"font-size: 18pt;\"><span style=\"font-size: 24pt;\"><strong>Departament de catal\u00e0<\/strong><\/span><\/span><\/h2>\n\n\n\n<h2 class=\"wp-block-heading has-medium-font-size\"><span style=\"font-size: 24pt;\"><strong>Departament d&#8217;espanyol per a estrangers<\/strong><\/span><\/h2>\n\n\n\n<h2 class=\"wp-block-heading alignwide\" id=\"we-re-a-studio-in-berlin-with-an-international-practice-in-architecture-urban-planning-and-interior-design-we-believe-in-sharing-knowledge-and-promoting-dialogue-to-increase-the-creative-potential-of-collaboration\" style=\"font-size:31px\"><strong>Departament de franc\u00e8s<\/strong><\/h2>\n\n\n\n<ul class=\"wp-block-list\">\n<li class=\"has-large-font-size\"><strong>Jennifer Esteban<\/strong><\/li>\n<\/ul>\n\n\n\n<h2 class=\"wp-block-heading has-medium-font-size\"><strong><span style=\"font-size: 24pt;\">Departament d&#8217;itali\u00e0<\/span> <\/strong><\/h2>\n\n\n\n<h2 class=\"wp-block-heading has-medium-font-size\"><span style=\"font-size: 24pt;\"><strong>Departament de rus<\/strong><\/span><\/h2>\n\n\n\n<p class=\"has-large-font-size\"><\/p>\n\n\n\n<p><\/p>\n\n\n\n<p><span style=\"font-size: 10pt;\"><strong>&nbsp;<\/strong>* L\u2019escola posa a disposici\u00f3 de l\u2019alumnat el curs \u201c<strong>Professorat substitut virtual<\/strong>\u201d al Moodle de l\u2019escola per tal que l\u2019alumnat pugui continuar treballant l\u2019idioma d\u2019estudi en el cas que els Serveis Territorials del Departament d&#8217;Educaci\u00f3 i Formaci\u00f3 Professional a Tarragona no hagin nomenat personal substitut. <strong>NOTA<\/strong>: En cas d&#8217;abs\u00e8ncia del professorat la Direcci\u00f3 de l&#8217;EOI de Tarragona disposa que els alumnes menors d&#8217;edat afectats puguin utilitzar l&#8217;espai del hall de la planta baixa (en horari d&#8217;obertura al p\u00fablic) durant les hores habituals de les seves classes.<\/span><\/p>\n\n\n\n<p><\/p>\n\n\n","protected":false},"excerpt":{"rendered":"<p>22 d&#8217;abril de 2026 Departament d&#8217;alemany Departament d&#8217;\u00e0rab Departament d&#8217;angl\u00e8s Departament de catal\u00e0 Departament d&#8217;espanyol per a estrangers Departament de franc\u00e8s Departament d&#8217;itali\u00e0 Departament de rus &nbsp;* L\u2019escola posa a disposici\u00f3 de l\u2019alumnat el curs \u201cProfessorat substitut virtual\u201d al Moodle de l\u2019escola per tal que l\u2019alumnat pugui continuar treballant l\u2019idioma d\u2019estudi en el cas que [&hellip;]<\/p>\n","protected":false},"author":1,"featured_media":0,"parent":806,"menu_order":30,"comment_status":"closed","ping_status":"closed","template":"","meta":{"_bbp_topic_count":0,"_bbp_reply_count":0,"_bbp_total_topic_count":0,"_bbp_total_reply_count":0,"_bbp_voice_count":0,"_bbp_anonymous_reply_count":0,"_bbp_topic_count_hidden":0,"_bbp_reply_count_hidden":0,"_bbp_forum_subforum_count":0,"site-sidebar-layout":"default","site-content-layout":"","ast-site-content-layout":"default","site-content-style":"default","site-sidebar-style":"default","ast-global-header-display":"","ast-banner-title-visibility":"","ast-main-header-display":"","ast-hfb-above-header-display":"","ast-hfb-below-header-display":"","ast-hfb-mobile-header-display":"","site-post-title":"disabled","ast-breadcrumbs-content":"","ast-featured-img":"","footer-sml-layout":"","theme-transparent-header-meta":"","adv-header-id-meta":"","stick-header-meta":"","header-above-stick-meta":"","header-main-stick-meta":"","header-below-stick-meta":"","astra-migrate-meta-layouts":"set","ast-page-background-enabled":"default","ast-page-background-meta":{"desktop":{"background-color":"var(--ast-global-color-4)","background-image":"","background-repeat":"repeat","background-position":"center center","background-size":"auto","background-attachment":"scroll","background-type":"","background-media":"","overlay-type":"","overlay-color":"","overlay-opacity":"","overlay-gradient":""},"tablet":{"background-color":"","background-image":"","background-repeat":"repeat","background-position":"center center","background-size":"auto","background-attachment":"scroll","background-type":"","background-media":"","overlay-type":"","overlay-color":"","overlay-opacity":"","overlay-gradient":""},"mobile":{"background-color":"","background-image":"","background-repeat":"repeat","background-position":"center center","background-size":"auto","background-attachment":"scroll","background-type":"","background-media":"","overlay-type":"","overlay-color":"","overlay-opacity":"","overlay-gradient":""}},"ast-content-background-meta":{"desktop":{"background-color":"var(--ast-global-color-5)","background-image":"","background-repeat":"repeat","background-position":"center center","background-size":"auto","background-attachment":"scroll","background-type":"","background-media":"","overlay-type":"","overlay-color":"","overlay-opacity":"","overlay-gradient":""},"tablet":{"background-color":"var(--ast-global-color-5)","background-image":"","background-repeat":"repeat","background-position":"center center","background-size":"auto","background-attachment":"scroll","background-type":"","background-media":"","overlay-type":"","overlay-color":"","overlay-opacity":"","overlay-gradient":""},"mobile":{"background-color":"var(--ast-global-color-5)","background-image":"","background-repeat":"repeat","background-position":"center center","background-size":"auto","background-attachment":"scroll","background-type":"","background-media":"","overlay-type":"","overlay-color":"","overlay-opacity":"","overlay-gradient":""}},"footnotes":""},"class_list":["post-8506","page","type-page","status-publish","hentry"],"post_mailing_queue_ids":[],"_links":{"self":[{"href":"https:\/\/agora-eoi.xtec.cat\/eoitarragona\/wp-json\/wp\/v2\/pages\/8506","targetHints":{"allow":["GET"]}}],"collection":[{"href":"https:\/\/agora-eoi.xtec.cat\/eoitarragona\/wp-json\/wp\/v2\/pages"}],"about":[{"href":"https:\/\/agora-eoi.xtec.cat\/eoitarragona\/wp-json\/wp\/v2\/types\/page"}],"author":[{"embeddable":true,"href":"https:\/\/agora-eoi.xtec.cat\/eoitarragona\/wp-json\/wp\/v2\/users\/1"}],"replies":[{"embeddable":true,"href":"https:\/\/agora-eoi.xtec.cat\/eoitarragona\/wp-json\/wp\/v2\/comments?post=8506"}],"version-history":[{"count":6,"href":"https:\/\/agora-eoi.xtec.cat\/eoitarragona\/wp-json\/wp\/v2\/pages\/8506\/revisions"}],"predecessor-version":[{"id":18374,"href":"https:\/\/agora-eoi.xtec.cat\/eoitarragona\/wp-json\/wp\/v2\/pages\/8506\/revisions\/18374"}],"up":[{"embeddable":true,"href":"https:\/\/agora-eoi.xtec.cat\/eoitarragona\/wp-json\/wp\/v2\/pages\/806"}],"wp:attachment":[{"href":"https:\/\/agora-eoi.xtec.cat\/eoitarragona\/wp-json\/wp\/v2\/media?parent=8506"}],"curies":[{"name":"wp","href":"https:\/\/api.w.org\/{rel}","templated":true}]}}