{"id":8448,"date":"2025-05-13T17:00:09","date_gmt":"2025-05-13T15:00:09","guid":{"rendered":"http:\/\/agora-eoi.xtec.cat\/eoitarragona\/?page_id=8448"},"modified":"2026-03-05T16:23:13","modified_gmt":"2026-03-05T15:23:13","slug":"carnet-destudiant","status":"publish","type":"page","link":"https:\/\/agora-eoi.xtec.cat\/eoitarragona\/serveis\/carnet-destudiant\/","title":{"rendered":"Carnet EOI"},"content":{"rendered":"\n<div>\n<p><strong>El carnet de l&#8217;EOI de Tarragona t&#8217;acredita com a estudiant de la nostra escola.<\/strong><\/p>\n<p>Te&#8217;l pots descarregar des de l&#8217;aplicaci\u00f3 de <a href=\"https:\/\/www.informaticacentros.com\/centrosnet\/ultralogin.php?tcentro=EOI&amp;centro=T01\" target=\"_blank\" rel=\"noopener\">Centrosnet<\/a>, dins del men\u00fa:<\/p>\n<p>GENERAL \/ CARNET DE L&#8217;ALUMNE<\/p>\n<figure><img loading=\"lazy\" decoding=\"async\" class=\"alignnone size-full wp-image-16622\" src=\"https:\/\/agora-eoi.xtec.cat\/eoitarragona\/wp-content\/uploads\/usu2261\/2024\/09\/Captura-menu-carnet-estudiant.png\" alt=\"\" width=\"304\" height=\"169\" srcset=\"https:\/\/agora-eoi.xtec.cat\/eoitarragona\/wp-content\/uploads\/usu2261\/2024\/09\/Captura-menu-carnet-estudiant.png 304w, https:\/\/agora-eoi.xtec.cat\/eoitarragona\/wp-content\/uploads\/usu2261\/2024\/09\/Captura-menu-carnet-estudiant-300x167.png 300w, https:\/\/agora-eoi.xtec.cat\/eoitarragona\/wp-content\/uploads\/usu2261\/2024\/09\/Captura-menu-carnet-estudiant-150x83.png 150w\" sizes=\"auto, (max-width: 304px) 100vw, 304px\" \/><\/figure>\n<p>&nbsp;<\/p>\n<\/div>\n\n\n\n<p><em>Recorda que el carnet \u00e9s v\u00e0lid nom\u00e9s&nbsp; pel curs actual.&nbsp;<\/em><\/p>\n\n\n\n<figure class=\"wp-block-image\"><img loading=\"lazy\" decoding=\"async\" width=\"280\" height=\"174\" src=\"https:\/\/agora-eoi.xtec.cat\/eoitarragona\/wp-content\/uploads\/usu2261\/2024\/09\/carnet-estudiant-en-blanc.jpg\" alt=\"\" class=\"wp-image-16634\" srcset=\"https:\/\/agora-eoi.xtec.cat\/eoitarragona\/wp-content\/uploads\/usu2261\/2024\/09\/carnet-estudiant-en-blanc.jpg 280w, https:\/\/agora-eoi.xtec.cat\/eoitarragona\/wp-content\/uploads\/usu2261\/2024\/09\/carnet-estudiant-en-blanc-150x93.jpg 150w\" sizes=\"auto, (max-width: 280px) 100vw, 280px\" \/><\/figure>\n\n\n\n<p><strong>A m\u00e9s, algunes entitats t&#8217;ofereixen els seg\u00fcents avantatges:<\/strong><\/p>\n\n\n\n<p class=\"has-text-align-center\"><span style=\"font-size: 14pt;\"><strong><span style=\"color: #000000;\">DESCOMPTES QUE OFEREIX EL CARNET DE L&#8217;EOI DE TARRAGONA<\/span><\/strong><\/span><\/p>\n\n\n\n<figure class=\"wp-block-image size-full\"><img loading=\"lazy\" decoding=\"async\" width=\"172\" height=\"76\" src=\"https:\/\/agora-eoi.xtec.cat\/eoitarragona\/wp-content\/uploads\/usu2261\/2016\/06\/cinemes_oscar.jpg\" alt=\"\" class=\"wp-image-9232\"\/><\/figure>\n\n\n\n<ul class=\"wp-block-list\">\n<li>Preu entrada 7,10 \u20ac per alumnat amb el carnet EOI i professorat amb el carnet docent<\/li>\n\n\n\n<li>Descompte v\u00e0lid de dilluns a dijous<\/li>\n\n\n\n<li>V\u00e0lid nom\u00e9s per sessions V.O.S.E. <\/li>\n\n\n\n<li>Suplements NO inclosos<\/li>\n\n\n\n<li>Validesa de la promoci\u00f3: 30 de juny de 2026<\/li>\n\n\n\n<li><a href=\"https:\/\/www.ocinegavarres.es\/?filterCategories=VOSE\" data-type=\"link\" data-id=\"https:\/\/www.ocinegavarres.es\/?filterCategories=VOSE\" target=\"_blank\" rel=\"noreferrer noopener\">Cartellera V.O.S.E. Ocine Les Gavarres<\/a><\/li>\n<\/ul>\n\n\n\n<div style=\"height:100px\" aria-hidden=\"true\" class=\"wp-block-spacer\"><\/div>\n\n\n\n<figure class=\"wp-block-image alignleft\"><img loading=\"lazy\" decoding=\"async\" width=\"180\" height=\"180\" src=\"https:\/\/agora-eoi.xtec.cat\/eoitarragona\/wp-content\/uploads\/usu2261\/2024\/11\/Bendinat.png\" alt=\"\" class=\"wp-image-16823\" srcset=\"https:\/\/agora-eoi.xtec.cat\/eoitarragona\/wp-content\/uploads\/usu2261\/2024\/11\/Bendinat.png 180w, https:\/\/agora-eoi.xtec.cat\/eoitarragona\/wp-content\/uploads\/usu2261\/2024\/11\/Bendinat-150x150.png 150w\" sizes=\"auto, (max-width: 180px) 100vw, 180px\" \/><\/figure>\n\n\n\n<p><\/p>\n\n\n\n<p>&nbsp;<\/p>\n\n\n\n<p><\/p>\n\n\n\n<p><\/p>\n\n\n\n<p>C\/ Sevilla 13 baix 3er.&nbsp; Tel: 977241369<\/p>\n\n\n\n<p>Horari: De dimarts a divendres (10:00-15:30). Dissabtes i diumenges (10:30-15:30)<\/p>\n\n\n\n<p>Men\u00fa estudiant de plat combinat per <strong>8\u20ac<\/strong> (durant la setmana). Dilluns tancat.<\/p>\n\n\n\n<div style=\"height:100px\" aria-hidden=\"true\" class=\"wp-block-spacer\"><\/div>\n\n\n\n<figure class=\"wp-block-image alignleft\"><img loading=\"lazy\" decoding=\"async\" width=\"326\" height=\"131\" src=\"https:\/\/agora-eoi.xtec.cat\/eoitarragona\/wp-content\/uploads\/usu2261\/2024\/10\/logo-diputacio-tarragona.png\" alt=\"\" class=\"wp-image-16730\" srcset=\"https:\/\/agora-eoi.xtec.cat\/eoitarragona\/wp-content\/uploads\/usu2261\/2024\/10\/logo-diputacio-tarragona.png 326w, https:\/\/agora-eoi.xtec.cat\/eoitarragona\/wp-content\/uploads\/usu2261\/2024\/10\/logo-diputacio-tarragona-300x121.png 300w, https:\/\/agora-eoi.xtec.cat\/eoitarragona\/wp-content\/uploads\/usu2261\/2024\/10\/logo-diputacio-tarragona-150x60.png 150w\" sizes=\"auto, (max-width: 326px) 100vw, 326px\" \/><\/figure>\n\n\n\n<p><\/p>\n\n\n\n<p>&nbsp;<\/p>\n\n\n\n<p>&nbsp;<\/p>\n\n\n\n<p>&nbsp;La Diputaci\u00f3 de Tarragona sorteja setmanalment&nbsp;<strong>2 entrades gratu\u00eftes<\/strong>&nbsp;per l\u2019alumnat de l\u2019escola per als seus dos cicles de cinema:<\/p>\n\n\n\n<ul class=\"wp-block-list\">\n<li><a data-saferedirecturl=\"https:\/\/www.google.com\/url?q=https:\/\/www.dipta.cat\/cinema-vo&amp;source=gmail&amp;ust=1738249113933000&amp;usg=AOvVaw3L09vJCDrHLfJexVxxtxpZ\" href=\"https:\/\/www.dipta.cat\/cinema-vo\" target=\"_blank\" rel=\"noopener\"><strong>Cinema VO<\/strong><\/a><strong><i>,<\/i><\/strong><i>&nbsp;<\/i>en diumenge<\/li>\n\n\n\n<li><a data-saferedirecturl=\"https:\/\/www.google.com\/url?q=https:\/\/www.dipta.cat\/cicle-gaudi&amp;source=gmail&amp;ust=1738249113933000&amp;usg=AOvVaw0qxx2fmDTCXUlyKsW1X2t4\" href=\"https:\/\/www.dipta.cat\/cicle-gaudi\" target=\"_blank\" rel=\"noopener\"><strong>Cicle Gaud\u00ed<\/strong><\/a><strong>,<\/strong> en dijous<\/li>\n<\/ul>\n\n\n\n<p class=\"gmail_default\">Si voleu participar en el sorteig, heu d\u2019enviar, fins al dilluns de la setmana en qu\u00e8 es projectar\u00e0 la pel\u00b7l\u00edcula en q\u00fcesti\u00f3, un correu electr\u00f2nic a l\u2019adre\u00e7a&nbsp;<strong><a href=\"mailto:auditori@dipta.cat\" target=\"_blank\" rel=\"noopener\">auditori@dipta.cat<\/a>,<\/strong> tot adjuntant&nbsp;<b>el carnet de l\u2019EOIT<\/b>. Dels correus rebuts, la Diputaci\u00f3 en far\u00e0 un sorteig i els respondr\u00e0 amb la llista dels participants i els dos guanyadors o les dues guanyadores del sorteig.<\/p>\n\n\n\n<figure class=\"wp-block-image alignleft is-resized\"><img loading=\"lazy\" decoding=\"async\" width=\"1024\" height=\"724\" src=\"https:\/\/agora-eoi.xtec.cat\/eoitarragona\/wp-content\/uploads\/usu2261\/2023\/10\/LOGOS-NUEVO-VIDING-1024x724.jpg\" alt=\"\" class=\"wp-image-15943\" style=\"width:365px;height:auto\" srcset=\"https:\/\/agora-eoi.xtec.cat\/eoitarragona\/wp-content\/uploads\/usu2261\/2023\/10\/LOGOS-NUEVO-VIDING-1024x724.jpg 1024w, https:\/\/agora-eoi.xtec.cat\/eoitarragona\/wp-content\/uploads\/usu2261\/2023\/10\/LOGOS-NUEVO-VIDING-300x212.jpg 300w, https:\/\/agora-eoi.xtec.cat\/eoitarragona\/wp-content\/uploads\/usu2261\/2023\/10\/LOGOS-NUEVO-VIDING-150x106.jpg 150w, https:\/\/agora-eoi.xtec.cat\/eoitarragona\/wp-content\/uploads\/usu2261\/2023\/10\/LOGOS-NUEVO-VIDING-768x543.jpg 768w, https:\/\/agora-eoi.xtec.cat\/eoitarragona\/wp-content\/uploads\/usu2261\/2023\/10\/LOGOS-NUEVO-VIDING-1536x1086.jpg 1536w, https:\/\/agora-eoi.xtec.cat\/eoitarragona\/wp-content\/uploads\/usu2261\/2023\/10\/LOGOS-NUEVO-VIDING.jpg 1754w\" sizes=\"auto, (max-width: 1024px) 100vw, 1024px\" \/><\/figure>\n\n\n\n<p><\/p>\n\n\n\n<p>&nbsp;<\/p>\n\n\n\n<p>&nbsp;<\/p>\n\n\n\n<p><\/p>\n\n\n\n<p class=\"has-text-align-left\"><strong>Descompte 50% de la matr\u00edcula<\/strong><\/p>\n\n\n\n<div style=\"height:100px\" aria-hidden=\"true\" class=\"wp-block-spacer\"><\/div>\n\n\n\n<figure class=\"wp-block-image size-full\"><img loading=\"lazy\" decoding=\"async\" width=\"199\" height=\"98\" src=\"https:\/\/agora-eoi.xtec.cat\/eoitarragona\/wp-content\/uploads\/usu2261\/2022\/04\/rambla.png\" alt=\"\" class=\"wp-image-14696\" srcset=\"https:\/\/agora-eoi.xtec.cat\/eoitarragona\/wp-content\/uploads\/usu2261\/2022\/04\/rambla.png 199w, https:\/\/agora-eoi.xtec.cat\/eoitarragona\/wp-content\/uploads\/usu2261\/2022\/04\/rambla-150x74.png 150w\" sizes=\"auto, (max-width: 199px) 100vw, 199px\" \/><\/figure>\n\n\n\n<p><span style=\"font-size: 14pt;\"><strong><a href=\"https:\/\/www.rambladelart-cambrils.com\/\" target=\"_blank\" rel=\"noopener\">Rambla de l&#8217;Art<\/a>. Cinema i cultura a Cambrils<\/strong>.<\/span><\/p>\n\n\n\n<p><strong>5\u20ac<\/strong> en les sessions <strong>VOSE<\/strong>, qualsevol dia de la setmana.<\/p>\n\n\n\n<p>En aquest descompte no s&#8217;inclouen les pel\u00b7l\u00edcules originals parlades en espanyol.<\/p>\n\n\n\n<p>&nbsp;<\/p>\n\n\n\n<div>\u00a0<\/div>\n\n\n\n<figure class=\"wp-block-image alignleft is-resized\"><a href=\"http:\/\/agora-eoi.xtec.cat\/eoitarragona\/wp-content\/uploads\/usu2261\/2016\/06\/la-caverna.jpg\"><img loading=\"lazy\" decoding=\"async\" width=\"576\" height=\"1024\" src=\"http:\/\/agora-eoi.xtec.cat\/eoitarragona\/wp-content\/uploads\/usu2261\/2016\/06\/la-caverna-576x1024.jpg\" alt=\"la-caverna\" class=\"wp-image-9229\" style=\"width:229px;height:auto\" srcset=\"https:\/\/agora-eoi.xtec.cat\/eoitarragona\/wp-content\/uploads\/usu2261\/2016\/06\/la-caverna-576x1024.jpg 576w, https:\/\/agora-eoi.xtec.cat\/eoitarragona\/wp-content\/uploads\/usu2261\/2016\/06\/la-caverna-169x300.jpg 169w, https:\/\/agora-eoi.xtec.cat\/eoitarragona\/wp-content\/uploads\/usu2261\/2016\/06\/la-caverna-768x1365.jpg 768w, https:\/\/agora-eoi.xtec.cat\/eoitarragona\/wp-content\/uploads\/usu2261\/2016\/06\/la-caverna.jpg 918w\" sizes=\"auto, (max-width: 576px) 100vw, 576px\" \/><\/a><\/figure>\n\n\n\n<p><em><strong><span style=\"font-size: 14pt;\">Llibreria La Caverna<\/span><\/strong><\/em><\/p>\n\n\n\n<p><em><strong>Per qualsevol compra et regalem un llibre (Carrer Sevilla 11, Tarragona)<\/strong><\/em><\/p>\n\n\n\n<p>&nbsp;<\/p>\n\n\n\n<p>&nbsp;<\/p>\n","protected":false},"excerpt":{"rendered":"<p>El carnet de l&#8217;EOI de Tarragona t&#8217;acredita com a estudiant de la nostra escola. Te&#8217;l pots descarregar des de l&#8217;aplicaci\u00f3 de Centrosnet, dins del men\u00fa: GENERAL \/ CARNET DE L&#8217;ALUMNE &nbsp; Recorda que el carnet \u00e9s v\u00e0lid nom\u00e9s&nbsp; pel curs actual.&nbsp; A m\u00e9s, algunes entitats t&#8217;ofereixen els seg\u00fcents avantatges: DESCOMPTES QUE OFEREIX EL CARNET DE [&hellip;]<\/p>\n","protected":false},"author":1,"featured_media":0,"parent":8411,"menu_order":40,"comment_status":"closed","ping_status":"closed","template":"","meta":{"_bbp_topic_count":0,"_bbp_reply_count":0,"_bbp_total_topic_count":0,"_bbp_total_reply_count":0,"_bbp_voice_count":0,"_bbp_anonymous_reply_count":0,"_bbp_topic_count_hidden":0,"_bbp_reply_count_hidden":0,"_bbp_forum_subforum_count":0,"site-sidebar-layout":"default","site-content-layout":"","ast-site-content-layout":"default","site-content-style":"default","site-sidebar-style":"default","ast-global-header-display":"","ast-banner-title-visibility":"","ast-main-header-display":"","ast-hfb-above-header-display":"","ast-hfb-below-header-display":"","ast-hfb-mobile-header-display":"","site-post-title":"","ast-breadcrumbs-content":"","ast-featured-img":"","footer-sml-layout":"","theme-transparent-header-meta":"","adv-header-id-meta":"","stick-header-meta":"","header-above-stick-meta":"","header-main-stick-meta":"","header-below-stick-meta":"","astra-migrate-meta-layouts":"set","ast-page-background-enabled":"default","ast-page-background-meta":{"desktop":{"background-color":"var(--ast-global-color-4)","background-image":"","background-repeat":"repeat","background-position":"center center","background-size":"auto","background-attachment":"scroll","background-type":"","background-media":"","overlay-type":"","overlay-color":"","overlay-opacity":"","overlay-gradient":""},"tablet":{"background-color":"","background-image":"","background-repeat":"repeat","background-position":"center center","background-size":"auto","background-attachment":"scroll","background-type":"","background-media":"","overlay-type":"","overlay-color":"","overlay-opacity":"","overlay-gradient":""},"mobile":{"background-color":"","background-image":"","background-repeat":"repeat","background-position":"center center","background-size":"auto","background-attachment":"scroll","background-type":"","background-media":"","overlay-type":"","overlay-color":"","overlay-opacity":"","overlay-gradient":""}},"ast-content-background-meta":{"desktop":{"background-color":"var(--ast-global-color-5)","background-image":"","background-repeat":"repeat","background-position":"center center","background-size":"auto","background-attachment":"scroll","background-type":"","background-media":"","overlay-type":"","overlay-color":"","overlay-opacity":"","overlay-gradient":""},"tablet":{"background-color":"var(--ast-global-color-5)","background-image":"","background-repeat":"repeat","background-position":"center center","background-size":"auto","background-attachment":"scroll","background-type":"","background-media":"","overlay-type":"","overlay-color":"","overlay-opacity":"","overlay-gradient":""},"mobile":{"background-color":"var(--ast-global-color-5)","background-image":"","background-repeat":"repeat","background-position":"center center","background-size":"auto","background-attachment":"scroll","background-type":"","background-media":"","overlay-type":"","overlay-color":"","overlay-opacity":"","overlay-gradient":""}},"footnotes":""},"class_list":["post-8448","page","type-page","status-publish","hentry"],"post_mailing_queue_ids":[],"_links":{"self":[{"href":"https:\/\/agora-eoi.xtec.cat\/eoitarragona\/wp-json\/wp\/v2\/pages\/8448","targetHints":{"allow":["GET"]}}],"collection":[{"href":"https:\/\/agora-eoi.xtec.cat\/eoitarragona\/wp-json\/wp\/v2\/pages"}],"about":[{"href":"https:\/\/agora-eoi.xtec.cat\/eoitarragona\/wp-json\/wp\/v2\/types\/page"}],"author":[{"embeddable":true,"href":"https:\/\/agora-eoi.xtec.cat\/eoitarragona\/wp-json\/wp\/v2\/users\/1"}],"replies":[{"embeddable":true,"href":"https:\/\/agora-eoi.xtec.cat\/eoitarragona\/wp-json\/wp\/v2\/comments?post=8448"}],"version-history":[{"count":6,"href":"https:\/\/agora-eoi.xtec.cat\/eoitarragona\/wp-json\/wp\/v2\/pages\/8448\/revisions"}],"predecessor-version":[{"id":18313,"href":"https:\/\/agora-eoi.xtec.cat\/eoitarragona\/wp-json\/wp\/v2\/pages\/8448\/revisions\/18313"}],"up":[{"embeddable":true,"href":"https:\/\/agora-eoi.xtec.cat\/eoitarragona\/wp-json\/wp\/v2\/pages\/8411"}],"wp:attachment":[{"href":"https:\/\/agora-eoi.xtec.cat\/eoitarragona\/wp-json\/wp\/v2\/media?parent=8448"}],"curies":[{"name":"wp","href":"https:\/\/api.w.org\/{rel}","templated":true}]}}