{"id":8414,"date":"2024-09-10T09:00:48","date_gmt":"2024-09-10T07:00:48","guid":{"rendered":"http:\/\/agora-eoi.xtec.cat\/eoitarragona\/?page_id=8414"},"modified":"2026-04-10T12:18:31","modified_gmt":"2026-04-10T10:18:31","slug":"espaiforum","status":"publish","type":"page","link":"https:\/\/agora-eoi.xtec.cat\/eoitarragona\/serveis\/espaiforum\/","title":{"rendered":"Espai F\u00f2rum"},"content":{"rendered":"\n<h5 class=\"wp-block-heading\">INFORMACI\u00d3 SOBRE L&#8217;ESPAI F\u00d2RUM (Curs 2025-2026)<\/h5>\n\n\n\n<p>L&#8217;Espai F\u00f2rum de l&#8217;EOI de Tarragona, situat al primer pis, ofereix a l&#8217;alumnat els seg\u00fcents serveis:<\/p>\n\n\n\n<ul class=\"wp-block-list\">\n<li>Pr\u00e9stec de llibres i materials audiovisuals durant un per\u00edode de 2 setmanes.<\/li>\n\n\n\n<li>Sala d&#8217;estudi.<\/li>\n\n\n\n<li>Ordinadors amb connexi\u00f3 a Internet.<\/li>\n<\/ul>\n\n\n\n<figure class=\"wp-block-image alignleft\"><img loading=\"lazy\" decoding=\"async\" width=\"1024\" height=\"575\" src=\"https:\/\/agora-eoi.xtec.cat\/eoitarragona\/wp-content\/uploads\/usu2261\/2019\/09\/espai-forum2-1024x575.jpg\" alt=\"\" class=\"wp-image-12284\" srcset=\"https:\/\/agora-eoi.xtec.cat\/eoitarragona\/wp-content\/uploads\/usu2261\/2019\/09\/espai-forum2-1024x575.jpg 1024w, https:\/\/agora-eoi.xtec.cat\/eoitarragona\/wp-content\/uploads\/usu2261\/2019\/09\/espai-forum2-150x84.jpg 150w, https:\/\/agora-eoi.xtec.cat\/eoitarragona\/wp-content\/uploads\/usu2261\/2019\/09\/espai-forum2-300x169.jpg 300w, https:\/\/agora-eoi.xtec.cat\/eoitarragona\/wp-content\/uploads\/usu2261\/2019\/09\/espai-forum2-768x431.jpg 768w\" sizes=\"auto, (max-width: 1024px) 100vw, 1024px\" \/><\/figure>\n\n\n\n<p><\/p>\n\n\n\n<p><\/p>\n\n\n\n<p><\/p>\n\n\n\n<p><\/p>\n\n\n\n<p>L&#8217;Espai F\u00f2rum romandr\u00e0 obert durant tot el curs en l&#8217;horari seg\u00fcent:<\/p>\n\n\n\n<figure class=\"wp-block-table\"><table class=\"has-fixed-layout\"><tbody><tr><td><strong>DILLUNS<\/strong><\/td><td><strong>DIMARTS<\/strong><\/td><td><strong>DIMECRES<\/strong><\/td><td><strong>DIJOUS<\/strong><\/td><\/tr><tr><td>&nbsp;<\/td><td>de 12.15 a 13.30<\/td><td>de 12.15 a 13.30<\/td><td>&nbsp;<\/td><\/tr><tr><td>de 16.00 a 19.00<\/td><td>de 16.00 a 19.00<\/td><td>de 16.00 a 19.00<\/td><td>de 16.00 a 19.00<\/td><\/tr><\/tbody><\/table><\/figure>\n\n\n\n<figure class=\"wp-block-image alignleft\"><a href=\"https:\/\/aplicacions.gestioeducativa.gencat.cat\/epergam\/web\/biblioteca.jsp?codi=43006940\" target=\"_blank\" rel=\"noopener noreferrer\"><img loading=\"lazy\" decoding=\"async\" width=\"366\" height=\"138\" src=\"http:\/\/agora-eoi.xtec.cat\/eoitarragona\/wp-content\/uploads\/usu2261\/2016\/06\/epergam.jpeg\" alt=\"ep\u00e8rgam\" class=\"wp-image-9855\" srcset=\"https:\/\/agora-eoi.xtec.cat\/eoitarragona\/wp-content\/uploads\/usu2261\/2016\/06\/epergam.jpeg 366w, https:\/\/agora-eoi.xtec.cat\/eoitarragona\/wp-content\/uploads\/usu2261\/2016\/06\/epergam-150x57.jpeg 150w, https:\/\/agora-eoi.xtec.cat\/eoitarragona\/wp-content\/uploads\/usu2261\/2016\/06\/epergam-300x113.jpeg 300w\" sizes=\"auto, (max-width: 366px) 100vw, 366px\" \/><\/a><\/figure>\n\n\n\n<p><\/p>\n\n\n\n<p>&nbsp;<\/p>\n\n\n\n<p>&nbsp;<\/p>\n\n\n\n<p>&nbsp;<\/p>\n\n\n\n<p><strong>Per consultes sobre el servei de pr\u00e9stec envieu un correu a:<\/strong> <span id=\"cloak34663\"><a href=\"mailto:bibliotecaeoitgn@gmail.com\">bibliotecaeoitgn@gmail.com<\/a><\/span><\/p>\n\n\n\n<p><strong>Consulta les novetats al nostre<\/strong> <a href=\"http:\/\/bibliotecaeoitgn.blogspot.com\/\" target=\"_blank\" rel=\"noopener noreferrer\">blog<\/a><strong><br><\/strong><\/p>\n\n\n\n<figure class=\"wp-block-image alignleft\"><a href=\"https:\/\/bibliotecaeoitgn.blogspot.com\/\" target=\"_blank\" rel=\"noopener noreferrer\"><img loading=\"lazy\" decoding=\"async\" width=\"800\" height=\"534\" src=\"https:\/\/agora-eoi.xtec.cat\/eoitarragona\/wp-content\/uploads\/usu2261\/2019\/09\/DSC03689.jpg\" alt=\"\" class=\"wp-image-12278\" srcset=\"https:\/\/agora-eoi.xtec.cat\/eoitarragona\/wp-content\/uploads\/usu2261\/2019\/09\/DSC03689.jpg 800w, https:\/\/agora-eoi.xtec.cat\/eoitarragona\/wp-content\/uploads\/usu2261\/2019\/09\/DSC03689-150x100.jpg 150w, https:\/\/agora-eoi.xtec.cat\/eoitarragona\/wp-content\/uploads\/usu2261\/2019\/09\/DSC03689-300x200.jpg 300w, https:\/\/agora-eoi.xtec.cat\/eoitarragona\/wp-content\/uploads\/usu2261\/2019\/09\/DSC03689-768x513.jpg 768w\" sizes=\"auto, (max-width: 800px) 100vw, 800px\" \/><\/a><\/figure>\n\n\n\n<p class=\"has-text-align-center\"><strong> <\/strong><\/p>\n\n\n\n<p>&nbsp;<\/p>\n\n\n\n<p>&nbsp;<\/p>\n\n\n\n<p>&nbsp;<\/p>\n\n\n\n<p>&nbsp;<\/p>\n\n\n\n<p>&nbsp;<\/p>\n\n\n\n<p>&nbsp;<\/p>\n\n\n\n<p><\/p>\n\n\n\n<p><\/p>\n\n\n\n<p><\/p>\n\n\n\n<p><strong>Com puc treure llibres en pr\u00e9stec?<\/strong> &nbsp;&nbsp;&nbsp; Cliqueu <a href=\"https:\/\/agora-eoi.xtec.cat\/eoitarragona\/serveis\/carnet-destudiant\/\" target=\"_blank\" rel=\"noopener noreferrer\">aqu\u00ed<\/a>&nbsp;per obtenir el carnet.<\/p>\n\n\n\n<p><span style=\"color: #000000;\"><strong>ATENCI\u00d3 EX-ALUMNES: ara tamb\u00e9 podeu gaudir del servei de pr\u00e9stec amb una aportaci\u00f3 de 22 \u20ac<\/strong><\/span><\/p>\n\n\n\n<p><span style=\"color: #000000;\"><strong>NO-ALUMNES: ara tamb\u00e9 podeu gaudir anualment del servei de pr\u00e9stec amb una quota anual de 40 \u20ac<\/strong><\/span><\/p>\n\n\n\n<p>&nbsp;<\/p>\n\n\n\n<p>&nbsp;<\/p>\n","protected":false},"excerpt":{"rendered":"<p>INFORMACI\u00d3 SOBRE L&#8217;ESPAI F\u00d2RUM (Curs 2025-2026) L&#8217;Espai F\u00f2rum de l&#8217;EOI de Tarragona, situat al primer pis, ofereix a l&#8217;alumnat els seg\u00fcents serveis: L&#8217;Espai F\u00f2rum romandr\u00e0 obert durant tot el curs en l&#8217;horari seg\u00fcent: DILLUNS DIMARTS DIMECRES DIJOUS &nbsp; de 12.15 a 13.30 de 12.15 a 13.30 &nbsp; de 16.00 a 19.00 de 16.00 a 19.00 [&hellip;]<\/p>\n","protected":false},"author":1,"featured_media":0,"parent":8411,"menu_order":30,"comment_status":"closed","ping_status":"closed","template":"","meta":{"_bbp_topic_count":0,"_bbp_reply_count":0,"_bbp_total_topic_count":0,"_bbp_total_reply_count":0,"_bbp_voice_count":0,"_bbp_anonymous_reply_count":0,"_bbp_topic_count_hidden":0,"_bbp_reply_count_hidden":0,"_bbp_forum_subforum_count":0,"site-sidebar-layout":"default","site-content-layout":"","ast-site-content-layout":"default","site-content-style":"default","site-sidebar-style":"default","ast-global-header-display":"","ast-banner-title-visibility":"","ast-main-header-display":"","ast-hfb-above-header-display":"","ast-hfb-below-header-display":"","ast-hfb-mobile-header-display":"","site-post-title":"","ast-breadcrumbs-content":"","ast-featured-img":"","footer-sml-layout":"","theme-transparent-header-meta":"","adv-header-id-meta":"","stick-header-meta":"","header-above-stick-meta":"","header-main-stick-meta":"","header-below-stick-meta":"","astra-migrate-meta-layouts":"set","ast-page-background-enabled":"default","ast-page-background-meta":{"desktop":{"background-color":"var(--ast-global-color-4)","background-image":"","background-repeat":"repeat","background-position":"center center","background-size":"auto","background-attachment":"scroll","background-type":"","background-media":"","overlay-type":"","overlay-color":"","overlay-opacity":"","overlay-gradient":""},"tablet":{"background-color":"","background-image":"","background-repeat":"repeat","background-position":"center center","background-size":"auto","background-attachment":"scroll","background-type":"","background-media":"","overlay-type":"","overlay-color":"","overlay-opacity":"","overlay-gradient":""},"mobile":{"background-color":"","background-image":"","background-repeat":"repeat","background-position":"center center","background-size":"auto","background-attachment":"scroll","background-type":"","background-media":"","overlay-type":"","overlay-color":"","overlay-opacity":"","overlay-gradient":""}},"ast-content-background-meta":{"desktop":{"background-color":"var(--ast-global-color-5)","background-image":"","background-repeat":"repeat","background-position":"center center","background-size":"auto","background-attachment":"scroll","background-type":"","background-media":"","overlay-type":"","overlay-color":"","overlay-opacity":"","overlay-gradient":""},"tablet":{"background-color":"var(--ast-global-color-5)","background-image":"","background-repeat":"repeat","background-position":"center center","background-size":"auto","background-attachment":"scroll","background-type":"","background-media":"","overlay-type":"","overlay-color":"","overlay-opacity":"","overlay-gradient":""},"mobile":{"background-color":"var(--ast-global-color-5)","background-image":"","background-repeat":"repeat","background-position":"center center","background-size":"auto","background-attachment":"scroll","background-type":"","background-media":"","overlay-type":"","overlay-color":"","overlay-opacity":"","overlay-gradient":""}},"footnotes":""},"class_list":["post-8414","page","type-page","status-publish","hentry"],"post_mailing_queue_ids":[],"_links":{"self":[{"href":"https:\/\/agora-eoi.xtec.cat\/eoitarragona\/wp-json\/wp\/v2\/pages\/8414","targetHints":{"allow":["GET"]}}],"collection":[{"href":"https:\/\/agora-eoi.xtec.cat\/eoitarragona\/wp-json\/wp\/v2\/pages"}],"about":[{"href":"https:\/\/agora-eoi.xtec.cat\/eoitarragona\/wp-json\/wp\/v2\/types\/page"}],"author":[{"embeddable":true,"href":"https:\/\/agora-eoi.xtec.cat\/eoitarragona\/wp-json\/wp\/v2\/users\/1"}],"replies":[{"embeddable":true,"href":"https:\/\/agora-eoi.xtec.cat\/eoitarragona\/wp-json\/wp\/v2\/comments?post=8414"}],"version-history":[{"count":6,"href":"https:\/\/agora-eoi.xtec.cat\/eoitarragona\/wp-json\/wp\/v2\/pages\/8414\/revisions"}],"predecessor-version":[{"id":17892,"href":"https:\/\/agora-eoi.xtec.cat\/eoitarragona\/wp-json\/wp\/v2\/pages\/8414\/revisions\/17892"}],"up":[{"embeddable":true,"href":"https:\/\/agora-eoi.xtec.cat\/eoitarragona\/wp-json\/wp\/v2\/pages\/8411"}],"wp:attachment":[{"href":"https:\/\/agora-eoi.xtec.cat\/eoitarragona\/wp-json\/wp\/v2\/media?parent=8414"}],"curies":[{"name":"wp","href":"https:\/\/api.w.org\/{rel}","templated":true}]}}