{"id":8370,"date":"2023-06-29T10:00:46","date_gmt":"2023-06-29T08:00:46","guid":{"rendered":"http:\/\/agora-eoi.xtec.cat\/eoitarragona\/?page_id=8370"},"modified":"2025-07-14T12:56:30","modified_gmt":"2025-07-14T10:56:30","slug":"instancies-i-solicituts","status":"publish","type":"page","link":"https:\/\/agora-eoi.xtec.cat\/eoitarragona\/tramits-administratius\/instancies-i-solicituts\/","title":{"rendered":"Inst\u00e0ncies i sol\u00b7licituds"},"content":{"rendered":"\n<p>Per facilitar la realitzaci\u00f3 de gestions administratives podeu <strong>descarregar-vos les inst\u00e0ncies i sol\u00b7licituds seg\u00fcents<\/strong>.<\/p>\n\n\n\n<p><strong>Ompliu-les i lliureu-les a secretaria<\/strong>, tot <strong>aportant la documentaci\u00f3 requerida<\/strong> per cada gesti\u00f3.<\/p>\n\n\n\n<ul class=\"wp-block-list\">\n<li><a href=\"https:\/\/drive.google.com\/file\/d\/13YwY6BBXnKOHfeA-JffqGgcgH-r3ulzB\/view?usp=drive_link\" target=\"_blank\" rel=\"noreferrer noopener\"><span class=\"wf_file_text\">Inst\u00e0ncia<\/span><\/a><\/li>\n\n\n\n<li>Instruccions pagament taxes: poseu-vos en contacte amb l&#8217;escola.<\/li>\n\n\n\n<li><a href=\"https:\/\/drive.google.com\/file\/d\/161rV68Vs2fN5tAqd30PWkajVDz8I_K27\/view?usp=share_link\" target=\"_blank\" rel=\"noopener\">Sol\u00b7licitud devoluci\u00f3 taxes matr\u00edcula<\/a><\/li>\n\n\n\n<li><a href=\"https:\/\/drive.google.com\/file\/d\/1GABt18Pf6PBbTUvO-Z2rxruDdYrYQ24k\/view?usp=drive_link\" target=\"_blank\" rel=\"noreferrer noopener\"><span class=\"wf_file_text\">Ren\u00fancia a curs superat<\/span><\/a><\/li>\n\n\n\n<li><a href=\"https:\/\/drive.google.com\/file\/d\/1-xydE8sZwlInHx1ocnUNcy_j343D4tar\/view?usp=drive_link\" target=\"_blank\" rel=\"noreferrer noopener\">Reclamaci\u00f3 de notes finals<\/a><\/li>\n\n\n\n<li><a href=\"https:\/\/drive.google.com\/open?id=0B-dRgE6PBbHham5jZnU2YllKejg\" target=\"_blank\" rel=\"noopener noreferrer\">Sol\u00b7licitud trasllat d&#8217;expedient<\/a><\/li>\n\n\n\n<li><a href=\"https:\/\/drive.google.com\/file\/d\/1M8R9GGRKrQUbD4lpebmrwNosw3zRga3R\/view?usp=drive_link\" target=\"_blank\" rel=\"noreferrer noopener\">Sol\u00b7licitud canvi d&#8217;horari<\/a><\/li>\n\n\n\n<li><a href=\"https:\/\/drive.google.com\/file\/d\/17SE7zc17Yd2kiQoqMnjFCFNiqSeMZ-BF\/view?usp=drive_link\" target=\"_blank\" rel=\"noreferrer noopener\">Sol\u00b7licitud convocat\u00f2ria addicional<\/a><\/li>\n\n\n\n<li><a href=\"https:\/\/drive.google.com\/file\/d\/1Yceyt_C-f3n9en1pj-EDQXaAtV31x7KG\/view?usp=drive_link\" target=\"_blank\" rel=\"noreferrer noopener\">Sol\u00b7licitud flexibilitzaci\u00f3 itinerari educatiu<\/a><\/li>\n\n\n\n<li><a href=\"https:\/\/drive.google.com\/file\/d\/1E5lOd6loMGiE5aBIbT5xKBsaNOUK7cfO\/view?usp=drive_link\" target=\"_blank\" rel=\"noreferrer noopener\">Sol\u00b7licitud tercer idioma<\/a><\/li>\n\n\n\n<li><a href=\"https:\/\/drive.google.com\/file\/d\/1_mA0babfHA2yUzJhdCbDyNcBGupL5LE0\/view?usp=drive_link\" target=\"_blank\" rel=\"noreferrer noopener\">Sol\u00b7licitud tercera convocat\u00f2ria A1 \/ B2.1<\/a><\/li>\n\n\n\n<li><a href=\"https:\/\/drive.google.com\/file\/d\/1nbRM2PtEf2gsmX37XkPduvDd2xKHdfuJ\/view?usp=drive_link\" target=\"_blank\" rel=\"noreferrer noopener\">Sol\u00b7licitud ren\u00fancia matr\u00edcula<\/a><\/li>\n\n\n\n<li><a href=\"https:\/\/drive.google.com\/file\/d\/1YFfojl7dwrKbRTP2VM4R-CQE_Bd4tYBY\/view?usp=drive_link\" target=\"_blank\" rel=\"noreferrer noopener\">Sol\u00b7licitud canvi data examen<\/a><\/li>\n\n\n\n<li><a href=\"https:\/\/drive.google.com\/file\/d\/1M9Sj7e2nIa365u51T2svtPyzmbkzawCL\/view?usp=sharing\" target=\"_blank\" rel=\"noreferrer noopener\">Sol\u00b7licitud abonament beca estudi<\/a><\/li>\n\n\n\n<li><a href=\"https:\/\/drive.google.com\/file\/d\/1BmqNxNB42FrCowTeYbJIwb4_tV10Ab0d\/view?usp=sharing\" target=\"_blank\" rel=\"noreferrer noopener\">Ren\u00fancia beca EOI Tarragona<\/a><\/li>\n\n\n\n<li><a href=\"https:\/\/drive.google.com\/file\/d\/1fSzKPGJ3sl6vgn6M18KSqTuD9713fmof\/view?usp=drive_link\" target=\"_blank\" rel=\"noopener\">Sol\u00b7licitud de t\u00edtol acad\u00e8mic d&#8217;aptitud, avan\u00e7at, B2, C1 i C2<\/a><\/li>\n<\/ul>\n\n\n\n<p class=\"text-alert\"><strong>IMPORTANT<\/strong>: Els impresos s&#8217;han de presentar <strong>personalment<\/strong> al centre, o via email amb signatura electr\u00f2nica.<\/p>\n","protected":false},"excerpt":{"rendered":"<p>Per facilitar la realitzaci\u00f3 de gestions administratives podeu descarregar-vos les inst\u00e0ncies i sol\u00b7licituds seg\u00fcents. Ompliu-les i lliureu-les a secretaria, tot aportant la documentaci\u00f3 requerida per cada gesti\u00f3. IMPORTANT: Els impresos s&#8217;han de presentar personalment al centre, o via email amb signatura electr\u00f2nica.<\/p>\n","protected":false},"author":1,"featured_media":0,"parent":9011,"menu_order":5,"comment_status":"closed","ping_status":"closed","template":"","meta":{"_bbp_topic_count":0,"_bbp_reply_count":0,"_bbp_total_topic_count":0,"_bbp_total_reply_count":0,"_bbp_voice_count":0,"_bbp_anonymous_reply_count":0,"_bbp_topic_count_hidden":0,"_bbp_reply_count_hidden":0,"_bbp_forum_subforum_count":0,"site-sidebar-layout":"default","site-content-layout":"","ast-site-content-layout":"default","site-content-style":"default","site-sidebar-style":"default","ast-global-header-display":"","ast-banner-title-visibility":"","ast-main-header-display":"","ast-hfb-above-header-display":"","ast-hfb-below-header-display":"","ast-hfb-mobile-header-display":"","site-post-title":"","ast-breadcrumbs-content":"","ast-featured-img":"","footer-sml-layout":"","theme-transparent-header-meta":"","adv-header-id-meta":"","stick-header-meta":"","header-above-stick-meta":"","header-main-stick-meta":"","header-below-stick-meta":"","astra-migrate-meta-layouts":"set","ast-page-background-enabled":"default","ast-page-background-meta":{"desktop":{"background-color":"var(--ast-global-color-4)","background-image":"","background-repeat":"repeat","background-position":"center center","background-size":"auto","background-attachment":"scroll","background-type":"","background-media":"","overlay-type":"","overlay-color":"","overlay-opacity":"","overlay-gradient":""},"tablet":{"background-color":"","background-image":"","background-repeat":"repeat","background-position":"center center","background-size":"auto","background-attachment":"scroll","background-type":"","background-media":"","overlay-type":"","overlay-color":"","overlay-opacity":"","overlay-gradient":""},"mobile":{"background-color":"","background-image":"","background-repeat":"repeat","background-position":"center center","background-size":"auto","background-attachment":"scroll","background-type":"","background-media":"","overlay-type":"","overlay-color":"","overlay-opacity":"","overlay-gradient":""}},"ast-content-background-meta":{"desktop":{"background-color":"var(--ast-global-color-5)","background-image":"","background-repeat":"repeat","background-position":"center center","background-size":"auto","background-attachment":"scroll","background-type":"","background-media":"","overlay-type":"","overlay-color":"","overlay-opacity":"","overlay-gradient":""},"tablet":{"background-color":"var(--ast-global-color-5)","background-image":"","background-repeat":"repeat","background-position":"center center","background-size":"auto","background-attachment":"scroll","background-type":"","background-media":"","overlay-type":"","overlay-color":"","overlay-opacity":"","overlay-gradient":""},"mobile":{"background-color":"var(--ast-global-color-5)","background-image":"","background-repeat":"repeat","background-position":"center center","background-size":"auto","background-attachment":"scroll","background-type":"","background-media":"","overlay-type":"","overlay-color":"","overlay-opacity":"","overlay-gradient":""}},"footnotes":""},"class_list":["post-8370","page","type-page","status-publish","hentry"],"post_mailing_queue_ids":[],"_links":{"self":[{"href":"https:\/\/agora-eoi.xtec.cat\/eoitarragona\/wp-json\/wp\/v2\/pages\/8370","targetHints":{"allow":["GET"]}}],"collection":[{"href":"https:\/\/agora-eoi.xtec.cat\/eoitarragona\/wp-json\/wp\/v2\/pages"}],"about":[{"href":"https:\/\/agora-eoi.xtec.cat\/eoitarragona\/wp-json\/wp\/v2\/types\/page"}],"author":[{"embeddable":true,"href":"https:\/\/agora-eoi.xtec.cat\/eoitarragona\/wp-json\/wp\/v2\/users\/1"}],"replies":[{"embeddable":true,"href":"https:\/\/agora-eoi.xtec.cat\/eoitarragona\/wp-json\/wp\/v2\/comments?post=8370"}],"version-history":[{"count":6,"href":"https:\/\/agora-eoi.xtec.cat\/eoitarragona\/wp-json\/wp\/v2\/pages\/8370\/revisions"}],"predecessor-version":[{"id":17469,"href":"https:\/\/agora-eoi.xtec.cat\/eoitarragona\/wp-json\/wp\/v2\/pages\/8370\/revisions\/17469"}],"up":[{"embeddable":true,"href":"https:\/\/agora-eoi.xtec.cat\/eoitarragona\/wp-json\/wp\/v2\/pages\/9011"}],"wp:attachment":[{"href":"https:\/\/agora-eoi.xtec.cat\/eoitarragona\/wp-json\/wp\/v2\/media?parent=8370"}],"curies":[{"name":"wp","href":"https:\/\/api.w.org\/{rel}","templated":true}]}}