{"id":8366,"date":"2024-10-01T20:00:59","date_gmt":"2024-10-01T18:00:59","guid":{"rendered":"http:\/\/agora-eoi.xtec.cat\/eoitarragona\/?page_id=8366"},"modified":"2026-04-09T11:01:22","modified_gmt":"2026-04-09T09:01:22","slug":"horari","status":"publish","type":"page","link":"https:\/\/agora-eoi.xtec.cat\/eoitarragona\/secretaria\/horari\/","title":{"rendered":"Horari d&#8217;atenci\u00f3"},"content":{"rendered":"\n<p><strong>HORARI D&#8217;ATENCI\u00d3 AL P\u00daBLIC DEL  6  D&#8217;OCTUBRE AL  31  DE  MAIG<\/strong><\/p>\n\n\n\n<figure class=\"wp-block-table\"><table class=\"has-fixed-layout\"><tbody><tr><td><\/td><td class=\"has-text-align-center\" data-align=\"center\"><strong>Dilluns<\/strong><\/td><td class=\"has-text-align-center\" data-align=\"center\"><strong>Dimarts<\/strong><\/td><td class=\"has-text-align-center\" data-align=\"center\"><strong>Dimecres<\/strong><\/td><td class=\"has-text-align-center\" data-align=\"center\"><strong>Dijous<\/strong><\/td><td class=\"has-text-align-center\" data-align=\"center\"><strong>Divendres<\/strong><\/td><\/tr><tr><td>Mat\u00ed<\/td><td class=\"has-text-align-center\" data-align=\"center\">&nbsp;10:00h-13:00h<\/td><td class=\"has-text-align-center\" data-align=\"center\">&nbsp;10:00h-13:00h<\/td><td class=\"has-text-align-center\" data-align=\"center\">&nbsp;10:00h-13:00h<\/td><td class=\"has-text-align-center\" data-align=\"center\">&nbsp;10:00h-13:00h<\/td><td class=\"has-text-align-center\" data-align=\"center\">&nbsp;10:00h-13:00h<\/td><\/tr><tr><td>Tarda<\/td><td class=\"has-text-align-center\" data-align=\"center\">15.45-17.15h<\/td><td class=\"has-text-align-center\" data-align=\"center\">15.45-17.15h<\/td><td class=\"has-text-align-center\" data-align=\"center\">15.45-17.15h<\/td><td class=\"has-text-align-center\" data-align=\"center\"><\/td><td class=\"has-text-align-center\" data-align=\"center\"><\/td><\/tr><\/tbody><\/table><\/figure>\n\n\n\n<p><strong>HORARI D&#8217;ATENCI\u00d3 AL P\u00daBLIC DE L&#8217;1 DE JUNY AL 30 DE SETEMBRE<\/strong><\/p>\n\n\n\n<figure class=\"wp-block-table\"><table class=\"has-fixed-layout\"><tbody><tr><td><\/td><td class=\"has-text-align-center\" data-align=\"center\"><strong>Dilluns<\/strong><\/td><td class=\"has-text-align-center\" data-align=\"center\"><strong>Dimarts<\/strong><\/td><td class=\"has-text-align-center\" data-align=\"center\"><strong>Dimecres<\/strong><\/td><td class=\"has-text-align-center\" data-align=\"center\"><strong>Dijous<\/strong><\/td><td class=\"has-text-align-center\" data-align=\"center\"><strong>Divendres<\/strong><\/td><\/tr><tr><td>Mat\u00ed<\/td><td class=\"has-text-align-center\" data-align=\"center\">&nbsp;10:00h-13:00h<\/td><td class=\"has-text-align-center\" data-align=\"center\">&nbsp;10:00h-13:00h<\/td><td class=\"has-text-align-center\" data-align=\"center\">&nbsp;10:00h-13:00h<\/td><td class=\"has-text-align-center\" data-align=\"center\">&nbsp;10:00h-13:00h<\/td><td class=\"has-text-align-center\" data-align=\"center\">&nbsp;10:00h-13:00h<\/td><\/tr><tr><td>Tarda<\/td><td class=\"has-text-align-center\" data-align=\"center\">&#8212;-<\/td><td class=\"has-text-align-center\" data-align=\"center\">&#8212;-<\/td><td class=\"has-text-align-center\" data-align=\"center\">&#8212;-<\/td><td class=\"has-text-align-center\" data-align=\"center\"><\/td><td class=\"has-text-align-center\" data-align=\"center\"><\/td><\/tr><\/tbody><\/table><\/figure>\n\n\n\n<p class=\"has-ast-global-color-0-background-color has-background\"><strong>Durant el mes d&#8217;agost la secretaria de l&#8217;escola romandr\u00e0 tancada per vacances<\/strong><\/p>\n\n\n\n<ul class=\"wp-block-list\">\n<li><strong>Horari d&#8217;atenci\u00f3 al p\u00fablic de l&#8217;1 de juny al&nbsp;30 de setembre<\/strong>:&nbsp; <strong>mat\u00ed &nbsp;de 10h00 a 13h00 <\/strong>(possible variaci\u00f3 d&#8217;horari durant per\u00edodes de matr\u00edcula)<\/li>\n<\/ul>\n\n\n\n<p>En horari de tarda, nom\u00e9s hi ha una persona d&#8217;atenci\u00f3 al p\u00fablic, per la qual cosa el servei es pot anul\u00b7lar si aquesta persona est\u00e0 de baixa. Consulteu el web.<\/p>\n\n\n\n<ul class=\"wp-block-list\">\n<li>Vacances de Nadal i Setmana Santa establertes pel Departament d&#8217;Educaci\u00f3 l&#8217;escola romandr\u00e0 tancada.<\/li>\n\n\n\n<li>Tel\u00e8fon directe : <strong>977 231 398<\/strong><\/li>\n<\/ul>\n\n\n\n<p><strong>DIES DE LLIURE DISPOSICI\u00d3 DEL CENTRE: (aquests dies l&#8217;escola romandr\u00e0 tancada)<\/strong><\/p>\n\n\n\n<p>3 de novembre, 5 de desembre, 12 i 13 de febrer, 30 d\u2019abril<\/p>\n\n\n\n<p><strong>FESTIUS<\/strong><\/p>\n\n\n\n<p><strong>NADAL: <\/strong>NADAL: Del 20 de desembre de 2025 al 7 de gener de 2026 (ambd\u00f3s inclosos)&nbsp;<\/p>\n\n\n\n<p><strong> SETMANA SANTA<\/strong>: Del 28 de mar\u00e7 al 6 d\u2019abril de 2026 (ambd\u00f3s inclosos)<\/p>\n\n\n\n<p><strong>FESTIUS<\/strong>: 23 de setembre, 1 de novembre, 6 de desembre i 1 de maig<\/p>\n\n\n\n<p><\/p>\n","protected":false},"excerpt":{"rendered":"<p>HORARI D&#8217;ATENCI\u00d3 AL P\u00daBLIC DEL 6 D&#8217;OCTUBRE AL 31 DE MAIG Dilluns Dimarts Dimecres Dijous Divendres Mat\u00ed &nbsp;10:00h-13:00h &nbsp;10:00h-13:00h &nbsp;10:00h-13:00h &nbsp;10:00h-13:00h &nbsp;10:00h-13:00h Tarda 15.45-17.15h 15.45-17.15h 15.45-17.15h HORARI D&#8217;ATENCI\u00d3 AL P\u00daBLIC DE L&#8217;1 DE JUNY AL 30 DE SETEMBRE Dilluns Dimarts Dimecres Dijous Divendres Mat\u00ed &nbsp;10:00h-13:00h &nbsp;10:00h-13:00h &nbsp;10:00h-13:00h &nbsp;10:00h-13:00h &nbsp;10:00h-13:00h Tarda &#8212;- &#8212;- &#8212;- Durant el [&hellip;]<\/p>\n","protected":false},"author":1,"featured_media":0,"parent":8358,"menu_order":10,"comment_status":"closed","ping_status":"closed","template":"","meta":{"_bbp_topic_count":0,"_bbp_reply_count":0,"_bbp_total_topic_count":0,"_bbp_total_reply_count":0,"_bbp_voice_count":0,"_bbp_anonymous_reply_count":0,"_bbp_topic_count_hidden":0,"_bbp_reply_count_hidden":0,"_bbp_forum_subforum_count":0,"site-sidebar-layout":"default","site-content-layout":"","ast-site-content-layout":"default","site-content-style":"default","site-sidebar-style":"default","ast-global-header-display":"","ast-banner-title-visibility":"","ast-main-header-display":"","ast-hfb-above-header-display":"","ast-hfb-below-header-display":"","ast-hfb-mobile-header-display":"","site-post-title":"","ast-breadcrumbs-content":"","ast-featured-img":"","footer-sml-layout":"","theme-transparent-header-meta":"","adv-header-id-meta":"","stick-header-meta":"","header-above-stick-meta":"","header-main-stick-meta":"","header-below-stick-meta":"","astra-migrate-meta-layouts":"set","ast-page-background-enabled":"default","ast-page-background-meta":{"desktop":{"background-color":"var(--ast-global-color-4)","background-image":"","background-repeat":"repeat","background-position":"center center","background-size":"auto","background-attachment":"scroll","background-type":"","background-media":"","overlay-type":"","overlay-color":"","overlay-opacity":"","overlay-gradient":""},"tablet":{"background-color":"","background-image":"","background-repeat":"repeat","background-position":"center center","background-size":"auto","background-attachment":"scroll","background-type":"","background-media":"","overlay-type":"","overlay-color":"","overlay-opacity":"","overlay-gradient":""},"mobile":{"background-color":"","background-image":"","background-repeat":"repeat","background-position":"center center","background-size":"auto","background-attachment":"scroll","background-type":"","background-media":"","overlay-type":"","overlay-color":"","overlay-opacity":"","overlay-gradient":""}},"ast-content-background-meta":{"desktop":{"background-color":"var(--ast-global-color-5)","background-image":"","background-repeat":"repeat","background-position":"center center","background-size":"auto","background-attachment":"scroll","background-type":"","background-media":"","overlay-type":"","overlay-color":"","overlay-opacity":"","overlay-gradient":""},"tablet":{"background-color":"var(--ast-global-color-5)","background-image":"","background-repeat":"repeat","background-position":"center center","background-size":"auto","background-attachment":"scroll","background-type":"","background-media":"","overlay-type":"","overlay-color":"","overlay-opacity":"","overlay-gradient":""},"mobile":{"background-color":"var(--ast-global-color-5)","background-image":"","background-repeat":"repeat","background-position":"center center","background-size":"auto","background-attachment":"scroll","background-type":"","background-media":"","overlay-type":"","overlay-color":"","overlay-opacity":"","overlay-gradient":""}},"footnotes":""},"class_list":["post-8366","page","type-page","status-publish","hentry"],"post_mailing_queue_ids":[],"_links":{"self":[{"href":"https:\/\/agora-eoi.xtec.cat\/eoitarragona\/wp-json\/wp\/v2\/pages\/8366","targetHints":{"allow":["GET"]}}],"collection":[{"href":"https:\/\/agora-eoi.xtec.cat\/eoitarragona\/wp-json\/wp\/v2\/pages"}],"about":[{"href":"https:\/\/agora-eoi.xtec.cat\/eoitarragona\/wp-json\/wp\/v2\/types\/page"}],"author":[{"embeddable":true,"href":"https:\/\/agora-eoi.xtec.cat\/eoitarragona\/wp-json\/wp\/v2\/users\/1"}],"replies":[{"embeddable":true,"href":"https:\/\/agora-eoi.xtec.cat\/eoitarragona\/wp-json\/wp\/v2\/comments?post=8366"}],"version-history":[{"count":6,"href":"https:\/\/agora-eoi.xtec.cat\/eoitarragona\/wp-json\/wp\/v2\/pages\/8366\/revisions"}],"predecessor-version":[{"id":18351,"href":"https:\/\/agora-eoi.xtec.cat\/eoitarragona\/wp-json\/wp\/v2\/pages\/8366\/revisions\/18351"}],"up":[{"embeddable":true,"href":"https:\/\/agora-eoi.xtec.cat\/eoitarragona\/wp-json\/wp\/v2\/pages\/8358"}],"wp:attachment":[{"href":"https:\/\/agora-eoi.xtec.cat\/eoitarragona\/wp-json\/wp\/v2\/media?parent=8366"}],"curies":[{"name":"wp","href":"https:\/\/api.w.org\/{rel}","templated":true}]}}