{"id":8158,"date":"2024-04-06T09:00:01","date_gmt":"2024-04-06T07:00:01","guid":{"rendered":"http:\/\/agora-eoi.xtec.cat\/eoitarragona\/?page_id=8158"},"modified":"2025-07-15T14:34:18","modified_gmt":"2025-07-15T12:34:18","slug":"ofertaespecificadeformacio","status":"publish","type":"page","link":"https:\/\/agora-eoi.xtec.cat\/eoitarragona\/cursos\/ofertaespecificadeformacio\/","title":{"rendered":"Oferta espec\u00edfica de formaci\u00f3"},"content":{"rendered":"\n<p><strong style=\"font-family: inherit; font-size: 18pt;\">Qu\u00e8 \u00e9s l&#8217;oferta espec\u00edfica de formaci\u00f3?<\/strong><\/p>\n\n\n\n<p>S\u00f3n cursos organitzats per l&#8217;EOI de Tarragona al marge dels cursos oficials. S\u00f3n cursos per perfeccionar compet\u00e8ncies en idiomes o per aprofundir en aspectes socioculturals vinculats a les lleng\u00fces que s&#8217;hi imparteixen. Els cursos especials poden ser monogr\u00e0fics o de llengua instrumental. Per accedir als cursos especials cal tenir <strong>16 anys complerts<\/strong> l&#8217;any que es fa el curs.<\/p>\n\n\n\n<p><strong>Cursos monogr\u00e0fics<\/strong><\/p>\n\n\n\n<p>Els cursos monogr\u00e0fics s\u00f3n cursos d&#8217;especialitzaci\u00f3 que poden tractar els aspectes seg\u00fcents:<\/p>\n\n\n\n<ul class=\"wp-block-list\">\n<li>Llenguatge d&#8217;especialitat, ent\u00e8s com el llenguatge que utilitzen els especialistes d&#8217;un \u00e0mbit concret (llenguatge m\u00e8dic, jur\u00eddic, administratiu, etc.)<\/li>\n\n\n\n<li>Aspectes socioculturals relacionats amb la llengua d&#8217;estudi (cinema, literatura,<br>hist\u00f2ria, civilitzaci\u00f3, etc.).<\/li>\n<\/ul>\n\n\n\n<p>Per poder accedir als cursos monogr\u00e0fics cal tenir, com a m\u00ednim, un certificat equivalent al nivell B2 del MECR. En cas que els continguts del curs no requereixin coneixements ling\u00fc\u00edstics de la franja B2 del MERC, els centres poden sol\u00b7licitar de forma justificada que el requisit m\u00ednim de llengua sigui un certificat equivalent al nivell B1 del MERC. Els cursos d&#8217;aspectes socioculturals es podran adre\u00e7ar a persones sense coneixements previs de la llengua.<\/p>\n\n\n\n<p>Els cursos monogr\u00e0fics tenen una durada m\u00ednima de 30 hores i m\u00e0xima de 45.<\/p>\n\n\n\n<p><strong>Cursos de llengua instrumental<\/strong><\/p>\n\n\n\n<p>Els cursos de llengua instrumental tenen com a objectiu el coneixement general de la llengua, el treball espec\u00edfic per destreses, l&#8217;actualitzaci\u00f3 ling\u00fc\u00edstica o el perfeccionament de l&#8217;idioma. Tenen una durada m\u00ednima de 30 hores i m\u00e0xima de 90.<\/p>\n\n\n\n<p>Tamb\u00e9 es consideren cursos de llengua instrumental els preparatoris per a les proves de certificaci\u00f3 de les EOI, que tenen una durada m\u00ednima de 15 hores i m\u00e0xima de 30. El p\u00fablic destinatari no poden ser alumnes d&#8217;EOI de la llengua del curs.<\/p>\n\n\n\n<h3 class=\"wp-block-heading\"><span style=\"font-size: 18pt;\"><strong>Durada<\/strong><\/span><\/h3>\n\n\n\n<p>Primer quadrimestre: d\u2019octubre a gener.<br>Segon quadrimestre: de febrer a maig.<\/p>\n\n\n\n<p>Estiu: <strong>Aquest estiu 2025 l&#8217;Escola no oferir\u00e0 cap curs intensiu.<\/strong><\/p>\n\n\n\n<h3 class=\"wp-block-heading\"><strong><span style=\"font-size: 18pt;\">Preus<\/span><\/strong><\/h3>\n\n\n\n<p>Els preus varien en funci\u00f3 del tipus de curs (monogr\u00e0fic o instrumental) i de la modalitat (presencial, semipresencial o en l\u00ednia). En l&#8217;oferta de cada curs, quedar\u00e0 detallat el preu.<\/p>\n\n\n\n<p>En cas de poder gaudir d&#8217;alguna<strong><span style=\"font-size: 14pt;\"><a href=\"https:\/\/agora-eoi.xtec.cat\/eoitarragona\/secretaria\/taxes\/\"> bonificaci\u00f3 o exempci\u00f3<\/a> <\/span><\/strong>en el preu del curs, caldr\u00e0 documentar-la degudament.<\/p>\n\n\n\n<p><strong>Test de nivell<\/strong><\/p>\n\n\n\n<p>En els cursos en qu\u00e8 es requereixi fer un test de nivell, l&#8217;escola es posar\u00e0 en contacte amb els interessats\/ades si han omplert el formulari de prematr\u00edcula.<\/p>\n\n\n\n<div class=\"tablepress-holder\">\n<h3><span style=\"font-size: 18pt;\"><strong>Avaluaci\u00f3 i certificaci\u00f3<\/strong><\/span><\/h3>\n<p>En acabar el curs, es donar\u00e0 un certificat d&#8217;aprofitament. Per obtenir-lo es tindran en compte els criteris seg\u00fcents:<\/p>\n<ul>\n<li>l\u2019assist\u00e8ncia a les classes (m\u00ednim 80%)<\/li>\n<li>la participaci\u00f3 activa a les activitats plantejades<\/li>\n<li>el lliurament d\u2019un m\u00ednim del 80% de les tasques<\/li>\n<li>respondre a l&#8217;enquesta de satisfacci\u00f3 del curs<\/li>\n<\/ul>\n<p>Tots els cursos s\u00f3n reconeguts pel Departament d&#8217;Educaci\u00f3 com a cursos de formaci\u00f3 permanent.<\/p>\n<\/div>\n\n\n\n<p><strong>IMPORTANT<\/strong>: Els cursos de formaci\u00f3 espec\u00edfica NO donen dret a un certificat oficial de l&#8217;idioma ni a la inscripci\u00f3 de l&#8217;examen de certificat. Per obtenir un certificat oficial consulteu <strong><a href=\"https:\/\/agora-eoi.xtec.cat\/eoitarragona\/portada\/certificats-didiomes-dels-nivells-intermedi-b1-intermedi-b2-i-avancat-c1-de-les-eoi-convocatoria-ordinaria\/\">AQU\u00cd.<\/a><\/strong><\/p>\n\n\n\n<div class=\"tablepress-holder\">\n<p><span style=\"font-size: 18pt;\"><strong>Informaci\u00f3 addicional<\/strong><\/span><\/p>\n<p>L\u2019Escola Oficial d&#8217;Idiomes de Tarragona es reserva el dret d\u2019anul\u00b7lar un curs si no s\u2019arriba al m\u00ednim d\u2019alumnes establert.<br>No es retornar\u00e0 l\u2019import de la matr\u00edcula en cas de ren\u00fancia per part de l\u2019alumne.<\/p>\n<\/div>\n\n\n\n<div class=\"tablepress-holder\"><strong><span style=\"font-family: inherit; font-size: 1em;\">Per a qualsevol dubte, problema o incid\u00e8ncia amb la matr\u00edcula, podeu contactar amb la <\/span>coordinaci\u00f3 dels cursos especials: eoitgncursestiu@gmail.com<\/strong><\/div>\n","protected":false},"excerpt":{"rendered":"<p>Qu\u00e8 \u00e9s l&#8217;oferta espec\u00edfica de formaci\u00f3? S\u00f3n cursos organitzats per l&#8217;EOI de Tarragona al marge dels cursos oficials. S\u00f3n cursos per perfeccionar compet\u00e8ncies en idiomes o per aprofundir en aspectes socioculturals vinculats a les lleng\u00fces que s&#8217;hi imparteixen. Els cursos especials poden ser monogr\u00e0fics o de llengua instrumental. Per accedir als cursos especials cal tenir [&hellip;]<\/p>\n","protected":false},"author":1,"featured_media":0,"parent":8149,"menu_order":30,"comment_status":"closed","ping_status":"closed","template":"","meta":{"_bbp_topic_count":0,"_bbp_reply_count":0,"_bbp_total_topic_count":0,"_bbp_total_reply_count":0,"_bbp_voice_count":0,"_bbp_anonymous_reply_count":0,"_bbp_topic_count_hidden":0,"_bbp_reply_count_hidden":0,"_bbp_forum_subforum_count":0,"site-sidebar-layout":"default","site-content-layout":"","ast-site-content-layout":"default","site-content-style":"default","site-sidebar-style":"default","ast-global-header-display":"","ast-banner-title-visibility":"","ast-main-header-display":"","ast-hfb-above-header-display":"","ast-hfb-below-header-display":"","ast-hfb-mobile-header-display":"","site-post-title":"","ast-breadcrumbs-content":"","ast-featured-img":"","footer-sml-layout":"","theme-transparent-header-meta":"","adv-header-id-meta":"","stick-header-meta":"","header-above-stick-meta":"","header-main-stick-meta":"","header-below-stick-meta":"","astra-migrate-meta-layouts":"set","ast-page-background-enabled":"default","ast-page-background-meta":{"desktop":{"background-color":"var(--ast-global-color-4)","background-image":"","background-repeat":"repeat","background-position":"center center","background-size":"auto","background-attachment":"scroll","background-type":"","background-media":"","overlay-type":"","overlay-color":"","overlay-opacity":"","overlay-gradient":""},"tablet":{"background-color":"","background-image":"","background-repeat":"repeat","background-position":"center center","background-size":"auto","background-attachment":"scroll","background-type":"","background-media":"","overlay-type":"","overlay-color":"","overlay-opacity":"","overlay-gradient":""},"mobile":{"background-color":"","background-image":"","background-repeat":"repeat","background-position":"center center","background-size":"auto","background-attachment":"scroll","background-type":"","background-media":"","overlay-type":"","overlay-color":"","overlay-opacity":"","overlay-gradient":""}},"ast-content-background-meta":{"desktop":{"background-color":"var(--ast-global-color-5)","background-image":"","background-repeat":"repeat","background-position":"center center","background-size":"auto","background-attachment":"scroll","background-type":"","background-media":"","overlay-type":"","overlay-color":"","overlay-opacity":"","overlay-gradient":""},"tablet":{"background-color":"var(--ast-global-color-5)","background-image":"","background-repeat":"repeat","background-position":"center center","background-size":"auto","background-attachment":"scroll","background-type":"","background-media":"","overlay-type":"","overlay-color":"","overlay-opacity":"","overlay-gradient":""},"mobile":{"background-color":"var(--ast-global-color-5)","background-image":"","background-repeat":"repeat","background-position":"center center","background-size":"auto","background-attachment":"scroll","background-type":"","background-media":"","overlay-type":"","overlay-color":"","overlay-opacity":"","overlay-gradient":""}},"footnotes":""},"class_list":["post-8158","page","type-page","status-publish","hentry"],"post_mailing_queue_ids":[],"_links":{"self":[{"href":"https:\/\/agora-eoi.xtec.cat\/eoitarragona\/wp-json\/wp\/v2\/pages\/8158","targetHints":{"allow":["GET"]}}],"collection":[{"href":"https:\/\/agora-eoi.xtec.cat\/eoitarragona\/wp-json\/wp\/v2\/pages"}],"about":[{"href":"https:\/\/agora-eoi.xtec.cat\/eoitarragona\/wp-json\/wp\/v2\/types\/page"}],"author":[{"embeddable":true,"href":"https:\/\/agora-eoi.xtec.cat\/eoitarragona\/wp-json\/wp\/v2\/users\/1"}],"replies":[{"embeddable":true,"href":"https:\/\/agora-eoi.xtec.cat\/eoitarragona\/wp-json\/wp\/v2\/comments?post=8158"}],"version-history":[{"count":6,"href":"https:\/\/agora-eoi.xtec.cat\/eoitarragona\/wp-json\/wp\/v2\/pages\/8158\/revisions"}],"predecessor-version":[{"id":17512,"href":"https:\/\/agora-eoi.xtec.cat\/eoitarragona\/wp-json\/wp\/v2\/pages\/8158\/revisions\/17512"}],"up":[{"embeddable":true,"href":"https:\/\/agora-eoi.xtec.cat\/eoitarragona\/wp-json\/wp\/v2\/pages\/8149"}],"wp:attachment":[{"href":"https:\/\/agora-eoi.xtec.cat\/eoitarragona\/wp-json\/wp\/v2\/media?parent=8158"}],"curies":[{"name":"wp","href":"https:\/\/api.w.org\/{rel}","templated":true}]}}