{"id":318,"date":"2015-11-24T18:18:24","date_gmt":"2015-11-24T17:18:24","guid":{"rendered":"http:\/\/agora-eoi.xtec.cat\/eoitarragona\/?page_id=318"},"modified":"2023-04-13T09:13:47","modified_gmt":"2023-04-13T07:13:47","slug":"on-som","status":"publish","type":"page","link":"https:\/\/agora-eoi.xtec.cat\/eoitarragona\/el-servei-educatiu\/on-som\/","title":{"rendered":"On som"},"content":{"rendered":"<p><strong>Escola Oficial d&#8217;Idiomes de Tarragona<\/strong><\/p>\n<p>Vols con\u00e8ixer millor <strong>la hist\u00f2ria<\/strong> del nostre edifici? Ara la pots descobrir gr\u00e0cies als <strong>codis QR<\/strong> instal\u00b7lats a l&#8217;exterior del conjunt i que podr\u00e0s trobar f\u00e0cilment en aquest <a href=\"https:\/\/drive.google.com\/file\/d\/1mVKqbzVnaS4WhuceWxMzIGpLo2fFr1yn\/view?usp=share_link\">TR\u00cdPTIC<\/a>.<\/p>\n<p>Tamb\u00e9 pots fer el recorregut virtualment amb el <a href=\"https:\/\/earth.google.com\/earth\/d\/1Sn4CLTPlEJE0krO2n3VZTwTjZ_bZF5Sq?usp=sharing\" target=\"_blank\" rel=\"noopener\">projecte Google Earth<\/a>.<\/p>\n<p><a href=\"https:\/\/drive.google.com\/file\/d\/1AvXaA8qnXU_TMtDp-Q4DPloB7K2ndN1f\/view?usp=share_link\"><img loading=\"lazy\" decoding=\"async\" class=\"aligncenter wp-image-15527\" src=\"https:\/\/agora-eoi.xtec.cat\/eoitarragona\/wp-content\/uploads\/usu2261\/2023\/04\/EOI-Tarragona-1024x1024.png\" alt=\"\" width=\"725\" height=\"725\" srcset=\"https:\/\/agora-eoi.xtec.cat\/eoitarragona\/wp-content\/uploads\/usu2261\/2023\/04\/EOI-Tarragona-1024x1024.png 1024w, https:\/\/agora-eoi.xtec.cat\/eoitarragona\/wp-content\/uploads\/usu2261\/2023\/04\/EOI-Tarragona-300x300.png 300w, https:\/\/agora-eoi.xtec.cat\/eoitarragona\/wp-content\/uploads\/usu2261\/2023\/04\/EOI-Tarragona-150x150.png 150w, https:\/\/agora-eoi.xtec.cat\/eoitarragona\/wp-content\/uploads\/usu2261\/2023\/04\/EOI-Tarragona-768x768.png 768w, https:\/\/agora-eoi.xtec.cat\/eoitarragona\/wp-content\/uploads\/usu2261\/2023\/04\/EOI-Tarragona.png 1080w\" sizes=\"auto, (max-width: 725px) 100vw, 725px\" \/><\/a><\/p>\n<p><strong>C\/ Smith, 55 &#8211; Pla\u00e7a dels Infants. <\/strong>C\/ Vapor s\/n (nom\u00e9s mercaderies i serveis)<\/p>\n<p>Podeu contactar amb nosaltres:<\/p>\n<ul>\n<li>per correu electr\u00f2nic a:\u00a0eoitarragona@xtec.cat<\/li>\n<li>personalment al centre: horari secretaria<\/li>\n<\/ul>\n<ul>\n<li><strong>tel\u00e8fon centraleta: \u00a0 \u00a0 \u00a0\u00a0 977 226 936<\/strong><\/li>\n<li><strong>tel\u00e8fon secretaria<\/strong>:\u00a0\u00a0\u00a0\u00a0\u00a0\u00a0\u00a0 <strong>977 231 398<\/strong><\/li>\n<\/ul>\n<p>&nbsp;<\/p>\n<p>&nbsp;<\/p>\n<p><span style=\"border-radius: 2px; text-indent: 20px; width: auto; padding: 0px 4px 0px 0px; text-align: center; font: bold 11px\/20px 'Helvetica Neue',Helvetica,sans-serif; color: #ffffff; background: #bd081c no-repeat scroll 3px 50% \/ 14px 14px; position: absolute; opacity: 1; z-index: 8675309; display: none; cursor: pointer;\">Save<\/span><\/p>\n<p><span style=\"border-radius: 2px; text-indent: 20px; width: auto; padding: 0px 4px 0px 0px; text-align: center; font: bold 11px\/20px 'Helvetica Neue',Helvetica,sans-serif; color: #ffffff; background: #bd081c no-repeat scroll 3px 50% \/ 14px 14px; position: absolute; opacity: 1; z-index: 8675309; display: none; cursor: pointer;\">Save<\/span><\/p>\n","protected":false},"excerpt":{"rendered":"<p>Escola Oficial d&#8217;Idiomes de Tarragona Vols con\u00e8ixer millor la hist\u00f2ria del nostre edifici? Ara la pots descobrir gr\u00e0cies als codis QR instal\u00b7lats a l&#8217;exterior del conjunt i que podr\u00e0s trobar f\u00e0cilment en aquest TR\u00cdPTIC. Tamb\u00e9 pots fer el recorregut virtualment amb el projecte Google Earth. C\/ Smith, 55 &#8211; Pla\u00e7a dels Infants. C\/ Vapor s\/n [&hellip;]<\/p>\n","protected":false},"author":1,"featured_media":0,"parent":806,"menu_order":15,"comment_status":"closed","ping_status":"closed","template":"page-templates\/side-menu.php","meta":{"_bbp_topic_count":0,"_bbp_reply_count":0,"_bbp_total_topic_count":0,"_bbp_total_reply_count":0,"_bbp_voice_count":0,"_bbp_anonymous_reply_count":0,"_bbp_topic_count_hidden":0,"_bbp_reply_count_hidden":0,"_bbp_forum_subforum_count":0,"site-sidebar-layout":"default","site-content-layout":"","ast-site-content-layout":"","site-content-style":"default","site-sidebar-style":"default","ast-global-header-display":"","ast-banner-title-visibility":"","ast-main-header-display":"","ast-hfb-above-header-display":"","ast-hfb-below-header-display":"","ast-hfb-mobile-header-display":"","site-post-title":"","ast-breadcrumbs-content":"","ast-featured-img":"","footer-sml-layout":"","theme-transparent-header-meta":"","adv-header-id-meta":"","stick-header-meta":"","header-above-stick-meta":"","header-main-stick-meta":"","header-below-stick-meta":"","astra-migrate-meta-layouts":"default","ast-page-background-enabled":"default","ast-page-background-meta":{"desktop":{"background-color":"var(--ast-global-color-4)","background-image":"","background-repeat":"repeat","background-position":"center center","background-size":"auto","background-attachment":"scroll","background-type":"","background-media":"","overlay-type":"","overlay-color":"","overlay-opacity":"","overlay-gradient":""},"tablet":{"background-color":"","background-image":"","background-repeat":"repeat","background-position":"center center","background-size":"auto","background-attachment":"scroll","background-type":"","background-media":"","overlay-type":"","overlay-color":"","overlay-opacity":"","overlay-gradient":""},"mobile":{"background-color":"","background-image":"","background-repeat":"repeat","background-position":"center center","background-size":"auto","background-attachment":"scroll","background-type":"","background-media":"","overlay-type":"","overlay-color":"","overlay-opacity":"","overlay-gradient":""}},"ast-content-background-meta":{"desktop":{"background-color":"var(--ast-global-color-5)","background-image":"","background-repeat":"repeat","background-position":"center center","background-size":"auto","background-attachment":"scroll","background-type":"","background-media":"","overlay-type":"","overlay-color":"","overlay-opacity":"","overlay-gradient":""},"tablet":{"background-color":"var(--ast-global-color-5)","background-image":"","background-repeat":"repeat","background-position":"center center","background-size":"auto","background-attachment":"scroll","background-type":"","background-media":"","overlay-type":"","overlay-color":"","overlay-opacity":"","overlay-gradient":""},"mobile":{"background-color":"var(--ast-global-color-5)","background-image":"","background-repeat":"repeat","background-position":"center center","background-size":"auto","background-attachment":"scroll","background-type":"","background-media":"","overlay-type":"","overlay-color":"","overlay-opacity":"","overlay-gradient":""}},"footnotes":""},"class_list":["post-318","page","type-page","status-publish","hentry"],"post_mailing_queue_ids":[],"_links":{"self":[{"href":"https:\/\/agora-eoi.xtec.cat\/eoitarragona\/wp-json\/wp\/v2\/pages\/318","targetHints":{"allow":["GET"]}}],"collection":[{"href":"https:\/\/agora-eoi.xtec.cat\/eoitarragona\/wp-json\/wp\/v2\/pages"}],"about":[{"href":"https:\/\/agora-eoi.xtec.cat\/eoitarragona\/wp-json\/wp\/v2\/types\/page"}],"author":[{"embeddable":true,"href":"https:\/\/agora-eoi.xtec.cat\/eoitarragona\/wp-json\/wp\/v2\/users\/1"}],"replies":[{"embeddable":true,"href":"https:\/\/agora-eoi.xtec.cat\/eoitarragona\/wp-json\/wp\/v2\/comments?post=318"}],"version-history":[{"count":3,"href":"https:\/\/agora-eoi.xtec.cat\/eoitarragona\/wp-json\/wp\/v2\/pages\/318\/revisions"}],"predecessor-version":[{"id":15539,"href":"https:\/\/agora-eoi.xtec.cat\/eoitarragona\/wp-json\/wp\/v2\/pages\/318\/revisions\/15539"}],"up":[{"embeddable":true,"href":"https:\/\/agora-eoi.xtec.cat\/eoitarragona\/wp-json\/wp\/v2\/pages\/806"}],"wp:attachment":[{"href":"https:\/\/agora-eoi.xtec.cat\/eoitarragona\/wp-json\/wp\/v2\/media?parent=318"}],"curies":[{"name":"wp","href":"https:\/\/api.w.org\/{rel}","templated":true}]}}