{"id":11516,"date":"2021-04-16T09:00:06","date_gmt":"2021-04-16T07:00:06","guid":{"rendered":"http:\/\/agora-eoi.xtec.cat\/eoitarragona\/?page_id=11516"},"modified":"2021-07-23T11:19:25","modified_gmt":"2021-07-23T09:19:25","slug":"nofc","status":"publish","type":"page","link":"https:\/\/agora-eoi.xtec.cat\/eoitarragona\/el-servei-educatiu\/nofc\/","title":{"rendered":"NOFC"},"content":{"rendered":"<p>Normativa d&#8217;Organitzaci\u00f3 i Funcionament de l&#8217;Escola Oficial d&#8217;Idiomes de Tarragona:<\/p>\n<p><a href=\"https:\/\/docs.google.com\/document\/d\/1Sxbi-Tmd-dlmpBtMbZ4P1TJBY_F4MNFaVMiOoDzYAik\/edit?usp=sharing\" target=\"_blank\" rel=\"noopener\">NOFC t\u00edtol 1r<\/a><\/p>\n<p><a href=\"https:\/\/docs.google.com\/document\/d\/1MysAqYVQPa_s6MKFVvicCBrAnpnyi0UfbNFUI5z3mJs\/edit?usp=sharing\" target=\"_blank\" rel=\"noopener\">NOFC t\u00edtol 2n<\/a><\/p>\n<p><a href=\"https:\/\/docs.google.com\/document\/d\/1XJjM5-Wm1K9pOj7yOE4H0vTnR970A6VmhFVz-mED0PY\/edit?usp=sharing\" target=\"_blank\" rel=\"noopener\">NOFC t\u00edtol 3r<\/a><\/p>\n","protected":false},"excerpt":{"rendered":"<p>Normativa d&#8217;Organitzaci\u00f3 i Funcionament de l&#8217;Escola Oficial d&#8217;Idiomes de Tarragona: NOFC t\u00edtol 1r NOFC t\u00edtol 2n NOFC t\u00edtol 3r<\/p>\n","protected":false},"author":3,"featured_media":0,"parent":806,"menu_order":82,"comment_status":"closed","ping_status":"closed","template":"page-templates\/side-menu.php","meta":{"_bbp_topic_count":0,"_bbp_reply_count":0,"_bbp_total_topic_count":0,"_bbp_total_reply_count":0,"_bbp_voice_count":0,"_bbp_anonymous_reply_count":0,"_bbp_topic_count_hidden":0,"_bbp_reply_count_hidden":0,"_bbp_forum_subforum_count":0,"site-sidebar-layout":"default","site-content-layout":"","ast-site-content-layout":"","site-content-style":"default","site-sidebar-style":"default","ast-global-header-display":"","ast-banner-title-visibility":"","ast-main-header-display":"","ast-hfb-above-header-display":"","ast-hfb-below-header-display":"","ast-hfb-mobile-header-display":"","site-post-title":"","ast-breadcrumbs-content":"","ast-featured-img":"","footer-sml-layout":"","theme-transparent-header-meta":"","adv-header-id-meta":"","stick-header-meta":"","header-above-stick-meta":"","header-main-stick-meta":"","header-below-stick-meta":"","astra-migrate-meta-layouts":"default","ast-page-background-enabled":"default","ast-page-background-meta":{"desktop":{"background-color":"var(--ast-global-color-4)","background-image":"","background-repeat":"repeat","background-position":"center center","background-size":"auto","background-attachment":"scroll","background-type":"","background-media":"","overlay-type":"","overlay-color":"","overlay-opacity":"","overlay-gradient":""},"tablet":{"background-color":"","background-image":"","background-repeat":"repeat","background-position":"center center","background-size":"auto","background-attachment":"scroll","background-type":"","background-media":"","overlay-type":"","overlay-color":"","overlay-opacity":"","overlay-gradient":""},"mobile":{"background-color":"","background-image":"","background-repeat":"repeat","background-position":"center center","background-size":"auto","background-attachment":"scroll","background-type":"","background-media":"","overlay-type":"","overlay-color":"","overlay-opacity":"","overlay-gradient":""}},"ast-content-background-meta":{"desktop":{"background-color":"var(--ast-global-color-5)","background-image":"","background-repeat":"repeat","background-position":"center center","background-size":"auto","background-attachment":"scroll","background-type":"","background-media":"","overlay-type":"","overlay-color":"","overlay-opacity":"","overlay-gradient":""},"tablet":{"background-color":"var(--ast-global-color-5)","background-image":"","background-repeat":"repeat","background-position":"center center","background-size":"auto","background-attachment":"scroll","background-type":"","background-media":"","overlay-type":"","overlay-color":"","overlay-opacity":"","overlay-gradient":""},"mobile":{"background-color":"var(--ast-global-color-5)","background-image":"","background-repeat":"repeat","background-position":"center center","background-size":"auto","background-attachment":"scroll","background-type":"","background-media":"","overlay-type":"","overlay-color":"","overlay-opacity":"","overlay-gradient":""}},"footnotes":""},"class_list":["post-11516","page","type-page","status-publish","hentry"],"post_mailing_queue_ids":[],"_links":{"self":[{"href":"https:\/\/agora-eoi.xtec.cat\/eoitarragona\/wp-json\/wp\/v2\/pages\/11516","targetHints":{"allow":["GET"]}}],"collection":[{"href":"https:\/\/agora-eoi.xtec.cat\/eoitarragona\/wp-json\/wp\/v2\/pages"}],"about":[{"href":"https:\/\/agora-eoi.xtec.cat\/eoitarragona\/wp-json\/wp\/v2\/types\/page"}],"author":[{"embeddable":true,"href":"https:\/\/agora-eoi.xtec.cat\/eoitarragona\/wp-json\/wp\/v2\/users\/3"}],"replies":[{"embeddable":true,"href":"https:\/\/agora-eoi.xtec.cat\/eoitarragona\/wp-json\/wp\/v2\/comments?post=11516"}],"version-history":[{"count":3,"href":"https:\/\/agora-eoi.xtec.cat\/eoitarragona\/wp-json\/wp\/v2\/pages\/11516\/revisions"}],"predecessor-version":[{"id":13866,"href":"https:\/\/agora-eoi.xtec.cat\/eoitarragona\/wp-json\/wp\/v2\/pages\/11516\/revisions\/13866"}],"up":[{"embeddable":true,"href":"https:\/\/agora-eoi.xtec.cat\/eoitarragona\/wp-json\/wp\/v2\/pages\/806"}],"wp:attachment":[{"href":"https:\/\/agora-eoi.xtec.cat\/eoitarragona\/wp-json\/wp\/v2\/media?parent=11516"}],"curies":[{"name":"wp","href":"https:\/\/api.w.org\/{rel}","templated":true}]}}