{"id":9393,"date":"2025-07-04T17:49:04","date_gmt":"2025-07-04T15:49:04","guid":{"rendered":"https:\/\/agora-eoi.xtec.cat\/eoi3santgervasi\/?page_id=9393"},"modified":"2025-09-23T16:49:49","modified_gmt":"2025-09-23T14:49:49","slug":"oferta-especifica-centre-2025-2026","status":"publish","type":"page","link":"https:\/\/agora-eoi.xtec.cat\/eoisantgervasi\/oferta-especifica-centre-2025-2026\/","title":{"rendered":"Curs d&#8217;oferta especifica de centre 2025-2026"},"content":{"rendered":"<h3>English for CFA B1 second part. Curs anual.<\/h3>\n<p style=\"text-align: justify;\"><strong>IMPORTANT. A partir del 29 de setembre del 2025 a les 19.00 hores i fins que s\u2019exhaureixin les places,\u00a0 <\/strong>s\u2019obrir\u00e0 la matr\u00edcula telem\u00e0tica per aquest curs. Aquest curs \u00e9s <strong>prioritari per als alumnes del CFA.<\/strong><\/p>\n<p><a href=\"https:\/\/www.informaticacentros.com\/centrosnet\/libres_mat\/index.php?tcen=EOI&amp;cen=B13\"><strong><img loading=\"lazy\" decoding=\"async\" class=\"wp-image-11133 size-full aligncenter\" src=\"https:\/\/agora-eoi.xtec.cat\/eoisantgervasi\/wp-content\/uploads\/usu2245\/2022\/07\/Boto_matricula_1-1.jpg\" alt=\"\" width=\"200\" height=\"59\" \/><\/strong><\/a><\/p>\n<p style=\"text-align: justify;\"><strong>Objectius del curs<br \/>\n<\/strong>El curs proporcionar\u00e0 als estudiants oportunitats de mantenir i millorar l\u2019angl\u00e8s parlat i escrit amb un fort enfocament en l\u2019ensenyament d\u2019estrat\u00e8gies per al nivell B1 de les Escoles Oficials d\u2019Idiomes. Tamb\u00e9 s\u2019hi inclouran habilitats de lectura, escriptura i mediaci\u00f3. Aquest curs correspon a la segona part del nivell B1<\/p>\n<p style=\"text-align: justify;\">Entre els objectius espec\u00edfics d\u2019aquest curs:<\/p>\n<ul style=\"text-align: justify;\">\n<li>Ampliaci\u00f3 del vocabulari que s&#8217;ha fet a la primera part del curs segons el curr\u00edculum del nivell B1 de les EOI.<\/li>\n<li>\u00das correcte d\u2019expressions idiom\u00e0tiques adequades a la segona part del nivell B1.<\/li>\n<li>Entonaci\u00f3 i pronunciaci\u00f3 pr\u00f2pies del nivell B1.<\/li>\n<li>Treball amb documents aut\u00e8ntics d\u2019inter\u00e8s general i actuals de la premsa brit\u00e0nica i americana.<\/li>\n<\/ul>\n<p style=\"text-align: justify;\"><strong><br \/>\nProfessora<br \/>\n<\/strong>Liz Wooton<\/p>\n<p style=\"text-align: justify;\"><strong>Avaluaci\u00f3<\/strong><br \/>\nL\u2019avaluaci\u00f3 continuada formar\u00e0 part integrant de la classe. S\u2019animar\u00e0 als estudiants a valorar-se a si mateixos i als altres de manera molt constructiva. El professor avaluar\u00e0 el treball dels estudiants tant individualment com en grup.<\/p>\n<p style=\"text-align: justify;\"><strong>Durada<br \/>\n<\/strong>Curs anual en horari de mati en aquestes dates:<\/p>\n<ul style=\"text-align: justify;\">\n<li><a href=\"https:\/\/agora-eoi.xtec.cat\/eoisantgervasi\/oferta-especifica-centre\/\">Del 8 d&#8217;octubre de 2025 al 3 de juny de 2026<\/a><\/li>\n<\/ul>\n<p style=\"text-align: justify;\"><strong>Classes<br \/>\n<\/strong>Dimecres<\/p>\n<ul style=\"text-align: justify;\">\n<li style=\"text-align: justify;\">De 09.30 a 11.30 hores<\/li>\n<li>De 11.30 a 13.30 hores<\/li>\n<\/ul>\n<p style=\"text-align: justify;\"><strong>Aula<br \/>\n<\/strong>23<\/p>\n<p style=\"text-align: justify;\"><strong>Nombre d\u2019alumnes per grup<br \/>\n<\/strong>14 m\u00ednim i 20 m\u00e0xim<\/p>\n<p style=\"text-align: justify;\"><strong>Curs impartit en angl\u00e8s<\/strong><\/p>\n<p style=\"text-align: justify;\"><strong>Requisits<br \/>\n<\/strong>Acreditar el nivell\u00a0 per fer la segona part del nivell B1 o b\u00e9 haver cursat la primera part.<\/p>\n<p style=\"text-align: justify;\"><strong>Preu<br \/>\n<\/strong>295\u20ac<br \/>\nPer decisi\u00f3 un\u00e0nime del consell escolar de la nostra EOI, en data de 25 de juny del 2020, les persones que efectu\u00efn una matr\u00edcula amb bonificaci\u00f3 del 100% a algun dels nostres cursos especials (siguin de llengua instrumental o monogr\u00e0fics) hauran de satisfer 50 euros en concepte de materials i \u00fas de les instal\u2022lacions. Aquesta nova regulaci\u00f3 dels pagaments ha quedat recollida a les NOFC (Normes de Funcionament de Centre) de l\u2019EOI Sant Gervasi.<\/p>\n<p style=\"text-align: justify;\"><strong>Matr\u00edcula<br \/>\n<\/strong><\/p>\n<p style=\"text-align: justify;\">La matr\u00edcula es realitzar\u00e0 <strong>telem\u00e0ticament<\/strong> des d\u2019aquest lloc web a partir del 29 de setembre\u00a0 a les 19.00 hores i fins que s\u2019exhaureixin les places. Tindr\u00e0 <strong>prioritat absoluta l&#8217;alumnat que ha cursat la primera part del B1<\/strong>. En el cas que s&#8217;hagi matriculat una persona que <strong>NO<\/strong> hagi cursat la primera part del curs i una persona que ha cursat la primera part del curs s&#8217;hagi quedat sense pla\u00e7a, l&#8217;escola es reserva el dret d&#8217;anul.lar la matr\u00edcula amb el retorn de taxes corresponent.<\/p>\n<p style=\"text-align: justify;\"><strong>Documentaci\u00f3 que cal adjuntar el dia de la matr\u00edcula<\/strong><\/p>\n<ul style=\"text-align: justify;\">\n<li>Imatge escanejada o fotografia del DNI\/Passaport (nom\u00e9s nous alumnes).<\/li>\n<li>Esc\u00e0ner o fotografia del certificat acreditatiu del nivell (nom\u00e9s nous alumnes).<\/li>\n<li>Si escau, esc\u00e0ner o fotografia de la documentaci\u00f3 que d\u00f3na dret a la reducci\u00f3 en l\u2019import de la taxa. (carnet de fam\u00edlia nombrosa o monoparental o certificat de discapacitat igual o superior a 33%)<\/li>\n<\/ul>\n<p style=\"text-align: justify;\"><strong>NOTA:<\/strong> Els arxius escanejats o fotografiats no poden pesar m\u00e9s d\u20191Mb. Procureu que les imatges es vegin b\u00e9, sin\u00f3 la matr\u00edcula podria quedar sense efecte.<\/p>\n<p style=\"text-align: justify;\"><strong>Certificat<br \/>\n<\/strong>En acabar el curs, es donar\u00e0 un certificat acreditatiu.<\/p>\n<p style=\"text-align: justify;\"><strong>Assist\u00e8ncia<br \/>\n<\/strong>Es requereix un 80% d\u2019assist\u00e8ncia per obtenir el certificat<\/p>\n<p style=\"text-align: justify;\"><strong>Si el curs s\u2019anul\u00b7la, perqu\u00e8 no s\u2019arriba al m\u00ednim d\u2019alumnes establert, es retornar\u00e0 l\u2019import de la matr\u00edcula. L\u2019import de la matr\u00edcula no es retornar\u00e0 un cop iniciat el curs.<\/strong><\/p>\n<div class=\"notranslate\" style=\"border-block: initial; border-inline: initial; border-start-start-radius: initial; border-start-end-radius: initial; border-end-start-radius: initial; border-end-end-radius: initial; overflow-inline: initial; overflow-block: initial; overscroll-behavior-inline: initial; overscroll-behavior-block: initial; margin-block: initial; margin-inline: initial; scroll-margin-block: initial; scroll-margin-inline: initial; padding-block: initial; padding-inline: initial; scroll-padding-block: initial; scroll-padding-inline: initial; inset-block: initial; inset-inline: initial; block-size: initial; min-block-size: initial; max-block-size: initial; inline-size: initial; min-inline-size: initial; max-inline-size: initial; contain-intrinsic-block-size: initial; contain-intrinsic-inline-size: initial; background: initial; background-blend-mode: initial; border: initial; border-radius: initial; box-decoration-break: initial; -moz-float-edge: initial; display: initial; position: initial; float: initial; clear: initial; vertical-align: initial; baseline-source: initial; overflow: initial; overflow-anchor: initial; transform: initial; rotate: initial; scale: initial; translate: initial; offset: initial; scroll-behavior: initial; scroll-snap-align: initial; scroll-snap-type: initial; scroll-snap-stop: initial; overscroll-behavior: initial; isolation: initial; break-after: initial; break-before: initial; break-inside: initial; resize: initial; perspective: initial; perspective-origin: initial; backface-visibility: initial; transform-box: initial; transform-style: initial; transform-origin: initial; contain: initial; container: initial; appearance: initial; -moz-orient: initial; will-change: initial; shape-image-threshold: initial; shape-margin: initial; shape-outside: initial; touch-action: initial; -webkit-line-clamp: initial; scrollbar-gutter: initial; columns: initial; column-fill: initial; column-rule: initial; column-span: initial; content: initial; counter-increment: initial; counter-reset: initial; counter-set: initial; opacity: initial; box-shadow: initial; clip: initial; filter: initial; backdrop-filter: initial; mix-blend-mode: initial; font: initial; font-synthesis: initial; font-palette: initial; visibility: initial; writing-mode: initial; text-orientation: initial; print-color-adjust: initial; image-rendering: initial; image-orientation: initial; dominant-baseline: initial; text-anchor: initial; color-interpolation: initial; color-interpolation-filters: initial; fill: initial; fill-opacity: initial; fill-rule: initial; shape-rendering: initial; stroke: initial; stroke-width: initial; stroke-linecap: initial; stroke-linejoin: initial; stroke-miterlimit: initial; stroke-opacity: initial; stroke-dasharray: initial; stroke-dashoffset: initial; clip-rule: initial; marker: initial; paint-order: initial; border-collapse: initial; empty-cells: initial; caption-side: initial; border-spacing: initial; color: initial; text-transform: initial; hyphens: initial; -moz-text-size-adjust: initial; text-indent: initial; overflow-wrap: initial; word-break: initial; text-justify: initial; text-align-last: initial; letter-spacing: initial; word-spacing: initial; white-space: initial; text-shadow: initial; text-emphasis: initial; text-emphasis-position: initial; tab-size: initial; line-break: initial; -webkit-text-fill-color: initial; -webkit-text-stroke: initial; ruby-align: initial; ruby-position: initial; text-combine-upright: initial; text-rendering: initial; text-underline-offset: initial; text-underline-position: initial; text-decoration-skip-ink: initial; hyphenate-character: initial; forced-color-adjust: initial; -webkit-text-security: initial; cursor: initial; pointer-events: initial; -moz-user-input: initial; -moz-user-modify: initial; caret-color: initial; accent-color: initial; color-scheme: initial; scrollbar-color: initial; list-style: initial; quotes: initial; margin: initial; overflow-clip-margin: initial; scroll-margin: initial; outline: initial; outline-offset: initial; page: initial; padding: initial; scroll-padding: initial; inset: initial; z-index: initial; flex-flow: initial; place-content: initial; place-items: initial; flex: initial; place-self: initial; order: initial; width: initial; min-width: initial; max-width: initial; height: initial; min-height: initial; max-height: initial; box-sizing: initial; object-fit: initial; object-position: initial; grid-area: initial; grid: initial; gap: initial; aspect-ratio: initial; contain-intrinsic-size: initial; vector-effect: initial; stop-color: initial; stop-opacity: initial; flood-color: initial; flood-opacity: initial; lighting-color: initial; mask-type: initial; clip-path: initial; mask: initial; x: initial; y: initial; cx: initial; cy: initial; rx: initial; ry: initial; r: initial; d: initial; table-layout: initial; text-overflow: initial; text-decoration: initial; ime-mode: initial; scrollbar-width: initial; user-select: initial; -moz-window-dragging: initial; -moz-force-broken-image-icon: initial; transition: initial; animation: initial; animation-composition: initial; -moz-box-align: initial; -moz-box-direction: initial; -moz-box-flex: initial; -moz-box-orient: initial; -moz-box-pack: initial; -moz-box-ordinal-group: initial; text-align: justify;\"><\/div>\n<div class=\"notranslate\" style=\"border-block: initial; border-inline: initial; border-start-start-radius: initial; border-start-end-radius: initial; border-end-start-radius: initial; border-end-end-radius: initial; overflow-inline: initial; overflow-block: initial; overscroll-behavior-inline: initial; overscroll-behavior-block: initial; margin-block: initial; margin-inline: initial; scroll-margin-block: initial; scroll-margin-inline: initial; padding-block: initial; padding-inline: initial; scroll-padding-block: initial; scroll-padding-inline: initial; inset-block: initial; inset-inline: initial; block-size: initial; min-block-size: initial; max-block-size: initial; inline-size: initial; min-inline-size: initial; max-inline-size: initial; contain-intrinsic-block-size: initial; contain-intrinsic-inline-size: initial; background: initial; background-blend-mode: initial; border: initial; border-radius: initial; box-decoration-break: initial; -moz-float-edge: initial; display: initial; position: initial; float: initial; clear: initial; vertical-align: initial; baseline-source: initial; overflow: initial; overflow-anchor: initial; transform: initial; rotate: initial; scale: initial; translate: initial; offset: initial; scroll-behavior: initial; scroll-snap-align: initial; scroll-snap-type: initial; scroll-snap-stop: initial; overscroll-behavior: initial; isolation: initial; break-after: initial; break-before: initial; break-inside: initial; resize: initial; perspective: initial; perspective-origin: initial; backface-visibility: initial; transform-box: initial; transform-style: initial; transform-origin: initial; contain: initial; container: initial; appearance: initial; -moz-orient: initial; will-change: initial; shape-image-threshold: initial; shape-margin: initial; shape-outside: initial; touch-action: initial; -webkit-line-clamp: initial; scrollbar-gutter: initial; columns: initial; column-fill: initial; column-rule: initial; column-span: initial; content: initial; counter-increment: initial; counter-reset: initial; counter-set: initial; opacity: initial; box-shadow: initial; clip: initial; filter: initial; backdrop-filter: initial; mix-blend-mode: initial; font: initial; font-synthesis: initial; font-palette: initial; visibility: initial; writing-mode: initial; text-orientation: initial; print-color-adjust: initial; image-rendering: initial; image-orientation: initial; dominant-baseline: initial; text-anchor: initial; color-interpolation: initial; color-interpolation-filters: initial; fill: initial; fill-opacity: initial; fill-rule: initial; shape-rendering: initial; stroke: initial; stroke-width: initial; stroke-linecap: initial; stroke-linejoin: initial; stroke-miterlimit: initial; stroke-opacity: initial; stroke-dasharray: initial; stroke-dashoffset: initial; clip-rule: initial; marker: initial; paint-order: initial; border-collapse: initial; empty-cells: initial; caption-side: initial; border-spacing: initial; color: initial; text-transform: initial; hyphens: initial; -moz-text-size-adjust: initial; text-indent: initial; overflow-wrap: initial; word-break: initial; text-justify: initial; text-align-last: initial; letter-spacing: initial; word-spacing: initial; white-space: initial; text-shadow: initial; text-emphasis: initial; text-emphasis-position: initial; tab-size: initial; line-break: initial; -webkit-text-fill-color: initial; -webkit-text-stroke: initial; ruby-align: initial; ruby-position: initial; text-combine-upright: initial; text-rendering: initial; text-underline-offset: initial; text-underline-position: initial; text-decoration-skip-ink: initial; hyphenate-character: initial; forced-color-adjust: initial; -webkit-text-security: initial; cursor: initial; pointer-events: initial; -moz-user-input: initial; -moz-user-modify: initial; caret-color: initial; accent-color: initial; color-scheme: initial; scrollbar-color: initial; list-style: initial; quotes: initial; margin: initial; overflow-clip-margin: initial; scroll-margin: initial; outline: initial; outline-offset: initial; page: initial; padding: initial; scroll-padding: initial; inset: initial; z-index: initial; flex-flow: initial; place-content: initial; place-items: initial; flex: initial; place-self: initial; order: initial; width: initial; min-width: initial; max-width: initial; height: initial; min-height: initial; max-height: initial; box-sizing: initial; object-fit: initial; object-position: initial; grid-area: initial; grid: initial; gap: initial; aspect-ratio: initial; contain-intrinsic-size: initial; vector-effect: initial; stop-color: initial; stop-opacity: initial; flood-color: initial; flood-opacity: initial; lighting-color: initial; mask-type: initial; clip-path: initial; mask: initial; x: initial; y: initial; cx: initial; cy: initial; rx: initial; ry: initial; r: initial; d: initial; table-layout: initial; text-overflow: initial; text-decoration: initial; ime-mode: initial; scrollbar-width: initial; user-select: initial; -moz-window-dragging: initial; -moz-force-broken-image-icon: initial; transition: initial; animation: initial; animation-composition: initial; -moz-box-align: initial; -moz-box-direction: initial; -moz-box-flex: initial; -moz-box-orient: initial; -moz-box-pack: initial; -moz-box-ordinal-group: initial; text-align: justify;\"><\/div>\n","protected":false},"excerpt":{"rendered":"<p>English for CFA B1 second part. Curs anual.<br \/>\nIMPORTANT. A partir del 29 de setembre del 2025 a les 19.00 hores i fins que s\u2019exhaureixin les places,\u00a0 s\u2019obrir\u00e0 la matr\u00edcula telem\u00e0tica per aquest curs. Aquest curs \u00e9s prioritari per als alumnes del CFA.<br \/>\n<a href=\"https:\/\/www.informaticacentros.com\/centrosnet\/libres_mat\/index.php?tcen=EOI&amp;cen=B13\"><\/a><br \/>\nObjectius del curs<br \/>\nEl&hellip;  <a href=\"https:\/\/agora-eoi.xtec.cat\/eoisantgervasi\/oferta-especifica-centre-2025-2026\/\" title=\"Read Curs d&#8217;oferta especifica de centre 2025-2026\">Llegeix m\u00e9s\u00bb<\/a><\/p>\n","protected":false},"author":7,"featured_media":0,"parent":0,"menu_order":0,"comment_status":"closed","ping_status":"closed","template":"","meta":{"_bbp_topic_count":0,"_bbp_reply_count":0,"_bbp_total_topic_count":0,"_bbp_total_reply_count":0,"_bbp_voice_count":0,"_bbp_anonymous_reply_count":0,"_bbp_topic_count_hidden":0,"_bbp_reply_count_hidden":0,"_bbp_forum_subforum_count":0,"footnotes":""},"class_list":["post-9393","page","type-page","status-publish","hentry"],"post_mailing_queue_ids":[],"_links":{"self":[{"href":"https:\/\/agora-eoi.xtec.cat\/eoisantgervasi\/wp-json\/wp\/v2\/pages\/9393","targetHints":{"allow":["GET"]}}],"collection":[{"href":"https:\/\/agora-eoi.xtec.cat\/eoisantgervasi\/wp-json\/wp\/v2\/pages"}],"about":[{"href":"https:\/\/agora-eoi.xtec.cat\/eoisantgervasi\/wp-json\/wp\/v2\/types\/page"}],"author":[{"embeddable":true,"href":"https:\/\/agora-eoi.xtec.cat\/eoisantgervasi\/wp-json\/wp\/v2\/users\/7"}],"replies":[{"embeddable":true,"href":"https:\/\/agora-eoi.xtec.cat\/eoisantgervasi\/wp-json\/wp\/v2\/comments?post=9393"}],"version-history":[{"count":6,"href":"https:\/\/agora-eoi.xtec.cat\/eoisantgervasi\/wp-json\/wp\/v2\/pages\/9393\/revisions"}],"predecessor-version":[{"id":12664,"href":"https:\/\/agora-eoi.xtec.cat\/eoisantgervasi\/wp-json\/wp\/v2\/pages\/9393\/revisions\/12664"}],"wp:attachment":[{"href":"https:\/\/agora-eoi.xtec.cat\/eoisantgervasi\/wp-json\/wp\/v2\/media?parent=9393"}],"curies":[{"name":"wp","href":"https:\/\/api.w.org\/{rel}","templated":true}]}}