{"id":8623,"date":"2016-06-20T11:26:35","date_gmt":"2016-06-20T10:26:35","guid":{"rendered":"https:\/\/agora-eoi.xtec.cat\/eoi3santgervasi\/?page_id=8623"},"modified":"2022-06-27T16:09:22","modified_gmt":"2022-06-27T14:09:22","slug":"professorat-i-pas","status":"publish","type":"page","link":"https:\/\/agora-eoi.xtec.cat\/eoisantgervasi\/el-servei-educatiu\/organigrama\/professorat-i-pas\/","title":{"rendered":"Professorat i PAS"},"content":{"rendered":"<h2>Professorat<\/h2>\n<table id=\"profesAlemany\" class=\"taula tdBodyL taulaPad10\">\n<thead>\n<tr>\n<th style=\"width: 383.296875px;\" colspan=\"3\">ALEMANY<\/th>\n<\/tr>\n<\/thead>\n<tbody>\n<tr>\n<th style=\"width: 162.328125px;\">Professor\/a<\/th>\n<th style=\"width: 218.96875px;\" colspan=\"2\">Horari de visita<\/th>\n<\/tr>\n<tr>\n<th style=\"width: 162.328125px;\">Claudia Back<br \/>\n(directora)<\/th>\n<td style=\"width: 76.828125px;\">dimarts<\/td>\n<td style=\"width: 140.140625px;\">de 18:00h a 19:00h<\/td>\n<\/tr>\n<tr>\n<th style=\"width: 162.328125px;\">D\u00f6rte Hess<\/th>\n<td style=\"width: 76.828125px;\">dijous<\/td>\n<td style=\"width: 140.140625px;\">de 16:00h a 16:30h<\/td>\n<\/tr>\n<tr>\n<th style=\"width: 162.328125px;\" rowspan=\"2\">Edzard van Hoorn<\/p>\n<p>(Cap de departament)<\/th>\n<td style=\"width: 76.828125px;\">dimecres<\/td>\n<td style=\"width: 140.140625px;\">de 16:00h a 16:30h<\/td>\n<\/tr>\n<tr>\n<td style=\"width: 76.828125px;\">dijous<\/td>\n<td style=\"width: 140.140625px;\">de 16:00h a 16:30h<\/td>\n<\/tr>\n<tr>\n<th style=\"width: 162.328125px;\" rowspan=\"2\">Cristina Malgrat<br \/>\n(secret\u00e0ria de direcci\u00f3)<\/th>\n<td style=\"width: 76.828125px;\">dimecres<\/td>\n<td style=\"width: 140.140625px;\">de 18:00h a 18:30h<\/td>\n<\/tr>\n<tr>\n<td style=\"width: 76.828125px;\">dijous<\/td>\n<td style=\"width: 140.140625px;\">de 16:00h a 16:30h<\/td>\n<\/tr>\n<\/tbody>\n<\/table>\n<table id=\"profesAngles\" class=\"taula tdBodyL taulaPad10\">\n<thead>\n<tr>\n<th colspan=\"3\">ANGL\u00c8S<\/th>\n<\/tr>\n<\/thead>\n<tbody>\n<tr>\n<th>Professor\/a<\/th>\n<th colspan=\"2\">Horari de visita<\/th>\n<\/tr>\n<tr>\n<th rowspan=\"2\">Guillem Amor\u00f3s<\/th>\n<td>dimarts<\/td>\n<td>de 16:00h a 16:30h<\/td>\n<\/tr>\n<tr>\n<td>dimecres<\/td>\n<td>de 16:00h a 16:30h<\/td>\n<\/tr>\n<tr>\n<th>Carmen Rodr\u00edguez<\/th>\n<td>dilluns<\/td>\n<td>de 17:00h a 18:00h<\/td>\n<\/tr>\n<tr>\n<th>Debora Gaseni Marlow<\/th>\n<td>dijous<\/td>\n<td>de 16:00h a 17:00h<\/td>\n<\/tr>\n<tr>\n<th>Paul Rosell\u00f3<\/th>\n<td>dimecres<\/td>\n<td>de 15:30h a 16:30h<\/td>\n<\/tr>\n<\/tbody>\n<\/table>\n<table id=\"profesFrances\" class=\"taula tdBodyL taulaPad10\">\n<thead>\n<tr>\n<th colspan=\"3\">FRANC\u00c8S<\/th>\n<\/tr>\n<\/thead>\n<tbody>\n<tr>\n<th>Professor\/a<\/th>\n<th colspan=\"2\">Horari de visita<\/th>\n<\/tr>\n<tr>\n<th>Agn\u00e8s Paulette Aubertot<\/th>\n<td>dilluns<\/td>\n<td>de 15:30h a 16:30h<\/td>\n<\/tr>\n<tr>\n<th>Xavier Pascual<br \/>\n(cap d&#8217;estudis i coordinador inform\u00e0tic)<\/th>\n<td>dimarts<\/td>\n<td>de 16:00h a 17:00h<\/td>\n<\/tr>\n<tr>\n<th>Anna Ribau<br \/>\n(cap de departament)<\/th>\n<td>dimecres<\/td>\n<td>de 15:30h a 16:30h<\/td>\n<\/tr>\n<\/tbody>\n<\/table>\n<h2>PAS<\/h2>\n<table class=\"taula tdBodyL taulaPad10 taula75\">\n<thead>\n<tr>\n<th width=\"50%\">NOM<\/th>\n<th>AREA<\/th>\n<\/tr>\n<\/thead>\n<tbody>\n<tr>\n<th>Mar\u00eda Jos\u00e9 Garc\u00eda<\/th>\n<td>Administraci\u00f3<\/td>\n<\/tr>\n<tr>\n<th>Manuel Tejedor<\/th>\n<td>Consergeria<\/td>\n<\/tr>\n<\/tbody>\n<\/table>\n","protected":false},"excerpt":{"rendered":"<p>Professorat<\/p>\n<p>ALEMANY<\/p>\n<p>Professor\/a<br \/>\nHorari de visita<\/p>\n<p>Claudia Back<br \/>\n(directora)<br \/>\ndimarts<br \/>\nde 18:00h a 19:00h<\/p>\n<p>D\u00f6rte Hess<br \/>\ndijous<br \/>\nde 16:00h a 16:30h<\/p>\n<p>Edzard van Hoorn<br \/>\n(Cap de departament)<br \/>\ndimecres<br \/>\nde 16:00h a 16:30h<\/p>\n<p>dijous<br \/>\nde 16:00h a 16:30h<\/p>\n<p>Cristina Malgrat<br \/>\n(secret\u00e0ria de direcci\u00f3)<br \/>\ndimecres<br \/>\nde 18:00h a 18:30h<\/p>\n<p>dijous<br \/>\nde 16:00h a 16:30h<\/p>\n<p>ANGL\u00c8S<\/p>\n<p>Professor\/a<br \/>\nHorari de visita<\/p>\n<p>Guillem Amor\u00f3s<br \/>\ndimarts<br \/>\nde 16:00h a 16:30h<\/p>\n<p>dimecres<br \/>\nde 16:00h a 16:30h<\/p>\n<p>Carmen Rodr\u00edguez<br \/>\ndilluns<br \/>\nde 17:00h a 18:00h<\/p>\n<p>Debora Gaseni Marlow<br \/>\ndijous<br \/>\nde&hellip;  <a href=\"https:\/\/agora-eoi.xtec.cat\/eoisantgervasi\/el-servei-educatiu\/organigrama\/professorat-i-pas\/\" title=\"Read Professorat i PAS\">Llegeix m\u00e9s\u00bb<\/a><\/p>\n","protected":false},"author":1,"featured_media":0,"parent":8141,"menu_order":15,"comment_status":"closed","ping_status":"closed","template":"page-templates\/side-menu.php","meta":{"_bbp_topic_count":0,"_bbp_reply_count":0,"_bbp_total_topic_count":0,"_bbp_total_reply_count":0,"_bbp_voice_count":0,"_bbp_anonymous_reply_count":0,"_bbp_topic_count_hidden":0,"_bbp_reply_count_hidden":0,"_bbp_forum_subforum_count":0,"footnotes":""},"class_list":["post-8623","page","type-page","status-publish","hentry"],"post_mailing_queue_ids":[],"_links":{"self":[{"href":"https:\/\/agora-eoi.xtec.cat\/eoisantgervasi\/wp-json\/wp\/v2\/pages\/8623","targetHints":{"allow":["GET"]}}],"collection":[{"href":"https:\/\/agora-eoi.xtec.cat\/eoisantgervasi\/wp-json\/wp\/v2\/pages"}],"about":[{"href":"https:\/\/agora-eoi.xtec.cat\/eoisantgervasi\/wp-json\/wp\/v2\/types\/page"}],"author":[{"embeddable":true,"href":"https:\/\/agora-eoi.xtec.cat\/eoisantgervasi\/wp-json\/wp\/v2\/users\/1"}],"replies":[{"embeddable":true,"href":"https:\/\/agora-eoi.xtec.cat\/eoisantgervasi\/wp-json\/wp\/v2\/comments?post=8623"}],"version-history":[{"count":3,"href":"https:\/\/agora-eoi.xtec.cat\/eoisantgervasi\/wp-json\/wp\/v2\/pages\/8623\/revisions"}],"predecessor-version":[{"id":11027,"href":"https:\/\/agora-eoi.xtec.cat\/eoisantgervasi\/wp-json\/wp\/v2\/pages\/8623\/revisions\/11027"}],"up":[{"embeddable":true,"href":"https:\/\/agora-eoi.xtec.cat\/eoisantgervasi\/wp-json\/wp\/v2\/pages\/8141"}],"wp:attachment":[{"href":"https:\/\/agora-eoi.xtec.cat\/eoisantgervasi\/wp-json\/wp\/v2\/media?parent=8623"}],"curies":[{"name":"wp","href":"https:\/\/api.w.org\/{rel}","templated":true}]}}