{"id":8414,"date":"2016-06-14T14:55:48","date_gmt":"2016-06-14T13:55:48","guid":{"rendered":"https:\/\/agora-eoi.xtec.cat\/eoi3santgervasi\/?page_id=8414"},"modified":"2021-10-14T15:53:24","modified_gmt":"2021-10-14T13:53:24","slug":"biblioteca","status":"publish","type":"page","link":"https:\/\/agora-eoi.xtec.cat\/eoisantgervasi\/serveis\/biblioteca\/","title":{"rendered":"Biblioteca"},"content":{"rendered":"<h3>Presentaci\u00f3<\/h3>\n<p><strong>L&#8217;Escola Oficial d&#8217;Idiomes Barcelona III &#8211; Sant Gervasi<\/strong> ofereix un servei de pr\u00e9stec adre\u00e7at a totes aquelles persones adscrites a l&#8217;escola i va adquirint un fons bibliogr\u00e0fic especialitzat en temes de llengua, literatura i cultura dels idiomes impartits al centre (alemany, angl\u00e8s i franc\u00e8s). Tenint en compte el dimensionat de l&#8217;escola els materials de qu\u00e8 disposa s\u00f3n variats: llibres, revistes, i, en general tot all\u00f2 relacionat amb l&#8217;ensenyament i aprenentatge de la llengua anglesa, francesa i alemanya.<\/p>\n<p>L&#8217;adquisici\u00f3 i gesti\u00f3 del fons bibliogr\u00e0fic de cada idioma \u00e9s responsabilitat del\/de la Cap de departament, tot escoltant les necessitats i peticions dels usuaris i professorat.<\/p>\n<h3>Horari<\/h3>\n<p>L&#8217;horari d&#8217;obertura de la biblioteca es confegir\u00e0 d&#8217;acord amb les possibilitats de l&#8217;escola, per\u00f2 s&#8217;assegurar\u00e0 al m\u00e0xim l&#8217;accessibilitat de l&#8217;alumnat durant les franges hor\u00e0ries de classe.<\/p>\n<p><strong>De setembre a juny de dilluns a dijous de 16:00h a 20:00h<\/strong>.<\/p>\n<h3>Serveis<\/h3>\n<p>El servei de consulta i pr\u00e9stec \u00e9s exclusiu per a l&#8217;alumnat oficial, per al professorat i per al personal de l&#8217;escola. Cal que l&#8217;alumnat tingui el carnet de l&#8217;escola en el moment d&#8217;agafar material en pr\u00e9stec.<\/p>\n<p>M\u00e9s informaci\u00f3: <span class=\"email\"><a href=\"mailto:biblioteca@eoisg.cat\">biblioteca@eoisg.cat<\/a><\/span><\/p>\n<p><a href=\"http:\/\/issuu.com\/biblioteca_eoi3_santgervasi\">http:\/\/issuu.com\/biblioteca_eoi3_santgervasi<\/a><\/p>\n<p><a href=\"https:\/\/twitter.com\/bibliotecaEOI3\">https:\/\/twitter.com\/bibliotecaEOI3<\/a><\/p>\n<p><a href=\"https:\/\/www.pinterest.com\/bibliotecaeoi3\/\">https:\/\/www.pinterest.com\/bibliotecaeoi3\/<\/a><\/p>\n<h3>Normativa de pr\u00e9stec<\/h3>\n<p>El per\u00edode que es pot disposar de pr\u00e9stec \u00e9s el seg\u00fcent:<\/p>\n<ul>\n<li>Llibres i audiovisuals: 15 dies.<\/li>\n<li>Revistes: 7 dies.<\/li>\n<\/ul>\n<p>Quantitat m\u00e0xima de material que es pot retirar en pr\u00e9stec: 3 unitats<\/p>\n<p>Queda excl\u00f2s de pr\u00e9stec el material normalment considerat de consulta (diccionaris) i els llibres de text.<\/p>\n<p>Per al bon funcionament del servei de pr\u00e9stec et recordem que has de ser puntual a l&#8217;hora de retornar els documents. En cas contrari, el carnet es paralitzar\u00e0 el pr\u00e9stec durant el curs acad\u00e8mic.<\/p>\n<p>La p\u00e8rdua, deteriorament o no retorn del material prestat, implica la seva reposici\u00f3 per part de la persona que l&#8217;hagi perdut. Si s&#8217;hi negu\u00e9s, perdria el dret d&#8217;utilitzar el servei de pr\u00e9stec.<\/p>\n<p>Es pot demanar la reserva d\u2019un document presencialment a la biblioteca, quan el document arriba a la biblioteca s\u2019avisa l\u2019usuari per correu electr\u00f2nic que pot passar a recollir-la. La reserva que al quart dia de l\u2019av\u00eds encara no s\u2019ha retirat queda cancel\u00b7lada.<\/p>\n<p>Es pot renovar el pr\u00e9stec personalment o b\u00e9 per correu electr\u00f2nic <a href=\"mailto:biblioteca@eoisg.cat\">biblioteca@eoisg.cat<\/a><\/p>\n<h3>Donacions<\/h3>\n<h4>Acceptaci\u00f3 de donacions<\/h4>\n<p>La Biblioteca es reserva el dret d\u2019acceptar o rebutjar una donaci\u00f3. Ha de tenir en consideraci\u00f3 la utilitat, l&#8217;espai disponible i el cost del proc\u00e9s t\u00e8cnic.<\/p>\n<p><a href=\"https:\/\/agora-eoi.xtec.cat\/eoi3santgervasi\/wp-content\/uploads\/usu2245\/2020\/05\/acceptacio-donacions-biblioteca.pdf\" target=\"_blank\" rel=\"noopener noreferrer\">Formulari acceptaci\u00f3 de donacions<\/a><\/p>\n","protected":false},"excerpt":{"rendered":"<p>Presentaci\u00f3<br \/>\nL&#8217;Escola Oficial d&#8217;Idiomes Barcelona III &#8211; Sant Gervasi ofereix un servei de pr\u00e9stec adre\u00e7at a totes aquelles persones adscrites a l&#8217;escola i va adquirint un fons bibliogr\u00e0fic especialitzat en temes de llengua, literatura i cultura dels idiomes impartits al centre (alemany, angl\u00e8s i franc\u00e8s). Tenint&hellip;  <a href=\"https:\/\/agora-eoi.xtec.cat\/eoisantgervasi\/serveis\/biblioteca\/\" title=\"Read Biblioteca\">Llegeix m\u00e9s\u00bb<\/a><\/p>\n","protected":false},"author":1,"featured_media":0,"parent":8411,"menu_order":20,"comment_status":"closed","ping_status":"closed","template":"page-templates\/side-menu.php","meta":{"_bbp_topic_count":0,"_bbp_reply_count":0,"_bbp_total_topic_count":0,"_bbp_total_reply_count":0,"_bbp_voice_count":0,"_bbp_anonymous_reply_count":0,"_bbp_topic_count_hidden":0,"_bbp_reply_count_hidden":0,"_bbp_forum_subforum_count":0,"footnotes":""},"class_list":["post-8414","page","type-page","status-publish","hentry"],"post_mailing_queue_ids":[],"_links":{"self":[{"href":"https:\/\/agora-eoi.xtec.cat\/eoisantgervasi\/wp-json\/wp\/v2\/pages\/8414","targetHints":{"allow":["GET"]}}],"collection":[{"href":"https:\/\/agora-eoi.xtec.cat\/eoisantgervasi\/wp-json\/wp\/v2\/pages"}],"about":[{"href":"https:\/\/agora-eoi.xtec.cat\/eoisantgervasi\/wp-json\/wp\/v2\/types\/page"}],"author":[{"embeddable":true,"href":"https:\/\/agora-eoi.xtec.cat\/eoisantgervasi\/wp-json\/wp\/v2\/users\/1"}],"replies":[{"embeddable":true,"href":"https:\/\/agora-eoi.xtec.cat\/eoisantgervasi\/wp-json\/wp\/v2\/comments?post=8414"}],"version-history":[{"count":4,"href":"https:\/\/agora-eoi.xtec.cat\/eoisantgervasi\/wp-json\/wp\/v2\/pages\/8414\/revisions"}],"predecessor-version":[{"id":10716,"href":"https:\/\/agora-eoi.xtec.cat\/eoisantgervasi\/wp-json\/wp\/v2\/pages\/8414\/revisions\/10716"}],"up":[{"embeddable":true,"href":"https:\/\/agora-eoi.xtec.cat\/eoisantgervasi\/wp-json\/wp\/v2\/pages\/8411"}],"wp:attachment":[{"href":"https:\/\/agora-eoi.xtec.cat\/eoisantgervasi\/wp-json\/wp\/v2\/media?parent=8414"}],"curies":[{"name":"wp","href":"https:\/\/api.w.org\/{rel}","templated":true}]}}