{"id":8377,"date":"2025-07-01T13:50:10","date_gmt":"2025-07-01T11:50:10","guid":{"rendered":"https:\/\/agora-eoi.xtec.cat\/eoi3santgervasi\/?page_id=8377"},"modified":"2025-07-01T17:52:49","modified_gmt":"2025-07-01T15:52:49","slug":"expedicio-de-titols","status":"publish","type":"page","link":"https:\/\/agora-eoi.xtec.cat\/eoisantgervasi\/secretaria\/expedicio-de-titols\/","title":{"rendered":"Expedici\u00f3 de t\u00edtols"},"content":{"rendered":"<div class=\"titolPag\">\n<h2>Expedici\u00f3 del Certificat de nivell b\u00e0sic A2, intermedi B1, intermedi B2 i avan\u00e7at C1<\/h2>\n<\/div>\n<div class=\"quadre\">\n<h3>Recollida de certificats: Nivell b\u00e0sic A2 i Nivell intermedi B1<\/h3>\n<p>Els Certificats de nivell b\u00e0sic A2 i nivell intermedi B1 es poden recollir directament al Departament d&#8217;alumnat. No \u00e9s necessari fer cap petici\u00f3 anticipada. Els certificats de l\u2019alumnat oficial <strong>apte\/a<\/strong> en el curs 2024-2025 ja estan disponibles. Els podeu passar a recollir en l&#8217;horari d&#8217;atenci\u00f3 del Departament d&#8217;alumnat durant el mes de juliol (de dilluns a divendres de 10.00h a 13h) i de nou a partir del mes de setembre.<\/p>\n<h3>Sol\u00b7licitud de certificats: Nivell intermedi B2 i Nivell avan\u00e7at C1<\/h3>\n<p style=\"text-align: left;\"><strong>Tramitaci\u00f3 a partir del 13 d&#8217;octubre de 2025 en l&#8217;horari d&#8217;atenci\u00f3 del Departament d&#8217;alumnat, de dilluns a dijous de 16 a 19h.<\/strong><\/p>\n<p>Els Certificats de nivell intermedi B2 i de nivell avan\u00e7at C1 s\u00f3n expedits pel Departament d\u2019Educaci\u00f3 a inst\u00e0ncia de la persona interessada. La sol\u00b7licitud del t\u00edtol s\u2019haur\u00e0 de formalitzar a trav\u00e9s de la secretaria del centre on us heu examinat.<\/p>\n<p>Es podr\u00e0 sol\u00b7licitar l&#8217;expedici\u00f3 dels Certificats de nivell intermedi B2 i de nivell avan\u00e7at C1 (alumnes oficials i lliures) a partir del 13<strong> d&#8217;octubre de 2025<\/strong>, previ pagament de les taxes corresponents (podeu consultar-les <a href=\"https:\/\/agora-eoi.xtec.cat\/eoisantgervasi\/secretaria\/taxes-i-pagament\/\">aqu\u00ed<\/a>). Caldr\u00e0 presentar el DNI i, si escau, l\u2019original i una fotoc\u00f2pia de la documentaci\u00f3 que justifica la reducci\u00f3 o exempci\u00f3 en l\u2019import de la taxa. El centre us lliurar\u00e0 un document de pagament, a formalitzar a qualsevol oficina de La Caixa (ServiCaixa) i tamb\u00e9 un resguard del certificat oficial.<\/p>\n<p>El resguard del certificat t\u00e9 els <strong>mateixos efectes legals<\/strong> que el document oficial mentre es tramita.<\/p>\n<p>Temps aproximat de tramitaci\u00f3: de 16 a 20 mesos. L\u2019escola us avisar\u00e0 per correu electr\u00f2nic quan el certificat oficial estigui disponible.<\/p>\n<p><em>Per a qualsevol informaci\u00f3 relativa a l&#8217;expedici\u00f3 de certificats ens podeu escriure a: administracio<span class=\"atwho-query\">@eoisg.cat<\/span><\/em><\/p>\n<\/div>\n","protected":false},"excerpt":{"rendered":"<p>Expedici\u00f3 del Certificat de nivell b\u00e0sic A2, intermedi B1, intermedi B2 i avan\u00e7at C1<\/p>\n<p>Recollida de certificats: Nivell b\u00e0sic A2 i Nivell intermedi B1<br \/>\nEls Certificats de nivell b\u00e0sic A2 i nivell intermedi B1 es poden recollir directament al Departament d&#8217;alumnat. No \u00e9s necessari fer cap petici\u00f3&hellip;  <a href=\"https:\/\/agora-eoi.xtec.cat\/eoisantgervasi\/secretaria\/expedicio-de-titols\/\" title=\"Read Expedici\u00f3 de t\u00edtols\">Llegeix m\u00e9s\u00bb<\/a><\/p>\n","protected":false},"author":1,"featured_media":0,"parent":8358,"menu_order":80,"comment_status":"closed","ping_status":"closed","template":"page-templates\/side-menu.php","meta":{"_bbp_topic_count":0,"_bbp_reply_count":0,"_bbp_total_topic_count":0,"_bbp_total_reply_count":0,"_bbp_voice_count":0,"_bbp_anonymous_reply_count":0,"_bbp_topic_count_hidden":0,"_bbp_reply_count_hidden":0,"_bbp_forum_subforum_count":0,"footnotes":""},"class_list":["post-8377","page","type-page","status-publish","hentry"],"post_mailing_queue_ids":[],"_links":{"self":[{"href":"https:\/\/agora-eoi.xtec.cat\/eoisantgervasi\/wp-json\/wp\/v2\/pages\/8377","targetHints":{"allow":["GET"]}}],"collection":[{"href":"https:\/\/agora-eoi.xtec.cat\/eoisantgervasi\/wp-json\/wp\/v2\/pages"}],"about":[{"href":"https:\/\/agora-eoi.xtec.cat\/eoisantgervasi\/wp-json\/wp\/v2\/types\/page"}],"author":[{"embeddable":true,"href":"https:\/\/agora-eoi.xtec.cat\/eoisantgervasi\/wp-json\/wp\/v2\/users\/1"}],"replies":[{"embeddable":true,"href":"https:\/\/agora-eoi.xtec.cat\/eoisantgervasi\/wp-json\/wp\/v2\/comments?post=8377"}],"version-history":[{"count":7,"href":"https:\/\/agora-eoi.xtec.cat\/eoisantgervasi\/wp-json\/wp\/v2\/pages\/8377\/revisions"}],"predecessor-version":[{"id":12441,"href":"https:\/\/agora-eoi.xtec.cat\/eoisantgervasi\/wp-json\/wp\/v2\/pages\/8377\/revisions\/12441"}],"up":[{"embeddable":true,"href":"https:\/\/agora-eoi.xtec.cat\/eoisantgervasi\/wp-json\/wp\/v2\/pages\/8358"}],"wp:attachment":[{"href":"https:\/\/agora-eoi.xtec.cat\/eoisantgervasi\/wp-json\/wp\/v2\/media?parent=8377"}],"curies":[{"name":"wp","href":"https:\/\/api.w.org\/{rel}","templated":true}]}}