{"id":8372,"date":"2016-06-13T13:41:51","date_gmt":"2016-06-13T12:41:51","guid":{"rendered":"https:\/\/agora-eoi.xtec.cat\/eoi3santgervasi\/?page_id=8372"},"modified":"2026-03-12T17:49:49","modified_gmt":"2026-03-12T16:49:49","slug":"normes-i-funcionament","status":"publish","type":"page","link":"https:\/\/agora-eoi.xtec.cat\/eoisantgervasi\/el-servei-educatiu\/normes-i-funcionament\/","title":{"rendered":"Normes i funcionament"},"content":{"rendered":"<h3>Normes d&#8217;organitzaci\u00f3 i funcionament de centre<\/h3>\n<ul>\n<li>Normes d&#8217;organitzaci\u00f3 i funcionament de centre. <a href=\"https:\/\/agora-eoi.xtec.cat\/eoisantgervasi\/wp-content\/uploads\/usu2245\/2023\/10\/NOFC_oct23.pdf\">Enlla\u00e7 al document complet<\/a><\/li>\n<\/ul>\n<h3>Assist\u00e8ncia a classe<\/h3>\n<p>Els alumnes tenen el deure d&#8217;assistir regularment a classe. Una assist\u00e8ncia superior al 65% \u00e9s imprescindible per poder ser avaluat de forma cont\u00ednua. En cas contrari, haur\u00e0 de presentar-se a una prova final.<\/p>\n<p>Si per alguna ra\u00f3, l&#8217;alumnat no pot assistir a classe durant un temps o definitivament, ho ha de comunicar al professor\/a. (consulteu la informaci\u00f3 sobre ren\u00fancies).<\/p>\n<p><strong>Justificaci\u00f3 d&#8217;abs\u00e8ncies d&#8217;alumnes menors d&#8217;edat<\/strong><\/p>\n<p>Els pares o tutors dels alumnes menors d&#8217;edat hauran de justificar les seves faltes d&#8217;assist\u00e8ncia mitjan\u00e7ant <a href=\"https:\/\/agora-eoi.xtec.cat\/eoisantgervasi\/wp-content\/uploads\/usu2245\/2025\/02\/justificant-absencies-menors.pdf\" target=\"_blank\" rel=\"noopener noreferrer\">aquest document<\/a>.<\/p>\n<h3>Perman\u00e8ncia en els estudis<\/h3>\n<p>Dins de cada nivell (b\u00e0sic, intermedi B1, intermedi B2 i C1), l\u2019alumnat t\u00e9 dret a romandre matriculat en el r\u00e8gim d\u2019ensenyament oficial, modalitat presencial, durant <strong>un m\u00e0xim de cursos acad\u00e8mics equivalents al doble dels cursos de qu\u00e8 consta el nivell per a l\u2019idioma corresponent<\/strong>.<\/p>\n<p>L\u2019alumnat podr\u00e0 matricular-se de cada curs un m\u00e0xim de dues vegades.<\/p>\n<p>Es podr\u00e0 concedir una \u00fanica convocat\u00f2ria addicional per nivell.<\/p>\n<h4><strong>Sol\u00b7licitud de convocat\u00f2ria addicional (tripitici\u00f3)<\/strong><\/h4>\n<p>En casos excepcionals i justificats documentalment, la direcci\u00f3 de l\u2019escola podria autoritzar <strong>una<\/strong> convocat\u00f2ria addicional per nivell (b\u00e0sic, intermedi B1, intermedi B2 i C1) sempre que no representi fer el mateix curs per <strong>quarta vegada<\/strong>.<\/p>\n<p>Les sol\u00b7licituds de convocat\u00f2ria addicional hauran d\u2019anar adre\u00e7ades al director\/a del centre mitjan\u00e7ant una inst\u00e0ncia.<\/p>\n<p>El cap d\u2019estudis i el professorat del centre que hagin tingut la persona que el sol.licita com a alumne (en qualsevol cas el seu professorat actual, i si \u00e9s possible el professorat responsable del curs anterior o anteriors) estudiaran el cas i decidiran si \u00e9s o no pertinent la concessi\u00f3 d\u2019una convocat\u00f2ria addicional.<\/p>\n<p>La resoluci\u00f3 d\u2019aquest tipus de sol\u00b7licitud anir\u00e0 acompanyada de la signatura del cap d\u2019estudis i el vistiplau de la direcci\u00f3 del centre<\/p>\n<h4><strong>Procediment<\/strong><\/h4>\n<ol>\n<li>Presentaci\u00f3 de la documentaci\u00f3:\n<ul>\n<li><strong>personalment<\/strong>, al Departament d\u2019Alumnat, aportant la documentaci\u00f3 justificativa i el <a href=\"https:\/\/agora-eoi.xtec.cat\/eoisantgervasi\/wp-content\/uploads\/usu2245\/2025\/02\/solicitud-convocatoria-adicional.pdf\" target=\"_blank\" rel=\"noopener noreferrer\">formulari impr\u00e8s<\/a>.<\/li>\n<\/ul>\n<ul>\n<li><strong>en l\u00ednia<\/strong>, emplenant el formulari i adjuntant-hi la documentaci\u00f3 escanejada. Podeu trobar el formulari <em>aqu\u00ed<\/em> (nom\u00e9s est\u00e0 actiu durant el termini de sol\u00b7licitud).<\/li>\n<\/ul>\n<\/li>\n<li>La resoluci\u00f3 de la sol\u00b7licitud ser\u00e0 comunicada per correu electr\u00f2nic abans de la data de matr\u00edcula.<\/li>\n<\/ol>\n<h3>Incompatibilitat de matr\u00edcula<\/h3>\n<p>L\u2019alumnat matriculat de manera oficial en una EOI no es pot matricular com a candidat lliure del mateix idioma a les convocat\u00f2ries de Nivell Intermedi B1, Intermedi B2 i Avan\u00e7at C1. Si es produ\u00eds aquest cas, en el mateix moment de ser descoberta la irregularitat s\u2019anul\u00b7laria la matr\u00edcula com a alumne\/a oficial.<\/p>\n<p>No \u00e9s possible matricular-se del mateix idioma, durant el mateix curs acad\u00e8mic, a dues Escoles Oficials d\u2019Idiomes diferents. Si es produ\u00eds aquest cas, en el mateix moment de ser descoberta la irregularitat s\u2019anul\u00b7larien les dues matr\u00edcules i l\u2019alumne\/a perdria el dret a la devoluci\u00f3 dels imports d\u2019ambdues matr\u00edcules.<\/p>\n<h3>Matr\u00edcula d&#8217;actualitzaci\u00f3<\/h3>\n<ul>\n<li>Aquelles persones que ja han cursat i superat amb anterioritat cursos de les escoles d\u2019idiomes que condueixen a l\u2019obtenci\u00f3 d\u2019un certificat i que desitgin actualitzar coneixements, podran sol\u00b7licitar matr\u00edcula en l\u2019\u00faltim curs realitzat o en qualsevol dels cursos inferiors.<\/li>\n<li>La sol\u00b7licitud per realitzar aquest tipus de matr\u00edcula es presentar\u00e0 al centre una vegada finalitzat el per\u00edode d\u2019admissi\u00f3 i nom\u00e9s ser\u00e0 adm\u00e8s, cas que existeixin vacants en el curs i idioma sol\u00b7licitat. La sol\u00b7licitud ser\u00e0 v\u00e0lida \u00fanicament per al curs acad\u00e8mic en qu\u00e8 se sol\u00b7liciti i s\u2019haur\u00e0 de tornar a presentar per a cursos acad\u00e8mics posteriors, cas que l\u2019alumnat ho vulgui.<\/li>\n<li>Aquest tipus de matr\u00edcula no tindr\u00e0 efectes acad\u00e8mics ni donar\u00e0 lloc a cap certificaci\u00f3 oficial. La qualificaci\u00f3 que es far\u00e0 constar en l\u2019expedient acad\u00e8mic de l\u2019alumnat ser\u00e0 \u201cNo qualificada\u201d.<\/li>\n<li>L\u2019alumnat en aquest situaci\u00f3 acad\u00e8mica podr\u00e0 sol\u00b7licitar un certificat d\u2019actualitzaci\u00f3 al centre on estigui matriculat.<\/li>\n<li>L\u2019alumnat en aquesta situaci\u00f3 no t\u00e9 dret a sol\u00b7licitar una nova expedici\u00f3 del certificat obtingut anteriorment.<\/li>\n<li>Pel que fa al preu del servei, aquest alumnat pagar\u00e0 la taxa o el preu p\u00fablic corresponent, sense penalitzaci\u00f3 per repetici\u00f3.<\/li>\n<li>No es pot simultaniejar una matr\u00edcula ordin\u00e0ria als ensenyaments presencials i una matr\u00edcula d\u2019actualitzaci\u00f3 del mateix idioma durant un mateix curs acad\u00e8mic.<\/li>\n<\/ul>\n<h3>Canvis d&#8217;horaris<\/h3>\n<p>Demaneu un full de sol\u00b7licitud al Departament d\u2019alumnat o descarregueu el formulari que trobareu a la nostra web a l&#8217;apartat de tr\u00e0mits<a href=\"https:\/\/agora-eoi.xtec.cat\/eoisantgervasi\/wp-content\/uploads\/usu2245\/2023\/07\/sol.licitud_canvi_horari_23_24.pdf\">.<\/a> Empleneu-lo i lliureu-lo dins dels terminis establerts (al voltant de les dues primeres setmanes d&#8217;octubre). Si el nombre de sol\u00b7licitants \u00e9s superior al nombre de vacants,\u00a0 es far\u00e0 un sorteig per determinar l\u2019ordre de revisi\u00f3 de les sol\u00b7licituds. L&#8217;escola publicar\u00e0 en el tauler de secretaria l&#8217;ordre de gesti\u00f3 de les sol.licituds presentades. El cap d\u2019estudis considerar\u00e0 els canvis en aquest mateix ordre, sempre segons les places disponibles.<\/p>\n<p>Les sol\u00b7licituds que es presentin passats els terminis fixats, s\u2019afegiran, per ordre de lliurament, al llistat de canvi de grup ja existent, i aquestes s&#8217;aniran resolent en funci\u00f3 de les vacants que es vagin produ\u00efnt.<\/p>\n<p>El fet de sol\u00b7licitar un canvi d\u2019horari no implica que aquest canvi pugui concedir-se. Els canvis de grups resten supeditats a l&#8217;exist\u00e8ncia de places vacants en el grup de destinaci\u00f3, motivades per ren\u00fancies o trasllats a altres EOI per part de l&#8217;alumnat matriculat en el curs vigent. El professorat nom\u00e9s acceptar\u00e0 nous alumnes si tenen el canvi concedit.<\/p>\n<h3>Trasllats<\/h3>\n<h4>Trasllat d&#8217;expedient<\/h4>\n<p>L&#8217;EOI Sant Gervasi pot tramitar trasllats d&#8217;expedients a petici\u00f3 de la persona interessada en qualsevol data.<\/p>\n<p>L&#8217;alumnat procedent d&#8217;una altra escola que vulguin formalitzar la primera matr\u00edcula a l&#8217;EOI Sant Gervasi hauran de seguir les normes de matr\u00edcula corresponents als nous alumnes.<\/p>\n<h4>Trasllat de matr\u00edcula viva<\/h4>\n<p>Si despr\u00e9s de formalitzar la matr\u00edcula en un centre, un alumne o alumna demana poder continuar el curs en un altre centre, el trasllat s\u2019anomena \u201ctrasllat de matr\u00edcula viva\u201d. El termini per fer trasllats de matr\u00edcula viva finalitza el <strong>29\u00a0d\u2019abril de 2026<\/strong>,<\/p>\n<p>La sol\u00b7licitud de trasllat de matr\u00edcula es far\u00e0 al centre de destinaci\u00f3 mitjan\u00e7ant el model\u00a0<a class=\"pdf\" href=\"https:\/\/agora-eoi.xtec.cat\/eoisantgervasi\/wp-content\/uploads\/usu2245\/2025\/02\/solicitut-trasllat-matricula-viva.pdf\" target=\"_blank\" rel=\"noopener noreferrer\">Sol\u00b7licitud de trasllat de matricula viva<\/a>\u00a0i quedar\u00e0 condicionada a la disponibilitat de places en aquest centre. La documentaci\u00f3 que caldr\u00e0 aportar ser\u00e0 el full de pagament de matr\u00edcula efectuada en el centre d\u2019origen. En el moment de produir-se una vacant, l\u2019EOI de destinaci\u00f3 ho comunicar\u00e0 al sol\u00b7licitant. En cas de no haver-hi vacants en l\u2019EOI de destinaci\u00f3, s\u2019obrir\u00e0 una llista d\u2019espera on els sol\u00b7licitants han de poder indicar els grups i horaris desitjats.<\/p>\n<p>Els alumnes que vinguin d\u2019altres CCAA hauran de pagar de nou les taxes o preus p\u00fablics.<\/p>\n<h3>Ren\u00fancies<\/h3>\n<p>Es podr\u00e0 renunciar a la matr\u00edcula oficial quan l\u2019alumne es vegi en la impossibilitat de continuar assistint a classe amb regularitat.<\/p>\n<p>Hi ha dues modalitats de ren\u00fancia:<\/p>\n<ol>\n<li>Ren\u00fancia amb dret a devoluci\u00f3 de taxes o preus p\u00fablics\u00a0\u00a0<strong>fins el<\/strong>\u00a0<strong>10 d\u2019octubre de 2025<\/strong>. Aquesta ren\u00fancia no suposar\u00e0 el c\u00f2mput del curs a efectes de repetici\u00f3.<\/li>\n<li>Ren\u00fancia sense dret a devoluci\u00f3 de taxes o preus p\u00fablics,\u00a0<strong>del 10 d\u2019octubre al 28 de novembre de<\/strong>\u00a0<strong>2025. <\/strong>Aquesta ren\u00fancia no suposar\u00e0 el c\u00f2mput del curs a efectes de repetici\u00f3.<\/li>\n<\/ol>\n<p><strong>A partir del 29 de novembre de 2025<\/strong>, si un alumne oficial abandona, el curs es computar\u00e0 a efectes de repetici\u00f3 i l\u2019alumne tindr\u00e0 a tots els efectes la consideraci\u00f3 de \u201cno presentat\u201d a la qualificaci\u00f3 final.<\/p>\n<p>Per formalitzar la ren\u00fancia caldr\u00e0 emplenar un\u00a0<a class=\"pdf\" href=\"https:\/\/agora-eoi.xtec.cat\/eoisantgervasi\/wp-content\/uploads\/usu2245\/2025\/02\/renuncia-matricula.pdf\" target=\"_blank\" rel=\"noopener noreferrer\">formulari de sol\u00b7licitud<\/a>\u00a0i presentar-lo al Departament d\u2019Alumnat.<\/p>\n<p><strong>COM SOL\u00b7LICITAR REN\u00daNCIA AMB DEVOLUCI\u00d3 DE TAXES I PREUS P\u00daBLICS (adre\u00e7ada al Servei de Gesti\u00f3 Pressupost\u00e0ria)<\/strong><\/p>\n<p>Hi ha tres maneres de sol\u00b7licitar la devoluci\u00f3 de taxes i preus p\u00fablics de matr\u00edcula:<\/p>\n<p>1. De manera telem\u00e0tica a trav\u00e9s de l\u2019aplicatiu seg\u00fcent:\u00a0<a href=\"https:\/\/web.gencat.cat\/ca\/tramits\/tramits-temes\/devolucio-ingressos-indeguts\">https:\/\/web.gencat.cat\/ca\/tramits\/tramits-temes\/devolucio-ingressos-indeguts<\/a>.\u00a0<strong>ES RECOMANA FER AQUEST TR\u00c0MIT EN L\u00cdNIA A TRAV\u00c9S DE L\u2019APLICATIU<\/strong><\/p>\n<p>2. Presencialment a la secretaria del centre en horari d\u2019atenci\u00f3 al p\u00fablic.<\/p>\n<p>3. Presencialment a les oficines de registre dels serveis centrals o dels serveis territorials (tramitaci\u00f3 que es far\u00e0 amb l\u2019ajuda del personal administratiu del servei.<\/p>\n<p>Un cop registrada la sol\u00b7licitud de devoluci\u00f3, en cas de no rebre resposta immediatament no s\u2019ha de fer una nova sol\u00b7licitud. Per a informar-se sobre la situaci\u00f3 dels propis expedients, caldr\u00e0 que us adreceu a la\u00a0<a href=\"https:\/\/educacio.gencat.cat\/ca\/contacte\/\" target=\"_blank\" rel=\"noreferrer noopener\">b\u00fastia de contacte del Departament d\u2019Educaci\u00f3<\/a><\/p>\n<p>Per a sol\u00b7licitar la\u00a0<strong>devoluci\u00f3 de l\u2019import de material i acc\u00e9s a plataforma<\/strong>\u00a0(30\u20ac, 15\u20ac o 39\u20ac) cal adre\u00e7ar-se a la secretaria de l\u2019escola en horari d\u2019atenci\u00f3.<\/p>\n<p>En cas de trasllat a una altra comunitat aut\u00f2noma, l\u2019alumne o alumna pot sol.licitar el retorn de taxes o preus p\u00fablics abans del darrer dia h\u00e0bil de novembre.<\/p>\n<h3>Reclamacions<\/h3>\n<p>Pel que fa a la resoluci\u00f3 de les reclamacions originades pel desacord de l&#8217;alumnat amb la nota obtinguda tant als cursos subjectes a l\u2019avaluaci\u00f3 cont\u00ednua (A1, A2, B2.1) com als de Certificat (B1, B2.2 i C1), caldr\u00e0 constituir tribunals ad hoc on hi haur\u00e0 els seg\u00fcents membres:<\/p>\n<p>El professorat responsable del curs on hi ha matriculada la persona que reclama, el cap de departament i un altre professor del departament (en cas de coincid\u00e8ncia entre algun d\u2019aquests representants caldr\u00e0 buscar un tercer professor del departament)<\/p>\n<p>L\u2019acta resultant de tot el proc\u00e9s de reclamaci\u00f3 estar\u00e0 signada pel cap de departament i el cap d\u2019estudis, i dur\u00e0 el vistiplau de la direcci\u00f3 del centre.<\/p>\n<h3>Nou preu p\u00fablic de 30\u20ac (antiga aportaci\u00f3 complement\u00e0ria)<\/h3>\n<h4>Qu\u00e8 \u00e9s\u00a0 i a qu\u00e8 es destina aquest import?<\/h4>\n<p>Es tracta del preu p\u00fablic de 30,00\u20ac, gr\u00e0cies al qual l\u2019EOI Barcelona III-Sant Gervasi pot oferir una s\u00e8rie de serveis als seus usuaris alhora que li permet dotar-se de materials sempre actuals i d\u2019\u00faltima generaci\u00f3. La millora dels nostres serveis dep\u00e8n de tu.<\/p>\n<h4>Quins beneficis comporta?<\/h4>\n<ul>\n<li>Servei de biblioteca: Pr\u00e9stec de revistes, llibres de lectura, llibres de consulta, llibres d\u2019exercicis, CDs de llibres, DVDs de pel\u00b7l\u00edcules, de s\u00e8ries, etc. L\u2019ampliaci\u00f3 d\u2019aquest fons dep\u00e8n d\u2019aquesta aportaci\u00f3<\/li>\n<li>Activitats culturals a l\u2019escola: Celebracions de car\u00e0cter extraescolar que impliquen la totalitat de l\u2019alumnat.<\/li>\n<li>Activitats culturals dels departaments: Contractaci\u00f3 d\u2019activitats culturals, com teatre, cantants, conferenciants, tallers, intercanvis ling\u00fc\u00edstics amb alumnes estrangers, etc.<\/li>\n<li>Adquisici\u00f3 de material i fotoc\u00f2pies.<\/li>\n<li>Totes les aules estan dotades de materials que permeten al professor la utilitzaci\u00f3 de qualsevol tipus de suport per organitzar les seves classes: pissarres i projectors digitals, ordinador, etc.<\/li>\n<li>Manteniment i renovaci\u00f3 dels ordinadors de l\u2019aula d\u2019inform\u00e0tica i de la biblioteca.<\/li>\n<\/ul>\n<p style=\"font-weight: 400;\"><strong>Conviv\u00e8ncia digital i \u00fas de dispositius a l\u2019aula<\/strong><\/p>\n<p style=\"font-weight: 400;\">El centre promou un \u00fas responsable dels dispositius digitals que afavoreixi la concentraci\u00f3, el respecte i un clima adequat per a l\u2019aprenentatge. L\u2019\u00fas de tel\u00e8fons m\u00f2bils, tauletes o altres dispositius digitals personals a l\u2019aula nom\u00e9s est\u00e0 perm\u00e8s quan el professorat n\u2019autoritzi expl\u00edcitament l\u2019\u00fas amb finalitats pedag\u00f2giques. Durant les sessions de classe, els dispositius han de romandre en silenci i no es poden utilitzar per a finalitats personals que interfereixin en el desenvolupament normal de l\u2019activitat docent. El professorat pot requerir en qualsevol moment que els dispositius romanguin guardats si el seu \u00fas genera distraccions o mol\u00e8sties. Aix\u00ed mateix, no es poden fer enregistraments d\u2019imatge, \u00e0udio o v\u00eddeo dins del centre sense l\u2019autoritzaci\u00f3 pr\u00e8via del professorat i de les persones implicades, d\u2019acord amb la normativa vigent de protecci\u00f3 de dades i dret a la pr\u00f2pia imatge. L\u2019incompliment d\u2019aquestes normes pot comportar l\u2019aplicaci\u00f3 de les mesures educatives o correctores previstes en les normes de conviv\u00e8ncia del centre.<\/p>\n<p style=\"font-weight: 400;\"><strong>\u00das responsable de les eines d\u2019intel\u00b7lig\u00e8ncia artificial<\/strong><\/p>\n<p style=\"font-weight: 400;\">El centre reconeix que les eines d\u2019intel\u00b7lig\u00e8ncia artificial poden constituir un recurs de suport a l\u2019aprenentatge quan s\u2019utilitzen de manera responsable i amb finalitats educatives. L\u2019alumnat nom\u00e9s les pot utilitzar quan el professorat ho autoritzi en el marc d\u2019una activitat did\u00e0ctica o com a suport per a la reflexi\u00f3 ling\u00fc\u00edstica, la recerca d\u2019informaci\u00f3 o la pr\u00e0ctica de la llengua. En cap cas es pot presentar com a propi un text, una traducci\u00f3 o qualsevol producci\u00f3 generada totalment o parcialment mitjan\u00e7ant eines d\u2019intel\u00b7lig\u00e8ncia artificial sense declarar-ne l\u2019\u00fas quan aquesta eina hagi estat utilitzada.<\/p>\n<p style=\"font-weight: 400;\">Amb l\u2019objectiu de garantir l\u2019autenticitat de les produccions acad\u00e8miques, el professorat pot sol\u00b7licitar a l\u2019alumnat que expliqui, reformuli o ampli\u00ef oralment o per escrit una activitat lliurada per tal de verificar-ne l\u2019autoria i el grau de comprensi\u00f3 del contingut. En cas que es detecti l\u2019\u00fas d\u2019eines d\u2019intel\u00b7lig\u00e8ncia artificial no declarat, l\u2019activitat pot no ser qualificada o b\u00e9 es pot requerir que l\u2019alumnat la torni a realitzar segons les indicacions del professorat. L\u2019\u00fas d\u2019aquestes eines no pot substituir el proc\u00e9s d\u2019aprenentatge ni la producci\u00f3 personal de l\u2019alumnat en les activitats d\u2019avaluaci\u00f3, i el professorat pot limitar o prohibir-ne l\u2019\u00fas quan ho consideri necessari per garantir l\u2019equitat en l\u2019avaluaci\u00f3.<\/p>\n<h3>Dades del pressupost<\/h3>\n<ul>\n<li>Dades del pressupost 2025<\/li>\n<\/ul>\n<p><strong>Nota important:<\/strong><\/p>\n<p><strong>Cl\u00e0usula d\u2019exempci\u00f3 de responsabilitat<\/strong><\/p>\n<p>Mitjan\u00e7ant aquesta p\u00e0gina web, l\u2019Escola Oficial d\u2019Idiomes de Sant Gervasi desitja que el p\u00fablic tingui acc\u00e9s a la informaci\u00f3 dels ensenyaments que imparteix. Tenim la intenci\u00f3 de reflectir en aquesta p\u00e0gina informaci\u00f3 actualitzada i exacta. Intentarem corregir els errors que se\u2019ns indiquin. No obstant aix\u00f2, l\u2019Escola Oficial d\u2019Idiomes de Sant Gervasi no assumeix cap responsabilitat relacionada amb la informaci\u00f3 inclosa en aquesta p\u00e0gina web, ja que aquesta informaci\u00f3 sempre haur\u00e0 de ser contrastada i confirmada a la mateixa EOI Sant Gervasi.<\/p>\n<p>La nostra escola no assumeix cap responsabilitat pels seg\u00fcents motius:<\/p>\n<ol>\n<li>La informaci\u00f3 que ofereix \u00e9s de car\u00e0cter general i no necess\u00e0riament exhaustiva, complerta o actualitzada.<\/li>\n<li>Aquesta p\u00e0gina cont\u00e9, en alguns casos, enlla\u00e7os amb p\u00e0gines externes sobre les quals aquesta EOI no t\u00e9 cap control, i respecte<br \/>\nde les quals declina tota responsabilitat.<\/li>\n<\/ol>\n<p>Tenim la intenci\u00f3 de reduir al m\u00ednim els problemes ocasionats per errors de car\u00e0cter t\u00e8cnic. Malgrat aix\u00f2, certes dades o\u00a0 informacions de la nostra p\u00e0gina poden haver estat creades o estructurades en arxius o formats no exempts d\u2019errors. Per aquesta ra\u00f3 no podem garantir que el servei que pretenem oferir no quedi interromput o afectat de qualsevol altra forma per aquests problemes.<\/p>\n<p>L\u2019EOI Sant Gervasi no garanteix que el seu lloc web i els seus servidors estiguin lliures de virus i de programes malignes de qualsevol tipus, i no es fa responsable dels eventuals danys i perjudicis causats per l\u2019acc\u00e9s al seu lloc web o per la impossibilitat d\u2019accedir-hi.<\/p>\n<p>L\u2019EOI Sant Gervasi no assumeix cap responsabilitat respecte dels problemes que puguin resultar de la consulta d\u2019aquesta p\u00e0gina o d\u2019aquelles altres p\u00e0gines externes a les quals s\u2019envia.<\/p>\n<p>Encara que pugui despla\u00e7ar-se per la major part d\u2019aquests llocs d\u2019Internet sense donar cap informaci\u00f3 sobre vost\u00e8, en certs casos, la informaci\u00f3 personal \u00e9s necess\u00e0ria per poder fer \u00fas dels serveis interactius de comunicaci\u00f3, inscripci\u00f3 o obtenci\u00f3 de documents que demani.<\/p>\n<p>La present cl\u00e0usula d\u2019exempci\u00f3 de responsabilitat t\u00e9 com a objectiu deixar clar que l\u2019EOI Sant Gervasi no assumeix cap responsabilitat en relaci\u00f3 a la informaci\u00f3 inclosa a la seva p\u00e0gina web, i que l\u2019esmentada informaci\u00f3 sempre haur\u00e0 de ser contrastada<br \/>\na la mateixa Escola Oficial d\u2019Idiomes de Sant Gervasi.<\/p>\n<p>&nbsp;<\/p>\n<p>&nbsp;<\/p>\n","protected":false},"excerpt":{"rendered":"<p>Normes d&#8217;organitzaci\u00f3 i funcionament de centre<\/p>\n<ul>\n<li>Normes d&#8217;organitzaci\u00f3 i funcionament de centre. <a href=\"https:\/\/agora-eoi.xtec.cat\/eoisantgervasi\/wp-content\/uploads\/usu2245\/2023\/10\/NOFC_oct23.pdf\">Enlla\u00e7 al document complet<\/a><\/li>\n<\/ul>\n<p>Assist\u00e8ncia a classe<br \/>\nEls alumnes tenen el deure d&#8217;assistir regularment a classe. Una assist\u00e8ncia superior al 65% \u00e9s imprescindible per poder ser avaluat de forma cont\u00ednua. En cas contrari, haur\u00e0 de&hellip;  <a href=\"https:\/\/agora-eoi.xtec.cat\/eoisantgervasi\/el-servei-educatiu\/normes-i-funcionament\/\" title=\"Read Normes i funcionament\">Llegeix m\u00e9s\u00bb<\/a><\/p>\n","protected":false},"author":1,"featured_media":0,"parent":806,"menu_order":35,"comment_status":"closed","ping_status":"closed","template":"page-templates\/side-menu.php","meta":{"_bbp_topic_count":0,"_bbp_reply_count":0,"_bbp_total_topic_count":0,"_bbp_total_reply_count":0,"_bbp_voice_count":0,"_bbp_anonymous_reply_count":0,"_bbp_topic_count_hidden":0,"_bbp_reply_count_hidden":0,"_bbp_forum_subforum_count":0,"footnotes":""},"class_list":["post-8372","page","type-page","status-publish","hentry"],"post_mailing_queue_ids":[],"_links":{"self":[{"href":"https:\/\/agora-eoi.xtec.cat\/eoisantgervasi\/wp-json\/wp\/v2\/pages\/8372","targetHints":{"allow":["GET"]}}],"collection":[{"href":"https:\/\/agora-eoi.xtec.cat\/eoisantgervasi\/wp-json\/wp\/v2\/pages"}],"about":[{"href":"https:\/\/agora-eoi.xtec.cat\/eoisantgervasi\/wp-json\/wp\/v2\/types\/page"}],"author":[{"embeddable":true,"href":"https:\/\/agora-eoi.xtec.cat\/eoisantgervasi\/wp-json\/wp\/v2\/users\/1"}],"replies":[{"embeddable":true,"href":"https:\/\/agora-eoi.xtec.cat\/eoisantgervasi\/wp-json\/wp\/v2\/comments?post=8372"}],"version-history":[{"count":8,"href":"https:\/\/agora-eoi.xtec.cat\/eoisantgervasi\/wp-json\/wp\/v2\/pages\/8372\/revisions"}],"predecessor-version":[{"id":12751,"href":"https:\/\/agora-eoi.xtec.cat\/eoisantgervasi\/wp-json\/wp\/v2\/pages\/8372\/revisions\/12751"}],"up":[{"embeddable":true,"href":"https:\/\/agora-eoi.xtec.cat\/eoisantgervasi\/wp-json\/wp\/v2\/pages\/806"}],"wp:attachment":[{"href":"https:\/\/agora-eoi.xtec.cat\/eoisantgervasi\/wp-json\/wp\/v2\/media?parent=8372"}],"curies":[{"name":"wp","href":"https:\/\/api.w.org\/{rel}","templated":true}]}}