{"id":8370,"date":"2016-06-13T13:38:46","date_gmt":"2016-06-13T12:38:46","guid":{"rendered":"https:\/\/agora-eoi.xtec.cat\/eoi3santgervasi\/?page_id=8370"},"modified":"2026-04-20T17:58:57","modified_gmt":"2026-04-20T15:58:57","slug":"impresos","status":"publish","type":"page","link":"https:\/\/agora-eoi.xtec.cat\/eoisantgervasi\/secretaria\/impresos\/","title":{"rendered":"Impresos"},"content":{"rendered":"<h4>Atenci\u00f3<\/h4>\n<p>Aquests impresos s\u00f3n formularis en format PDF. Si no podeu omplir el formulari correctament, pot ser perqu\u00e8 l&#8217;estigueu visualitzant amb el vostre navegador i no amb un programa lector d&#8217;arxius PDF. Si aquest \u00e9s el vostre cas, descarregueu l&#8217;arxiu PDF al vostre ordinador i obriu-lo amb un lector de PDF com <a href=\"http:\/\/get.adobe.com\/es\/reader\/download\/?installer=Reader_11.0.03_Spanish_for_Windows&amp;os=Windows%207&amp;browser_type=Gecko&amp;browser_dist=Firefox&amp;d=McAfee_Security_Scan_Plus_FireFox_Browser&amp;dualoffer=false\" target=\"_blank\" rel=\"noopener noreferrer\">l&#8217;Adobe Reader<\/a><\/p>\n<ul class=\"impresos\">\n<li><a href=\"https:\/\/agora-eoi.xtec.cat\/eoi3santgervasi\/wp-content\/uploads\/usu2245\/2020\/05\/autoritzacio-imatges-alumnes.pdf\" target=\"_blank\" rel=\"noopener noreferrer\">Autoritzaci\u00f3 d&#8217;\u00fas d&#8217;imatges de l&#8217;alumne\/a<\/a><\/li>\n<li><a href=\"https:\/\/agora-eoi.xtec.cat\/eoisantgervasi\/wp-content\/uploads\/usu2245\/2025\/02\/autoritzacio-menors.pdf\">Autoritzaci\u00f3 de menors: impr\u00e8s 001<\/a><\/li>\n<li><a href=\"https:\/\/agora-eoi.xtec.cat\/eoisantgervasi\/wp-content\/uploads\/usu2245\/2025\/02\/autoritzacio-per-lliurar.pdf\">Autoritzaci\u00f3 per lliurar<\/a><\/li>\n<li><a href=\"https:\/\/agora-eoi.xtec.cat\/eoisantgervasi\/wp-content\/uploads\/usu2245\/2025\/02\/acceptacio-donacions-biblioteca.pdf\">Formulari acceptaci\u00f3 de donacions de la biblioteca<\/a><\/li>\n<li><a href=\"https:\/\/agora-eoi.xtec.cat\/eoi3santgervasi\/wp-content\/uploads\/usu2245\/2020\/05\/dades-personals.pdf\" target=\"_blank\" rel=\"noopener noreferrer\">Impr\u00e8s de dades personals<\/a><\/li>\n<li><a href=\"https:\/\/agora-eoi.xtec.cat\/eoisantgervasi\/wp-content\/uploads\/usu2245\/2025\/02\/instancia.pdf\">Inst\u00e0ncies<\/a><\/li>\n<li><a href=\"https:\/\/agora-eoi.xtec.cat\/eoisantgervasi\/wp-content\/uploads\/usu2245\/2025\/02\/justificant-absencies-menors.pdf\">Justificant abs\u00e8ncies menors<\/a><\/li>\n<li><a href=\"https:\/\/agora-eoi.xtec.cat\/eoisantgervasi\/wp-content\/uploads\/usu2245\/2025\/02\/solicitud-convocatoria-adicional.pdf\">Sol\u00b7licitud de convocat\u00f2ria addicional<\/a><\/li>\n<li><a href=\"https:\/\/agora-eoi.xtec.cat\/eoisantgervasi\/wp-content\/uploads\/usu2245\/2025\/02\/Sol_dev_preu_public_eoi3.pdf\">Sol\u00b7licitud de devoluci\u00f3 de\u00a0 preu p\u00fablic<\/a> (devoluci\u00f3 del centre)<\/li>\n<li><a href=\"https:\/\/web.gencat.cat\/ca\/tramits\/tramits-temes\/devolucio-ingressos-indeguts\">Sol.licitud de devoluci\u00f3 de taxa o preu p\u00fablic<\/a> (devoluci\u00f3 del Departament d&#8217;Educaci\u00f3)<\/li>\n<li><a href=\"https:\/\/agora-eoi.xtec.cat\/eoisantgervasi\/wp-content\/uploads\/usu2245\/2025\/07\/sol-licitud-canvi-horari-_25_26.pdf\">Sol\u00b7licitud canvi d&#8217;horari<\/a><\/li>\n<li><a href=\"https:\/\/agora-eoi.xtec.cat\/eoisantgervasi\/wp-content\/uploads\/usu2245\/2025\/02\/solicitut-trasllat-matricula-viva.pdf\">Sol\u00b7licitud trasllat de matr\u00edcula viva<\/a><\/li>\n<li><a href=\"https:\/\/agora-eoi.xtec.cat\/eoisantgervasi\/wp-content\/uploads\/usu2245\/2025\/02\/renuncia-matricula.pdf\">Ren\u00fancia Matr\u00edcula<\/a><\/li>\n<li><a href=\"https:\/\/agora-eoi.xtec.cat\/eoisantgervasi\/wp-content\/uploads\/usu2245\/2025\/02\/solicitud-trasllat-expedient.pdf\">Trasllat d&#8217;Expedient<\/a><\/li>\n<li><a href=\"https:\/\/agora-eoi.xtec.cat\/eoisantgervasi\/wp-content\/uploads\/usu2245\/2025\/02\/reclamacio-dexamens-cat.pdf\">Reclamaci\u00f3 per a revisi\u00f3 de qualificacions<\/a><\/li>\n<\/ul>\n<div class=\"notranslate\" style=\"all: initial;\"><\/div>\n","protected":false},"excerpt":{"rendered":"<p>Atenci\u00f3<br \/>\nAquests impresos s\u00f3n formularis en format PDF. Si no podeu omplir el formulari correctament, pot ser perqu\u00e8 l&#8217;estigueu visualitzant amb el vostre navegador i no amb un programa lector d&#8217;arxius PDF. Si aquest \u00e9s el vostre cas, descarregueu l&#8217;arxiu PDF al vostre ordinador i obriu-lo&hellip;  <a href=\"https:\/\/agora-eoi.xtec.cat\/eoisantgervasi\/secretaria\/impresos\/\" title=\"Read Impresos\">Llegeix m\u00e9s\u00bb<\/a><\/p>\n","protected":false},"author":1,"featured_media":0,"parent":8358,"menu_order":35,"comment_status":"closed","ping_status":"closed","template":"page-templates\/side-menu.php","meta":{"_bbp_topic_count":0,"_bbp_reply_count":0,"_bbp_total_topic_count":0,"_bbp_total_reply_count":0,"_bbp_voice_count":0,"_bbp_anonymous_reply_count":0,"_bbp_topic_count_hidden":0,"_bbp_reply_count_hidden":0,"_bbp_forum_subforum_count":0,"footnotes":""},"class_list":["post-8370","page","type-page","status-publish","hentry"],"post_mailing_queue_ids":[],"_links":{"self":[{"href":"https:\/\/agora-eoi.xtec.cat\/eoisantgervasi\/wp-json\/wp\/v2\/pages\/8370","targetHints":{"allow":["GET"]}}],"collection":[{"href":"https:\/\/agora-eoi.xtec.cat\/eoisantgervasi\/wp-json\/wp\/v2\/pages"}],"about":[{"href":"https:\/\/agora-eoi.xtec.cat\/eoisantgervasi\/wp-json\/wp\/v2\/types\/page"}],"author":[{"embeddable":true,"href":"https:\/\/agora-eoi.xtec.cat\/eoisantgervasi\/wp-json\/wp\/v2\/users\/1"}],"replies":[{"embeddable":true,"href":"https:\/\/agora-eoi.xtec.cat\/eoisantgervasi\/wp-json\/wp\/v2\/comments?post=8370"}],"version-history":[{"count":7,"href":"https:\/\/agora-eoi.xtec.cat\/eoisantgervasi\/wp-json\/wp\/v2\/pages\/8370\/revisions"}],"predecessor-version":[{"id":12756,"href":"https:\/\/agora-eoi.xtec.cat\/eoisantgervasi\/wp-json\/wp\/v2\/pages\/8370\/revisions\/12756"}],"up":[{"embeddable":true,"href":"https:\/\/agora-eoi.xtec.cat\/eoisantgervasi\/wp-json\/wp\/v2\/pages\/8358"}],"wp:attachment":[{"href":"https:\/\/agora-eoi.xtec.cat\/eoisantgervasi\/wp-json\/wp\/v2\/media?parent=8370"}],"curies":[{"name":"wp","href":"https:\/\/api.w.org\/{rel}","templated":true}]}}