{"id":8366,"date":"2016-06-13T13:27:59","date_gmt":"2016-06-13T12:27:59","guid":{"rendered":"https:\/\/agora-eoi.xtec.cat\/eoi3santgervasi\/?page_id=8366"},"modified":"2025-07-24T17:07:06","modified_gmt":"2025-07-24T15:07:06","slug":"horari","status":"publish","type":"page","link":"https:\/\/agora-eoi.xtec.cat\/eoisantgervasi\/secretaria\/horari\/","title":{"rendered":"Horari d&#8217;atenci\u00f3"},"content":{"rendered":"<p>El Departament d&#8217;alumnat \u00e9s l&#8217;encarregat dels processos administratius de preinscripci\u00f3, matr\u00edcula, certificats, t\u00edtols, beques, etc.<\/p>\n<p>&nbsp;<\/p>\n<table class=\"taula thL tdL taulaPad10\" style=\"width: 731px;\">\n<thead>\n<tr>\n<th colspan=\"2\">DEPARTAMENT D&#8217;ALUMNAT &#8211;\u00a0 ATENCI\u00d3 PERSONALITZADA<\/th>\n<\/tr>\n<tr>\n<th style=\"width: 725.556px;\" colspan=\"2\">Administrativa: Ana Jerez<\/th>\n<\/tr>\n<\/thead>\n<tbody>\n<tr>\n<th style=\"width: 147.778px;\">De setembre a juny<\/th>\n<td style=\"width: 576.667px;\">De dilluns a dijous de 16:00 a 19:00 hores i divendres de 10 a 13 hores<\/td>\n<\/tr>\n<tr>\n<th style=\"width: 147.778px;\">Juliol<\/th>\n<td style=\"width: 576.667px;\">De dilluns a divendres de 10:00 a 13:00 hores (fins el 18 de juliol)<\/td>\n<\/tr>\n<tr>\n<th style=\"width: 147.778px;\">Agost<\/th>\n<td style=\"width: 576.667px;\">Tancat per vacances<\/td>\n<\/tr>\n<\/tbody>\n<\/table>\n<table class=\"taula thL tdL taulaPad10\" style=\"width: 45.8678%; height: 285px;\">\n<thead>\n<tr style=\"height: 33px;\">\n<th style=\"height: 33px;\" colspan=\"2\">CONSERGERIA<\/th>\n<\/tr>\n<tr style=\"height: 33px;\">\n<th style=\"height: 33px;\" colspan=\"2\">Conserge: Manuel Tejedor<\/th>\n<\/tr>\n<\/thead>\n<tbody>\n<tr style=\"height: 137px;\">\n<th style=\"height: 137px;\">De setembre a juny<\/th>\n<td style=\"height: 137px;\">&nbsp;<\/p>\n<p>De dilluns a dijous de 16.00 a 20.00 hores i divendres de 9:00 a 13:00h<\/p>\n<p>&nbsp;<\/td>\n<\/tr>\n<tr style=\"height: 49px;\">\n<th style=\"height: 49px;\">Juliol<\/th>\n<td style=\"height: 49px;\">De dilluns a divendres de 10.00 a 13:00 hores (fins el 18 de juliol de 2024)<\/td>\n<\/tr>\n<tr style=\"height: 33px;\">\n<th style=\"height: 33px;\">Agost<\/th>\n<td style=\"height: 33px;\">Tancat per vacances<\/td>\n<\/tr>\n<\/tbody>\n<\/table>\n<p>&nbsp;<\/p>\n<table class=\"taula thL tdL taulaPad10\" style=\"width: 293px;\">\n<thead>\n<tr>\n<th style=\"width: 287px;\">EQUIP DIRECTIU<\/th>\n<\/tr>\n<\/thead>\n<tbody>\n<tr>\n<th style=\"width: 287px;\"><strong>Claudia Back (directora)<\/strong><\/th>\n<\/tr>\n<tr>\n<th style=\"width: 287px;\">Xavier Pascual (Cap d&#8217;estudis)<\/th>\n<\/tr>\n<tr>\n<th style=\"width: 287px;\">Cristina Malgrat (secret\u00e0ria acad\u00e8mica)<\/th>\n<\/tr>\n<\/tbody>\n<\/table>\n","protected":false},"excerpt":{"rendered":"<p>El Departament d&#8217;alumnat \u00e9s l&#8217;encarregat dels processos administratius de preinscripci\u00f3, matr\u00edcula, certificats, t\u00edtols, beques, etc.<br \/>\n&nbsp;<\/p>\n<p>DEPARTAMENT D&#8217;ALUMNAT &#8211;\u00a0 ATENCI\u00d3 PERSONALITZADA<\/p>\n<p>Administrativa: Ana Jerez<\/p>\n<p>De setembre a juny<br \/>\nDe dilluns a dijous de 16:00 a 19:00 hores i divendres de 10 a 13 hores<\/p>\n<p>Juliol<br \/>\nDe dilluns a divendres de 10:00 a&hellip;  <a href=\"https:\/\/agora-eoi.xtec.cat\/eoisantgervasi\/secretaria\/horari\/\" title=\"Read Horari d&#8217;atenci\u00f3\">Llegeix m\u00e9s\u00bb<\/a><\/p>\n","protected":false},"author":1,"featured_media":0,"parent":8358,"menu_order":10,"comment_status":"closed","ping_status":"closed","template":"page-templates\/side-menu.php","meta":{"_bbp_topic_count":0,"_bbp_reply_count":0,"_bbp_total_topic_count":0,"_bbp_total_reply_count":0,"_bbp_voice_count":0,"_bbp_anonymous_reply_count":0,"_bbp_topic_count_hidden":0,"_bbp_reply_count_hidden":0,"_bbp_forum_subforum_count":0,"footnotes":""},"class_list":["post-8366","page","type-page","status-publish","hentry"],"post_mailing_queue_ids":[],"_links":{"self":[{"href":"https:\/\/agora-eoi.xtec.cat\/eoisantgervasi\/wp-json\/wp\/v2\/pages\/8366","targetHints":{"allow":["GET"]}}],"collection":[{"href":"https:\/\/agora-eoi.xtec.cat\/eoisantgervasi\/wp-json\/wp\/v2\/pages"}],"about":[{"href":"https:\/\/agora-eoi.xtec.cat\/eoisantgervasi\/wp-json\/wp\/v2\/types\/page"}],"author":[{"embeddable":true,"href":"https:\/\/agora-eoi.xtec.cat\/eoisantgervasi\/wp-json\/wp\/v2\/users\/1"}],"replies":[{"embeddable":true,"href":"https:\/\/agora-eoi.xtec.cat\/eoisantgervasi\/wp-json\/wp\/v2\/comments?post=8366"}],"version-history":[{"count":7,"href":"https:\/\/agora-eoi.xtec.cat\/eoisantgervasi\/wp-json\/wp\/v2\/pages\/8366\/revisions"}],"predecessor-version":[{"id":12570,"href":"https:\/\/agora-eoi.xtec.cat\/eoisantgervasi\/wp-json\/wp\/v2\/pages\/8366\/revisions\/12570"}],"up":[{"embeddable":true,"href":"https:\/\/agora-eoi.xtec.cat\/eoisantgervasi\/wp-json\/wp\/v2\/pages\/8358"}],"wp:attachment":[{"href":"https:\/\/agora-eoi.xtec.cat\/eoisantgervasi\/wp-json\/wp\/v2\/media?parent=8366"}],"curies":[{"name":"wp","href":"https:\/\/api.w.org\/{rel}","templated":true}]}}