{"id":8295,"date":"2016-06-13T11:34:05","date_gmt":"2016-06-13T10:34:05","guid":{"rendered":"https:\/\/agora-eoi.xtec.cat\/eoi3santgervasi\/?page_id=8295"},"modified":"2025-09-26T10:19:57","modified_gmt":"2025-09-26T08:19:57","slug":"llibres-i-lectura","status":"publish","type":"page","link":"https:\/\/agora-eoi.xtec.cat\/eoisantgervasi\/frances\/llibres-i-lectura\/","title":{"rendered":"Llibres de text"},"content":{"rendered":"<p><img loading=\"lazy\" decoding=\"async\" class=\"alignright wp-image-8680 size-full\" src=\"https:\/\/agora-eoi.xtec.cat\/eoi3santgervasi\/wp-content\/uploads\/usu2245\/2016\/06\/Literature-96.png\" alt=\"Literature-96\" width=\"96\" height=\"96\" \/><\/p>\n<table class=\"taula taulaPad10 tbodyThCentre\" style=\"width: 497px; height: 130px;\">\n<thead>\n<tr style=\"height: 33px;\">\n<th style=\"width: 491px; height: 33px; text-align: center;\" colspan=\"2\">LLIBRES DE FRANC\u00c8S CURS 2025-26<\/th>\n<\/tr>\n<\/thead>\n<tbody>\n<tr style=\"height: 10px;\">\n<td style=\"width: 50.85px; height: 10px;\"><strong>A1<\/strong><\/td>\n<td style=\"width: 438.15px; height: 10px;\"><strong>\u00c9DITO A1<\/strong>. Livre de l\u00e9l\u00e8ve. 2e \u00e9dition.<\/p>\n<p><strong>ISBN<\/strong> 978-8490498101<\/td>\n<\/tr>\n<tr style=\"height: 18px;\">\n<td style=\"width: 50.85px; height: 18px;\"><strong>A2<\/strong><\/td>\n<td style=\"width: 438.15px; height: 18px;\">\n<div><strong> PROFESSOR FELIP ESTEVE<\/strong><\/div>\n<div>\n<div>\n<div>\n<div class=\"gmail_default\"><span style=\"color: #767676; font-family: Arial, sans-serif;\"><b>\u00a0<\/b><\/span><\/div>\n<div><b>-D\u00e9fi 2 actuel livre de l&#8217;\u00e9l\u00e8ve EMDL<\/b>\u00a0ISBN: 9788411571548<\/div>\n<div class=\"gmail_default\"><b>-Grammaire progressive du fran\u00e7ais <\/b>\u2013 Niveau interm\u00e9diaire (A2\/B1)\u00a0 Livre + CD + Appli-web \u2013 4\u00e8me \u00e9dition\u00a0(Cle international)\u00a0ISBN\u00a0978-2-09-0<wbr \/>38103-0<\/div>\n<div>&#8211;<strong>Grammaire progressive du fran\u00e7ais A2-B1 \u2013<\/strong><\/div>\n<div><strong>\u00a0<u>Corrig\u00e9s\u00a0<\/u><\/strong>ISBN\u00a0:\u00a0978-2-09-<wbr \/>038104-7<\/div>\n<\/div>\n<\/div>\n<div>__________________________________________________<\/div>\n<div><strong>PROFESSOR CARLES TARGARONA<\/strong><\/div>\n<div><\/div>\n<div><strong>-Entre nous 2. EMDL.<\/strong><\/div>\n<div>&#8211;<strong>500 exercices de grammaire A2 avec corrig\u00e9s<\/strong>. Hachette FLE<\/div>\n<div><\/div>\n<div>Livres de lecture:<\/div>\n<div><strong>La le\u00e7on: <\/strong>Eug\u00e8ne Ionesco<\/div>\n<div><strong>Antigone<\/strong>: Jean Anoulh<\/div>\n<\/div>\n<\/td>\n<\/tr>\n<tr style=\"height: 49px;\">\n<td style=\"width: 50.85px; height: 49px;\"><strong>B1<\/strong><\/td>\n<td style=\"width: 438.15px; height: 49px;\">\n<div>\n<div>\n<div>&#8211;<strong>\u00a0D\u00e9fi 3<\/strong> \u2013 \u00c9dition hybride \u2013 Livre de l\u2019\u00e9l\u00e8ve\u00a0(EMDL)\u00a09788419236562<\/div>\n<div>&#8211;<strong>\u00a0Grammaire progressive du fran\u00e7ais<\/strong> &#8211; Niveau interm\u00e9diaire (A2\/B1) &#8211; Livre + CD + Appli-web &#8211; 4\u00e8me \u00e9dition\u00a0(Cle international)\u00a0ISBN\u00a0978-2-09-<wbr \/>038103-0<\/div>\n<div>\n<p>&#8211;\u00a0<strong>Grammaire progressive du fran\u00e7ais A2-B1 \u2013\u00a0<u>Corrig\u00e9s\u00a0<\/u><\/strong>ISBN\u00a0:\u00a0978-2-09-<wbr \/>038104-7<\/p>\n<\/div>\n<\/div>\n<\/div>\n<\/td>\n<\/tr>\n<tr style=\"height: 10px;\">\n<td style=\"width: 50.85px; height: 10px;\"><strong>B2.1<\/strong><\/td>\n<td style=\"width: 438.15px; height: 10px;\">\n<div>\n<div>&#8211; <strong>Pr\u00eat-\u00e0-parler B2<\/strong> &#8211;\u00a0Livre de l\u2019\u00e9l\u00e8ve &#8211;\u00a0(EMDL)\u00a09788411571265<\/div>\n<div>&#8211;<strong> En contexte- Exercices de grammaire B2<\/strong> (Hachette)\u00a0ISBN-13. 978-2014016352<\/div>\n<\/div>\n<\/td>\n<\/tr>\n<tr style=\"height: 10px;\">\n<td style=\"width: 50.85px; height: 10px;\"><strong>B2.2<\/strong><\/td>\n<td style=\"width: 438.15px; height: 10px;\">\n<div class=\"gmail_default\"><strong>-EDITOB2<\/strong>. Livre de l&#8217;\u00e9l\u00e8ve Ed. DIDIER ISBN: 978-8490498156<\/div>\n<\/td>\n<\/tr>\n<\/tbody>\n<\/table>\n<p>Els dies 22 i 23 de setembre i el dia 29 i 30 de setembre , en horari de tarda de 16 a 2030, la llibreria Alibri posar\u00e0 a la venda, <strong>a la nostra escola (Aula 0)<\/strong>, els llibres de text que s&#8217;utilitzaran a la nostra escola durant el curs 25-26.<\/p>\n","protected":false},"excerpt":{"rendered":"<p>LLIBRES DE FRANC\u00c8S CURS 2025-26<\/p>\n<p>A1<br \/>\n\u00c9DITO A1. Livre de l\u00e9l\u00e8ve. 2e \u00e9dition.<br \/>\nISBN 978-8490498101<\/p>\n<p>A2<\/p>\n<p> PROFESSOR FELIP ESTEVE<\/p>\n<p>\u00a0<br \/>\n-D\u00e9fi 2 actuel livre de l&#8217;\u00e9l\u00e8ve EMDL\u00a0ISBN: 9788411571548<br \/>\n-Grammaire progressive du fran\u00e7ais \u2013 Niveau interm\u00e9diaire (A2\/B1)\u00a0 Livre + CD + Appli-web \u2013 4\u00e8me \u00e9dition\u00a0(Cle international)\u00a0ISBN\u00a0978-2-09-038103-0<br \/>\n&#8211;Grammaire progressive du fran\u00e7ais A2-B1 \u2013<br \/>\n\u00a0Corrig\u00e9s\u00a0ISBN\u00a0:\u00a0978-2-09-038104-7<\/p>\n<p>__________________________________________________<br \/>\nPROFESSOR CARLES TARGARONA<\/p>\n<p>-Entre&hellip;  <a href=\"https:\/\/agora-eoi.xtec.cat\/eoisantgervasi\/frances\/llibres-i-lectura\/\" title=\"Read Llibres de text\">Llegeix m\u00e9s\u00bb<\/a><\/p>\n","protected":false},"author":1,"featured_media":0,"parent":8195,"menu_order":30,"comment_status":"closed","ping_status":"closed","template":"page-templates\/side-menu.php","meta":{"_bbp_topic_count":0,"_bbp_reply_count":0,"_bbp_total_topic_count":0,"_bbp_total_reply_count":0,"_bbp_voice_count":0,"_bbp_anonymous_reply_count":0,"_bbp_topic_count_hidden":0,"_bbp_reply_count_hidden":0,"_bbp_forum_subforum_count":0,"footnotes":""},"class_list":["post-8295","page","type-page","status-publish","hentry"],"post_mailing_queue_ids":[],"_links":{"self":[{"href":"https:\/\/agora-eoi.xtec.cat\/eoisantgervasi\/wp-json\/wp\/v2\/pages\/8295","targetHints":{"allow":["GET"]}}],"collection":[{"href":"https:\/\/agora-eoi.xtec.cat\/eoisantgervasi\/wp-json\/wp\/v2\/pages"}],"about":[{"href":"https:\/\/agora-eoi.xtec.cat\/eoisantgervasi\/wp-json\/wp\/v2\/types\/page"}],"author":[{"embeddable":true,"href":"https:\/\/agora-eoi.xtec.cat\/eoisantgervasi\/wp-json\/wp\/v2\/users\/1"}],"replies":[{"embeddable":true,"href":"https:\/\/agora-eoi.xtec.cat\/eoisantgervasi\/wp-json\/wp\/v2\/comments?post=8295"}],"version-history":[{"count":7,"href":"https:\/\/agora-eoi.xtec.cat\/eoisantgervasi\/wp-json\/wp\/v2\/pages\/8295\/revisions"}],"predecessor-version":[{"id":12671,"href":"https:\/\/agora-eoi.xtec.cat\/eoisantgervasi\/wp-json\/wp\/v2\/pages\/8295\/revisions\/12671"}],"up":[{"embeddable":true,"href":"https:\/\/agora-eoi.xtec.cat\/eoisantgervasi\/wp-json\/wp\/v2\/pages\/8195"}],"wp:attachment":[{"href":"https:\/\/agora-eoi.xtec.cat\/eoisantgervasi\/wp-json\/wp\/v2\/media?parent=8295"}],"curies":[{"name":"wp","href":"https:\/\/api.w.org\/{rel}","templated":true}]}}