{"id":8170,"date":"2016-06-08T17:06:12","date_gmt":"2016-06-08T16:06:12","guid":{"rendered":"https:\/\/agora-eoi.xtec.cat\/eoi3santgervasi\/?page_id=8170"},"modified":"2021-04-29T16:46:09","modified_gmt":"2021-04-29T14:46:09","slug":"candidats-lliures","status":"publish","type":"page","link":"https:\/\/agora-eoi.xtec.cat\/eoisantgervasi\/secretaria\/matricula\/candidats-lliures\/","title":{"rendered":"Candidats lliures"},"content":{"rendered":"<p>El Departament d&#8217;Educaci\u00f3 organitza la convocat\u00f2ria extraordin\u00e0ria (febrer) i ordin\u00e0ria (juny) de les proves lliures per obtenir els certificats d&#8217;alemany, angl\u00e8s i franc\u00e8s seg\u00fcents:<\/p>\n<ul>\n<li><strong>Nivell Intermedi B1: <\/strong>corresponent al nivell B1 del Marc europeu com\u00fa de refer\u00e8ncia per a les lleng\u00fces (MECR)<\/li>\n<li><strong>Nivell Intermedi B2: <\/strong>corresponent al nivell B2 del Marc europeu com\u00fa de refer\u00e8ncia per a les lleng\u00fces (MECR)<\/li>\n<li><strong>Nivell Avan\u00e7at C1: <\/strong>corresponent al nivell C1 del Marc europeu com\u00fa de refer\u00e8ncia per a les lleng\u00fces (MECR)<\/li>\n<\/ul>\n<p>La inscripci\u00f3 per a les proves lliures de la convocat\u00f2ria extraordin\u00e0ria de febrer t\u00e9 lloc, normalment, durant el mes de novembre, mentre que la inscripci\u00f3 per a les proves de la convocat\u00f2ria ordin\u00e0ria de juny t\u00e9 lloc normalment durant el mes de febrer\/mar\u00e7. Podeu trobar tota la informaci\u00f3 (calendari, import d&#8217;inscripci\u00f3, mostres de les proves, etc.) en el web del <a href=\"http:\/\/educacio.gencat.cat\/ca\/serveis-tramits\/proves\/proves-lliures-obtencio-titols\/\">Departament d&#8217;Educaci\u00f3<\/a>.<\/p>\n<p>&nbsp;<\/p>\n","protected":false},"excerpt":{"rendered":"<p>El Departament d&#8217;Educaci\u00f3 organitza la convocat\u00f2ria extraordin\u00e0ria (febrer) i ordin\u00e0ria (juny) de les proves lliures per obtenir els certificats d&#8217;alemany, angl\u00e8s i franc\u00e8s seg\u00fcents:<\/p>\n<ul>\n<li>Nivell Intermedi B1: corresponent al nivell B1 del Marc europeu com\u00fa de refer\u00e8ncia per a les lleng\u00fces (MECR)<\/li>\n<li>Nivell Intermedi B2: corresponent al&hellip;  <a href=\"https:\/\/agora-eoi.xtec.cat\/eoisantgervasi\/secretaria\/matricula\/candidats-lliures\/\" title=\"Read Candidats lliures\">Llegeix m\u00e9s\u00bb<\/a><br \/>\n","protected":false},"author":1,"featured_media":0,"parent":8161,"menu_order":40,"comment_status":"closed","ping_status":"closed","template":"page-templates\/side-menu.php","meta":{"_bbp_topic_count":0,"_bbp_reply_count":0,"_bbp_total_topic_count":0,"_bbp_total_reply_count":0,"_bbp_voice_count":0,"_bbp_anonymous_reply_count":0,"_bbp_topic_count_hidden":0,"_bbp_reply_count_hidden":0,"_bbp_forum_subforum_count":0,"footnotes":""},"class_list":["post-8170","page","type-page","status-publish","hentry"],"post_mailing_queue_ids":[],"_links":{"self":[{"href":"https:\/\/agora-eoi.xtec.cat\/eoisantgervasi\/wp-json\/wp\/v2\/pages\/8170","targetHints":{"allow":["GET"]}}],"collection":[{"href":"https:\/\/agora-eoi.xtec.cat\/eoisantgervasi\/wp-json\/wp\/v2\/pages"}],"about":[{"href":"https:\/\/agora-eoi.xtec.cat\/eoisantgervasi\/wp-json\/wp\/v2\/types\/page"}],"author":[{"embeddable":true,"href":"https:\/\/agora-eoi.xtec.cat\/eoisantgervasi\/wp-json\/wp\/v2\/users\/1"}],"replies":[{"embeddable":true,"href":"https:\/\/agora-eoi.xtec.cat\/eoisantgervasi\/wp-json\/wp\/v2\/comments?post=8170"}],"version-history":[{"count":2,"href":"https:\/\/agora-eoi.xtec.cat\/eoisantgervasi\/wp-json\/wp\/v2\/pages\/8170\/revisions"}],"predecessor-version":[{"id":10144,"href":"https:\/\/agora-eoi.xtec.cat\/eoisantgervasi\/wp-json\/wp\/v2\/pages\/8170\/revisions\/10144"}],"up":[{"embeddable":true,"href":"https:\/\/agora-eoi.xtec.cat\/eoisantgervasi\/wp-json\/wp\/v2\/pages\/8161"}],"wp:attachment":[{"href":"https:\/\/agora-eoi.xtec.cat\/eoisantgervasi\/wp-json\/wp\/v2\/media?parent=8170"}],"curies":[{"name":"wp","href":"https:\/\/api.w.org\/{rel}","templated":true}]}}