{"id":8164,"date":"2025-06-12T20:27:04","date_gmt":"2025-06-12T18:27:04","guid":{"rendered":"https:\/\/agora-eoi.xtec.cat\/eoi3santgervasi\/?page_id=8164"},"modified":"2025-06-13T12:14:57","modified_gmt":"2025-06-13T10:14:57","slug":"alumnes-antics","status":"publish","type":"page","link":"https:\/\/agora-eoi.xtec.cat\/eoisantgervasi\/secretaria\/matricula\/alumnes-antics\/","title":{"rendered":"Antics alumnes"},"content":{"rendered":"<div class=\"titolPag\">\n<h2>Calendari de matr\u00edcula d&#8217;antics alumnes pel curs 2025-2026 &#8211; JULIOL 2025<\/h2>\n<h3>Tota la matr\u00edcula es far\u00e0 exclusivament al mes de juliol<\/h3>\n<\/div>\n<div class=\"marc_gris\">\n<ul>\n<li><strong><a href=\"https:\/\/agora-eoi.xtec.cat\/eoi3santgervasi\/wp-content\/uploads\/usu2245\/2021\/04\/Indicacions_acces_Centrosnet.pdf\">Instruccions d&#8217;acc\u00e9s<\/a> a l&#8217;aplicatiu de matr\u00edcula<\/strong><\/li>\n<li><strong><a href=\"https:\/\/agora-eoi.xtec.cat\/eoisantgervasi\/wp-content\/uploads\/usu2245\/2025\/06\/Indicacions_pagament_matriculaoficial-1.pdf\">Instruccions per formalitzar el pagament<\/a> de la matr\u00edcula<\/strong><\/li>\n<\/ul>\n<p><a href=\"https:\/\/www.informaticacentros.com\/centrosnet\/ultralogin.php?tcentro=EOI&amp;centro=B13\" target=\"_blank\" rel=\"noopener noreferrer\">Acc\u00e9s directe a la matr\u00edcula ON LINE (accessible a partir de les 09:00 hores del 01\/07\/2025). Un cop dins, seleccionar GESTI\u00d3 i despr\u00e9s MATR\u00cdCULA ON LINE.<\/a><\/p>\n<p>ATENCI\u00d3: Escriviu el DNI\/NIE sense la lletra final. En el desplegable trieu la taxa que us correspon (ordin\u00e0ria\/fam\u00edlia nombrosa general\/fam\u00edlia nombrosa especial\/exempt)<\/p>\n<\/div>\n<p>Per tal d&#8217;agilitzar el proc\u00e9s de matr\u00edcula d&#8217;antics alumnes, a l&#8217;Escola Oficial d&#8217;Idiomes Barcelona III &#8211; Sant Gervasi l&#8217;alumnat haur\u00e0 de fer la matr\u00edcula pr\u00f2pia <strong>via telem\u00e0tica<\/strong> els dies que s&#8217;indiquen en el calendari seg\u00fcent i d&#8217;acord amb les pautes que s&#8217;hi descriuen:<\/p>\n<table class=\"taula\">\n<thead>\n<tr>\n<th>JUNY\/JULIOL<\/th>\n<th>ALUMNAT<\/th>\n<\/tr>\n<\/thead>\n<tbody>\n<tr>\n<td style=\"text-align: center;\">Dies 1 i 2 de JULIOL<\/td>\n<td>Alumnes d&#8217;<strong>A1 a B2.2<\/strong> del curs 2023-24 que han obtingut la qualificaci\u00f3 d\u2019<strong>APTE\/A<\/strong> i que es volen matricular a un grup de la mateixa franja hor\u00e0ria.*<\/td>\n<\/tr>\n<tr>\n<td style=\"text-align: center;\">Dies 3 i 4 de JULIOL<\/td>\n<td>Alumnes d&#8217;<strong>A1 a B2.2<\/strong> del curs 2023-24 que han obtingut la qualificaci\u00f3 d\u2019<strong>APTE\/A<\/strong> i que es volen matricular a un grup d&#8217;una franja hor\u00e0ria diferent.*<\/td>\n<\/tr>\n<tr>\n<td style=\"text-align: center;\">Dies 5, 6 i 7 de JULIOL<\/td>\n<td>Alumnes d&#8217;<strong>A1 a C1<\/strong> del curs 2023-24 que han obtingut la qualificaci\u00f3 de <strong>NO APTE\/A, NO QUALIFICAT\/DA o NO PRESENTAT\/DA<\/strong> o que van fer la <strong>REN\u00daNCIA<\/strong> de matr\u00edcula.<\/td>\n<\/tr>\n<\/tbody>\n<\/table>\n<p style=\"text-align: justify;\">Per fer aquesta matr\u00edcula, l\u2019alumnat haur\u00e0 d\u2019entrar a la p\u00e0gina web de l\u2019escola <a href=\"https:\/\/agora-eoi.xtec.cat\/eoisantgervasi\/\">www.eoisg.cat<\/a> on trobar\u00e0 l\u2019enlla\u00e7 a l\u2019aplicatiu des del qual far\u00e0 la matr\u00edcula. Aquest aplicatiu obrir\u00e0 <strong>cada nou termini a les 09:00h<\/strong> sense tancar la franja anterior.<\/p>\n<p style=\"text-align: justify;\">Els alumnes hauran de pagar l\u2019import de la taxa o preu p\u00fablic. En el moment de formalitzar la matr\u00edcula, l\u2019aplicatiu generar\u00e0 el \u201cResguard de matr\u00edcula oficial &#8211; Curs 2025-2026\u201d, que hauran de guardar per fer efectiu l\u2019import a l\u2019entitat banc\u00e0ria. Tamb\u00e9 es pot fer el pagament en l\u00ednia a trav\u00e9s de l\u2019enlla\u00e7 a l\u2019entitat banc\u00e0ria (CaixaBank L\u00ednia Oberta). Tant si es fa el pagament presencial a l\u2019entitat o el pagament telem\u00e0tic, cal tenir en compte que el termini \u00e9s de <strong>24 hores<\/strong> a partir de la formalitzaci\u00f3 de la matr\u00edcula.<\/p>\n<div class=\"nota taulaImportant\">\n<h4 style=\"text-align: justify;\">ATENCI\u00d3!<\/h4>\n<ul style=\"text-align: justify;\">\n<li>L\u2019alumne que no es matriculi dins d\u2019aquest per\u00edode de matr\u00edcula del mes de juliol perdr\u00e0 la seva prioritat de dia i d\u2019horari respecte als que ja ho hagin fet. Qualsevol incid\u00e8ncia relacionada amb la matr\u00edcula, l\u2019alumne l\u2019haur\u00e0 de resoldre els dies<strong> 8 i 9 de juliol<\/strong> presencialment al centre o enviant un correu a: administracio@eoisg.cat<\/li>\n<li>Els alumnes que es matriculin el mes de juliol <strong>no<\/strong> podran preinscriure\u2019s el mes de setembre de la mateixa llengua i curs en una altra escola amb la intenci\u00f3 de traslladar-hi la matr\u00edcula feta. El trasllat de matr\u00edcula d\u2019una escola a una altra es fa, de manera ordin\u00e0ria, durant el curs i en el cas que l\u2019escola a la qual es vulgui traslladar la matr\u00edcula disposi de places.<\/li>\n<\/ul>\n<p style=\"text-align: justify;\"><strong>TRASLLATS DE MATR\u00cdCULA JULIOL 2025<\/strong><\/p>\n<ul style=\"text-align: justify;\">\n<li>De manera extraordin\u00e0ria i dins el per\u00edode no lectiu, els alumnes oficials, un cop hagin formalitzat la matr\u00edcula al seu centre d\u2019origen, poden sol\u00b7licitar un trasllat de matr\u00edcula a una altra escola els dies <strong>10 i\u00a0 11 de juliol<\/strong>. La sol\u00b7licitud\u00a0 quedar\u00e0 condicionada a la disponibilitat de places. L\u2019escola de destinaci\u00f3 es posar\u00e0 en contacte amb els alumnes, a trav\u00e9s dels mitjans que estableixi, per notificar l\u2019acceptaci\u00f3 o la denegaci\u00f3 del trasllat. En cas d\u2019acceptaci\u00f3, el proc\u00e9s de trasllat ha d\u2019haver acabat abans del <strong>17 de juliol<\/strong>. La documentaci\u00f3 que caldr\u00e0 aportar en el moment de sol\u00b7licitar el trasllat ser\u00e0 el full de pagament de la matr\u00edcula. En cas que s\u2019accepti, caldr\u00e0 tramitar el trasllat d\u2019expedient a l\u2019escola d\u2019origen.<\/li>\n<\/ul>\n<p style=\"text-align: justify;\"><strong>Termini: dies 10 i 11 de juliol de 2025 (improrrogable)<\/strong><\/p>\n<p style=\"text-align: justify;\">Per traslladar la vostra matr\u00edcula a l\u2019EOI Barcelona III \u2013 Sant Gervasi, heu de lliurar presencialment o d&#8217;enviar per correu electr\u00f2nic a administracio@eoisg.cat aquesta documentaci\u00f3:<\/p>\n<p style=\"text-align: justify;\"><span id=\"more-9304\"><\/span><em>(Com a \u00ab<strong>Assumpte<\/strong>\u00bb indiqueu nom\u00e9s\u00a0 TRASLLAT IDIOMA i CURS (Ex.:\u00a0 TRASLLAT ALEMANY B2.1)<\/em><\/p>\n<ul style=\"text-align: justify;\">\n<li>DNI\/NIE\/Passaport (per les dues cares, si escau)<\/li>\n<li>Full de matr\u00edcula de l\u2019EOI d\u2019origen amb les vostres dades personals i acad\u00e8miques<\/li>\n<li>Comprovant de pagament de la matr\u00edcula (taxa\/preu p\u00fablic i aportaci\u00f3 complement\u00e0ria)<\/li>\n<li><a href=\"https:\/\/agora-eoi.xtec.cat\/eoisantgervasi\/wp-content\/uploads\/usu2245\/2025\/02\/solicitut-trasllat-matricula-viva.pdf\">Full de sol\u00b7licitud<\/a>\u00a0de trasllat de matr\u00edcula viva<\/li>\n<li>En el cas d\u2019alumnat menor,\u00a0<a href=\"https:\/\/agora-eoi.xtec.cat\/eoisantgervasi\/wp-content\/uploads\/usu2245\/2025\/02\/autoritzacio-menors.pdf\">full d\u2019autoritzaci\u00f3<\/a>\u00a0per part dels pares o tutors<\/li>\n<\/ul>\n<p style=\"text-align: justify;\">Si voleu traslladar 2 idiomes, heu d\u2019emplenar el\u00a0<a href=\"https:\/\/docs.google.com\/forms\/d\/e\/1FAIpQLScd5_Hz62iB6_1z1tZ-ppBWgkTxM1NgYr178UNKKX-_ScjY9w\/viewform\" target=\"_blank\" rel=\"noopener noreferrer\">formulari de sol\u00b7licitud<\/a>\u00a0i enviar la documentaci\u00f3 corresponent per a cadascuna de les matr\u00edcules.<\/p>\n<div class=\"marc_gris\">\n<p style=\"text-align: justify;\"><strong>Atenci\u00f3!<\/strong><\/p>\n<ul style=\"text-align: justify;\">\n<li>No m\u00e9s tard del dia 17 de juliol l\u2019escola us confirmar\u00e0 per correu electr\u00f2nic la disponibilitat de pla\u00e7a vacant en l\u2019idioma\/curs i horari del vostre inter\u00e8s.<\/li>\n<li>Perqu\u00e8 el trasllat esdevingui definitiu, \u00e9s imprescindible confirmar al m\u00e9s aviat possible l\u2019acceptaci\u00f3 de la pla\u00e7a assignada per correu electr\u00f2nic a administracio<span class=\"\">@eoisg.cat<\/span><\/li>\n<li>L\u2019EOI Barcelona III \u2013 Sant Gervasi no ofereix els nivells A1 d\u2019angl\u00e8s i C1 de franc\u00e8s.<\/li>\n<li>Podeu revisar els horaris de 2025-2026 aqu\u00ed: <a href=\"https:\/\/agora-eoi.xtec.cat\/eoisantgervasi\/alemany\/horaris-professorat\/\">Alemany\u00a0<\/a>\/\u00a0<a href=\"https:\/\/agora-eoi.xtec.cat\/eoisantgervasi\/angles\/horaris\/\">Angl\u00e8s\u00a0<\/a>\/\u00a0<a href=\"https:\/\/agora-eoi.xtec.cat\/eoisantgervasi\/frances\/horaris\/\">Franc\u00e8s<\/a><\/li>\n<li>No atendrem sol\u00b7licituds de trasllat en horaris que no formin part de la nostra oferta de 2025-2026<\/li>\n<\/ul>\n<p style=\"text-align: justify;\">Nom\u00e9s en el cas que el nombre de sol\u00b7licituds superi el nombre de places disponibles, l\u2019adjudicaci\u00f3 es far\u00e0 a trav\u00e9s d\u2019una ordenaci\u00f3 aleat\u00f2ria de les sol\u00b7licituds (sorteig entre les sol\u00b7licituds presentades l\u201910 i 11 de juliol).<\/p>\n<\/div>\n<\/div>\n","protected":false},"excerpt":{"rendered":"<p>Calendari de matr\u00edcula d&#8217;antics alumnes pel curs 2025-2026 &#8211; JULIOL 2025<br \/>\nTota la matr\u00edcula es far\u00e0 exclusivament al mes de juliol<\/p>\n<ul>\n<li><a href=\"https:\/\/agora-eoi.xtec.cat\/eoi3santgervasi\/wp-content\/uploads\/usu2245\/2021\/04\/Indicacions_acces_Centrosnet.pdf\">Instruccions d&#8217;acc\u00e9s<\/a> a l&#8217;aplicatiu de matr\u00edcula<\/li>\n<li><a href=\"https:\/\/agora-eoi.xtec.cat\/eoisantgervasi\/wp-content\/uploads\/usu2245\/2025\/06\/Indicacions_pagament_matriculaoficial-1.pdf\">Instruccions per formalitzar el pagament<\/a> de la matr\u00edcula<\/li>\n<\/ul>\n<p><a href=\"https:\/\/www.informaticacentros.com\/centrosnet\/ultralogin.php?tcentro=EOI&amp;centro=B13\" target=\"_blank\" rel=\"noopener noreferrer\">Acc\u00e9s directe a la matr\u00edcula ON LINE (accessible&hellip;  <a href=\"https:\/\/agora-eoi.xtec.cat\/eoisantgervasi\/secretaria\/matricula\/alumnes-antics\/\" title=\"Read Antics alumnes\">Llegeix m\u00e9s\u00bb<\/a><\/p>\n","protected":false},"author":1,"featured_media":0,"parent":8161,"menu_order":10,"comment_status":"closed","ping_status":"closed","template":"page-templates\/side-menu.php","meta":{"_bbp_topic_count":0,"_bbp_reply_count":0,"_bbp_total_topic_count":0,"_bbp_total_reply_count":0,"_bbp_voice_count":0,"_bbp_anonymous_reply_count":0,"_bbp_topic_count_hidden":0,"_bbp_reply_count_hidden":0,"_bbp_forum_subforum_count":0,"footnotes":""},"class_list":["post-8164","page","type-page","status-publish","hentry"],"post_mailing_queue_ids":[],"_links":{"self":[{"href":"https:\/\/agora-eoi.xtec.cat\/eoisantgervasi\/wp-json\/wp\/v2\/pages\/8164","targetHints":{"allow":["GET"]}}],"collection":[{"href":"https:\/\/agora-eoi.xtec.cat\/eoisantgervasi\/wp-json\/wp\/v2\/pages"}],"about":[{"href":"https:\/\/agora-eoi.xtec.cat\/eoisantgervasi\/wp-json\/wp\/v2\/types\/page"}],"author":[{"embeddable":true,"href":"https:\/\/agora-eoi.xtec.cat\/eoisantgervasi\/wp-json\/wp\/v2\/users\/1"}],"replies":[{"embeddable":true,"href":"https:\/\/agora-eoi.xtec.cat\/eoisantgervasi\/wp-json\/wp\/v2\/comments?post=8164"}],"version-history":[{"count":8,"href":"https:\/\/agora-eoi.xtec.cat\/eoisantgervasi\/wp-json\/wp\/v2\/pages\/8164\/revisions"}],"predecessor-version":[{"id":12409,"href":"https:\/\/agora-eoi.xtec.cat\/eoisantgervasi\/wp-json\/wp\/v2\/pages\/8164\/revisions\/12409"}],"up":[{"embeddable":true,"href":"https:\/\/agora-eoi.xtec.cat\/eoisantgervasi\/wp-json\/wp\/v2\/pages\/8161"}],"wp:attachment":[{"href":"https:\/\/agora-eoi.xtec.cat\/eoisantgervasi\/wp-json\/wp\/v2\/media?parent=8164"}],"curies":[{"name":"wp","href":"https:\/\/api.w.org\/{rel}","templated":true}]}}