{"id":8161,"date":"2023-06-12T16:52:40","date_gmt":"2023-06-12T14:52:40","guid":{"rendered":"https:\/\/agora-eoi.xtec.cat\/eoi3santgervasi\/?page_id=8161"},"modified":"2023-07-12T17:51:01","modified_gmt":"2023-07-12T15:51:01","slug":"matricula","status":"publish","type":"page","link":"https:\/\/agora-eoi.xtec.cat\/eoisantgervasi\/secretaria\/matricula\/","title":{"rendered":"Matr\u00edcula"},"content":{"rendered":"<p><strong>Requisits<\/strong><\/p>\n<ul style=\"list-style-type: disc;\">\n<li>Tenir 16 anys o complir-los no m\u00e9s tard del 31 de desembre de l&#8217;any de la matr\u00edcula.<\/li>\n<li>Tenir 14 anys (o complir-los no m\u00e9s tard del 31 de desembre de l&#8217;any de la matr\u00edcula): per a idiomes diferents del cursat com a primera llengua estrangera a l&#8217;ESO.<\/li>\n<\/ul>\n<p><strong>Modalitats de cursos<\/strong><\/p>\n<ul style=\"list-style-type: disc;\">\n<li>Extensius (presencials, semipresencials o flexibilitzats)<\/li>\n<li>Intensius (quadrimestrals o flexibilitzats)<\/li>\n<\/ul>\n<p>L&#8217;oferta de l&#8217;EOI de Sant Gervasi \u00e9s de cursos oficials extensius de 130 hores (anuals), en horari de tarda\/vespre, amb dues franges hor\u00e0ries: de 16.30 a 18.45 hores i de 18.45 a 21.00 hores.<\/p>\n<p>La matr\u00edcula dona dret a assistir a classe i a la realitzaci\u00f3 dels ex\u00e0mens corresponents.<\/p>\n<p>La matr\u00edcula oficial d&#8217;antics alumnes, inscrits en l&#8217;any acad\u00e8mic anterior, es formalitza en el mes de juliol.<\/p>\n<p>La preinscripci\u00f3, el test de nivell, i la matr\u00edcula oficial de nous alumnes t\u00e9 lloc a principis de setembre, d&#8217;acord amb el calendari i procediment unificat que estableix el <a href=\"https:\/\/preinscripcio.gencat.cat\/ca\/estudis\/idiomes-eoi\/informat\/\">Departament d&#8217;Educaci\u00f3<\/a>.<\/p>\n<p><strong>Cursos especials<\/strong><\/p>\n<p>Les EOI organitzen i imparteixen, durant l&#8217;any acad\u00e8mic i l&#8217;estiu, <a href=\"https:\/\/agora-eoi.xtec.cat\/eoi3santgervasi\/cursos\/cursos-monografics-especials\/\">cursos d&#8217;actualitzaci\u00f3 i especialitzaci\u00f3<\/a> en diferents idiomes. Per con\u00e8ixer l&#8217;oferta i el calendari de matr\u00edcula dels cursos especials, cal consultar el portal web de l&#8217;EOI que els organitza.<\/p>\n<p><strong>Convocat\u00f2ria de proves en r\u00e8gim lliure<\/strong><\/p>\n<ul>\n<li>Ordin\u00e0ria: al maig\/juny<\/li>\n<li>Extraordin\u00e0ria: al febrer (nom\u00e9s per a angl\u00e8s)<\/li>\n<\/ul>\n<p><strong>Cursos i certificats<\/strong><\/p>\n<table>\n<tbody>\n<tr>\n<td style=\"width: 160px;\"><strong>Cursos (130 hores)<\/strong><\/td>\n<td style=\"width: 240px;\"><strong>Certificats<\/strong><\/td>\n<td style=\"width: 165px;\"><strong>Modalitat<\/strong><\/td>\n<td style=\"width: 189px;\"><strong>Correspond\u00e8ncia nivell <\/strong><strong style=\"font-family: inherit; font-size: 1em;\">Marc europeu com\u00fa de refer\u00e8ncia (MECR)<\/strong><\/td>\n<\/tr>\n<tr>\n<td style=\"width: 160px;\">A1<\/p>\n<p>A2<\/td>\n<td style=\"width: 240px;\">Certificat de nivell b\u00e0sic A2<\/td>\n<td style=\"width: 165px;\">Nom\u00e9s alumnat oficial<\/td>\n<td style=\"width: 189px; text-align: center;\">A2+<\/td>\n<\/tr>\n<tr>\n<td style=\"width: 160px;\">B1<\/td>\n<td style=\"width: 240px;\">Certificat de nivell intermedi B1<\/td>\n<td style=\"width: 165px;\">Alumnat oficial i lliure<\/td>\n<td style=\"width: 189px; text-align: center;\">B1<\/td>\n<\/tr>\n<tr>\n<td style=\"width: 160px;\">B2.1<\/p>\n<p>B2.2<\/td>\n<td style=\"width: 240px;\">Certificat de nivell intermedi B2<\/td>\n<td style=\"width: 165px;\">Alumnat oficial i lliure<\/td>\n<td style=\"width: 189px; text-align: center;\">B2<\/td>\n<\/tr>\n<tr>\n<td style=\"width: 160px;\">C1<\/td>\n<td style=\"width: 240px;\">Certificat de nivell avan\u00e7at C1<\/td>\n<td style=\"width: 165px;\">Alumnat oficial i lliure<\/td>\n<td style=\"width: 189px; text-align: center;\">C1<\/td>\n<\/tr>\n<tr>\n<td style=\"width: 160px;\">C2 Catal\u00e0 (1 curs)<\/p>\n<p>C2 Angl\u00e8s (2 cursos)<\/td>\n<td style=\"width: 240px;\">Certificat de nivell avan\u00e7at C2<\/td>\n<td style=\"width: 165px;\">Nom\u00e9s alumnat oficial<\/td>\n<td style=\"width: 189px; text-align: center;\">C2*<\/td>\n<\/tr>\n<\/tbody>\n<\/table>\n<p>* la nostra escola no ofereix de moment el nivell C2 de cap idioma<\/p>\n","protected":false},"excerpt":{"rendered":"<p>Requisits<\/p>\n<ul style=\"list-style-type: disc;\">\n<li>Tenir 16 anys o complir-los no m\u00e9s tard del 31 de desembre de l&#8217;any de la matr\u00edcula.<\/li>\n<li>Tenir 14 anys (o complir-los no m\u00e9s tard del 31 de desembre de l&#8217;any de la matr\u00edcula): per a idiomes diferents del cursat com a primera llengua&hellip;  <a href=\"https:\/\/agora-eoi.xtec.cat\/eoisantgervasi\/secretaria\/matricula\/\" title=\"Read Matr\u00edcula\">Llegeix m\u00e9s\u00bb<\/a><br \/>\n","protected":false},"author":1,"featured_media":0,"parent":8358,"menu_order":20,"comment_status":"closed","ping_status":"closed","template":"page-templates\/side-menu.php","meta":{"_bbp_topic_count":0,"_bbp_reply_count":0,"_bbp_total_topic_count":0,"_bbp_total_reply_count":0,"_bbp_voice_count":0,"_bbp_anonymous_reply_count":0,"_bbp_topic_count_hidden":0,"_bbp_reply_count_hidden":0,"_bbp_forum_subforum_count":0,"footnotes":""},"class_list":["post-8161","page","type-page","status-publish","hentry"],"post_mailing_queue_ids":[],"_links":{"self":[{"href":"https:\/\/agora-eoi.xtec.cat\/eoisantgervasi\/wp-json\/wp\/v2\/pages\/8161","targetHints":{"allow":["GET"]}}],"collection":[{"href":"https:\/\/agora-eoi.xtec.cat\/eoisantgervasi\/wp-json\/wp\/v2\/pages"}],"about":[{"href":"https:\/\/agora-eoi.xtec.cat\/eoisantgervasi\/wp-json\/wp\/v2\/types\/page"}],"author":[{"embeddable":true,"href":"https:\/\/agora-eoi.xtec.cat\/eoisantgervasi\/wp-json\/wp\/v2\/users\/1"}],"replies":[{"embeddable":true,"href":"https:\/\/agora-eoi.xtec.cat\/eoisantgervasi\/wp-json\/wp\/v2\/comments?post=8161"}],"version-history":[{"count":3,"href":"https:\/\/agora-eoi.xtec.cat\/eoisantgervasi\/wp-json\/wp\/v2\/pages\/8161\/revisions"}],"predecessor-version":[{"id":11612,"href":"https:\/\/agora-eoi.xtec.cat\/eoisantgervasi\/wp-json\/wp\/v2\/pages\/8161\/revisions\/11612"}],"up":[{"embeddable":true,"href":"https:\/\/agora-eoi.xtec.cat\/eoisantgervasi\/wp-json\/wp\/v2\/pages\/8358"}],"wp:attachment":[{"href":"https:\/\/agora-eoi.xtec.cat\/eoisantgervasi\/wp-json\/wp\/v2\/media?parent=8161"}],"curies":[{"name":"wp","href":"https:\/\/api.w.org\/{rel}","templated":true}]}}