{"id":8151,"date":"2016-06-08T16:42:13","date_gmt":"2016-06-08T14:42:13","guid":{"rendered":"https:\/\/agora-eoi.xtec.cat\/eoi3santgervasi\/?page_id=8151"},"modified":"2025-07-09T11:02:55","modified_gmt":"2025-07-09T09:02:55","slug":"oferta-educativa","status":"publish","type":"page","link":"https:\/\/agora-eoi.xtec.cat\/eoisantgervasi\/cursos\/oferta-educativa\/","title":{"rendered":"Oferta educativa"},"content":{"rendered":"<p>&nbsp;<\/p>\n<table class=\"taula\">\n<thead>\n<tr>\n<th colspan=\"3\">FORMACI\u00d3<\/th>\n<\/tr>\n<\/thead>\n<tbody>\n<tr>\n<th rowspan=\"4\" width=\"75\">Oficials<\/th>\n<th rowspan=\"2\">Presencial<\/th>\n<td><strong>Anual.<\/strong> Cursos d&#8217;angl\u00e8s de nivells A2 a C1. Franc\u00e8s de nivells A1 a B2.2 i d&#8217;Alemany de nivells A1 a C1.<\/td>\n<\/tr>\n<tr>\n<td><\/td>\n<\/tr>\n<tr>\n<th>Semipresencial<\/th>\n<td>Oferta de cursos semipresencials d&#8217;angl\u00e8s de nivells B2.2 i C1.<\/td>\n<\/tr>\n<tr>\n<th>On-line<\/th>\n<td><a href=\"http:\/\/ioc.xtec.cat\/educacio\/\" target=\"_blank\" rel=\"noopener noreferrer\">Institut Obert de Catalunya<\/a> Fins al nivell Intermedi B2<\/td>\n<\/tr>\n<tr>\n<th rowspan=\"2\">No oficials<\/th>\n<td colspan=\"2\"><\/td>\n<\/tr>\n<tr>\n<td colspan=\"2\"><\/td>\n<\/tr>\n<\/tbody>\n<\/table>\n<table class=\"taula\">\n<thead>\n<tr>\n<th colspan=\"2\">CERTIFICACI\u00d3 PER CANDIDATS LLIURES<\/th>\n<\/tr>\n<\/thead>\n<tbody>\n<tr>\n<th>Convocat\u00f2ria extraordin\u00e0ria<\/th>\n<td>Nivells intermedi B1 i B2 i avan\u00e7at C1 d&#8217;angl\u00e8s. Inscripci\u00f3 al novembre i proves al febrer.<\/td>\n<\/tr>\n<tr>\n<th>Convocat\u00f2ria ordin\u00e0ria<\/th>\n<td>Nivells intermedi B1 i B2 i avan\u00e7at C1 de lleng\u00fces estrangeres. Inscripci\u00f3 al febrer\/mar\u00e7 i proves al juny.<\/td>\n<\/tr>\n<\/tbody>\n<\/table>\n<p><a href=\"https:\/\/triaeducativa.gencat.cat\/ca\/idiomes\/\">M\u00e9s informaci\u00f3<\/a> en el portal web del Departament d&#8217;Educaci\u00f3<\/p>\n<p>&nbsp;<\/p>\n","protected":false},"excerpt":{"rendered":"<p>&nbsp;<\/p>\n<p>FORMACI\u00d3<\/p>\n<p>Oficials<br \/>\nPresencial<br \/>\nAnual. Cursos d&#8217;angl\u00e8s de nivells A2 a C1. Franc\u00e8s de nivells A1 a B2.2 i d&#8217;Alemany de nivells A1 a C1.<\/p>\n<p>Semipresencial<br \/>\nOferta de cursos semipresencials d&#8217;angl\u00e8s de nivells B2.2 i C1.<\/p>\n<p>On-line<br \/>\n<a href=\"http:\/\/ioc.xtec.cat\/educacio\/\" target=\"_blank\" rel=\"noopener noreferrer\">Institut Obert de Catalunya<\/a> Fins al nivell Intermedi B2<\/p>\n<p>No oficials<\/p>\n<p>CERTIFICACI\u00d3 PER CANDIDATS&hellip;  <a href=\"https:\/\/agora-eoi.xtec.cat\/eoisantgervasi\/cursos\/oferta-educativa\/\" title=\"Read Oferta educativa\">Llegeix m\u00e9s\u00bb<\/a><\/p>\n","protected":false},"author":1,"featured_media":0,"parent":8149,"menu_order":10,"comment_status":"closed","ping_status":"closed","template":"page-templates\/side-menu.php","meta":{"_bbp_topic_count":0,"_bbp_reply_count":0,"_bbp_total_topic_count":0,"_bbp_total_reply_count":0,"_bbp_voice_count":0,"_bbp_anonymous_reply_count":0,"_bbp_topic_count_hidden":0,"_bbp_reply_count_hidden":0,"_bbp_forum_subforum_count":0,"footnotes":""},"class_list":["post-8151","page","type-page","status-publish","hentry"],"post_mailing_queue_ids":[],"_links":{"self":[{"href":"https:\/\/agora-eoi.xtec.cat\/eoisantgervasi\/wp-json\/wp\/v2\/pages\/8151","targetHints":{"allow":["GET"]}}],"collection":[{"href":"https:\/\/agora-eoi.xtec.cat\/eoisantgervasi\/wp-json\/wp\/v2\/pages"}],"about":[{"href":"https:\/\/agora-eoi.xtec.cat\/eoisantgervasi\/wp-json\/wp\/v2\/types\/page"}],"author":[{"embeddable":true,"href":"https:\/\/agora-eoi.xtec.cat\/eoisantgervasi\/wp-json\/wp\/v2\/users\/1"}],"replies":[{"embeddable":true,"href":"https:\/\/agora-eoi.xtec.cat\/eoisantgervasi\/wp-json\/wp\/v2\/comments?post=8151"}],"version-history":[{"count":4,"href":"https:\/\/agora-eoi.xtec.cat\/eoisantgervasi\/wp-json\/wp\/v2\/pages\/8151\/revisions"}],"predecessor-version":[{"id":12482,"href":"https:\/\/agora-eoi.xtec.cat\/eoisantgervasi\/wp-json\/wp\/v2\/pages\/8151\/revisions\/12482"}],"up":[{"embeddable":true,"href":"https:\/\/agora-eoi.xtec.cat\/eoisantgervasi\/wp-json\/wp\/v2\/pages\/8149"}],"wp:attachment":[{"href":"https:\/\/agora-eoi.xtec.cat\/eoisantgervasi\/wp-json\/wp\/v2\/media?parent=8151"}],"curies":[{"name":"wp","href":"https:\/\/api.w.org\/{rel}","templated":true}]}}