{"id":797,"date":"2015-11-28T21:06:57","date_gmt":"2015-11-28T20:06:57","guid":{"rendered":"https:\/\/agora-eoi.xtec.cat\/eoi3santgervasi\/?page_id=797"},"modified":"2025-07-08T13:40:16","modified_gmt":"2025-07-08T11:40:16","slug":"presentacio","status":"publish","type":"page","link":"https:\/\/agora-eoi.xtec.cat\/eoisantgervasi\/el-servei-educatiu\/presentacio\/","title":{"rendered":"Presentaci\u00f3"},"content":{"rendered":"<p><strong>L&#8217;EOI Barcelona III &#8211; Sant Gervasi<\/strong> va obrir per primera vegada les seves portes el mes de setembre de 2003. Amb una matr\u00edcula de 213 alumnes, es van comen\u00e7ar cursos d&#8217;A1 d&#8217;alemany i d&#8217;A1 i A2 d&#8217;angl\u00e8s. Actualment l&#8217;escola ofereix d&#8217;A1 a C1 d&#8217;alemany, d&#8217;A2 a C1 d&#8217;angl\u00e8s, i d&#8217;A1 a B2.2 de franc\u00e8s.<\/p>\n<p>La nostra EOI, despr\u00e9s de trobar-se uns anys allotjada provisionalment dins l&#8217;edifici de l&#8217;IES Montserrat, ha estat traslladada sense sortir del districte a l\u2019edifici de l\u2019antic IES Gal\u00b7la Plac\u00eddia, situat a l\u2019Avinguda de la Riera de Cassoles, 23-27, que s\u2019ha habilitat per tal de seguir l\u2019activitat acad\u00e8mica a partir del curs 2010-2011.<\/p>\n<p>L&#8217;ensenyament que ofereix l&#8217;EOI Barcelona III &#8211; Sant Gervasi est\u00e0 dirigit a un alumnat adult. Dins el perfil dels aprenents, en una EOI es troben persones que volen aprendre una llengua estrangera per motius personals, acad\u00e8mics o professionals. Per aquest fet, les classes es basen sovint en l&#8217;intercanvi d&#8217;experi\u00e8ncies diverses que fan de la comunicaci\u00f3 un dels objectius acad\u00e8mics m\u00e9s rellevants per assolir un nivell elevat de compet\u00e8ncia en la llengua estrangera. L&#8217;assist\u00e8ncia regular i la participaci\u00f3 a les classes i a totes les activitats \u00e9s tan indispensable com la dedicaci\u00f3 personal a l&#8217;estudi.<\/p>\n<p>Els objectius, els nivells, la metodologia i l&#8217;avaluaci\u00f3 de l&#8217;aprenentatge de lleng\u00fces a les Escoles Oficials d&#8217;Idiomes al nostre pa\u00eds es troben definits, segons estableix el Departament d&#8217;Educaci\u00f3, pel Marc europeu com\u00fa de refer\u00e8ncia per a l&#8217;aprenentatge, l&#8217;ensenyament i l&#8217;avaluaci\u00f3 de lleng\u00fces desenvolupat pel Consell d&#8217;Europa mitjan\u00e7ant la seva divisi\u00f3 de Lleng\u00fces Modernes. A mida que s\u2019avan\u00e7a en els cursos es poden obtenir els certificats corresponents al nivell b\u00e0sic A2, al nivell intermedi B1, al nivell intermedi B2 i al nivell avan\u00e7at C1 d&#8217;alemany i angl\u00e8s i franc\u00e8s fins a B2 que expedeixen solament les Escoles Oficials d\u2019Idiomes.<\/p>\n<p>El nostre alumnat pot gaudir del servei de consulta i pr\u00e9stec de material divers a la biblioteca, que es va obrir el curs 2005-2006. L&#8217;escola ofereix tamb\u00e9, cada any, un programa d&#8217;activitats culturals variat, com ara confer\u00e8ncies, actuacions musicals, representacions teatrals, concursos o celebracions tradicionals que constitueixen tant un complement de l&#8217;activitat a l&#8217;aula com un espai de relaci\u00f3 i comunicaci\u00f3 m\u00e9s ampli per a tots els membres de l\u2019EOI.<\/p>\n<p>Finalment, i amb el desig d\u2019anar millorant, us agrairem que ens feu arribar qualsevol suggeriment o consulta sempre i quan ho considereu convenient.<\/p>\n<div class=\"signa\">\n<p class=\"carreg\">La directora<\/p>\n<p>Claudia Back<\/p>\n<\/div>\n","protected":false},"excerpt":{"rendered":"<p>L&#8217;EOI Barcelona III &#8211; Sant Gervasi va obrir per primera vegada les seves portes el mes de setembre de 2003. Amb una matr\u00edcula de 213 alumnes, es van comen\u00e7ar cursos d&#8217;A1 d&#8217;alemany i d&#8217;A1 i A2 d&#8217;angl\u00e8s. Actualment l&#8217;escola ofereix d&#8217;A1 a C1 d&#8217;alemany, d&#8217;A2&hellip;  <a href=\"https:\/\/agora-eoi.xtec.cat\/eoisantgervasi\/el-servei-educatiu\/presentacio\/\" title=\"Read Presentaci\u00f3\">Llegeix m\u00e9s\u00bb<\/a><\/p>\n","protected":false},"author":1,"featured_media":0,"parent":806,"menu_order":10,"comment_status":"closed","ping_status":"closed","template":"page-templates\/side-menu.php","meta":{"_bbp_topic_count":0,"_bbp_reply_count":0,"_bbp_total_topic_count":0,"_bbp_total_reply_count":0,"_bbp_voice_count":0,"_bbp_anonymous_reply_count":0,"_bbp_topic_count_hidden":0,"_bbp_reply_count_hidden":0,"_bbp_forum_subforum_count":0,"footnotes":""},"class_list":["post-797","page","type-page","status-publish","hentry"],"post_mailing_queue_ids":[],"_links":{"self":[{"href":"https:\/\/agora-eoi.xtec.cat\/eoisantgervasi\/wp-json\/wp\/v2\/pages\/797","targetHints":{"allow":["GET"]}}],"collection":[{"href":"https:\/\/agora-eoi.xtec.cat\/eoisantgervasi\/wp-json\/wp\/v2\/pages"}],"about":[{"href":"https:\/\/agora-eoi.xtec.cat\/eoisantgervasi\/wp-json\/wp\/v2\/types\/page"}],"author":[{"embeddable":true,"href":"https:\/\/agora-eoi.xtec.cat\/eoisantgervasi\/wp-json\/wp\/v2\/users\/1"}],"replies":[{"embeddable":true,"href":"https:\/\/agora-eoi.xtec.cat\/eoisantgervasi\/wp-json\/wp\/v2\/comments?post=797"}],"version-history":[{"count":4,"href":"https:\/\/agora-eoi.xtec.cat\/eoisantgervasi\/wp-json\/wp\/v2\/pages\/797\/revisions"}],"predecessor-version":[{"id":12473,"href":"https:\/\/agora-eoi.xtec.cat\/eoisantgervasi\/wp-json\/wp\/v2\/pages\/797\/revisions\/12473"}],"up":[{"embeddable":true,"href":"https:\/\/agora-eoi.xtec.cat\/eoisantgervasi\/wp-json\/wp\/v2\/pages\/806"}],"wp:attachment":[{"href":"https:\/\/agora-eoi.xtec.cat\/eoisantgervasi\/wp-json\/wp\/v2\/media?parent=797"}],"curies":[{"name":"wp","href":"https:\/\/api.w.org\/{rel}","templated":true}]}}