{"id":608,"date":"2015-11-27T10:04:51","date_gmt":"2015-11-27T09:04:51","guid":{"rendered":"https:\/\/agora-eoi.xtec.cat\/eoi3santgervasi\/?page_id=608"},"modified":"2025-01-07T18:32:06","modified_gmt":"2025-01-07T17:32:06","slug":"horari-i-calendari","status":"publish","type":"page","link":"https:\/\/agora-eoi.xtec.cat\/eoisantgervasi\/el-servei-educatiu\/horari-i-calendari\/","title":{"rendered":"Horari i calendari"},"content":{"rendered":"<p><img loading=\"lazy\" decoding=\"async\" class=\"wp-image-8695 alignright\" src=\"https:\/\/agora-eoi.xtec.cat\/eoi3santgervasi\/wp-content\/uploads\/usu2245\/2016\/06\/Clock-96.png\" alt=\"Clock-96\" width=\"67\" height=\"67\" \/><br \/>\nEl Departament d&#8217;alumnat \u00e9s l&#8217;encarregat dels processos administratius de preinscripci\u00f3, matr\u00edcula, certificats, t\u00edtols, beques, etc.<\/p>\n<p>&nbsp;<\/p>\n<table class=\"taula thL tdL taulaPad10\">\n<thead>\n<tr>\n<th colspan=\"2\">DEPARTAMENT D&#8217;ALUMNAT<\/th>\n<\/tr>\n<\/thead>\n<tbody>\n<tr>\n<th>De setembre a juny<\/th>\n<td>De dilluns a dijous de 16:00 a 19:00 hores i els divendres de 10 a 13 hores<\/td>\n<\/tr>\n<tr>\n<th>Juliol<\/th>\n<td>De dilluns a divendres de 10:00 a 13:00 hores<\/td>\n<\/tr>\n<tr>\n<th>Agost<\/th>\n<td>Tancat per vacances<\/td>\n<\/tr>\n<\/tbody>\n<\/table>\n<table class=\"taula thL tdL taulaPad10\">\n<thead>\n<tr>\n<th colspan=\"2\">CONSERGERIA<\/th>\n<\/tr>\n<\/thead>\n<tbody>\n<tr>\n<th>De setembre a juny<\/th>\n<td>De dilluns a dijous de 16:00h a 20:00h i divendres de 10h a 13h<\/td>\n<\/tr>\n<tr>\n<th>Juliol<\/th>\n<td>De dilluns a divendres de 10.00 a 14:00 hores<\/td>\n<\/tr>\n<tr>\n<th>Agost<\/th>\n<td>Tancat per vacances<\/td>\n<\/tr>\n<\/tbody>\n<\/table>\n","protected":false},"excerpt":{"rendered":"<p>El Departament d&#8217;alumnat \u00e9s l&#8217;encarregat dels processos administratius de preinscripci\u00f3, matr\u00edcula, certificats, t\u00edtols, beques, etc.<br \/>\n&nbsp;<\/p>\n<p>DEPARTAMENT D&#8217;ALUMNAT<\/p>\n<p>De setembre a juny<br \/>\nDe dilluns a dijous de 16:00 a 19:00 hores i els divendres de 10 a 13 hores<\/p>\n<p>Juliol<br \/>\nDe dilluns a divendres de 10:00 a 13:00 hores<\/p>\n<p>Agost<br \/>\nTancat per vacances<\/p>\n<p>CONSERGERIA<\/p>\n<p>De&hellip;  <a href=\"https:\/\/agora-eoi.xtec.cat\/eoisantgervasi\/el-servei-educatiu\/horari-i-calendari\/\" title=\"Read Horari i calendari\">Llegeix m\u00e9s\u00bb<\/a><\/p>\n","protected":false},"author":1,"featured_media":0,"parent":806,"menu_order":30,"comment_status":"closed","ping_status":"closed","template":"page-templates\/side-menu.php","meta":{"_bbp_topic_count":0,"_bbp_reply_count":0,"_bbp_total_topic_count":0,"_bbp_total_reply_count":0,"_bbp_voice_count":0,"_bbp_anonymous_reply_count":0,"_bbp_topic_count_hidden":0,"_bbp_reply_count_hidden":0,"_bbp_forum_subforum_count":0,"footnotes":""},"class_list":["post-608","page","type-page","status-publish","hentry"],"post_mailing_queue_ids":[],"_links":{"self":[{"href":"https:\/\/agora-eoi.xtec.cat\/eoisantgervasi\/wp-json\/wp\/v2\/pages\/608","targetHints":{"allow":["GET"]}}],"collection":[{"href":"https:\/\/agora-eoi.xtec.cat\/eoisantgervasi\/wp-json\/wp\/v2\/pages"}],"about":[{"href":"https:\/\/agora-eoi.xtec.cat\/eoisantgervasi\/wp-json\/wp\/v2\/types\/page"}],"author":[{"embeddable":true,"href":"https:\/\/agora-eoi.xtec.cat\/eoisantgervasi\/wp-json\/wp\/v2\/users\/1"}],"replies":[{"embeddable":true,"href":"https:\/\/agora-eoi.xtec.cat\/eoisantgervasi\/wp-json\/wp\/v2\/comments?post=608"}],"version-history":[{"count":6,"href":"https:\/\/agora-eoi.xtec.cat\/eoisantgervasi\/wp-json\/wp\/v2\/pages\/608\/revisions"}],"predecessor-version":[{"id":12280,"href":"https:\/\/agora-eoi.xtec.cat\/eoisantgervasi\/wp-json\/wp\/v2\/pages\/608\/revisions\/12280"}],"up":[{"embeddable":true,"href":"https:\/\/agora-eoi.xtec.cat\/eoisantgervasi\/wp-json\/wp\/v2\/pages\/806"}],"wp:attachment":[{"href":"https:\/\/agora-eoi.xtec.cat\/eoisantgervasi\/wp-json\/wp\/v2\/media?parent=608"}],"curies":[{"name":"wp","href":"https:\/\/api.w.org\/{rel}","templated":true}]}}