{"id":12549,"date":"2025-07-19T18:21:26","date_gmt":"2025-07-19T16:21:26","guid":{"rendered":"https:\/\/agora-eoi.xtec.cat\/eoisantgervasi\/?page_id=12549"},"modified":"2025-09-02T15:54:39","modified_gmt":"2025-09-02T13:54:39","slug":"c1-impact","status":"publish","type":"page","link":"https:\/\/agora-eoi.xtec.cat\/eoisantgervasi\/c1-impact\/","title":{"rendered":"C2 Impact: Speak with Precision and Persuasion (conversa per a alumnes amb nivell C1)"},"content":{"rendered":"<h3>Per a la matriculaci\u00f3 d&#8217;aquest curs, \u00e9s un requisit indispensable, tenir el certificat de C1 d\u2019angl\u00e8s de l\u2019EOI o equivalent.<\/h3>\n<p style=\"text-align: justify;\"><strong>Difer\u00e8ncies amb els cursos dels dimecres:<\/strong><\/p>\n<p style=\"text-align: justify;\">Aquests cursos s\u00f3n anuals, de dues hores setmanals, i adre\u00e7ats exclusivament a alumnes amb certificat B2 o nivell C1. S\u2019hi treballen habilitats d\u2019alt nivell en interacci\u00f3, discurs formal i entorns professionals o acad\u00e8mics, amb una progressi\u00f3 marcada i projectes a llarg termini.<\/p>\n<p style=\"text-align: justify;\"><strong>Durada<\/strong>: 2 hores setmanals (anual)<\/p>\n<p style=\"text-align: justify;\"><strong>Objectiu<\/strong>: Dominar l\u2019expressi\u00f3 oral amb precisi\u00f3, matisos i seguretat en contextos exigents: presentacions, debats, entrevistes o discursos formals.<\/p>\n<p style=\"text-align: justify;\"><strong>Descripci\u00f3<\/strong>:<\/p>\n<p style=\"text-align: justify;\">Curs exclusiu per a estudiants amb un nivell avan\u00e7at que volen perfeccionar la seva expressi\u00f3 oral amb un enfocament professional i acad\u00e8mic. Les activitats inclouen converses i pr\u00e0ctica d\u2019orat\u00f2ria, debat formal, an\u00e0lisi de discursos, storytelling professional, i comunicaci\u00f3 intercultural.<br \/>\nL\u2019alumnat ser\u00e0 avaluat en la seva capacitat per adaptar-se a diferents interlocutors i situacions, i desenvolupar\u00e0 estrat\u00e8gies per influir, argumentar i respondre amb seguretat.<\/p>\n<p style=\"text-align: justify;\"><strong>Temes exemples<\/strong>: lideratge, pol\u00edtiques p\u00fabliques, innovaci\u00f3 social, art i cultura, q\u00fcestions globals.<\/p>\n<p style=\"text-align: justify;\"><strong>Metodologia<\/strong>: tallers de presentaci\u00f3 i retroacci\u00f3 anal\u00edtica.<\/p>\n","protected":false},"excerpt":{"rendered":"<p>Per a la matriculaci\u00f3 d&#8217;aquest curs, \u00e9s un requisit indispensable, tenir el certificat de C1 d\u2019angl\u00e8s de l\u2019EOI o equivalent.<br \/>\nDifer\u00e8ncies amb els cursos dels dimecres:<br \/>\nAquests cursos s\u00f3n anuals, de dues hores setmanals, i adre\u00e7ats exclusivament a alumnes amb certificat B2 o nivell C1. S\u2019hi treballen&hellip;  <a href=\"https:\/\/agora-eoi.xtec.cat\/eoisantgervasi\/c1-impact\/\" title=\"Read C2 Impact: Speak with Precision and Persuasion (conversa per a alumnes amb nivell C1)\">Llegeix m\u00e9s\u00bb<\/a><\/p>\n","protected":false},"author":7,"featured_media":0,"parent":0,"menu_order":0,"comment_status":"closed","ping_status":"closed","template":"","meta":{"_bbp_topic_count":0,"_bbp_reply_count":0,"_bbp_total_topic_count":0,"_bbp_total_reply_count":0,"_bbp_voice_count":0,"_bbp_anonymous_reply_count":0,"_bbp_topic_count_hidden":0,"_bbp_reply_count_hidden":0,"_bbp_forum_subforum_count":0,"footnotes":""},"class_list":["post-12549","page","type-page","status-publish","hentry"],"post_mailing_queue_ids":[],"_links":{"self":[{"href":"https:\/\/agora-eoi.xtec.cat\/eoisantgervasi\/wp-json\/wp\/v2\/pages\/12549","targetHints":{"allow":["GET"]}}],"collection":[{"href":"https:\/\/agora-eoi.xtec.cat\/eoisantgervasi\/wp-json\/wp\/v2\/pages"}],"about":[{"href":"https:\/\/agora-eoi.xtec.cat\/eoisantgervasi\/wp-json\/wp\/v2\/types\/page"}],"author":[{"embeddable":true,"href":"https:\/\/agora-eoi.xtec.cat\/eoisantgervasi\/wp-json\/wp\/v2\/users\/7"}],"replies":[{"embeddable":true,"href":"https:\/\/agora-eoi.xtec.cat\/eoisantgervasi\/wp-json\/wp\/v2\/comments?post=12549"}],"version-history":[{"count":6,"href":"https:\/\/agora-eoi.xtec.cat\/eoisantgervasi\/wp-json\/wp\/v2\/pages\/12549\/revisions"}],"predecessor-version":[{"id":12609,"href":"https:\/\/agora-eoi.xtec.cat\/eoisantgervasi\/wp-json\/wp\/v2\/pages\/12549\/revisions\/12609"}],"wp:attachment":[{"href":"https:\/\/agora-eoi.xtec.cat\/eoisantgervasi\/wp-json\/wp\/v2\/media?parent=12549"}],"curies":[{"name":"wp","href":"https:\/\/api.w.org\/{rel}","templated":true}]}}