{"id":12546,"date":"2025-07-19T18:18:49","date_gmt":"2025-07-19T16:18:49","guid":{"rendered":"https:\/\/agora-eoi.xtec.cat\/eoisantgervasi\/?page_id=12546"},"modified":"2025-09-02T15:53:46","modified_gmt":"2025-09-02T13:53:46","slug":"beyond-b2","status":"publish","type":"page","link":"https:\/\/agora-eoi.xtec.cat\/eoisantgervasi\/beyond-b2\/","title":{"rendered":"Beyond B2: Advanced Conversation Lab (per a persones amb certificat B2)"},"content":{"rendered":"<h3 style=\"text-align: justify;\"><span style=\"text-decoration: underline;\">Per a la matriculaci\u00f3 d&#8217;aquest curs, \u00e9s un requisit indispensable, tenir el certificat de B2.2 d\u2019angl\u00e8s de l\u2019EOI o equivalent.<\/span><\/h3>\n<p style=\"text-align: justify;\"><strong>Difer\u00e8ncies amb els cursos dels dimecres:<\/strong><\/p>\n<p style=\"text-align: justify;\">Aquests cursos s\u00f3n anuals, de dues hores setmanals, i adre\u00e7ats exclusivament a alumnes amb certificat B2 o nivell C1. S\u2019hi treballen habilitats d\u2019alt nivell en interacci\u00f3, discurs formal i entorns professionals o acad\u00e8mics, amb una progressi\u00f3 marcada i projectes a llarg termini.<\/p>\n<p style=\"text-align: justify;\"><strong>Durada<\/strong>: 2 hores setmanals (anual)<\/p>\n<p style=\"text-align: justify;\"><strong>Objectiu<\/strong>: Fer el salt qualitatiu en l\u2019\u00fas de l\u2019angl\u00e8s parlat, tot consolidant la flu\u00efdesa i la capacitat per expressar-se en contextos variats i complexos.<\/p>\n<p style=\"text-align: justify;\"><strong>Descripci\u00f3<\/strong>:<\/p>\n<p style=\"text-align: justify;\">Curs pensat per a persones que han assolit el nivell B2 i volen mantenir i aprofundir les seves habilitats orals. Les sessions combinen activitats de conversa estructurada, pr\u00e0ctica d\u2019idiomes amb finalitat espec\u00edfica (negociacions, reunions, exposicions), i projectes comunicatius col\u00b7laboratius.<br \/>\nEs treballaran tamb\u00e9 t\u00e8cniques de mediaci\u00f3 oral i reformulaci\u00f3.<\/p>\n<p style=\"text-align: justify;\"><strong>Temes exemples<\/strong>: ci\u00e8ncia i societat, treball en equip, projectes culturals, innovaci\u00f3, not\u00edcies internacionals.<\/p>\n<p style=\"text-align: justify;\"><strong>Metodologia<\/strong>: aprenentatge basat en tasques, presentacions amb feedback, treball cooperatiu, recursos audiovisuals avan\u00e7ats.<\/p>\n","protected":false},"excerpt":{"rendered":"<p>Per a la matriculaci\u00f3 d&#8217;aquest curs, \u00e9s un requisit indispensable, tenir el certificat de B2.2 d\u2019angl\u00e8s de l\u2019EOI o equivalent.<br \/>\nDifer\u00e8ncies amb els cursos dels dimecres:<br \/>\nAquests cursos s\u00f3n anuals, de dues hores setmanals, i adre\u00e7ats exclusivament a alumnes amb certificat B2 o nivell C1. S\u2019hi treballen&hellip;  <a href=\"https:\/\/agora-eoi.xtec.cat\/eoisantgervasi\/beyond-b2\/\" title=\"Read Beyond B2: Advanced Conversation Lab (per a persones amb certificat B2)\">Llegeix m\u00e9s\u00bb<\/a><\/p>\n","protected":false},"author":7,"featured_media":0,"parent":0,"menu_order":0,"comment_status":"closed","ping_status":"closed","template":"","meta":{"_bbp_topic_count":0,"_bbp_reply_count":0,"_bbp_total_topic_count":0,"_bbp_total_reply_count":0,"_bbp_voice_count":0,"_bbp_anonymous_reply_count":0,"_bbp_topic_count_hidden":0,"_bbp_reply_count_hidden":0,"_bbp_forum_subforum_count":0,"footnotes":""},"class_list":["post-12546","page","type-page","status-publish","hentry"],"post_mailing_queue_ids":[],"_links":{"self":[{"href":"https:\/\/agora-eoi.xtec.cat\/eoisantgervasi\/wp-json\/wp\/v2\/pages\/12546","targetHints":{"allow":["GET"]}}],"collection":[{"href":"https:\/\/agora-eoi.xtec.cat\/eoisantgervasi\/wp-json\/wp\/v2\/pages"}],"about":[{"href":"https:\/\/agora-eoi.xtec.cat\/eoisantgervasi\/wp-json\/wp\/v2\/types\/page"}],"author":[{"embeddable":true,"href":"https:\/\/agora-eoi.xtec.cat\/eoisantgervasi\/wp-json\/wp\/v2\/users\/7"}],"replies":[{"embeddable":true,"href":"https:\/\/agora-eoi.xtec.cat\/eoisantgervasi\/wp-json\/wp\/v2\/comments?post=12546"}],"version-history":[{"count":6,"href":"https:\/\/agora-eoi.xtec.cat\/eoisantgervasi\/wp-json\/wp\/v2\/pages\/12546\/revisions"}],"predecessor-version":[{"id":12606,"href":"https:\/\/agora-eoi.xtec.cat\/eoisantgervasi\/wp-json\/wp\/v2\/pages\/12546\/revisions\/12606"}],"wp:attachment":[{"href":"https:\/\/agora-eoi.xtec.cat\/eoisantgervasi\/wp-json\/wp\/v2\/media?parent=12546"}],"curies":[{"name":"wp","href":"https:\/\/api.w.org\/{rel}","templated":true}]}}