{"id":12543,"date":"2025-07-19T18:13:17","date_gmt":"2025-07-19T16:13:17","guid":{"rendered":"https:\/\/agora-eoi.xtec.cat\/eoisantgervasi\/?page_id=12543"},"modified":"2025-07-25T12:47:51","modified_gmt":"2025-07-25T10:47:51","slug":"speak-up-pro","status":"publish","type":"page","link":"https:\/\/agora-eoi.xtec.cat\/eoisantgervasi\/speak-up-pro\/","title":{"rendered":"Speak Up Pro! (nivells B2.2\u2013C1)"},"content":{"rendered":"<p style=\"text-align: justify;\"><strong>Durada<\/strong>: 1 hora setmanal (quadrimestral)<\/p>\n<p style=\"text-align: justify;\"><strong>Objectiu<\/strong>: Millorar l\u2019expressi\u00f3 oral fluida i precisa en contextos generals i semi-professionals, tot guanyant confian\u00e7a en la presa de paraula.<\/p>\n<p style=\"text-align: justify;\"><strong>Descripci\u00f3<\/strong>:<\/p>\n<p style=\"text-align: justify;\">Aquest curs ofereix un espai per aprofundir en l\u2019\u00fas sofisticat de la llengua oral, amb \u00e8mfasi en la interacci\u00f3 flu\u00efda, la construcci\u00f3 d\u2019arguments i la presentaci\u00f3 d\u2019idees de manera clara i estructurada.<br \/>\nEls alumnes realitzaran presentacions individuals, participaran en debats i din\u00e0miques d\u2019opini\u00f3 i aprendran a adaptar el registre segons l\u2019audi\u00e8ncia.<\/p>\n<p style=\"text-align: justify;\"><strong>Temes exemples<\/strong>: actualitat internacional, h\u00e0bits professionals, sostenibilitat, xarxes socials, comunicaci\u00f3 intercultural.<\/p>\n<p style=\"text-align: justify;\"><strong>Metodologia<\/strong>: pr\u00e0ctica guiada amb feedback, modelatge de discursos, activitats d\u2019improvisaci\u00f3 i simulaci\u00f3 de reunions o esdeveniments.<\/p>\n","protected":false},"excerpt":{"rendered":"<p>Durada: 1 hora setmanal (quadrimestral)<br \/>\nObjectiu: Millorar l\u2019expressi\u00f3 oral fluida i precisa en contextos generals i semi-professionals, tot guanyant confian\u00e7a en la presa de paraula.<br \/>\nDescripci\u00f3:<br \/>\nAquest curs ofereix un espai per aprofundir en l\u2019\u00fas sofisticat de la llengua oral, amb \u00e8mfasi en la interacci\u00f3 flu\u00efda, la construcci\u00f3&hellip;  <a href=\"https:\/\/agora-eoi.xtec.cat\/eoisantgervasi\/speak-up-pro\/\" title=\"Read Speak Up Pro! (nivells B2.2\u2013C1)\">Llegeix m\u00e9s\u00bb<\/a><\/p>\n","protected":false},"author":7,"featured_media":0,"parent":0,"menu_order":0,"comment_status":"closed","ping_status":"closed","template":"","meta":{"_bbp_topic_count":0,"_bbp_reply_count":0,"_bbp_total_topic_count":0,"_bbp_total_reply_count":0,"_bbp_voice_count":0,"_bbp_anonymous_reply_count":0,"_bbp_topic_count_hidden":0,"_bbp_reply_count_hidden":0,"_bbp_forum_subforum_count":0,"footnotes":""},"class_list":["post-12543","page","type-page","status-publish","hentry"],"post_mailing_queue_ids":[],"_links":{"self":[{"href":"https:\/\/agora-eoi.xtec.cat\/eoisantgervasi\/wp-json\/wp\/v2\/pages\/12543","targetHints":{"allow":["GET"]}}],"collection":[{"href":"https:\/\/agora-eoi.xtec.cat\/eoisantgervasi\/wp-json\/wp\/v2\/pages"}],"about":[{"href":"https:\/\/agora-eoi.xtec.cat\/eoisantgervasi\/wp-json\/wp\/v2\/types\/page"}],"author":[{"embeddable":true,"href":"https:\/\/agora-eoi.xtec.cat\/eoisantgervasi\/wp-json\/wp\/v2\/users\/7"}],"replies":[{"embeddable":true,"href":"https:\/\/agora-eoi.xtec.cat\/eoisantgervasi\/wp-json\/wp\/v2\/comments?post=12543"}],"version-history":[{"count":3,"href":"https:\/\/agora-eoi.xtec.cat\/eoisantgervasi\/wp-json\/wp\/v2\/pages\/12543\/revisions"}],"predecessor-version":[{"id":12575,"href":"https:\/\/agora-eoi.xtec.cat\/eoisantgervasi\/wp-json\/wp\/v2\/pages\/12543\/revisions\/12575"}],"wp:attachment":[{"href":"https:\/\/agora-eoi.xtec.cat\/eoisantgervasi\/wp-json\/wp\/v2\/media?parent=12543"}],"curies":[{"name":"wp","href":"https:\/\/api.w.org\/{rel}","templated":true}]}}