{"id":12538,"date":"2025-07-19T18:07:52","date_gmt":"2025-07-19T16:07:52","guid":{"rendered":"https:\/\/agora-eoi.xtec.cat\/eoisantgervasi\/?page_id=12538"},"modified":"2025-07-25T12:47:18","modified_gmt":"2025-07-25T10:47:18","slug":"talking-step-by-step","status":"publish","type":"page","link":"https:\/\/agora-eoi.xtec.cat\/eoisantgervasi\/talking-step-by-step\/","title":{"rendered":"Talking Step by Step (nivells A2\u2013B1)"},"content":{"rendered":"<p style=\"text-align: justify;\"><strong>Durada<\/strong>: 1 hora setmanal (quadrimestral)<\/p>\n<p style=\"text-align: justify;\"><strong>Objectiu<\/strong>: Desenvolupar la flu\u00efdesa i confian\u00e7a en l\u2019expressi\u00f3 oral a trav\u00e9s de situacions quotidianes i temes d\u2019inter\u00e8s personal i social.<\/p>\n<p style=\"text-align: justify;\"><strong>Descripci\u00f3<\/strong>:<\/p>\n<p style=\"text-align: justify;\">Aquest curs est\u00e0 dissenyat per a alumnes que es troben en el tram intermedi del seu aprenentatge de l\u2019angl\u00e8s. Es treballar\u00e0 l&#8217;expressi\u00f3 oral mitjan\u00e7ant activitats din\u00e0miques com jocs de rol, mini-debats, descripcions i intercanvis guiats. Els participants milloraran la seva capacitat per iniciar, mantenir i tancar converses, expressar opinions i fer preguntes.<\/p>\n<p style=\"text-align: justify;\"><strong>Temes exemples<\/strong>: viatges, gastronomia, experi\u00e8ncies personals, compres, aficions.<\/p>\n<p style=\"text-align: justify;\"><strong>Metodologia<\/strong>: enfocament pr\u00e0ctic, participaci\u00f3 activa, correcci\u00f3 correctiva i suport l\u00e8xic adaptat.<\/p>\n","protected":false},"excerpt":{"rendered":"<p>Durada: 1 hora setmanal (quadrimestral)<br \/>\nObjectiu: Desenvolupar la flu\u00efdesa i confian\u00e7a en l\u2019expressi\u00f3 oral a trav\u00e9s de situacions quotidianes i temes d\u2019inter\u00e8s personal i social.<br \/>\nDescripci\u00f3:<br \/>\nAquest curs est\u00e0 dissenyat per a alumnes que es troben en el tram intermedi del seu aprenentatge de l\u2019angl\u00e8s. Es treballar\u00e0 l&#8217;expressi\u00f3&hellip;  <a href=\"https:\/\/agora-eoi.xtec.cat\/eoisantgervasi\/talking-step-by-step\/\" title=\"Read Talking Step by Step (nivells A2\u2013B1)\">Llegeix m\u00e9s\u00bb<\/a><\/p>\n","protected":false},"author":7,"featured_media":0,"parent":0,"menu_order":0,"comment_status":"closed","ping_status":"closed","template":"","meta":{"_bbp_topic_count":0,"_bbp_reply_count":0,"_bbp_total_topic_count":0,"_bbp_total_reply_count":0,"_bbp_voice_count":0,"_bbp_anonymous_reply_count":0,"_bbp_topic_count_hidden":0,"_bbp_reply_count_hidden":0,"_bbp_forum_subforum_count":0,"footnotes":""},"class_list":["post-12538","page","type-page","status-publish","hentry"],"post_mailing_queue_ids":[],"_links":{"self":[{"href":"https:\/\/agora-eoi.xtec.cat\/eoisantgervasi\/wp-json\/wp\/v2\/pages\/12538","targetHints":{"allow":["GET"]}}],"collection":[{"href":"https:\/\/agora-eoi.xtec.cat\/eoisantgervasi\/wp-json\/wp\/v2\/pages"}],"about":[{"href":"https:\/\/agora-eoi.xtec.cat\/eoisantgervasi\/wp-json\/wp\/v2\/types\/page"}],"author":[{"embeddable":true,"href":"https:\/\/agora-eoi.xtec.cat\/eoisantgervasi\/wp-json\/wp\/v2\/users\/7"}],"replies":[{"embeddable":true,"href":"https:\/\/agora-eoi.xtec.cat\/eoisantgervasi\/wp-json\/wp\/v2\/comments?post=12538"}],"version-history":[{"count":2,"href":"https:\/\/agora-eoi.xtec.cat\/eoisantgervasi\/wp-json\/wp\/v2\/pages\/12538\/revisions"}],"predecessor-version":[{"id":12556,"href":"https:\/\/agora-eoi.xtec.cat\/eoisantgervasi\/wp-json\/wp\/v2\/pages\/12538\/revisions\/12556"}],"wp:attachment":[{"href":"https:\/\/agora-eoi.xtec.cat\/eoisantgervasi\/wp-json\/wp\/v2\/media?parent=12538"}],"curies":[{"name":"wp","href":"https:\/\/api.w.org\/{rel}","templated":true}]}}