{"id":12497,"date":"2025-07-18T19:18:57","date_gmt":"2025-07-18T17:18:57","guid":{"rendered":"https:\/\/agora-eoi.xtec.cat\/eoisantgervasi\/?page_id=12497"},"modified":"2025-12-16T21:22:10","modified_gmt":"2025-12-16T20:22:10","slug":"cursos-de-conversa-en-angles-2025-2026","status":"publish","type":"page","link":"https:\/\/agora-eoi.xtec.cat\/eoisantgervasi\/cursos-de-conversa-en-angles-2025-2026\/","title":{"rendered":"Cursos de conversa en angl\u00e8s 2025\u20132026"},"content":{"rendered":"<h3 style=\"text-align: justify;\">Classes de conversa quadrimestrals:\u00a0 S&#8217;obren nous grups els <span style=\"color: #0000ff;\">DIMARTS<\/span><\/h3>\n<p><strong>IMPORTANT. A partir del 29 de setembre del 2025 a les 19.00 hores i fins que s\u2019exhaureixin les places<\/strong><\/p>\n<p><a href=\"https:\/\/www.informaticacentros.com\/centrosnet\/libres_mat\/index.php?tcen=EOI&amp;cen=B13&amp;suf=1Q\"><strong><img loading=\"lazy\" decoding=\"async\" class=\"wp-image-11133 size-full aligncenter\" src=\"https:\/\/agora-eoi.xtec.cat\/eoisantgervasi\/wp-content\/uploads\/usu2245\/2022\/07\/Boto_matricula_1-1.jpg\" alt=\"\" width=\"200\" height=\"59\" \/><\/strong><\/a><\/p>\n<p style=\"text-align: justify;\"><strong>T\u00edtol com\u00fa: English Fluency Sessions. <span style=\"color: #0000ff;\">Aula 0<\/span><br \/>\n<\/strong>Conversa i interacci\u00f3 en angl\u00e8s<\/p>\n<p style=\"text-align: justify;\"><strong>Professora<\/strong><br \/>\nCameron Bullock on Wednesday\/\/ Aileen Kelly<\/p>\n<p style=\"text-align: justify;\"><strong>Durada<\/strong><br \/>\n15 sessions d&#8217;1 hora a la setmana (quadrimestral) en aquestes dates:<\/p>\n<p style=\"text-align: justify;\"><strong>Del 14 d\u2019octubre al 10 de febrer del 2026<\/strong><\/p>\n<p style=\"text-align: justify;\"><strong>Nombre d\u2019alumnes per grup<\/strong><br \/>\n15 m\u00e0xim<\/p>\n<p style=\"text-align: justify;\"><strong>Preu<\/strong><br \/>\n70 euros. <strong>L\u2019import de la matr\u00edcula no es retornar\u00e0 un cop iniciat el curs.<\/strong><\/p>\n<table style=\"border-collapse: collapse; width: 95.2115%; height: 362px;\">\n<tbody>\n<tr style=\"height: 47px;\">\n<td style=\"width: 12.9577%; text-align: center; height: 47px;\"><strong>Curs<\/strong><\/td>\n<td style=\"width: 8.2702%; text-align: center; height: 47px;\"><strong>Nivell<\/strong><\/td>\n<td style=\"width: 9.97482%; text-align: center; height: 47px;\"><strong>Horari<\/strong><\/td>\n<td style=\"width: 13.2418%; text-align: center; height: 47px;\"><strong>Objectiu principal<\/strong><\/td>\n<td style=\"width: 11.1111%; text-align: center; height: 47px;\"><strong>Temes exemples<\/strong><\/td>\n<td style=\"width: 11.1111%; text-align: center; height: 47px;\"><strong>Metodologia<\/strong><\/td>\n<\/tr>\n<tr style=\"height: 110px;\">\n<td style=\"width: 12.9577%; text-align: center; height: 110px;\"><a href=\"https:\/\/agora-eoi.xtec.cat\/eoisantgervasi\/talking-step-by-step\/\"><strong>Talking Step by Step<\/strong><\/a><\/td>\n<td style=\"width: 8.2702%; text-align: center; height: 110px;\">A2\u2013B1<\/td>\n<td style=\"width: 9.97482%; text-align: center; height: 110px;\">De 17:30 a 18:30 h.<\/td>\n<td style=\"width: 13.2418%; text-align: center; height: 110px;\">Desenvolupar flu\u00efdesa i confian\u00e7a en contextos quotidians<\/td>\n<td style=\"width: 11.1111%; text-align: center; height: 110px;\">Viatges, gastronomia, experi\u00e8ncies personals, compres, aficions<\/td>\n<td style=\"width: 11.1111%; text-align: center; height: 110px;\">Jocs de rol, mini-debats, descripcions, intercanvis guiats, suport l\u00e8xic<\/td>\n<\/tr>\n<tr style=\"height: 95px;\">\n<td style=\"width: 12.9577%; text-align: center; height: 95px;\"><a href=\"https:\/\/agora-eoi.xtec.cat\/eoisantgervasi\/fluent-talkers\"><strong>Fluent Talkers<\/strong><\/a><\/td>\n<td style=\"width: 8.2702%; text-align: center; height: 95px;\">B2.1\u2013B2.2<\/td>\n<td style=\"width: 9.97482%; text-align: center; height: 95px;\">De 18:45 a 19:45 h.<\/td>\n<td style=\"width: 13.2418%; text-align: center; height: 95px;\">Consolidar flu\u00efdesa i espontane\u00eftat amb temes actuals<\/td>\n<td style=\"width: 11.1111%; text-align: center; height: 95px;\">Treball, educaci\u00f3, mitjans de comunicaci\u00f3, estils de vida, dilemes \u00e8tics<\/td>\n<td style=\"width: 11.1111%; text-align: center; height: 95px;\">Presentacions orals, debats, mediaci\u00f3, v\u00eddeos curts, dicci\u00f3<\/td>\n<\/tr>\n<tr style=\"height: 110px;\">\n<td style=\"width: 12.9577%; text-align: center; height: 110px;\"><a href=\"https:\/\/agora-eoi.xtec.cat\/eoisantgervasi\/speak-up-pro\/\"><strong>Speak Up Pro!<\/strong><\/a><\/td>\n<td style=\"width: 8.2702%; text-align: center; height: 110px;\">B2.2\u2013C1<\/td>\n<td style=\"width: 9.97482%; text-align: center; height: 110px;\">De 20.00 a 21.00 h.<\/td>\n<td style=\"width: 13.2418%; text-align: center; height: 110px;\">Millorar precisi\u00f3 i flu\u00efdesa en contextos generals i semi-professionals<\/td>\n<td style=\"width: 11.1111%; text-align: center; height: 110px;\">Actualitat internacional, sostenibilitat, xarxes socials, h\u00e0bits professionals<\/td>\n<td style=\"width: 11.1111%; text-align: center; height: 110px;\">Presentacions, debats, improvisaci\u00f3, simulacions<\/td>\n<\/tr>\n<\/tbody>\n<\/table>\n<h3 style=\"text-align: justify;\">Classes anuals: Dimarts <span style=\"color: #0000ff;\">a l&#8217;aula 13<\/span><\/h3>\n<p><strong>IMPORTANT. A partir del 29 de setembre del 2025 a les 19.00 hores i fins que s\u2019exhaureixin les places<\/strong><\/p>\n<p><a href=\"https:\/\/www.informaticacentros.com\/centrosnet\/libres_mat\/index.php?tcen=EOI&amp;cen=B13\"><strong><img loading=\"lazy\" decoding=\"async\" class=\"wp-image-11133 size-full aligncenter\" src=\"https:\/\/agora-eoi.xtec.cat\/eoisantgervasi\/wp-content\/uploads\/usu2245\/2022\/07\/Boto_matricula_1-1.jpg\" alt=\"\" width=\"200\" height=\"59\" \/><\/strong><\/a><\/p>\n<p style=\"text-align: justify;\"><strong>T\u00edtol com\u00fa: Advanced English Speaking Skills<\/strong><br \/>\nClasses anuals de conversa i compet\u00e8ncia comunicativa<\/p>\n<p style=\"text-align: justify;\"><strong>Professora<\/strong><br \/>\nCatrine Bergeron<\/p>\n<p style=\"text-align: justify;\"><strong>Durada<br \/>\n<\/strong>30 sessions de 2 hores a la setmana (anual) en aquestes dates:<\/p>\n<p style=\"text-align: justify;\"><strong>Del 14 d\u2019octubre al 9 de juny del 2026<\/strong><\/p>\n<p style=\"text-align: justify;\"><strong>Nombre d\u2019alumnes per grup<\/strong><br \/>\n20 m\u00e0xim<\/p>\n<p style=\"text-align: justify;\"><strong>Preu<\/strong><br \/>\n280 euros. <strong>L\u2019import de la matr\u00edcula no es retornar\u00e0 un cop iniciat el curs.<\/strong><\/p>\n<table style=\"width: 100%;\">\n<tbody>\n<tr>\n<td style=\"text-align: center; width: 18.2679%;\"><strong>Curs<\/strong><\/td>\n<td style=\"text-align: center; width: 11.908%;\"><strong>Nivell<\/strong><\/td>\n<td style=\"text-align: center; width: 9.60758%;\"><strong>Horari<\/strong><\/td>\n<td style=\"text-align: center; width: 18.5386%;\"><strong>Objectiu principal<\/strong><\/td>\n<td style=\"text-align: center; width: 19.2152%;\"><strong>Temes exemples<\/strong><\/td>\n<td style=\"text-align: center; width: 20.433%;\"><strong>Metodologia<\/strong><\/td>\n<\/tr>\n<tr>\n<td style=\"text-align: center; width: 18.2679%;\"><a href=\"https:\/\/agora-eoi.xtec.cat\/eoisantgervasi\/beyond-b2\/\"><strong>Beyond B2: Advanced Conversation Lab<\/strong><\/a><\/td>\n<td style=\"text-align: center; width: 11.908%;\"><strong>Certificat B2 obligatori<\/strong><\/td>\n<td style=\"text-align: center; width: 9.60758%;\">De 16:30 a 18:30 h.<\/td>\n<td style=\"text-align: center; width: 18.5386%;\">Fer el salt qualitatiu en contextos complexos i espec\u00edfics<\/td>\n<td style=\"text-align: center; width: 19.2152%;\">Ci\u00e8ncia i societat, treball en equip, projectes culturals, innovaci\u00f3, not\u00edcies<\/td>\n<td style=\"text-align: center; width: 20.433%;\">Tasques, projectes col\u00b7laboratius, mediaci\u00f3 i reformulaci\u00f3<\/td>\n<\/tr>\n<tr>\n<td style=\"text-align: center; width: 18.2679%;\"><a href=\"https:\/\/agora-eoi.xtec.cat\/eoisantgervasi\/c1-impact\/\"><strong>C2 Impact: Speak with Precision and Persuasion<\/strong><\/a><\/td>\n<td style=\"text-align: center; width: 11.908%;\"><strong>Certificat C1 obligatori<\/strong><\/td>\n<td style=\"text-align: center; width: 9.60758%;\">De 18:30 a 20:30 h.<\/td>\n<td style=\"text-align: center; width: 18.5386%;\">Dominar la precisi\u00f3, matisos i seguretat en situacions exigents<\/td>\n<td style=\"text-align: center; width: 19.2152%;\">Lideratge, innovaci\u00f3 social, art i cultura, q\u00fcestions globals<\/td>\n<td style=\"text-align: center; width: 20.433%;\">Debats formals, storytelling professional, an\u00e0lisi de discursos<\/td>\n<\/tr>\n<\/tbody>\n<\/table>\n<p style=\"text-align: justify;\">Per als cursos quadrimestrals tindr\u00e0 prioritat l\u2019alumnat de la nostra escola.<\/p>\n<p style=\"text-align: justify;\">Per als cursos anuals \u00e9s indispensable per a matricular-se tenir els certificats de B2.2 o de C1 d\u2019angl\u00e8s de l\u2019EOI o equivalents. <strong>En cas que no el tingueu haureu de fer un test de nivell a la nostra escola per poder acreditar el vostre nivell i fer el curs.<\/strong><\/p>\n","protected":false},"excerpt":{"rendered":"<p>Classes de conversa quadrimestrals:\u00a0 S&#8217;obren nous grups els DIMARTS<br \/>\nIMPORTANT. A partir del 29 de setembre del 2025 a les 19.00 hores i fins que s\u2019exhaureixin les places<br \/>\n<a href=\"https:\/\/www.informaticacentros.com\/centrosnet\/libres_mat\/index.php?tcen=EOI&amp;cen=B13&amp;suf=1Q\"><\/a><br \/>\nT\u00edtol com\u00fa: English Fluency Sessions. Aula 0<br \/>\nConversa i interacci\u00f3 en angl\u00e8s<br \/>\nProfessora<br \/>\nCameron Bullock on Wednesday\/\/ Aileen Kelly<br \/>\nDurada<br \/>\n15 sessions d&#8217;1&hellip;  <a href=\"https:\/\/agora-eoi.xtec.cat\/eoisantgervasi\/cursos-de-conversa-en-angles-2025-2026\/\" title=\"Read Cursos de conversa en angl\u00e8s 2025\u20132026\">Llegeix m\u00e9s\u00bb<\/a><\/p>\n","protected":false},"author":7,"featured_media":0,"parent":0,"menu_order":0,"comment_status":"closed","ping_status":"closed","template":"page-templates\/side-menu.php","meta":{"_bbp_topic_count":0,"_bbp_reply_count":0,"_bbp_total_topic_count":0,"_bbp_total_reply_count":0,"_bbp_voice_count":0,"_bbp_anonymous_reply_count":0,"_bbp_topic_count_hidden":0,"_bbp_reply_count_hidden":0,"_bbp_forum_subforum_count":0,"footnotes":""},"class_list":["post-12497","page","type-page","status-publish","hentry"],"post_mailing_queue_ids":[],"_links":{"self":[{"href":"https:\/\/agora-eoi.xtec.cat\/eoisantgervasi\/wp-json\/wp\/v2\/pages\/12497","targetHints":{"allow":["GET"]}}],"collection":[{"href":"https:\/\/agora-eoi.xtec.cat\/eoisantgervasi\/wp-json\/wp\/v2\/pages"}],"about":[{"href":"https:\/\/agora-eoi.xtec.cat\/eoisantgervasi\/wp-json\/wp\/v2\/types\/page"}],"author":[{"embeddable":true,"href":"https:\/\/agora-eoi.xtec.cat\/eoisantgervasi\/wp-json\/wp\/v2\/users\/7"}],"replies":[{"embeddable":true,"href":"https:\/\/agora-eoi.xtec.cat\/eoisantgervasi\/wp-json\/wp\/v2\/comments?post=12497"}],"version-history":[{"count":8,"href":"https:\/\/agora-eoi.xtec.cat\/eoisantgervasi\/wp-json\/wp\/v2\/pages\/12497\/revisions"}],"predecessor-version":[{"id":12691,"href":"https:\/\/agora-eoi.xtec.cat\/eoisantgervasi\/wp-json\/wp\/v2\/pages\/12497\/revisions\/12691"}],"wp:attachment":[{"href":"https:\/\/agora-eoi.xtec.cat\/eoisantgervasi\/wp-json\/wp\/v2\/media?parent=12497"}],"curies":[{"name":"wp","href":"https:\/\/api.w.org\/{rel}","templated":true}]}}