{"id":12107,"date":"2025-07-04T17:52:44","date_gmt":"2025-07-04T15:52:44","guid":{"rendered":"https:\/\/agora-eoi.xtec.cat\/eoisantgervasi\/?page_id=12107"},"modified":"2025-07-28T17:46:59","modified_gmt":"2025-07-28T15:46:59","slug":"oferta-especifica-centre","status":"publish","type":"page","link":"https:\/\/agora-eoi.xtec.cat\/eoisantgervasi\/oferta-especifica-centre\/","title":{"rendered":"Oferta espec\u00edfica de centre"},"content":{"rendered":"<p>Aquesta \u00e9s l&#8217;oferta espec\u00edfica de centre del curs 2025-2026.<\/p>\n<ul>\n<li><strong>Del 8 d&#8217;octubre de 2025 al 3 de juny de 2026, en 30 sessions de dues hores de durada en horari de mat\u00ed.<\/strong><\/li>\n<\/ul>\n<table id=\"cursosMonograficsAlemany1\" class=\"taula taulaPad10\" style=\"width: 95.7017%;\">\n<thead>\n<tr>\n<td style=\"width: 132.347%;\" colspan=\"5\">OFERTA ESPEC\u00cdFICA DE CENTRE\u00a0 2025-2026<\/td>\n<\/tr>\n<tr>\n<td style=\"width: 14.6667%;\">Dia<\/td>\n<td style=\"width: 20.6804%;\">Curs<\/td>\n<td style=\"width: 31.3196%;\">Horaris<\/td>\n<td style=\"width: 20%;\">Professor<\/td>\n<td style=\"width: 45.68%;\">Aula<\/td>\n<\/tr>\n<\/thead>\n<tbody>\n<tr>\n<td id=\"monografics2010\" style=\"width: 14.6667%;\" rowspan=\"2\">Dimecres<\/td>\n<td style=\"width: 20.6804%; text-align: center;\" rowspan=\"2\">English for CFA B1 second part<\/td>\n<td style=\"width: 31.3196%; text-align: center;\">De 09.30 h. a 11.30 h.<\/td>\n<td style=\"width: 20%; text-align: center;\">Aileen Kelly<\/td>\n<td style=\"width: 45.68%; text-align: center;\">0<\/td>\n<\/tr>\n<tr>\n<td style=\"width: 31.3196%; text-align: center;\">De 11.30 h. a 13.30 h.<\/td>\n<td style=\"width: 20%; text-align: center;\">Aileen Kelly<\/td>\n<td style=\"width: 45.68%; text-align: center;\">0<\/td>\n<\/tr>\n<\/tbody>\n<\/table>\n","protected":false},"excerpt":{"rendered":"<p>Aquesta \u00e9s l&#8217;oferta espec\u00edfica de centre del curs 2025-2026.<\/p>\n<ul>\n<li>Del 8 d&#8217;octubre de 2025 al 3 de juny de 2026, en 30 sessions de dues hores de durada en horari de mat\u00ed.<\/li>\n<\/ul>\n<p>OFERTA ESPEC\u00cdFICA DE CENTRE\u00a0 2025-2026<\/p>\n<p>Dia<br \/>\nCurs<br \/>\nHoraris<br \/>\nProfessor<br \/>\nAula<\/p>\n<p>Dimecres<br \/>\nEnglish for CFA B1 second part<br \/>\nDe 09.30 h. a 11.30 h.<br \/>\nAileen&hellip;  <a href=\"https:\/\/agora-eoi.xtec.cat\/eoisantgervasi\/oferta-especifica-centre\/\" title=\"Read Oferta espec\u00edfica de centre\">Llegeix m\u00e9s\u00bb<\/a><\/p>\n","protected":false},"author":7,"featured_media":0,"parent":0,"menu_order":0,"comment_status":"closed","ping_status":"closed","template":"","meta":{"_bbp_topic_count":0,"_bbp_reply_count":0,"_bbp_total_topic_count":0,"_bbp_total_reply_count":0,"_bbp_voice_count":0,"_bbp_anonymous_reply_count":0,"_bbp_topic_count_hidden":0,"_bbp_reply_count_hidden":0,"_bbp_forum_subforum_count":0,"footnotes":""},"class_list":["post-12107","page","type-page","status-publish","hentry"],"post_mailing_queue_ids":[],"_links":{"self":[{"href":"https:\/\/agora-eoi.xtec.cat\/eoisantgervasi\/wp-json\/wp\/v2\/pages\/12107","targetHints":{"allow":["GET"]}}],"collection":[{"href":"https:\/\/agora-eoi.xtec.cat\/eoisantgervasi\/wp-json\/wp\/v2\/pages"}],"about":[{"href":"https:\/\/agora-eoi.xtec.cat\/eoisantgervasi\/wp-json\/wp\/v2\/types\/page"}],"author":[{"embeddable":true,"href":"https:\/\/agora-eoi.xtec.cat\/eoisantgervasi\/wp-json\/wp\/v2\/users\/7"}],"replies":[{"embeddable":true,"href":"https:\/\/agora-eoi.xtec.cat\/eoisantgervasi\/wp-json\/wp\/v2\/comments?post=12107"}],"version-history":[{"count":6,"href":"https:\/\/agora-eoi.xtec.cat\/eoisantgervasi\/wp-json\/wp\/v2\/pages\/12107\/revisions"}],"predecessor-version":[{"id":12580,"href":"https:\/\/agora-eoi.xtec.cat\/eoisantgervasi\/wp-json\/wp\/v2\/pages\/12107\/revisions\/12580"}],"wp:attachment":[{"href":"https:\/\/agora-eoi.xtec.cat\/eoisantgervasi\/wp-json\/wp\/v2\/media?parent=12107"}],"curies":[{"name":"wp","href":"https:\/\/api.w.org\/{rel}","templated":true}]}}