{"id":12019,"date":"2024-07-06T15:55:47","date_gmt":"2024-07-06T13:55:47","guid":{"rendered":"https:\/\/agora-eoi.xtec.cat\/eoisantgervasi\/?page_id=12019"},"modified":"2024-07-08T11:52:50","modified_gmt":"2024-07-08T09:52:50","slug":"videos-erasmus-angles","status":"publish","type":"page","link":"https:\/\/agora-eoi.xtec.cat\/eoisantgervasi\/videos-erasmus-angles\/","title":{"rendered":"Projecte transversal audio-visual angl\u00e8s Erasmus+"},"content":{"rendered":"<p>Projecte transversal audiovisual Erasmus+ en angl\u00e8s. els v\u00eddeos guanyadors:<\/p>\n<p><a href=\"https:\/\/drive.google.com\/file\/d\/1hMT-zXK_aN8_fGMdpLZOf4ohd70nEPaO\/view?usp=sharing\">V\u00eddeo 1<\/a><br \/>\n<a href=\"https:\/\/drive.google.com\/file\/d\/1o9lVo5RHFbWo28_bRN141On57vcfxjXj\/view?usp=sharing\">V\u00eddeo 2<\/a><br \/>\n<a href=\"https:\/\/drive.google.com\/file\/d\/1cgc4rgdHsI4gsRYfspDrC7xqmesOdQFF\/view?usp=sharing\">V\u00eddeo 3<\/a><br \/>\n<a href=\"https:\/\/drive.google.com\/file\/d\/1EW2GuT0yTGxuhmKFtsg119PWx1_oWyS5\/view?usp=sharing\">V\u00eddeo 4<\/a><\/p>\n","protected":false},"excerpt":{"rendered":"<p>Projecte transversal audiovisual Erasmus+ en angl\u00e8s. els v\u00eddeos guanyadors:<br \/>\n<a href=\"https:\/\/drive.google.com\/file\/d\/1hMT-zXK_aN8_fGMdpLZOf4ohd70nEPaO\/view?usp=sharing\">V\u00eddeo 1<\/a><br \/>\n<a href=\"https:\/\/drive.google.com\/file\/d\/1o9lVo5RHFbWo28_bRN141On57vcfxjXj\/view?usp=sharing\">V\u00eddeo 2<\/a><br \/>\n<a href=\"https:\/\/drive.google.com\/file\/d\/1cgc4rgdHsI4gsRYfspDrC7xqmesOdQFF\/view?usp=sharing\">V\u00eddeo 3<\/a><br \/>\n<a href=\"https:\/\/drive.google.com\/file\/d\/1EW2GuT0yTGxuhmKFtsg119PWx1_oWyS5\/view?usp=sharing\">V\u00eddeo 4<\/a><\/p>\n","protected":false},"author":7,"featured_media":0,"parent":0,"menu_order":0,"comment_status":"closed","ping_status":"closed","template":"","meta":{"_bbp_topic_count":0,"_bbp_reply_count":0,"_bbp_total_topic_count":0,"_bbp_total_reply_count":0,"_bbp_voice_count":0,"_bbp_anonymous_reply_count":0,"_bbp_topic_count_hidden":0,"_bbp_reply_count_hidden":0,"_bbp_forum_subforum_count":0,"footnotes":""},"class_list":["post-12019","page","type-page","status-publish","hentry"],"post_mailing_queue_ids":[],"_links":{"self":[{"href":"https:\/\/agora-eoi.xtec.cat\/eoisantgervasi\/wp-json\/wp\/v2\/pages\/12019","targetHints":{"allow":["GET"]}}],"collection":[{"href":"https:\/\/agora-eoi.xtec.cat\/eoisantgervasi\/wp-json\/wp\/v2\/pages"}],"about":[{"href":"https:\/\/agora-eoi.xtec.cat\/eoisantgervasi\/wp-json\/wp\/v2\/types\/page"}],"author":[{"embeddable":true,"href":"https:\/\/agora-eoi.xtec.cat\/eoisantgervasi\/wp-json\/wp\/v2\/users\/7"}],"replies":[{"embeddable":true,"href":"https:\/\/agora-eoi.xtec.cat\/eoisantgervasi\/wp-json\/wp\/v2\/comments?post=12019"}],"version-history":[{"count":5,"href":"https:\/\/agora-eoi.xtec.cat\/eoisantgervasi\/wp-json\/wp\/v2\/pages\/12019\/revisions"}],"predecessor-version":[{"id":12045,"href":"https:\/\/agora-eoi.xtec.cat\/eoisantgervasi\/wp-json\/wp\/v2\/pages\/12019\/revisions\/12045"}],"wp:attachment":[{"href":"https:\/\/agora-eoi.xtec.cat\/eoisantgervasi\/wp-json\/wp\/v2\/media?parent=12019"}],"curies":[{"name":"wp","href":"https:\/\/api.w.org\/{rel}","templated":true}]}}