{"id":11555,"date":"2024-06-17T20:27:03","date_gmt":"2024-06-17T18:27:03","guid":{"rendered":"https:\/\/agora-eoi.xtec.cat\/eoisantgervasi\/?page_id=11555"},"modified":"2024-09-30T10:05:59","modified_gmt":"2024-09-30T08:05:59","slug":"put-your-english-into-action","status":"publish","type":"page","link":"https:\/\/agora-eoi.xtec.cat\/eoisantgervasi\/put-your-english-into-action\/","title":{"rendered":"Put your English into action"},"content":{"rendered":"<p style=\"text-align: justify;\"><strong>IMPORTANT. A partir del 19 de setembre del 2024 a les 19.00 hores i fins que s\u2019exhaureixin les places, <\/strong>s\u2019obrir\u00e0 la matr\u00edcula telem\u00e0tica per a aquest curs.<\/p>\n<p style=\"text-align: justify;\"><a href=\"https:\/\/www.informaticacentros.com\/centrosnet\/libres_mat\/index.php?tcen=EOI&amp;cen=B13\"><img loading=\"lazy\" decoding=\"async\" class=\"wp-image-11133 size-full aligncenter\" src=\"https:\/\/agora-eoi.xtec.cat\/eoisantgervasi\/wp-content\/uploads\/usu2245\/2022\/07\/Boto_matricula_1-1.jpg\" alt=\"\" width=\"200\" height=\"59\" \/><\/a><\/p>\n<p style=\"text-align: justify;\"><strong>Objectius del curs<\/strong><\/p>\n<ol style=\"text-align: justify;\">\n<li style=\"text-align: justify;\">Millorar l&#8217;expressi\u00f3 oral i escrita en angl\u00e8s dels estudiants de nivell B2+<\/li>\n<li style=\"text-align: justify;\">Incrementar la flu\u00efdesa i la confian\u00e7a en comunicar-se en situacions quotidianes, debats i temes d&#8217;actualitat.<\/li>\n<li style=\"text-align: justify;\">Ampliar el vocabulari relacionat amb temes de viatges i actualitat per facilitar la interacci\u00f3 en aquests \u00e0mbits.<\/li>\n<li style=\"text-align: justify;\">Desenvolupar habilitats de debat, argumentaci\u00f3 i expressi\u00f3 clara i coherent.<\/li>\n<li style=\"text-align: justify;\">Utilitzar materials aut\u00e8ntics i actuals per a generar discussions i activitats participatives en classe.<\/li>\n<\/ol>\n<p style=\"text-align: justify;\"><strong>\u00a0<\/strong><strong>Destinataris del curs<\/strong><\/p>\n<p style=\"text-align: justify;\">Aquest curs est\u00e0 dirigit a adults amb un nivell de B2+ d&#8217;angl\u00e8s que desitgin conservar o millorar la seva expressi\u00f3 oral i escrita. Els participants han de tenir inter\u00e8s en debatre temes d&#8217;actualitat, viatges i estar al dia amb els esdeveniments mundials. Aquest curs \u00e9s adequat per a persones que vulguin desenvolupar les seves habilitats comunicatives en un context real i interactiu i que tinguin un nivell d&#8217;angl\u00e8s de B2 o superior.<\/p>\n<p style=\"text-align: justify;\"><strong>Justificaci\u00f3 de l\u2019inter\u00e8s del curs<\/strong><\/p>\n<p style=\"text-align: justify;\">Aquest curs \u00e9s especialment interessant per a adults que desitgin mantenir o millorar el seu nivell d&#8217;expressi\u00f3 oral i escrita en angl\u00e8s, amb un enfocament en temes d&#8217;actualitat i viatges. Els participants tindran l&#8217;oportunitat de practicar la seva habilitat de parlar, debatre i expressar-se amb confian\u00e7a en situacions reals. A m\u00e9s, l&#8217;\u00fas de materials aut\u00e8ntics i actuals permetr\u00e0 als estudiants estar al dia amb les not\u00edcies i temes de conversa actuals, aix\u00ed com ampliar el seu vocabulari en aquests \u00e0mbits.<\/p>\n<p style=\"text-align: justify;\"><strong>Programa del curs<br \/>\n<\/strong><\/p>\n<p style=\"text-align: justify;\">Aquests s\u00f3n, entre d&#8217;altres, el temes que es tractaran al llarg del curs:<\/p>\n<p style=\"text-align: justify;\">Introducci\u00f3 als temes d&#8217;actualitat<\/p>\n<ul style=\"text-align: justify;\">\n<li>An\u00e0lisi i debat de not\u00edcies i articles d&#8217;actualitat.<\/li>\n<li>Vocabulari relacionat amb els temes d&#8217;actualitat.<\/li>\n<li>Expressi\u00f3 oral i escrita sobre temes d&#8217;actualitat.<\/li>\n<\/ul>\n<p style=\"text-align: justify;\">Converses de viatges<\/p>\n<ul style=\"text-align: justify;\">\n<li>Planificaci\u00f3 i preparaci\u00f3 de viatges.<\/li>\n<li>Vocabulari i frases \u00fatils per a viatjar.<\/li>\n<li>Descripci\u00f3 d&#8217;experi\u00e8ncies de viatge i recomanacions.<\/li>\n<\/ul>\n<p style=\"text-align: justify;\">Debats tem\u00e0tics<\/p>\n<ul style=\"text-align: justify;\">\n<li>Exposici\u00f3 d&#8217;opinions i arguments en debats.<\/li>\n<li>L&#8217;\u00fas de connectors i expressions per expressar acord i desacord.<\/li>\n<li>Persuasi\u00f3 i negociaci\u00f3 en situacions de debat.<\/li>\n<\/ul>\n<p style=\"text-align: justify;\">Presentacions i exposicions<\/p>\n<p style=\"text-align: justify;\">Preparaci\u00f3 i realitzaci\u00f3 de presentacions sobre temes d&#8217;inter\u00e8s.<\/p>\n<p style=\"text-align: justify;\">\u00das d&#8217;estrat\u00e8gies per captar l&#8217;atenci\u00f3 de l&#8217;audi\u00e8ncia.<\/p>\n<p style=\"text-align: justify;\">Aquest programa proporcionar\u00e0 als participants les eines necess\u00e0ries per a millorar la seva expressi\u00f3 oral i escrita en angl\u00e8s, aix\u00ed com per a desenvolupar habilitats de debat, argumentaci\u00f3 i presentaci\u00f3. Mitjan\u00e7ant l&#8217;\u00fas de materials aut\u00e8ntics i actuals, els estudiants estaran immersos en temes d&#8217;inter\u00e8s i podran aplicar el seu coneixement de l&#8217;idioma en situacions reals i rellevants. A m\u00e9s, el programa fomenta la participaci\u00f3 activa i les activitats interactives<\/p>\n<p style=\"text-align: justify;\"><strong>Professora<\/strong><br \/>\nCaterine Bergeron<\/p>\n<p style=\"text-align: justify;\"><strong>Durada<br \/>\n<\/strong>60 hores (30 sessions de 2 hores)<\/p>\n<p style=\"text-align: justify;\"><strong>Dates<\/strong><br \/>\nDel 30 de setembre de 2024 fins el 16 de juny 2025.<\/p>\n<p style=\"text-align: justify;\"><strong>Classes<br \/>\n<\/strong>Dilluns de 16.30 a 18.30 hores.<\/p>\n<p style=\"text-align: justify;\"><strong>Aula<br \/>\n<\/strong>13.<\/p>\n<p style=\"text-align: justify;\"><strong>Nombre d\u2019alumnes per grup<br \/>\n<\/strong>14 m\u00ednim i 20 m\u00e0xim<\/p>\n<p style=\"text-align: justify;\"><strong>Curs impartit en angl\u00e8s<\/strong><\/p>\n<p style=\"text-align: justify;\"><strong>Requisits<\/strong><\/p>\n<p style=\"text-align: justify;\">Tenir un nivell B2 o equivalent d&#8217;angl\u00e8s<\/p>\n<p style=\"text-align: justify;\"><strong>Preu<br \/>\n<\/strong>295\u20ac + 30\u20ac de material<br \/>\nPer decisi\u00f3 un\u00e0nime del consell escolar de la nostra EOI, en data de 25 de juny del 2020, les persones que efectu\u00efn una matr\u00edcula amb bonificaci\u00f3 del 100% a algun dels nostres cursos especials (siguin de llengua instrumental o monogr\u00e0fics) hauran de satisfer 50 euros en concepte de materials i \u00fas de les instal\u00b7lacions. Aquesta\u00a0 regulaci\u00f3 dels pagaments ha quedat recollida a les NOFC (Normes de Funcionament de Centre) de l\u2019EOI Sant Gervasi.<\/p>\n<p style=\"text-align: justify;\"><strong>Prova de nivell<br \/>\n<\/strong>Les persones que no puguin al\u2022legar acreditaci\u00f3 i penseu que teniu el nivell per a fer el curs adreceu-vos a angles@eoisg.cat<\/p>\n<p style=\"text-align: justify;\"><strong>Matr\u00edcula<br \/>\n<\/strong>La matr\u00edcula es realitzar\u00e0 telem\u00e0ticament des d\u2019aquest lloc web a partir del 19 de setembre a les 19.00 hores i fins que s\u2019exhaureixin les places.<\/p>\n<p style=\"text-align: justify;\"><strong>Documentaci\u00f3 que cal adjuntar el dia de la matr\u00edcula<\/strong><\/p>\n<ul style=\"text-align: justify;\">\n<li>Imatge escanejada o fotografia del DNI\/Passaport (nom\u00e9s nous alumnes).<\/li>\n<li>Esc\u00e0ner o fotografia del certificat acreditatiu del nivell (nom\u00e9s nous alumnes).<\/li>\n<li>Si escau, esc\u00e0ner o fotografia de la documentaci\u00f3 que d\u00f3na dret a la reducci\u00f3 en l&#8217;import de la taxa. (carnet de fam\u00edlia nombrosa o monoparental o certificat de discapacitat igual o superior a 33%)<\/li>\n<\/ul>\n<p style=\"text-align: justify;\"><strong>NOTA:<\/strong> Els arxius escanejats o fotografiats no poden pesar m\u00e9s d&#8217;1Mb. Procureu que les imatges es vegin b\u00e9, sin\u00f3 la matr\u00edcula podria quedar sense efecte.<\/p>\n<p style=\"text-align: justify;\"><strong>Certificat<br \/>\n<\/strong>En acabar el curs, es donar\u00e0 un certificat acreditatiu.<\/p>\n<p style=\"text-align: justify;\"><strong>Assist\u00e8ncia<br \/>\n<\/strong>Es requereix un 80% d\u2019assist\u00e8ncia per obtenir el certificat<\/p>\n<p style=\"text-align: justify;\"><strong>Si el curs s\u2019anul\u00b7la, perqu\u00e8 no s\u2019arriba al m\u00ednim d\u2019alumnes establert, es retornar\u00e0 l\u2019import de la matr\u00edcula. L&#8217;import de la matr\u00edcula no es retornar\u00e0 un cop iniciat el curs.<\/strong><\/p>\n","protected":false},"excerpt":{"rendered":"<p>IMPORTANT. A partir del 19 de setembre del 2024 a les 19.00 hores i fins que s\u2019exhaureixin les places, s\u2019obrir\u00e0 la matr\u00edcula telem\u00e0tica per a aquest curs.<br \/>\n<a href=\"https:\/\/www.informaticacentros.com\/centrosnet\/libres_mat\/index.php?tcen=EOI&amp;cen=B13\"><\/a><br \/>\nObjectius del curs<\/p>\n<ol style=\"text-align: justify;\">\n<li style=\"text-align: justify;\">Millorar l&#8217;expressi\u00f3 oral i escrita en angl\u00e8s dels estudiants de nivell B2+<\/li>\n<li&hellip;  <a href=\"https:\/\/agora-eoi.xtec.cat\/eoisantgervasi\/put-your-english-into-action\/\" title=\"Read Put your English into action\">Llegeix m\u00e9s\u00bb<\/a><br \/>\n","protected":false},"author":7,"featured_media":0,"parent":0,"menu_order":0,"comment_status":"closed","ping_status":"closed","template":"","meta":{"_bbp_topic_count":0,"_bbp_reply_count":0,"_bbp_total_topic_count":0,"_bbp_total_reply_count":0,"_bbp_voice_count":0,"_bbp_anonymous_reply_count":0,"_bbp_topic_count_hidden":0,"_bbp_reply_count_hidden":0,"_bbp_forum_subforum_count":0,"footnotes":""},"class_list":["post-11555","page","type-page","status-publish","hentry"],"post_mailing_queue_ids":[],"_links":{"self":[{"href":"https:\/\/agora-eoi.xtec.cat\/eoisantgervasi\/wp-json\/wp\/v2\/pages\/11555","targetHints":{"allow":["GET"]}}],"collection":[{"href":"https:\/\/agora-eoi.xtec.cat\/eoisantgervasi\/wp-json\/wp\/v2\/pages"}],"about":[{"href":"https:\/\/agora-eoi.xtec.cat\/eoisantgervasi\/wp-json\/wp\/v2\/types\/page"}],"author":[{"embeddable":true,"href":"https:\/\/agora-eoi.xtec.cat\/eoisantgervasi\/wp-json\/wp\/v2\/users\/7"}],"replies":[{"embeddable":true,"href":"https:\/\/agora-eoi.xtec.cat\/eoisantgervasi\/wp-json\/wp\/v2\/comments?post=11555"}],"version-history":[{"count":6,"href":"https:\/\/agora-eoi.xtec.cat\/eoisantgervasi\/wp-json\/wp\/v2\/pages\/11555\/revisions"}],"predecessor-version":[{"id":12258,"href":"https:\/\/agora-eoi.xtec.cat\/eoisantgervasi\/wp-json\/wp\/v2\/pages\/11555\/revisions\/12258"}],"wp:attachment":[{"href":"https:\/\/agora-eoi.xtec.cat\/eoisantgervasi\/wp-json\/wp\/v2\/media?parent=11555"}],"curies":[{"name":"wp","href":"https:\/\/api.w.org\/{rel}","templated":true}]}}