{"id":10362,"date":"2021-06-28T18:40:40","date_gmt":"2021-06-28T16:40:40","guid":{"rendered":"https:\/\/agora-eoi.xtec.cat\/eoi3santgervasi\/?page_id=10362"},"modified":"2024-06-23T10:52:19","modified_gmt":"2024-06-23T08:52:19","slug":"matricula-dactualitzacio-refresca-el-teu-nivell","status":"publish","type":"page","link":"https:\/\/agora-eoi.xtec.cat\/eoisantgervasi\/matricula-dactualitzacio-refresca-el-teu-nivell\/","title":{"rendered":"Matr\u00edcula d&#8217;actualitzaci\u00f3: refresca el teu nivell!"},"content":{"rendered":"<p><a href=\"https:\/\/agora-eoi.xtec.cat\/eoi3santgervasi\/wp-content\/uploads\/usu2245\/2020\/07\/claseadults-e1595329795170.jpg\"><img loading=\"lazy\" decoding=\"async\" class=\"size-medium wp-image-9522 aligncenter\" src=\"https:\/\/agora-eoi.xtec.cat\/eoi3santgervasi\/wp-content\/uploads\/usu2245\/2020\/07\/claseadults-e1595329295783-300x198.jpg\" alt=\"\" width=\"300\" height=\"198\" \/><\/a><\/p>\n<p><strong>TORNA a l\u2019EOI de Sant Gervasi i recupera el teu nivell de llengua!<\/strong><\/p>\n<p>Aquelles persones que ja han cursat i superat amb anterioritat cursos de les escoles d\u2019idiomes\u00a0 i que vulguin actualitzar-ne els coneixements,\u00a0 poden sol\u00b7licitar matr\u00edcular-se en l&#8217;\u00faltim curs fet o en qualsevol dels cursos inferiors.<\/p>\n<p><strong>Qu\u00e8 he de fer?<\/strong><\/p>\n<p>Sol\u00b7licita la matr\u00edcula d\u2019actualitaci\u00f3 al departament d&#8217;alumnat de la nostra escola. Nom\u00e9s podr\u00e0s accedir a grups en qu\u00e8 existeixin vacants en el curs i idioma sol\u00b7licitat. La sol\u00b7licitud ser\u00e0 v\u00e0lida \u00fanicament per al curs acad\u00e8mic en qu\u00e8 se sol\u00b7liciti i s\u2019haur\u00e0 de tornar a presentar per a cursos acad\u00e8mics posteriors, cas que vulguis continuar actualitzant coneixements.<\/p>\n<p><strong>Quina nota tindr\u00e9?<\/strong><\/p>\n<p>Aquest tipus de matr\u00edcula no tindr\u00e0 efectes acad\u00e8mics ni donar\u00e0 lloc a cap certificaci\u00f3 oficial. La qualificaci\u00f3 que es far\u00e0 constar en l\u2019expedient acad\u00e8mic de l\u2019alumnat ser\u00e0 \u201cNo qualificat\/da\u201d.<\/p>\n<p><strong>Obtindr\u00e9 un nou certificat?<\/strong><\/p>\n<p>L\u2019alumnat en aquesta situaci\u00f3 acad\u00e8mica podr\u00e0 sol\u00b7licitar un certificat d\u2019actualitzaci\u00f3 al centre on estigui matriculat per\u00f2 no podr\u00e0 sol\u00b7licitar una nova expedici\u00f3 del certificat obtingut anteriorment.<\/p>\n<p><strong>Quin preu t\u00e9 la matr\u00edcula d\u2019actualitzaci\u00f3?<\/strong><\/p>\n<p>Pel que fa al preu del servei, aquest alumnat pagar\u00e0 la taxa o el preu p\u00fablic corresponent, sense penalitzaci\u00f3 per repetici\u00f3.<br \/>\nNo es pot simultaniejar una matr\u00edcula ordin\u00e0ria als ensenyaments presencials i una matr\u00edcula d\u2019actualitzaci\u00f3 del mateix idioma durant un mateix curs acad\u00e8mic.<\/p>\n","protected":false},"excerpt":{"rendered":"<p><a href=\"https:\/\/agora-eoi.xtec.cat\/eoi3santgervasi\/wp-content\/uploads\/usu2245\/2020\/07\/claseadults-e1595329795170.jpg\"><\/a><br \/>\nTORNA a l\u2019EOI de Sant Gervasi i recupera el teu nivell de llengua!<br \/>\nAquelles persones que ja han cursat i superat amb anterioritat cursos de les escoles d\u2019idiomes\u00a0 i que vulguin actualitzar-ne els coneixements,\u00a0 poden sol\u00b7licitar matr\u00edcular-se en l&#8217;\u00faltim curs fet o en qualsevol dels&hellip;  <a href=\"https:\/\/agora-eoi.xtec.cat\/eoisantgervasi\/matricula-dactualitzacio-refresca-el-teu-nivell\/\" title=\"Read Matr\u00edcula d&#8217;actualitzaci\u00f3: refresca el teu nivell!\">Llegeix m\u00e9s\u00bb<\/a><\/p>\n","protected":false},"author":5,"featured_media":0,"parent":0,"menu_order":0,"comment_status":"closed","ping_status":"closed","template":"","meta":{"_bbp_topic_count":0,"_bbp_reply_count":0,"_bbp_total_topic_count":0,"_bbp_total_reply_count":0,"_bbp_voice_count":0,"_bbp_anonymous_reply_count":0,"_bbp_topic_count_hidden":0,"_bbp_reply_count_hidden":0,"_bbp_forum_subforum_count":0,"footnotes":""},"class_list":["post-10362","page","type-page","status-publish","hentry"],"post_mailing_queue_ids":[],"_links":{"self":[{"href":"https:\/\/agora-eoi.xtec.cat\/eoisantgervasi\/wp-json\/wp\/v2\/pages\/10362","targetHints":{"allow":["GET"]}}],"collection":[{"href":"https:\/\/agora-eoi.xtec.cat\/eoisantgervasi\/wp-json\/wp\/v2\/pages"}],"about":[{"href":"https:\/\/agora-eoi.xtec.cat\/eoisantgervasi\/wp-json\/wp\/v2\/types\/page"}],"author":[{"embeddable":true,"href":"https:\/\/agora-eoi.xtec.cat\/eoisantgervasi\/wp-json\/wp\/v2\/users\/5"}],"replies":[{"embeddable":true,"href":"https:\/\/agora-eoi.xtec.cat\/eoisantgervasi\/wp-json\/wp\/v2\/comments?post=10362"}],"version-history":[{"count":5,"href":"https:\/\/agora-eoi.xtec.cat\/eoisantgervasi\/wp-json\/wp\/v2\/pages\/10362\/revisions"}],"predecessor-version":[{"id":11970,"href":"https:\/\/agora-eoi.xtec.cat\/eoisantgervasi\/wp-json\/wp\/v2\/pages\/10362\/revisions\/11970"}],"wp:attachment":[{"href":"https:\/\/agora-eoi.xtec.cat\/eoisantgervasi\/wp-json\/wp\/v2\/media?parent=10362"}],"curies":[{"name":"wp","href":"https:\/\/api.w.org\/{rel}","templated":true}]}}