{"id":10026,"date":"2021-01-15T16:32:45","date_gmt":"2021-01-15T15:32:45","guid":{"rendered":"https:\/\/agora-eoi.xtec.cat\/eoi3santgervasi\/?page_id=10026"},"modified":"2026-04-09T16:27:17","modified_gmt":"2026-04-09T14:27:17","slug":"projecte-erasmus-eoisg","status":"publish","type":"page","link":"https:\/\/agora-eoi.xtec.cat\/eoisantgervasi\/maletes-pedagogiques\/projecte-erasmus-eoisg\/","title":{"rendered":"Projecte Erasmus+ EOISG"},"content":{"rendered":"<p><strong>Curs 2018-2019<\/strong><\/p>\n<p><a href=\"https:\/\/agora-eoi.xtec.cat\/eoi3santgervasi\/wp-content\/uploads\/usu2245\/2021\/01\/1-Articulo-web-EOI-Erasmus-presentacion.pdf\"><img loading=\"lazy\" decoding=\"async\" class=\"alignnone size-medium wp-image-10016\" src=\"https:\/\/agora-eoi.xtec.cat\/eoi3santgervasi\/wp-content\/uploads\/usu2245\/2021\/01\/erasmus-300x73.png\" alt=\"\" width=\"300\" height=\"73\" srcset=\"https:\/\/agora-eoi.xtec.cat\/eoisantgervasi\/wp-content\/uploads\/usu2245\/2021\/01\/erasmus-300x73.png 300w, https:\/\/agora-eoi.xtec.cat\/eoisantgervasi\/wp-content\/uploads\/usu2245\/2021\/01\/erasmus.png 600w\" sizes=\"auto, (max-width: 300px) 100vw, 300px\" \/><\/a><\/p>\n<p><strong>Curs 2020-2022<\/strong><\/p>\n<p><a href=\"https:\/\/agora-eoi.xtec.cat\/eoisantgervasi\/wp-content\/uploads\/usu2245\/2023\/06\/Difusion-ERASMUS2020-22_1.pdf\"><img loading=\"lazy\" decoding=\"async\" class=\"alignnone wp-image-10016 size-medium\" src=\"https:\/\/agora-eoi.xtec.cat\/eoisantgervasi\/wp-content\/uploads\/usu2245\/2021\/01\/erasmus-300x73.png\" alt=\"\" width=\"300\" height=\"73\" srcset=\"https:\/\/agora-eoi.xtec.cat\/eoisantgervasi\/wp-content\/uploads\/usu2245\/2021\/01\/erasmus-300x73.png 300w, https:\/\/agora-eoi.xtec.cat\/eoisantgervasi\/wp-content\/uploads\/usu2245\/2021\/01\/erasmus.png 600w\" sizes=\"auto, (max-width: 300px) 100vw, 300px\" \/><\/a><\/p>\n<p><strong>Curs 2022-2023<br \/>\n<\/strong><a href=\"https:\/\/sites.google.com\/xtec.cat\/palermo\/home\">Difusi\u00f3 formaci\u00f3 Erasmus+<\/a><\/p>\n<p>Clica sobre del logo per veure la descripci\u00f3 dels nostres projectes Erasmus+ dels cursos 20-21 i 21-22 cursos en els que hem obtingut una financiaci\u00f3 per a dur a terme projectes internacionals a la nostra escola.<\/p>\n<p>Clicant sobre el link podr\u00e0s veure tot el treball interdisciplinar que hem fet els diferents professors dels departaments d&#8217;alemany, angl\u00e8s i franc\u00e8s sobre el tema transversal del <em>Futur. <a href=\"https:\/\/view.genial.ly\/61d33cca8502620dee9ebc37\/interactive-content-future-project\">La perspectiva del Futur: projecte transversal Erasmus+ a l&#8217;EOISG<\/a><\/em><\/p>\n<p>\u00c9s un orgull per a nosaltres haver obtingut l&#8217;acreditaci\u00f3 Erasmus+ fins l&#8217;any 2027. La internacionalitzaci\u00f3 de la nostra escola ens permetr\u00e0 assolir els objectius del nostre projecte educatiu.<\/p>\n<p>Trobareu tota la informaci\u00f3 sobre programes europeus al <a href=\"http:\/\/sepie.es\/\">Servicio espa\u00f1ol para la internacionalizaci\u00f3n de la educaci\u00f3n<\/a>\u00a0<a href=\"http:\/\/sepie.es\/\"> SEPIE\u00a0<\/a><\/p>\n<p style=\"text-align: justify;\"><strong>Curs 2023-2024<\/strong><\/p>\n<p style=\"text-align: justify;\">Durant el curs 23-24 tots els grups de tots els idiomes de l&#8217;escola hem treballat en un projecte transversal audio-visual que porta com a t\u00edtol: <strong>La interculturalitat km 0.<\/strong><\/p>\n<p><img loading=\"lazy\" decoding=\"async\" class=\"aligncenter wp-image-12005 \" src=\"https:\/\/agora-eoi.xtec.cat\/eoisantgervasi\/wp-content\/uploads\/usu2245\/2024\/07\/Erasmus.jpg\" alt=\"\" width=\"817\" height=\"271\" srcset=\"https:\/\/agora-eoi.xtec.cat\/eoisantgervasi\/wp-content\/uploads\/usu2245\/2024\/07\/Erasmus.jpg 390w, https:\/\/agora-eoi.xtec.cat\/eoisantgervasi\/wp-content\/uploads\/usu2245\/2024\/07\/Erasmus-300x99.jpg 300w\" sizes=\"auto, (max-width: 817px) 100vw, 817px\" \/><\/p>\n<p style=\"text-align: justify;\">En aquest projecte el nostre alumnat ha reflectit en v\u00eddeos la gran diversitat ling\u00fc\u00edstica i cultural que vivim a Barcelona. A trav\u00e9s d&#8217;aquesta perspectiva intercultural portada a terme en gran part gr\u00e0cies a la formaci\u00f3 rebuda pel professorat en el marc de la nostra acreditaci\u00f3 Erasmus+, cada grup ha produ\u00eft un o varis v\u00eddeos. A final de curs hem fet un concurs de v\u00eddeos i una cerim\u00f2nia d&#8217;entrega de premis als millors v\u00eddeos de la categoria creativitat, compet\u00e8ncia ling\u00fc\u00edstica i compet\u00e8ncia audiovisual. El muntatge dels v\u00eddeos \u00e9s autoria del productor Carles Gen\u00e9, alumne de l&#8217;escola.<\/p>\n<p style=\"text-align: justify;\">Si cliqueu a les imatges podreu veure els v\u00eddeos guanyadors de les produccions del nostre alumnat en els diferents idiomes. Ens sentim molt orgullosos d&#8217;aquests productes audiovisuals i de l&#8217;aprenentatge que ha significat per a tots la participaci\u00f3 en aquest projecte que ha creat una forta cohesi\u00f3 d&#8217;escola. A transversal project trobareu un recull-muntatge de tots els v\u00eddeos produ\u00efts a l&#8217;escola.<\/p>\n<p><a href=\"https:\/\/agora-eoi.xtec.cat\/eoisantgervasi\/videos-erasmus-angles\/\"><img loading=\"lazy\" decoding=\"async\" class=\"alignnone wp-image-12009\" src=\"https:\/\/agora-eoi.xtec.cat\/eoisantgervasi\/wp-content\/uploads\/usu2245\/2024\/07\/Videos_ang.jpg\" alt=\"\" width=\"242\" height=\"168\" \/><\/a><\/p>\n<p><a href=\"https:\/\/agora-eoi.xtec.cat\/eoisantgervasi\/projecte-transversal-audio-visual-alemany-erasmus\/\"><img loading=\"lazy\" decoding=\"async\" class=\"alignnone size-full wp-image-12008\" src=\"https:\/\/agora-eoi.xtec.cat\/eoisantgervasi\/wp-content\/uploads\/usu2245\/2024\/07\/Videos_ale.jpg\" alt=\"\" width=\"211\" height=\"239\" \/><\/a><\/p>\n<p><a href=\"https:\/\/agora-eoi.xtec.cat\/eoisantgervasi\/projecte-transversal-audio-visual-frances-erasmus\/\"><img loading=\"lazy\" decoding=\"async\" class=\"alignnone wp-image-12007\" src=\"https:\/\/agora-eoi.xtec.cat\/eoisantgervasi\/wp-content\/uploads\/usu2245\/2024\/07\/Videos_fra.jpg\" alt=\"\" width=\"219\" height=\"115\" srcset=\"https:\/\/agora-eoi.xtec.cat\/eoisantgervasi\/wp-content\/uploads\/usu2245\/2024\/07\/Videos_fra.jpg 310w, https:\/\/agora-eoi.xtec.cat\/eoisantgervasi\/wp-content\/uploads\/usu2245\/2024\/07\/Videos_fra-300x158.jpg 300w\" sizes=\"auto, (max-width: 219px) 100vw, 219px\" \/><\/a><\/p>\n<p><a href=\"https:\/\/drive.google.com\/file\/d\/1dXfcvwOF53kCjBI5h82bG8Wq_Nrf4bkx\/view?usp=sharing\"><img loading=\"lazy\" decoding=\"async\" class=\"alignnone wp-image-12006 size-full\" src=\"https:\/\/agora-eoi.xtec.cat\/eoisantgervasi\/wp-content\/uploads\/usu2245\/2024\/07\/Transversal_project.jpg\" alt=\"\" width=\"450\" height=\"112\" srcset=\"https:\/\/agora-eoi.xtec.cat\/eoisantgervasi\/wp-content\/uploads\/usu2245\/2024\/07\/Transversal_project.jpg 450w, https:\/\/agora-eoi.xtec.cat\/eoisantgervasi\/wp-content\/uploads\/usu2245\/2024\/07\/Transversal_project-300x75.jpg 300w\" sizes=\"auto, (max-width: 450px) 100vw, 450px\" \/><\/a><\/p>\n<p>Hosting a job shadowing from Burja (Eslov\u00e8nia). El mes d&#8217;abril vam tenir el plaer d&#8217;acollir a la nostra EOI la visita de dos professors del centre de formaci\u00f3 d&#8217;adults de Burja. En aquest enlla\u00e7 teniu els detalls del job shadowing i unes fotos:<\/p>\n<p><a href=\"https:\/\/www.zavod-burja.si\/2025\/05\/03\/ucenje-odraslih-s-katalonskim-pridihom\/#english\">Job shadowing a la EOISG<\/a><\/p>\n<p>La nostra escola va rebre tamb\u00e9 una visita Erasmus durant la primera setmana de juliol del 2025 d&#8217;un grup de 7 alumnes i professors de l&#8217;escola d&#8217;adults Pucko otvoreno uciliste Procesor de Zadar, Cro\u00e0cia on un dels nostres professors va fer un job shadowing dues setmanes m\u00e9s tard.<\/p>\n<p><strong>Curs 2025-2026<\/strong><\/p>\n<h2 class=\"wp-block-post-title\"><a href=\"https:\/\/eoi3strasbourg2026.wordpress.com\/?_gl=1*qbo2an*_gcl_aw*R0NMLjE3NzU2NTcwODQuQ2p3S0NBanctZGZPQmhBakVpd0FxMFJ3STlDZ0hlMHV0Y3A4bEZDZlhaRWJoZzREX1d3MnRUa3ZfQ05wa1dSaVYzNUlzdUNmWTl4a2t4b0M3VlFRQXZEX0J3RQ..*_gcl_au*NjQ0MzI4MDkyLjE3NzU2NTcwODQuMTkwMDQ5ODc5Ni4xNzc1NjU3NjQ1LjE3NzU2NTc2NDU\" target=\"_blank\" rel=\"noopener\"><span dir=\"auto\">Benvinguts al nostre blog d&#8217;Erasmus a Estrasburg!<\/span><\/a><\/h2>\n<div class=\"entry-content wp-block-post-content is-layout-flow wp-block-post-content-is-layout-flow\">\n<p class=\"wp-block-paragraph\"><span dir=\"auto\">Del 15 al 22 de mar\u00e7 de 2026, vam viure una immersi\u00f3 ling\u00fc\u00edstica i cultural a Estrasburg gr\u00e0cies al programa Erasmus+.<\/span><\/p>\n<p class=\"wp-block-paragraph\"><span dir=\"auto\">Aquest bloc \u00e9s el nostre quadern de bit\u00e0cola. En aquest blog trobareu:<\/span><\/p>\n<ul id=\"block-765ffb5b-d96e-456d-8c49-944e8222ecef\" class=\"wp-block-list\">\n<li><span dir=\"auto\">El que vam fer a la Universitat de Strasbourg i a les visites a institucions europees.<\/span><\/li>\n<li><span dir=\"auto\">El qu\u00e8 vam descobrir durant les visites guiades.<\/span><\/li>\n<li><span dir=\"auto\">El qu\u00e8 vam aprendre.<\/span><\/li>\n<li><span dir=\"auto\">Les nostres impressions i les nostres reflexions durant i despr\u00e9s la mobilitat.<\/span><\/li>\n<\/ul>\n<p class=\"wp-block-paragraph\"><span dir=\"auto\">Tamb\u00e9 trobareu fotos de les nostres aventures europees.<\/span><\/p>\n<\/div>\n","protected":false},"excerpt":{"rendered":"<p>Curs 2018-2019<br \/>\n<a href=\"https:\/\/agora-eoi.xtec.cat\/eoi3santgervasi\/wp-content\/uploads\/usu2245\/2021\/01\/1-Articulo-web-EOI-Erasmus-presentacion.pdf\"><\/a><br \/>\nCurs 2020-2022<br \/>\n<a href=\"https:\/\/agora-eoi.xtec.cat\/eoisantgervasi\/wp-content\/uploads\/usu2245\/2023\/06\/Difusion-ERASMUS2020-22_1.pdf\"><\/a><br \/>\nCurs 2022-2023<br \/>\n<a href=\"https:\/\/sites.google.com\/xtec.cat\/palermo\/home\">Difusi\u00f3 formaci\u00f3 Erasmus+<\/a><br \/>\nClica sobre del logo per veure la descripci\u00f3 dels nostres projectes Erasmus+ dels cursos 20-21 i 21-22 cursos en els que hem obtingut una financiaci\u00f3 per a dur a terme projectes internacionals a la nostra escola.<br \/>\nClicant sobre&hellip;  <a href=\"https:\/\/agora-eoi.xtec.cat\/eoisantgervasi\/maletes-pedagogiques\/projecte-erasmus-eoisg\/\" title=\"Read Projecte Erasmus+ EOISG\">Llegeix m\u00e9s\u00bb<\/a><\/p>\n","protected":false},"author":5,"featured_media":0,"parent":541,"menu_order":0,"comment_status":"closed","ping_status":"closed","template":"","meta":{"_bbp_topic_count":0,"_bbp_reply_count":0,"_bbp_total_topic_count":0,"_bbp_total_reply_count":0,"_bbp_voice_count":0,"_bbp_anonymous_reply_count":0,"_bbp_topic_count_hidden":0,"_bbp_reply_count_hidden":0,"_bbp_forum_subforum_count":0,"footnotes":""},"class_list":["post-10026","page","type-page","status-publish","hentry"],"post_mailing_queue_ids":[],"_links":{"self":[{"href":"https:\/\/agora-eoi.xtec.cat\/eoisantgervasi\/wp-json\/wp\/v2\/pages\/10026","targetHints":{"allow":["GET"]}}],"collection":[{"href":"https:\/\/agora-eoi.xtec.cat\/eoisantgervasi\/wp-json\/wp\/v2\/pages"}],"about":[{"href":"https:\/\/agora-eoi.xtec.cat\/eoisantgervasi\/wp-json\/wp\/v2\/types\/page"}],"author":[{"embeddable":true,"href":"https:\/\/agora-eoi.xtec.cat\/eoisantgervasi\/wp-json\/wp\/v2\/users\/5"}],"replies":[{"embeddable":true,"href":"https:\/\/agora-eoi.xtec.cat\/eoisantgervasi\/wp-json\/wp\/v2\/comments?post=10026"}],"version-history":[{"count":6,"href":"https:\/\/agora-eoi.xtec.cat\/eoisantgervasi\/wp-json\/wp\/v2\/pages\/10026\/revisions"}],"predecessor-version":[{"id":12754,"href":"https:\/\/agora-eoi.xtec.cat\/eoisantgervasi\/wp-json\/wp\/v2\/pages\/10026\/revisions\/12754"}],"up":[{"embeddable":true,"href":"https:\/\/agora-eoi.xtec.cat\/eoisantgervasi\/wp-json\/wp\/v2\/pages\/541"}],"wp:attachment":[{"href":"https:\/\/agora-eoi.xtec.cat\/eoisantgervasi\/wp-json\/wp\/v2\/media?parent=10026"}],"curies":[{"name":"wp","href":"https:\/\/api.w.org\/{rel}","templated":true}]}}