{"id":9640,"date":"2025-09-04T10:40:39","date_gmt":"2025-09-04T08:40:39","guid":{"rendered":"https:\/\/agora-eoi.xtec.cat\/eoisantcugat\/?page_id=9640"},"modified":"2025-10-21T17:14:55","modified_gmt":"2025-10-21T15:14:55","slug":"adaptacio-de-proves-finals","status":"publish","type":"page","link":"https:\/\/agora-eoi.xtec.cat\/eoisantcugat\/adaptacio-de-proves-finals\/","title":{"rendered":"Adaptaci\u00f3 de proves finals"},"content":{"rendered":"\n<p><strong>Qu\u00e8 \u00e9s una adaptaci\u00f3 d\u00b4una prova?&nbsp;<\/strong><\/p>\n\n\n\n<p>\u00c9s una&nbsp;<strong>estrat\u00e8gia&nbsp;<\/strong>que consisteix en l\u2019<strong>adequaci\u00f3 d\u2019algun element de les proves de certificat<\/strong>&nbsp;de les Escoles Oficials d\u2019Idiomes de Catalunya&nbsp;<strong>per fer-les m\u00e9s accessibles<\/strong>&nbsp;a aquells candidats amb discapacitat f\u00edsica, discapacitat sensorial o necessitats educatives especials. Habitualment es tracta d\u2019adaptacions \u201cno significatives\u201d el que implica que no modifiquen elements b\u00e0sics del curr\u00edculum per\u00f2 s\u00ed que s\u2019introdueixen canvis en: metodologia, organitzaci\u00f3, ambient, recursos tecnol\u00f2gics, avaluaci\u00f3, etc.<\/p>\n\n\n\n<p><strong>Quin procediment s\u2019ha de seguir per rebre una prova adaptada?&nbsp;<\/strong><\/p>\n\n\n\n<p>Els aspirants amb necessitats espec\u00edfiques derivades de discapacitats f\u00edsiques, ps\u00edquiques o sensorials (o altres trastorns greus que tenen el reconeixement oficial de la situaci\u00f3 de discapacitat) poden sol\u00b7licitar els recursos addicionals necessaris per desenvolupar les proves de certificaci\u00f3. Es recomana a l\u2019alumnat que necessiti condicions especials per a la realitzaci\u00f3 de les proves de certificaci\u00f3 de les escoles oficials d\u2019idiomes (EOI) per discapacitat f\u00edsica o sensorial o b\u00e9 l\u2019alumnat amb disl\u00e8xia o necessitats especials que informi el professorat de la seva condici\u00f3 i del tipus d\u2019adaptaci\u00f3 que li cal a comen\u00e7ament de curs.<\/p>\n\n\n\n<p><strong>Alumnat oficial:&nbsp;<\/strong><\/p>\n\n\n\n<p>Les sol\u00b7licituds d\u2019adaptaci\u00f3 de les proves de certificaci\u00f3 s\u2019han de presentar per escrit a la secretaria del centre adre\u00e7ades a la cap d\u2019estudis<strong>.<\/strong><\/p>\n\n\n\n<ul class=\"wp-block-list\">\n<li>A la sol\u00b7licitud s\u2019hi han de fer constar els motius al\u00b7legats, la petici\u00f3 d\u2019adaptaci\u00f3 concreta i per a quines parts de la prova se sol\u00b7licita l\u2019adaptaci\u00f3. Tamb\u00e9 s\u2019hi ha d\u2019adjuntar la justificaci\u00f3 documental que ho acrediti.<\/li>\n\n\n\n<li>El termini per comunicar-ho ser\u00e0 el mateix que per a l\u2019alumnat lliure, que es publica anualment a la resoluci\u00f3 de convocat\u00f2ria de proves.&nbsp;&nbsp;El\/la director\/a del centre comunicar\u00e0 a l\u2019\u00c0rea d\u2019Ensenyaments d\u2019Idiomes la resoluci\u00f3 de la sol\u00b7licitud on s\u2019especifiquin quines adaptacions s\u2019han de dur a terme. El termini per comunicar-ho ser\u00e0 el mateix.<\/li>\n<\/ul>\n\n\n\n<p><strong>Alumnat lliure:&nbsp;<\/strong><\/p>\n\n\n\n<p>L\u2019alumnat haur\u00e0 de presentar la sol\u00b7licitud d\u2019adaptaci\u00f3 de les proves de certificaci\u00f3 a l\u2019escola oficial d\u2019idiomes on s\u2019examinar\u00e0, dins el per\u00edode establert en el calendari d\u2019inscripci\u00f3 que es publica anualment a la resoluci\u00f3 de convocat\u00f2ria de proves.. L\u2019escola haur\u00e0 de fer arribar aquesta sol\u00b7licitud a l\u2019\u00c0rea de Gesti\u00f3 de Proves de la Direcci\u00f3 General d\u2019Atenci\u00f3 a la Fam\u00edlia i Comunitat Educativa.<\/p>\n\n\n\n<ul class=\"wp-block-list\">\n<li>A la sol\u00b7licitud s\u2019hi ha de fer constar els motius al\u00b7legats, la petici\u00f3 d\u2019adaptaci\u00f3 concreta i per a quines parts de la prova se sol\u00b7licita l\u2019adaptaci\u00f3. Tamb\u00e9 s\u2019hi ha d\u2019adjuntar la documentaci\u00f3 seg\u00fcent:\n<ul class=\"wp-block-list\">\n<li>a) C\u00f2pia del resguard d\u2019inscripci\u00f3 en les proves.<\/li>\n\n\n\n<li>b) Certificat de reconeixement de discapacitat del Departament de Treball, Afers Socials i Fam\u00edlies, que informi ISSN 1988- del grau de discapacitat reconeguda o certificat m\u00e8dic oficial.<\/li>\n\n\n\n<li>c) Certificat em\u00e8s per l\u2019organisme acreditat corresponent, que informi de les caracter\u00edstiques de la discapacitat o trastorn que pateix l\u2019aspirant, si escau.<\/li>\n\n\n\n<li>d) Documentaci\u00f3 justificativa de modificacions i adaptacions curriculars, autoritzades pel Departament d\u2019Educaci\u00f3, que l\u2019aspirant hagi tingut en els \u00faltims estudis cursats en el sistema educatiu, si escau.<\/li>\n<\/ul>\n<\/li>\n<\/ul>\n\n\n\n<p>Per sol\u00b7licitar l\u2019adaptaci\u00f3 d\u2019una prova oficial heu d\u2019omplir\u00a0aquesta\u00a0<a href=\"https:\/\/drive.google.com\/file\/d\/16G7lKXovoqdPwLfEfpXVExel-Hliuk7-\/view?usp=sharing\">sol\u00b7licitud<\/a>\u00a0<em>a l&#8217;inici del curs<\/em>i enviar-la al correu<strong>:\u00a0<a href=\"mailto:departament_alumnat@eoisantcugat.com\">departament_alumnat@eoisantcugat.com<\/a>\u00a0<\/strong><\/p>\n\n\n\n<p><strong>Tipus d\u2019adaptacions:&nbsp;<\/strong>Les adaptacions poden requerir canvis organitzatius, \u00fas de recursos, suport hum\u00e0, suport material o t\u00e8cnic (ubicaci\u00f3 diferent, auriculars, etc.), modificacions en el format de la prova i ampliaci\u00f3 del temps per realitzar la prova.<\/p>\n\n\n\n<p>Les modificacions s\u2019han de fer en funci\u00f3 del tipus de prova i de la discapacitat o necessitats de l\u2019alumne i del suport hum\u00e0, material i t\u00e8cnic de qu\u00e8 disposa el centre.<\/p>\n\n\n\n<p><strong>Normativa<\/strong><\/p>\n\n\n\n<p><a href=\"https:\/\/www.boe.es\/eli\/es\/o\/2006\/06\/09\/pre1822\">ORDRE PRE\/1822\/2006, de 9 de juny<\/a>,&nbsp;per la qual s\u2019estableixen criteris generals per a l\u2019adaptaci\u00f3 de temps addicionals en els processos selectius per a l\u2019acc\u00e9s a l\u2019ocupaci\u00f3 p\u00fablica de persones amb discapacitat.<\/p>\n\n\n\n<p><a href=\"https:\/\/www.boe.es\/eli\/es\/rd\/2019\/01\/11\/1\">Reial decret 1\/2019 d\u201911 de gener,<\/a>&nbsp;pel qual s\u2019estableixen els principis b\u00e0sics comuns d\u2019avaluaci\u00f3 aplicables a les proves de certificaci\u00f3 oficial dels nivells intermedi B1, intermedi B2, avan\u00e7at C1 i avan\u00e7at C2 dels ensenyaments d\u2019idiomes de r\u00e8gim especial.<\/p>\n\n\n\n<p><a href=\"https:\/\/dogc.gencat.cat\/ca\/document-del-dogc\/?documentId=799722\">DECRET 150\/2017<\/a>, de 17 d\u2019octubre, de l\u2019atenci\u00f3 educativa a l\u2019alumnat en el marc d\u2019un sistema educatiu inclusiu.<\/p>\n","protected":false},"excerpt":{"rendered":"<p>Qu\u00e8 \u00e9s una adaptaci\u00f3 d\u00b4una prova?&nbsp; \u00c9s una&nbsp;estrat\u00e8gia&nbsp;que consisteix en l\u2019adequaci\u00f3 d\u2019algun element de les proves de certificat&nbsp;de les Escoles [&hellip;]<\/p>\n","protected":false},"author":1,"featured_media":0,"parent":0,"menu_order":0,"comment_status":"closed","ping_status":"close","template":"","meta":{"site-sidebar-layout":"default","site-content-layout":"","ast-site-content-layout":"default","site-content-style":"default","site-sidebar-style":"default","ast-global-header-display":"","ast-banner-title-visibility":"","ast-main-header-display":"","ast-hfb-above-header-display":"","ast-hfb-below-header-display":"","ast-hfb-mobile-header-display":"","site-post-title":"","ast-breadcrumbs-content":"","ast-featured-img":"","footer-sml-layout":"","theme-transparent-header-meta":"","adv-header-id-meta":"","stick-header-meta":"","header-above-stick-meta":"","header-main-stick-meta":"","header-below-stick-meta":"","astra-migrate-meta-layouts":"set","ast-page-background-enabled":"default","ast-page-background-meta":{"desktop":{"background-color":"var(--ast-global-color-4)","background-image":"","background-repeat":"repeat","background-position":"center center","background-size":"auto","background-attachment":"scroll","background-type":"","background-media":"","overlay-type":"","overlay-color":"","overlay-opacity":"","overlay-gradient":""},"tablet":{"background-color":"","background-image":"","background-repeat":"repeat","background-position":"center center","background-size":"auto","background-attachment":"scroll","background-type":"","background-media":"","overlay-type":"","overlay-color":"","overlay-opacity":"","overlay-gradient":""},"mobile":{"background-color":"","background-image":"","background-repeat":"repeat","background-position":"center center","background-size":"auto","background-attachment":"scroll","background-type":"","background-media":"","overlay-type":"","overlay-color":"","overlay-opacity":"","overlay-gradient":""}},"ast-content-background-meta":{"desktop":{"background-color":"var(--ast-global-color-5)","background-image":"","background-repeat":"repeat","background-position":"center center","background-size":"auto","background-attachment":"scroll","background-type":"","background-media":"","overlay-type":"","overlay-color":"","overlay-opacity":"","overlay-gradient":""},"tablet":{"background-color":"var(--ast-global-color-5)","background-image":"","background-repeat":"repeat","background-position":"center center","background-size":"auto","background-attachment":"scroll","background-type":"","background-media":"","overlay-type":"","overlay-color":"","overlay-opacity":"","overlay-gradient":""},"mobile":{"background-color":"var(--ast-global-color-5)","background-image":"","background-repeat":"repeat","background-position":"center center","background-size":"auto","background-attachment":"scroll","background-type":"","background-media":"","overlay-type":"","overlay-color":"","overlay-opacity":"","overlay-gradient":""}},"footnotes":""},"class_list":["post-9640","page","type-page","status-publish","hentry"],"post_mailing_queue_ids":[],"_links":{"self":[{"href":"https:\/\/agora-eoi.xtec.cat\/eoisantcugat\/wp-json\/wp\/v2\/pages\/9640","targetHints":{"allow":["GET"]}}],"collection":[{"href":"https:\/\/agora-eoi.xtec.cat\/eoisantcugat\/wp-json\/wp\/v2\/pages"}],"about":[{"href":"https:\/\/agora-eoi.xtec.cat\/eoisantcugat\/wp-json\/wp\/v2\/types\/page"}],"author":[{"embeddable":true,"href":"https:\/\/agora-eoi.xtec.cat\/eoisantcugat\/wp-json\/wp\/v2\/users\/1"}],"replies":[{"embeddable":true,"href":"https:\/\/agora-eoi.xtec.cat\/eoisantcugat\/wp-json\/wp\/v2\/comments?post=9640"}],"version-history":[{"count":5,"href":"https:\/\/agora-eoi.xtec.cat\/eoisantcugat\/wp-json\/wp\/v2\/pages\/9640\/revisions"}],"predecessor-version":[{"id":9833,"href":"https:\/\/agora-eoi.xtec.cat\/eoisantcugat\/wp-json\/wp\/v2\/pages\/9640\/revisions\/9833"}],"wp:attachment":[{"href":"https:\/\/agora-eoi.xtec.cat\/eoisantcugat\/wp-json\/wp\/v2\/media?parent=9640"}],"curies":[{"name":"wp","href":"https:\/\/api.w.org\/{rel}","templated":true}]}}