{"id":9532,"date":"2025-07-17T11:34:31","date_gmt":"2025-07-17T09:34:31","guid":{"rendered":"https:\/\/agora-eoi.xtec.cat\/eoisantcugat\/?page_id=9532"},"modified":"2025-09-17T12:01:58","modified_gmt":"2025-09-17T10:01:58","slug":"modalitat-semipresencial","status":"publish","type":"page","link":"https:\/\/agora-eoi.xtec.cat\/eoisantcugat\/modalitat-semipresencial\/","title":{"rendered":"Modalitat semipresencial"},"content":{"rendered":"\n<p>Els <strong>cursos semipresencials<\/strong> de l\u2019Escola Oficial d\u2019Idiomes de Sant Cugat tenen la mateixa durada i validesa acad\u00e8mica que els cursos 100% presencials: <strong>130 hores lectives<\/strong> per curs, equivalents a <strong>4 hores i 30 minuts setmanals<\/strong>.<\/p>\n\n\n\n<p>Aquesta modalitat combina una <strong>sessi\u00f3 presencial setmanal de 2 hores i 15 minuts<\/strong> amb una part <strong>no presencial<\/strong>, igualment important, que es realitza de manera <strong>aut\u00f2noma en l\u00ednia<\/strong>. Aquesta part no presencial requereix una dedicaci\u00f3 aproximada de <strong>2 hores i 15 minuts setmanals<\/strong>, i es desenvolupa mitjan\u00e7ant plataformes com <strong>Moodle<\/strong> o <strong>Google Classroom<\/strong>, amb materials i indicacions proporcionats pel professorat.<\/p>\n\n\n\n<p>\u00c9s important tenir en compte que la part no presencial <strong>no consisteix en videotrucades ni sessions gravades<\/strong>, sin\u00f3 en activitats que l\u2019alumnat realitza al seu ritme dins els terminis establerts. Per tant, <strong>no cal connectar-se en un horari concret<\/strong>, per\u00f2 <strong>s\u00ed \u00e9s imprescindible comprometre\u2019s amb la feina setmanal<\/strong> per seguir el curs amb normalitat.<\/p>\n\n\n\n<p>Tant els cursos presencials com els semipresencials tenen <strong>el mateix preu p\u00fablic<\/strong> i <strong>la mateixa c\u00e0rrega lectiva reconeguda<\/strong>.<\/p>\n\n\n\n<p>\u26a0\ufe0f <strong>Recomanem la modalitat semipresencial a persones amb un bon nivell d\u2019autonomia, responsabilitat i familiaritat amb les eines digitals<\/strong>, ja que aquest tipus d\u2019aprenentatge requereix una gesti\u00f3 efica\u00e7 del temps i una participaci\u00f3 activa.<\/p>\n\n\n\n<blockquote class=\"wp-block-quote is-layout-flow wp-block-quote-is-layout-flow\">\n<p>El curs 2025-2026 l\u2019oferta de semipresencials \u00e9s la seg\u00fcent:<\/p>\n\n\n\n<p>Angl\u00e8s: B1, B2.1, B2.2<\/p>\n<\/blockquote>\n","protected":false},"excerpt":{"rendered":"<p>Els cursos semipresencials de l\u2019Escola Oficial d\u2019Idiomes de Sant Cugat tenen la mateixa durada i validesa acad\u00e8mica que els cursos [&hellip;]<\/p>\n","protected":false},"author":1,"featured_media":0,"parent":0,"menu_order":0,"comment_status":"closed","ping_status":"close","template":"","meta":{"site-sidebar-layout":"default","site-content-layout":"","ast-site-content-layout":"default","site-content-style":"default","site-sidebar-style":"default","ast-global-header-display":"","ast-banner-title-visibility":"","ast-main-header-display":"","ast-hfb-above-header-display":"","ast-hfb-below-header-display":"","ast-hfb-mobile-header-display":"","site-post-title":"","ast-breadcrumbs-content":"","ast-featured-img":"","footer-sml-layout":"","theme-transparent-header-meta":"","adv-header-id-meta":"","stick-header-meta":"","header-above-stick-meta":"","header-main-stick-meta":"","header-below-stick-meta":"","astra-migrate-meta-layouts":"set","ast-page-background-enabled":"default","ast-page-background-meta":{"desktop":{"background-color":"var(--ast-global-color-4)","background-image":"","background-repeat":"repeat","background-position":"center center","background-size":"auto","background-attachment":"scroll","background-type":"","background-media":"","overlay-type":"","overlay-color":"","overlay-opacity":"","overlay-gradient":""},"tablet":{"background-color":"","background-image":"","background-repeat":"repeat","background-position":"center center","background-size":"auto","background-attachment":"scroll","background-type":"","background-media":"","overlay-type":"","overlay-color":"","overlay-opacity":"","overlay-gradient":""},"mobile":{"background-color":"","background-image":"","background-repeat":"repeat","background-position":"center center","background-size":"auto","background-attachment":"scroll","background-type":"","background-media":"","overlay-type":"","overlay-color":"","overlay-opacity":"","overlay-gradient":""}},"ast-content-background-meta":{"desktop":{"background-color":"var(--ast-global-color-5)","background-image":"","background-repeat":"repeat","background-position":"center center","background-size":"auto","background-attachment":"scroll","background-type":"","background-media":"","overlay-type":"","overlay-color":"","overlay-opacity":"","overlay-gradient":""},"tablet":{"background-color":"var(--ast-global-color-5)","background-image":"","background-repeat":"repeat","background-position":"center center","background-size":"auto","background-attachment":"scroll","background-type":"","background-media":"","overlay-type":"","overlay-color":"","overlay-opacity":"","overlay-gradient":""},"mobile":{"background-color":"var(--ast-global-color-5)","background-image":"","background-repeat":"repeat","background-position":"center center","background-size":"auto","background-attachment":"scroll","background-type":"","background-media":"","overlay-type":"","overlay-color":"","overlay-opacity":"","overlay-gradient":""}},"footnotes":""},"class_list":["post-9532","page","type-page","status-publish","hentry"],"post_mailing_queue_ids":[],"_links":{"self":[{"href":"https:\/\/agora-eoi.xtec.cat\/eoisantcugat\/wp-json\/wp\/v2\/pages\/9532","targetHints":{"allow":["GET"]}}],"collection":[{"href":"https:\/\/agora-eoi.xtec.cat\/eoisantcugat\/wp-json\/wp\/v2\/pages"}],"about":[{"href":"https:\/\/agora-eoi.xtec.cat\/eoisantcugat\/wp-json\/wp\/v2\/types\/page"}],"author":[{"embeddable":true,"href":"https:\/\/agora-eoi.xtec.cat\/eoisantcugat\/wp-json\/wp\/v2\/users\/1"}],"replies":[{"embeddable":true,"href":"https:\/\/agora-eoi.xtec.cat\/eoisantcugat\/wp-json\/wp\/v2\/comments?post=9532"}],"version-history":[{"count":2,"href":"https:\/\/agora-eoi.xtec.cat\/eoisantcugat\/wp-json\/wp\/v2\/pages\/9532\/revisions"}],"predecessor-version":[{"id":9535,"href":"https:\/\/agora-eoi.xtec.cat\/eoisantcugat\/wp-json\/wp\/v2\/pages\/9532\/revisions\/9535"}],"wp:attachment":[{"href":"https:\/\/agora-eoi.xtec.cat\/eoisantcugat\/wp-json\/wp\/v2\/media?parent=9532"}],"curies":[{"name":"wp","href":"https:\/\/api.w.org\/{rel}","templated":true}]}}