{"id":9370,"date":"2025-07-11T11:21:16","date_gmt":"2025-07-11T09:21:16","guid":{"rendered":"https:\/\/agora-eoi.xtec.cat\/eoisantcugat\/?page_id=9370"},"modified":"2025-09-10T10:49:48","modified_gmt":"2025-09-10T08:49:48","slug":"menors-dedat","status":"publish","type":"page","link":"https:\/\/agora-eoi.xtec.cat\/eoisantcugat\/menors-dedat\/","title":{"rendered":"Menors d&#8217;edat"},"content":{"rendered":"\n<p><strong>Edats i condicions per fer un curs a l\u2019EOI<\/strong><\/p>\n\n\n\n<p>Per a cursar estudis a l\u2019EOI en qualsevol llengua cal haver complert els 16 anys (o fer-los l\u2019any natural en qu\u00e8 s\u2019efectua la matr\u00edcula, \u00e9s a dir, complerts a 31 de desembre).<\/p>\n\n\n\n<p>Per a cursar estudis a l\u2019EOI en una llengua diferent de la cursada com a primera llengua estrangera a l\u2019ESO, cal haver complert els 14 anys (o fer-los l\u2019any en qu\u00e8 s\u2019efectua la matr\u00edcula, \u00e9s a dir, complerts a 31 de desembre). En aquest cas cal aportar justificaci\u00f3: el certificat del centre de secund\u00e0ria on s\u2019especifiqui quina \u00e9s la primera llengua estrangera que esteu estudiant. Aquest document cal demanar al centre educatiu de la ESO o Batxillerat.<\/p>\n\n\n\n<p><strong>Bonificacions generals i espec\u00edfiques per menors<\/strong><\/p>\n\n\n\n<p><strong>Bonificacions generals:\u00a0<\/strong>Per consultar les bonificacions generals aneu  <a href=\"https:\/\/educacio.gencat.cat\/ca\/departament\/normativa\/taxes-preus-publics\/exempcions-bonificacions\/\">AQU\u00cd<\/a><\/p>\n\n\n\n<p><strong>Bonificacions espec\u00edfiques: <\/strong>En els nivells A1, A2 i C1 de tots els idiomes i C2 de catal\u00e0 hi ha unes bonificacions espec\u00edfiques, ja que aquests nivells es regeixen per l\u2019ordre de preus p\u00fablics.&nbsp;<\/p>\n\n\n\n<p>L\u2019alumnat dels centres p\u00fablics o concertats sostinguts amb fons p\u00fablics, que es matricula d\u2019una segona llengua estrangera en una escola oficial d\u2019idiomes, diferent a la llengua estrangera obligat\u00f2ria del curr\u00edculum que estudia en el centre educatiu, t\u00e9 una bonificaci\u00f3 del <strong>50% del preu p\u00fablic<\/strong>. <\/p>\n\n\n\n<p><strong>Convalidacions ESO i Batxillerat<\/strong><\/p>\n\n\n\n<p>Per consultar les convalidacions per alumnat d\u2019ESO i Batxillerat aneu  <a href=\"https:\/\/agora-eoi.xtec.cat\/eoisantcugat\/convalidacions-eso-i-batxillerat\/\">AQU\u00cd<\/a><\/p>\n\n\n\n<p><strong>Autoritzacions<\/strong><\/p>\n\n\n\n<p>Cal que les fam\u00edlies dels menors empleneu aquest <a href=\"https:\/\/docs.google.com\/forms\/d\/e\/1FAIpQLSfK-d39yp0hYC2nP4xiYfEgjdonQS0l14LC332cFFb1sLQ4ZA\/viewform\">formulari d\u2019autoritzacions<\/a>. <\/p>\n\n\n\n<p><strong>Protocols d\u2019av\u00eds d\u2019abs\u00e8ncies<\/strong><\/p>\n\n\n\n<p><strong>Per part de les fam\u00edlies<\/strong><\/p>\n\n\n\n<p>En cas que el\/la menor hagi d\u2019arribar m\u00e9s de 15 minuts tard, sortir m\u00e9s de 15 minuts abans d\u2019hora o no venir un dia a classe, les fam\u00edlies <strong>heu d\u2019enviar un correu electr\u00f2nic al professor o professora informant del nom del menor, el dia (o dies) i l\u2019hora de la incid\u00e8ncia<\/strong>. No cal que expliciteu el motiu. Trobareu els correus del professorat a l\u2019apartat del web de l\u2019idioma corresponent.&nbsp;<\/p>\n\n\n\n<p><strong>Per part del centre<\/strong><\/p>\n\n\n\n<p>En cas que un\/a menor falti a classe, arribi m\u00e9s de 15 minuts tard o marxi m\u00e9s 15 minuts abans d\u2019hora en quatre ocasions durant un mes de forma no informada, la Cap d\u2019estudis us contactar\u00e0.<\/p>\n\n\n\n<p><strong>Consulta assist\u00e8ncia&nbsp;<\/strong><\/p>\n\n\n\n<p>Per comprovar l\u2019assist\u00e8ncia del\/de la menor, heu d\u2019anar a l\u2019\u00e0rea de l\u2019alumnat. Si necessiteu ajuda per accedir-hi, podeu consultar els tutorials:<\/p>\n\n\n\n<ul class=\"wp-block-list\">\n<li>Acc\u00e9s \u00c0rea alumnat<\/li>\n\n\n\n<li>Comprovar faltes d\u2019assist\u00e8ncia<\/li>\n<\/ul>\n\n\n\n<p><strong><a><\/a>Dates d\u2019examen<\/strong><\/p>\n\n\n\n<p>Les dates d\u2019examen les facilitar\u00e0 el professorat a l\u2019aula i \u00e9s responsabilitat del menor mantenir-se informat.<\/p>\n\n\n\n<p><\/p>\n\n\n\n<p><\/p>\n","protected":false},"excerpt":{"rendered":"<p>Edats i condicions per fer un curs a l\u2019EOI Per a cursar estudis a l\u2019EOI en qualsevol llengua cal haver [&hellip;]<\/p>\n","protected":false},"author":1,"featured_media":0,"parent":0,"menu_order":0,"comment_status":"closed","ping_status":"close","template":"","meta":{"site-sidebar-layout":"default","site-content-layout":"","ast-site-content-layout":"default","site-content-style":"default","site-sidebar-style":"default","ast-global-header-display":"","ast-banner-title-visibility":"","ast-main-header-display":"","ast-hfb-above-header-display":"","ast-hfb-below-header-display":"","ast-hfb-mobile-header-display":"","site-post-title":"","ast-breadcrumbs-content":"","ast-featured-img":"","footer-sml-layout":"","theme-transparent-header-meta":"","adv-header-id-meta":"","stick-header-meta":"","header-above-stick-meta":"","header-main-stick-meta":"","header-below-stick-meta":"","astra-migrate-meta-layouts":"set","ast-page-background-enabled":"default","ast-page-background-meta":{"desktop":{"background-color":"var(--ast-global-color-4)","background-image":"","background-repeat":"repeat","background-position":"center center","background-size":"auto","background-attachment":"scroll","background-type":"","background-media":"","overlay-type":"","overlay-color":"","overlay-opacity":"","overlay-gradient":""},"tablet":{"background-color":"","background-image":"","background-repeat":"repeat","background-position":"center center","background-size":"auto","background-attachment":"scroll","background-type":"","background-media":"","overlay-type":"","overlay-color":"","overlay-opacity":"","overlay-gradient":""},"mobile":{"background-color":"","background-image":"","background-repeat":"repeat","background-position":"center center","background-size":"auto","background-attachment":"scroll","background-type":"","background-media":"","overlay-type":"","overlay-color":"","overlay-opacity":"","overlay-gradient":""}},"ast-content-background-meta":{"desktop":{"background-color":"var(--ast-global-color-5)","background-image":"","background-repeat":"repeat","background-position":"center center","background-size":"auto","background-attachment":"scroll","background-type":"","background-media":"","overlay-type":"","overlay-color":"","overlay-opacity":"","overlay-gradient":""},"tablet":{"background-color":"var(--ast-global-color-5)","background-image":"","background-repeat":"repeat","background-position":"center center","background-size":"auto","background-attachment":"scroll","background-type":"","background-media":"","overlay-type":"","overlay-color":"","overlay-opacity":"","overlay-gradient":""},"mobile":{"background-color":"var(--ast-global-color-5)","background-image":"","background-repeat":"repeat","background-position":"center center","background-size":"auto","background-attachment":"scroll","background-type":"","background-media":"","overlay-type":"","overlay-color":"","overlay-opacity":"","overlay-gradient":""}},"footnotes":""},"class_list":["post-9370","page","type-page","status-publish","hentry"],"post_mailing_queue_ids":[],"_links":{"self":[{"href":"https:\/\/agora-eoi.xtec.cat\/eoisantcugat\/wp-json\/wp\/v2\/pages\/9370","targetHints":{"allow":["GET"]}}],"collection":[{"href":"https:\/\/agora-eoi.xtec.cat\/eoisantcugat\/wp-json\/wp\/v2\/pages"}],"about":[{"href":"https:\/\/agora-eoi.xtec.cat\/eoisantcugat\/wp-json\/wp\/v2\/types\/page"}],"author":[{"embeddable":true,"href":"https:\/\/agora-eoi.xtec.cat\/eoisantcugat\/wp-json\/wp\/v2\/users\/1"}],"replies":[{"embeddable":true,"href":"https:\/\/agora-eoi.xtec.cat\/eoisantcugat\/wp-json\/wp\/v2\/comments?post=9370"}],"version-history":[{"count":3,"href":"https:\/\/agora-eoi.xtec.cat\/eoisantcugat\/wp-json\/wp\/v2\/pages\/9370\/revisions"}],"predecessor-version":[{"id":9738,"href":"https:\/\/agora-eoi.xtec.cat\/eoisantcugat\/wp-json\/wp\/v2\/pages\/9370\/revisions\/9738"}],"wp:attachment":[{"href":"https:\/\/agora-eoi.xtec.cat\/eoisantcugat\/wp-json\/wp\/v2\/media?parent=9370"}],"curies":[{"name":"wp","href":"https:\/\/api.w.org\/{rel}","templated":true}]}}