{"id":9340,"date":"2025-07-10T19:07:09","date_gmt":"2025-07-10T17:07:09","guid":{"rendered":"https:\/\/agora-eoi.xtec.cat\/eoisantcugat\/?page_id=9340"},"modified":"2025-07-23T19:10:26","modified_gmt":"2025-07-23T17:10:26","slug":"preinscripcio-i-matricula","status":"publish","type":"page","link":"https:\/\/agora-eoi.xtec.cat\/eoisantcugat\/matricula\/preinscripcio-i-matricula\/","title":{"rendered":"Preinscripci\u00f3 i Matr\u00edcula Nou Alumnat"},"content":{"rendered":"\n<p><strong>CURS 2025-2026 (A1-C1)<\/strong><\/p>\n\n\n\n<p><a href=\"https:\/\/preinscripcio.gencat.cat\/ca\/estudis\/idiomes-eoi\/inici\/\" target=\"_blank\" rel=\"noreferrer noopener\">Consulteu la informaci\u00f3 oficial del Departament d\u2019Educaci\u00f3<\/a><\/p>\n\n\n\n<p><strong>PREINSCRIPCI\u00d3 TELEM\u00c0TICA: <\/strong><\/p>\n\n\n\n<p>\ud83d\uddd3\ufe0f<strong>De l\u20191 de setembre (a partir de les 12.00h) al 8 de setembre de 2025 (fins a les 15.00h).&nbsp;<\/strong><\/p>\n\n\n\n<p><a href=\"https:\/\/www.eoidigital.com\/eoicat\/alumnes\/\" target=\"_blank\" rel=\"noreferrer noopener\">Feu la preinscripci\u00f3 <strong>AQU\u00cd<\/strong><\/a><\/p>\n\n\n\n<p><em>Per accedir a l&#8217;aplicaci\u00f3 caldr\u00e0 crear una <strong>clau d\u2019acc\u00e9s<\/strong>, que haureu d&#8217;utilitzar en totes les fases del proc\u00e9s: test de nivell (si escau), consulta del resultat, tria de grup i horari, consulta del sorteig i matr\u00edcula.<\/em><\/p>\n\n\n\n<p><strong><u>La preinscripci\u00f3 pot ser a:<\/u><\/strong><\/p>\n\n\n\n<ul class=\"wp-block-list\">\n<li><strong>A1:&nbsp;<\/strong>Si NO es tenen coneixements de l\u2019idioma o es vol comen\u00e7ar des de zero.<\/li>\n\n\n\n<li><strong>NIVELL SUPERIOR a A1<\/strong>: NOM\u00c9S si es t\u00e9 aprovat el curs anterior en qualsevol EOI o si es t\u00e9 un CERTIFICAT de l\u2019idioma segons<a href=\"https:\/\/dogc.gencat.cat\/ca\/document-del-dogc\/?documentId=990876\" target=\"_blank\" rel=\"noreferrer noopener\">&nbsp;la taula d\u2019exempcions de Test de Nivell<\/a>&nbsp;(Cal adjuntar el certificat, que ser\u00e0 posteriorment verificat per l&#8217;escola.)<\/li>\n\n\n\n<li><strong>TEST DE NIVELL:&nbsp;<\/strong>Si teniu coneixements de l\u2019idioma i NO es disposa d\u2019un CERTIFICAT RECONEGUT, caldr\u00e0 fer el test de nivell.<\/li>\n<\/ul>\n\n\n\n<p><strong><u>TEST DE NIVELL&nbsp;<\/u><\/strong> :<\/p>\n\n\n\n<p>\ud83d\uddd3\ufe0fDisponible a l&#8217;aplicaci\u00f3 de la preinscripci\u00f3 des del moment de fer la preinscripci\u00f3 i fins el 10 de setembre a les 17:00 h.<\/p>\n\n\n\n<p>   \ud83d\udcccNom\u00e9s t\u00e9 valor per a la formalitzaci\u00f3 de la preinscripci\u00f3 pel curs 2025-26.<\/p>\n\n\n\n<p>Despr\u00e9s de fer el test de nivell en l\u00ednia, haureu d&#8217;esperar la confirmaci\u00f3 del nivell. Un cop assignat, haureu <strong>d&#8217;escollir grup i horari per participar en el sorteig.<\/strong><\/p>\n\n\n\n<p><strong>TRIA DE GRUP I HORARI<\/strong>:<\/p>\n\n\n\n<p>   Els candidats que hacin fet el test de nivell online hauran de triar grup i horari des del moment de rebre el resultat del test i<strong> fins al 15 de setembre a les 10.00h.<\/strong><\/p>\n\n\n\n<p>   \u26a0\ufe0f<em>No triar grup i horari comporta l&#8217;exclusi\u00f3 del proc\u00e9s de preinscripci\u00f3.<\/em><\/p>\n\n\n\n<p><\/p>\n\n\n\n<p><strong>SORTEIG I MATR\u00cdCULA:<\/strong><\/p>\n\n\n\n<p>   \ud83d\uddd3\ufe0fEl sorteig es far\u00e0 el dia&nbsp;<strong>15 de setembre de 2025 a les 12:00h<\/strong> i la consulta dels resultats del sorteig ser\u00e0 <strong>a partir de les 18 h<\/strong> en l&#8217;aplicaci\u00f3 de la preinscripci\u00f3.<\/p>\n\n\n\n<p>   \ud83d\udccc<strong>Si heu estat admesos, us podreu matricular en l\u00ednia del dia 15 de setembre ( a les 18 h) fins el 17 se setembre ( a les 23.59h) de 2025.<\/strong><\/p>\n\n\n\n<p>   \ud83d\udccc<strong>Si esteu en llista d\u2019espera, us podreu matricular en l\u00ednia SEMPRE QUE QUEDIN PLACES VACANTS, el dia i hora que se us comuniqui<\/strong>.<\/p>\n\n\n\n<p>   \u26a0\ufe0f<strong><em>Perqu\u00e8 la matr\u00edcula sigui efectiva, caldr\u00e0 fer els pagaments (2 codis de barres)&nbsp;<\/em><\/strong><em>en un termini de 24 hores.<\/em><\/p>\n\n\n\n<p><strong><u>Places vacants no cobertes:<\/u><\/strong><\/p>\n\n\n\n<p>\ud83d\udcc6<strong>22 de setembre de 2025<\/strong>: Consulteu la disponibilitat de places a la <a href=\"https:\/\/agora-eoi.xtec.cat\/eoisantcugat\/\" data-type=\"link\" data-id=\"https:\/\/agora-eoi.xtec.cat\/eoisantcugat\/\" target=\"_blank\" rel=\"noreferrer noopener\">web del centre<\/a>&nbsp;<\/p>\n\n\n\n<p>   \ud83d\udcc6<strong>A partir del 23 de setembre de 2025:&nbsp;<\/strong>Matricula oberta per a places vacants segons disponibilitat.<\/p>\n\n\n\n<p><\/p>\n","protected":false},"excerpt":{"rendered":"<p>CURS 2025-2026 (A1-C1) Consulteu la informaci\u00f3 oficial del Departament d\u2019Educaci\u00f3 PREINSCRIPCI\u00d3 TELEM\u00c0TICA: \ud83d\uddd3\ufe0fDe l\u20191 de setembre (a partir de les [&hellip;]<\/p>\n","protected":false},"author":1,"featured_media":0,"parent":9348,"menu_order":0,"comment_status":"closed","ping_status":"close","template":"","meta":{"site-sidebar-layout":"left-sidebar","site-content-layout":"","ast-site-content-layout":"default","site-content-style":"default","site-sidebar-style":"default","ast-global-header-display":"","ast-banner-title-visibility":"","ast-main-header-display":"","ast-hfb-above-header-display":"","ast-hfb-below-header-display":"","ast-hfb-mobile-header-display":"","site-post-title":"","ast-breadcrumbs-content":"","ast-featured-img":"","footer-sml-layout":"","theme-transparent-header-meta":"","adv-header-id-meta":"","stick-header-meta":"","header-above-stick-meta":"","header-main-stick-meta":"","header-below-stick-meta":"","astra-migrate-meta-layouts":"set","ast-page-background-enabled":"default","ast-page-background-meta":{"desktop":{"background-color":"var(--ast-global-color-4)","background-image":"","background-repeat":"repeat","background-position":"center center","background-size":"auto","background-attachment":"scroll","background-type":"","background-media":"","overlay-type":"","overlay-color":"","overlay-opacity":"","overlay-gradient":""},"tablet":{"background-color":"","background-image":"","background-repeat":"repeat","background-position":"center center","background-size":"auto","background-attachment":"scroll","background-type":"","background-media":"","overlay-type":"","overlay-color":"","overlay-opacity":"","overlay-gradient":""},"mobile":{"background-color":"","background-image":"","background-repeat":"repeat","background-position":"center center","background-size":"auto","background-attachment":"scroll","background-type":"","background-media":"","overlay-type":"","overlay-color":"","overlay-opacity":"","overlay-gradient":""}},"ast-content-background-meta":{"desktop":{"background-color":"var(--ast-global-color-5)","background-image":"","background-repeat":"repeat","background-position":"center center","background-size":"auto","background-attachment":"scroll","background-type":"","background-media":"","overlay-type":"","overlay-color":"","overlay-opacity":"","overlay-gradient":""},"tablet":{"background-color":"var(--ast-global-color-5)","background-image":"","background-repeat":"repeat","background-position":"center center","background-size":"auto","background-attachment":"scroll","background-type":"","background-media":"","overlay-type":"","overlay-color":"","overlay-opacity":"","overlay-gradient":""},"mobile":{"background-color":"var(--ast-global-color-5)","background-image":"","background-repeat":"repeat","background-position":"center center","background-size":"auto","background-attachment":"scroll","background-type":"","background-media":"","overlay-type":"","overlay-color":"","overlay-opacity":"","overlay-gradient":""}},"footnotes":""},"class_list":["post-9340","page","type-page","status-publish","hentry"],"post_mailing_queue_ids":[],"_links":{"self":[{"href":"https:\/\/agora-eoi.xtec.cat\/eoisantcugat\/wp-json\/wp\/v2\/pages\/9340","targetHints":{"allow":["GET"]}}],"collection":[{"href":"https:\/\/agora-eoi.xtec.cat\/eoisantcugat\/wp-json\/wp\/v2\/pages"}],"about":[{"href":"https:\/\/agora-eoi.xtec.cat\/eoisantcugat\/wp-json\/wp\/v2\/types\/page"}],"author":[{"embeddable":true,"href":"https:\/\/agora-eoi.xtec.cat\/eoisantcugat\/wp-json\/wp\/v2\/users\/1"}],"replies":[{"embeddable":true,"href":"https:\/\/agora-eoi.xtec.cat\/eoisantcugat\/wp-json\/wp\/v2\/comments?post=9340"}],"version-history":[{"count":6,"href":"https:\/\/agora-eoi.xtec.cat\/eoisantcugat\/wp-json\/wp\/v2\/pages\/9340\/revisions"}],"predecessor-version":[{"id":9429,"href":"https:\/\/agora-eoi.xtec.cat\/eoisantcugat\/wp-json\/wp\/v2\/pages\/9340\/revisions\/9429"}],"up":[{"embeddable":true,"href":"https:\/\/agora-eoi.xtec.cat\/eoisantcugat\/wp-json\/wp\/v2\/pages\/9348"}],"wp:attachment":[{"href":"https:\/\/agora-eoi.xtec.cat\/eoisantcugat\/wp-json\/wp\/v2\/media?parent=9340"}],"curies":[{"name":"wp","href":"https:\/\/api.w.org\/{rel}","templated":true}]}}