{"id":9329,"date":"2025-07-10T18:13:26","date_gmt":"2025-07-10T16:13:26","guid":{"rendered":"https:\/\/agora-eoi.xtec.cat\/eoisantcugat\/?page_id=9329"},"modified":"2025-10-18T12:45:52","modified_gmt":"2025-10-18T10:45:52","slug":"biblioteca","status":"publish","type":"page","link":"https:\/\/agora-eoi.xtec.cat\/eoisantcugat\/biblioteca\/","title":{"rendered":"Biblioteca"},"content":{"rendered":"\n<figure class=\"wp-block-gallery has-nested-images columns-default is-cropped wp-block-gallery-1 is-layout-flex wp-block-gallery-is-layout-flex\">\n<figure class=\"wp-block-image size-large\"><a href=\"https:\/\/agora-eoi.xtec.cat\/eoisantcugat\/wp-content\/uploads\/usu3052\/2025\/07\/1752162950491curta-2-scaled-e1752344037210.jpg\"><img decoding=\"async\" data-id=\"9323\" src=\"https:\/\/agora-eoi.xtec.cat\/eoisantcugat\/wp-content\/uploads\/usu3052\/2025\/07\/1752162950491curta-2-scaled-e1752344037210-1024x372.jpg\" alt=\"\" class=\"wp-image-9323\"\/><\/a><\/figure>\n<\/figure>\n\n\n\n<p>La nostra biblioteca \u00e9s un espai pensat per a tu, amb m\u00e9s de <strong>5000 t\u00edtols<\/strong>, entre  llibres aut\u00e8ntics i lectures graduades per als qui s\u2019inicien en l\u2019aprenentatge de lleng\u00fces. Aprofita el <strong>servei de pr\u00e9stec gratu\u00eft per a tot l\u2019alumnat<\/strong>!<\/p>\n\n\n\n<p>\ud83d\udcc6 <strong>Calendari del servei:<\/strong><br>Disponible des del <strong>primer dia lectiu<\/strong> del curs 2025-2026 fins a <strong>finals de maig<\/strong>.<br><br><strong>Horari d\u2019atenci\u00f3 i servei de pr\u00e9stec:<\/strong><\/p>\n\n\n\n<ul class=\"wp-block-list\">\n<li>Dilluns a dijous: 17:00 a 20:15 h<\/li>\n\n\n\n<li>Dimarts i dijous: 09:00 a 12:00 h<\/li>\n<\/ul>\n\n\n\n<p><strong>\ud83d\udd50<\/strong><strong> Durada dels pr\u00e9stecs:<\/strong><\/p>\n\n\n\n<ul class=\"wp-block-list\">\n<li><strong>Lectures graduades i literatura:<\/strong> 4 setmanes<\/li>\n\n\n\n<li><strong>Llibres de gram\u00e0tica, vocabulari, exercicis\u2026:<\/strong> 2 setmanes<\/li>\n\n\n\n<li><strong>C\u00f2mics en angl\u00e8s i alemany:<\/strong> 2 setmanes<\/li>\n\n\n\n<li><strong>Revistes &#8220;Speak Up&#8221; i &#8220;Deutsch Perfekt&#8221;:<\/strong> 1 setmana<\/li>\n\n\n\n<li><strong>Pel\u00b7l\u00edcules en DVD i s\u00e8ries (2 DVDs):<\/strong> 1 setmana<\/li>\n<\/ul>\n\n\n\n<p>\u26a0\ufe0f <strong>Recorda!<\/strong><\/p>\n\n\n\n<ul class=\"wp-block-list\">\n<li>Retorna el material puntualment per evitar penalitzacions.<\/li>\n\n\n\n<li>En cas de retard, s\u2019aplicar\u00e0 una penalitzaci\u00f3 de <strong>2 setmanes sense pr\u00e9stec<\/strong>.<\/li>\n\n\n\n<li>Si es perd un material, caldr\u00e0 <strong>restituir-lo o abonar-ne l\u2019import exacte<\/strong>.<\/li>\n<\/ul>\n\n\n\n<p>\ud83d\udcd6 <strong>Tamb\u00e9 pots utilitzar la nostra biblioteca com a sala d\u2019estudi.<\/strong><\/p>\n\n\n\n<p><strong>Horari de la sala d\u2019estudi:<\/strong><\/p>\n\n\n\n<ul class=\"wp-block-list\">\n<li>Dilluns a dijous: 15:30 a 20:30 h<\/li>\n\n\n\n<li>Dimarts i dijous: 9:00 a 12:00 h<\/li>\n<\/ul>\n\n\n\n<p><\/p>\n\n\n\n<p><\/p>\n","protected":false},"excerpt":{"rendered":"<p>La nostra biblioteca \u00e9s un espai pensat per a tu, amb m\u00e9s de 5000 t\u00edtols, entre llibres aut\u00e8ntics i lectures [&hellip;]<\/p>\n","protected":false},"author":1,"featured_media":0,"parent":0,"menu_order":0,"comment_status":"closed","ping_status":"close","template":"","meta":{"site-sidebar-layout":"no-sidebar","site-content-layout":"","ast-site-content-layout":"default","site-content-style":"default","site-sidebar-style":"default","ast-global-header-display":"","ast-banner-title-visibility":"","ast-main-header-display":"","ast-hfb-above-header-display":"","ast-hfb-below-header-display":"","ast-hfb-mobile-header-display":"","site-post-title":"","ast-breadcrumbs-content":"","ast-featured-img":"","footer-sml-layout":"","theme-transparent-header-meta":"","adv-header-id-meta":"","stick-header-meta":"","header-above-stick-meta":"","header-main-stick-meta":"","header-below-stick-meta":"","astra-migrate-meta-layouts":"set","ast-page-background-enabled":"default","ast-page-background-meta":{"desktop":{"background-color":"var(--ast-global-color-4)","background-image":"","background-repeat":"repeat","background-position":"center center","background-size":"auto","background-attachment":"scroll","background-type":"","background-media":"","overlay-type":"","overlay-color":"","overlay-opacity":"","overlay-gradient":""},"tablet":{"background-color":"","background-image":"","background-repeat":"repeat","background-position":"center center","background-size":"auto","background-attachment":"scroll","background-type":"","background-media":"","overlay-type":"","overlay-color":"","overlay-opacity":"","overlay-gradient":""},"mobile":{"background-color":"","background-image":"","background-repeat":"repeat","background-position":"center center","background-size":"auto","background-attachment":"scroll","background-type":"","background-media":"","overlay-type":"","overlay-color":"","overlay-opacity":"","overlay-gradient":""}},"ast-content-background-meta":{"desktop":{"background-color":"var(--ast-global-color-5)","background-image":"","background-repeat":"repeat","background-position":"center center","background-size":"auto","background-attachment":"scroll","background-type":"","background-media":"","overlay-type":"","overlay-color":"","overlay-opacity":"","overlay-gradient":""},"tablet":{"background-color":"var(--ast-global-color-5)","background-image":"","background-repeat":"repeat","background-position":"center center","background-size":"auto","background-attachment":"scroll","background-type":"","background-media":"","overlay-type":"","overlay-color":"","overlay-opacity":"","overlay-gradient":""},"mobile":{"background-color":"var(--ast-global-color-5)","background-image":"","background-repeat":"repeat","background-position":"center center","background-size":"auto","background-attachment":"scroll","background-type":"","background-media":"","overlay-type":"","overlay-color":"","overlay-opacity":"","overlay-gradient":""}},"footnotes":""},"class_list":["post-9329","page","type-page","status-publish","hentry"],"post_mailing_queue_ids":[],"_links":{"self":[{"href":"https:\/\/agora-eoi.xtec.cat\/eoisantcugat\/wp-json\/wp\/v2\/pages\/9329","targetHints":{"allow":["GET"]}}],"collection":[{"href":"https:\/\/agora-eoi.xtec.cat\/eoisantcugat\/wp-json\/wp\/v2\/pages"}],"about":[{"href":"https:\/\/agora-eoi.xtec.cat\/eoisantcugat\/wp-json\/wp\/v2\/types\/page"}],"author":[{"embeddable":true,"href":"https:\/\/agora-eoi.xtec.cat\/eoisantcugat\/wp-json\/wp\/v2\/users\/1"}],"replies":[{"embeddable":true,"href":"https:\/\/agora-eoi.xtec.cat\/eoisantcugat\/wp-json\/wp\/v2\/comments?post=9329"}],"version-history":[{"count":6,"href":"https:\/\/agora-eoi.xtec.cat\/eoisantcugat\/wp-json\/wp\/v2\/pages\/9329\/revisions"}],"predecessor-version":[{"id":9825,"href":"https:\/\/agora-eoi.xtec.cat\/eoisantcugat\/wp-json\/wp\/v2\/pages\/9329\/revisions\/9825"}],"wp:attachment":[{"href":"https:\/\/agora-eoi.xtec.cat\/eoisantcugat\/wp-json\/wp\/v2\/media?parent=9329"}],"curies":[{"name":"wp","href":"https:\/\/api.w.org\/{rel}","templated":true}]}}