{"id":9071,"date":"2024-12-12T12:22:18","date_gmt":"2024-12-12T11:22:18","guid":{"rendered":"https:\/\/agora-eoi.xtec.cat\/eoisantcugat\/?page_id=9071"},"modified":"2024-12-12T12:25:40","modified_gmt":"2024-12-12T11:25:40","slug":"exempcio-de-responsabilitat","status":"publish","type":"page","link":"https:\/\/agora-eoi.xtec.cat\/eoisantcugat\/exempcio-de-responsabilitat\/","title":{"rendered":"Exempci\u00f3 de Responsabilitat"},"content":{"rendered":"<p style=\"text-align: justify;\">Mitjan\u00e7ant aquesta p\u00e0gina web, L&#8217;Escola Oficial d&#8217;Idiomes Sant Cugat desitja que el p\u00fablic tingui acc\u00e9s a la informaci\u00f3 dels ensenyaments que imparteix. Tenim la intenci\u00f3 de reflectir en aquesta p\u00e0gina informaci\u00f3 actualitzada i exacta. Intentarem corregir els errors que se&#8217;ns indiquin. No obstant aix\u00f2, l&#8217;Escola Oficial d&#8217;Idiomes\u00a0Sant Cugat no assumeix cap responsabilitat relacionada amb la informaci\u00f3 inclosa en aquesta p\u00e0gina web, ja que aquesta informaci\u00f3 sempre haur\u00e0 de ser contrastada i confirmada a la mateixa EOI Sant Cugat.<\/p>\n<p style=\"text-align: justify;\">La nostra escola no assumeix cap responsabilitat pels seg\u00fcents motius:<\/p>\n<p style=\"text-align: justify;\">1. La informaci\u00f3 que ofereix \u00e9s de car\u00e0cter general i no necess\u00e0riament exhaustiva, complerta o actualitzada.<\/p>\n<p style=\"text-align: justify;\">2. Aquesta p\u00e0gina cont\u00e9, en alguns casos, enlla\u00e7os amb p\u00e0gines externes sobre les quals aquesta EOI no t\u00e9 cap control, i respecte de les quals declina tota responsabilitat.<\/p>\n<p style=\"text-align: justify;\">3. La informaci\u00f3 de les p\u00e0gines dels departaments \u00e9s i s&#8217;actualitza pels mateixos departaments.<\/p>\n<p style=\"text-align: justify;\">Tenim la intenci\u00f3 de reduir al m\u00ednim els problemes ocasionats per errors de car\u00e0cter t\u00e8cnic. Malgrat aix\u00f2, certes dades o informacions de la nostra p\u00e0gina poden haver estat creades o estructurades en arxius o formats no exempts d&#8217;errors. Per aquesta ra\u00f3 no podem garantir que el servei que pretenem oferir no quedi interromput o afectat de qualsevol altra forma per aquests problemes.<\/p>\n<p style=\"text-align: justify;\">L&#8217;EOI\u00a0\u00a0Sant Cugat no garanteix que el seu lloc web i els seus servidors estiguin lliures de virus i de programes malignes de qualsevol tipus, i no es fa responsable dels eventuals danys i perjudicis causats per l&#8217;acc\u00e9s al seu lloc web o per la impossibilitat d&#8217;accedir-hi.<\/p>\n<p style=\"text-align: justify;\">L&#8217;EOI Sant Cugat no assumeix cap responsabilitat respecte dels problemes que puguin resultar de la consulta d&#8217;aquesta p\u00e0gina o d&#8217;aquelles altres p\u00e0gines externes a les quals s&#8217;envia.<\/p>\n<p style=\"text-align: justify;\">La present cl\u00e0usula d&#8217;exempci\u00f3 de responsabilitat t\u00e9 com a objectiu deixar clar que l&#8217;EOI Sant Cugat no assumeix cap responsabilitat en relaci\u00f3 a la informaci\u00f3 inclosa a la seva p\u00e0gina web, i que l&#8217;esmentada informaci\u00f3 sempre haur\u00e0 de ser contrastada a la mateixa Escola Oficial d&#8217;Idiomes Sant Cugat.<\/p>\n","protected":false},"excerpt":{"rendered":"<p>Mitjan\u00e7ant aquesta p\u00e0gina web, L&#8217;Escola Oficial d&#8217;Idiomes Sant Cugat desitja que el p\u00fablic tingui acc\u00e9s a la informaci\u00f3 dels ensenyaments [&hellip;]<\/p>\n","protected":false},"author":1,"featured_media":0,"parent":0,"menu_order":97,"comment_status":"closed","ping_status":"close","template":"page-templates\/side-menu.php","meta":{"site-sidebar-layout":"default","site-content-layout":"","ast-site-content-layout":"","site-content-style":"default","site-sidebar-style":"default","ast-global-header-display":"","ast-banner-title-visibility":"","ast-main-header-display":"","ast-hfb-above-header-display":"","ast-hfb-below-header-display":"","ast-hfb-mobile-header-display":"","site-post-title":"","ast-breadcrumbs-content":"","ast-featured-img":"","footer-sml-layout":"","theme-transparent-header-meta":"","adv-header-id-meta":"","stick-header-meta":"","header-above-stick-meta":"","header-main-stick-meta":"","header-below-stick-meta":"","astra-migrate-meta-layouts":"default","ast-page-background-enabled":"default","ast-page-background-meta":{"desktop":{"background-color":"var(--ast-global-color-4)","background-image":"","background-repeat":"repeat","background-position":"center center","background-size":"auto","background-attachment":"scroll","background-type":"","background-media":"","overlay-type":"","overlay-color":"","overlay-opacity":"","overlay-gradient":""},"tablet":{"background-color":"","background-image":"","background-repeat":"repeat","background-position":"center center","background-size":"auto","background-attachment":"scroll","background-type":"","background-media":"","overlay-type":"","overlay-color":"","overlay-opacity":"","overlay-gradient":""},"mobile":{"background-color":"","background-image":"","background-repeat":"repeat","background-position":"center center","background-size":"auto","background-attachment":"scroll","background-type":"","background-media":"","overlay-type":"","overlay-color":"","overlay-opacity":"","overlay-gradient":""}},"ast-content-background-meta":{"desktop":{"background-color":"var(--ast-global-color-5)","background-image":"","background-repeat":"repeat","background-position":"center center","background-size":"auto","background-attachment":"scroll","background-type":"","background-media":"","overlay-type":"","overlay-color":"","overlay-opacity":"","overlay-gradient":""},"tablet":{"background-color":"var(--ast-global-color-5)","background-image":"","background-repeat":"repeat","background-position":"center center","background-size":"auto","background-attachment":"scroll","background-type":"","background-media":"","overlay-type":"","overlay-color":"","overlay-opacity":"","overlay-gradient":""},"mobile":{"background-color":"var(--ast-global-color-5)","background-image":"","background-repeat":"repeat","background-position":"center center","background-size":"auto","background-attachment":"scroll","background-type":"","background-media":"","overlay-type":"","overlay-color":"","overlay-opacity":"","overlay-gradient":""}},"footnotes":""},"class_list":["post-9071","page","type-page","status-publish","hentry"],"post_mailing_queue_ids":[],"_links":{"self":[{"href":"https:\/\/agora-eoi.xtec.cat\/eoisantcugat\/wp-json\/wp\/v2\/pages\/9071","targetHints":{"allow":["GET"]}}],"collection":[{"href":"https:\/\/agora-eoi.xtec.cat\/eoisantcugat\/wp-json\/wp\/v2\/pages"}],"about":[{"href":"https:\/\/agora-eoi.xtec.cat\/eoisantcugat\/wp-json\/wp\/v2\/types\/page"}],"author":[{"embeddable":true,"href":"https:\/\/agora-eoi.xtec.cat\/eoisantcugat\/wp-json\/wp\/v2\/users\/1"}],"replies":[{"embeddable":true,"href":"https:\/\/agora-eoi.xtec.cat\/eoisantcugat\/wp-json\/wp\/v2\/comments?post=9071"}],"version-history":[{"count":2,"href":"https:\/\/agora-eoi.xtec.cat\/eoisantcugat\/wp-json\/wp\/v2\/pages\/9071\/revisions"}],"predecessor-version":[{"id":9074,"href":"https:\/\/agora-eoi.xtec.cat\/eoisantcugat\/wp-json\/wp\/v2\/pages\/9071\/revisions\/9074"}],"wp:attachment":[{"href":"https:\/\/agora-eoi.xtec.cat\/eoisantcugat\/wp-json\/wp\/v2\/media?parent=9071"}],"curies":[{"name":"wp","href":"https:\/\/api.w.org\/{rel}","templated":true}]}}