{"id":9066,"date":"2024-12-12T12:12:54","date_gmt":"2024-12-12T11:12:54","guid":{"rendered":"https:\/\/agora-eoi.xtec.cat\/eoisantcugat\/?page_id=9066"},"modified":"2024-12-12T12:17:52","modified_gmt":"2024-12-12T11:17:52","slug":"bustia-suggeriments-i-queixes","status":"publish","type":"page","link":"https:\/\/agora-eoi.xtec.cat\/eoisantcugat\/bustia-suggeriments-i-queixes\/","title":{"rendered":"B\u00fastia Suggeriments i Queixes"},"content":{"rendered":"<p>En aquesta secci\u00f3 podeu realitzar qualsevol suggeriment o queixa que tingueu sobre la nostra Escola, nom\u00e9s heu d&#8217;omplir el formulari perqu\u00e8 ens arribin les vostres peticions.<\/p>\n<p><iframe loading=\"lazy\" src=\"https:\/\/docs.google.com\/forms\/d\/e\/1FAIpQLSeXXIo8v6AGWXV2D-yrZXphP-WPTFVdwAVd9py8onHhaw9Ftw\/viewform?embedded=true\" width=\"640\" height=\"1941\" frameborder=\"0\" marginwidth=\"0\" marginheight=\"0\">S&#8217;est\u00e0 carregant\u2026<\/iframe><\/p>\n","protected":false},"excerpt":{"rendered":"<p>En aquesta secci\u00f3 podeu realitzar qualsevol suggeriment o queixa que tingueu sobre la nostra Escola, nom\u00e9s heu d&#8217;omplir el formulari [&hellip;]<\/p>\n","protected":false},"author":1,"featured_media":0,"parent":0,"menu_order":96,"comment_status":"closed","ping_status":"close","template":"page-templates\/side-menu.php","meta":{"site-sidebar-layout":"default","site-content-layout":"","ast-site-content-layout":"","site-content-style":"default","site-sidebar-style":"default","ast-global-header-display":"","ast-banner-title-visibility":"","ast-main-header-display":"","ast-hfb-above-header-display":"","ast-hfb-below-header-display":"","ast-hfb-mobile-header-display":"","site-post-title":"","ast-breadcrumbs-content":"","ast-featured-img":"","footer-sml-layout":"","theme-transparent-header-meta":"","adv-header-id-meta":"","stick-header-meta":"","header-above-stick-meta":"","header-main-stick-meta":"","header-below-stick-meta":"","astra-migrate-meta-layouts":"default","ast-page-background-enabled":"default","ast-page-background-meta":{"desktop":{"background-color":"var(--ast-global-color-4)","background-image":"","background-repeat":"repeat","background-position":"center center","background-size":"auto","background-attachment":"scroll","background-type":"","background-media":"","overlay-type":"","overlay-color":"","overlay-opacity":"","overlay-gradient":""},"tablet":{"background-color":"","background-image":"","background-repeat":"repeat","background-position":"center center","background-size":"auto","background-attachment":"scroll","background-type":"","background-media":"","overlay-type":"","overlay-color":"","overlay-opacity":"","overlay-gradient":""},"mobile":{"background-color":"","background-image":"","background-repeat":"repeat","background-position":"center center","background-size":"auto","background-attachment":"scroll","background-type":"","background-media":"","overlay-type":"","overlay-color":"","overlay-opacity":"","overlay-gradient":""}},"ast-content-background-meta":{"desktop":{"background-color":"var(--ast-global-color-5)","background-image":"","background-repeat":"repeat","background-position":"center center","background-size":"auto","background-attachment":"scroll","background-type":"","background-media":"","overlay-type":"","overlay-color":"","overlay-opacity":"","overlay-gradient":""},"tablet":{"background-color":"var(--ast-global-color-5)","background-image":"","background-repeat":"repeat","background-position":"center center","background-size":"auto","background-attachment":"scroll","background-type":"","background-media":"","overlay-type":"","overlay-color":"","overlay-opacity":"","overlay-gradient":""},"mobile":{"background-color":"var(--ast-global-color-5)","background-image":"","background-repeat":"repeat","background-position":"center center","background-size":"auto","background-attachment":"scroll","background-type":"","background-media":"","overlay-type":"","overlay-color":"","overlay-opacity":"","overlay-gradient":""}},"footnotes":""},"class_list":["post-9066","page","type-page","status-publish","hentry"],"post_mailing_queue_ids":[],"_links":{"self":[{"href":"https:\/\/agora-eoi.xtec.cat\/eoisantcugat\/wp-json\/wp\/v2\/pages\/9066","targetHints":{"allow":["GET"]}}],"collection":[{"href":"https:\/\/agora-eoi.xtec.cat\/eoisantcugat\/wp-json\/wp\/v2\/pages"}],"about":[{"href":"https:\/\/agora-eoi.xtec.cat\/eoisantcugat\/wp-json\/wp\/v2\/types\/page"}],"author":[{"embeddable":true,"href":"https:\/\/agora-eoi.xtec.cat\/eoisantcugat\/wp-json\/wp\/v2\/users\/1"}],"replies":[{"embeddable":true,"href":"https:\/\/agora-eoi.xtec.cat\/eoisantcugat\/wp-json\/wp\/v2\/comments?post=9066"}],"version-history":[{"count":3,"href":"https:\/\/agora-eoi.xtec.cat\/eoisantcugat\/wp-json\/wp\/v2\/pages\/9066\/revisions"}],"predecessor-version":[{"id":9069,"href":"https:\/\/agora-eoi.xtec.cat\/eoisantcugat\/wp-json\/wp\/v2\/pages\/9066\/revisions\/9069"}],"wp:attachment":[{"href":"https:\/\/agora-eoi.xtec.cat\/eoisantcugat\/wp-json\/wp\/v2\/media?parent=9066"}],"curies":[{"name":"wp","href":"https:\/\/api.w.org\/{rel}","templated":true}]}}