{"id":9063,"date":"2024-12-11T13:16:55","date_gmt":"2024-12-11T12:16:55","guid":{"rendered":"https:\/\/agora-eoi.xtec.cat\/eoisantcugat\/?page_id=9063"},"modified":"2024-12-11T13:16:55","modified_gmt":"2024-12-11T12:16:55","slug":"politica-proteccio-de-dades","status":"publish","type":"page","link":"https:\/\/agora-eoi.xtec.cat\/eoisantcugat\/politica-proteccio-de-dades\/","title":{"rendered":"Pol\u00edtica Protecci\u00f3 de Dades"},"content":{"rendered":"<p>D\u2019acord amb l\u2019article 5 de la Llei org\u00e0nica 15\/1999, de 13 de desembre, de protecci\u00f3 de dades de car\u00e0cter personal, les vostres dades seran incorporades al fitxer \u201cAlumnat de centres educatius dependents del Departament d\u2019Ensenyament\u201d, amb la finalitat de gestionar l\u2019acci\u00f3 educativa, l\u2019orientaci\u00f3 acad\u00e8mica i professional, l\u2019acci\u00f3 tutorial i de comunicaci\u00f3 amb les fam\u00edlies, l\u2019avaluaci\u00f3 objectiva del rendiment escolar, el comprom\u00eds dels alumnes i llurs fam\u00edlies en el proc\u00e9s educatiu i l\u2019acc\u00e9s als serveis digitals i telem\u00e0tics facilitats pel Departament.<\/p>\n<p>L\u2019\u00f2rgan responsable del fitxer \u00e9s la Direcci\u00f3 del centre educatiu. Podeu exercir els drets d\u2019acc\u00e9s, rectificaci\u00f3, cancel\u00b7laci\u00f3 i oposici\u00f3 mitjan\u00e7ant un escrit adre\u00e7at a la Direcci\u00f3 del centre educatiu corresponent. (<span id=\"cloak03b0929fbee16794e52edce9b2eff000\"><a href=\"mailto:eoisantcugat@xtec.cat\">eoisantcugat@xtec.cat<\/a><\/span>).<\/p>\n<p><a href=\"https:\/\/educacio.gencat.cat\/ca\/departament\/proteccio-dades\/\" target=\"_blank\" rel=\"alternate noopener\">Departament d&#8217;Educaci\u00f3 protecci\u00f3 de dades<\/a>.<\/p>\n<p><a href=\"https:\/\/educacio.gencat.cat\/ca\/departament\/proteccio-dades\/centres-educatius\/\" target=\"_blank\" rel=\"alternate noopener\">Protecci\u00f3 de dades als centres educatius<\/a>.<\/p>\n","protected":false},"excerpt":{"rendered":"<p>D\u2019acord amb l\u2019article 5 de la Llei org\u00e0nica 15\/1999, de 13 de desembre, de protecci\u00f3 de dades de car\u00e0cter personal, [&hellip;]<\/p>\n","protected":false},"author":1,"featured_media":0,"parent":0,"menu_order":96,"comment_status":"closed","ping_status":"close","template":"page-templates\/side-menu.php","meta":{"site-sidebar-layout":"default","site-content-layout":"","ast-site-content-layout":"","site-content-style":"default","site-sidebar-style":"default","ast-global-header-display":"","ast-banner-title-visibility":"","ast-main-header-display":"","ast-hfb-above-header-display":"","ast-hfb-below-header-display":"","ast-hfb-mobile-header-display":"","site-post-title":"","ast-breadcrumbs-content":"","ast-featured-img":"","footer-sml-layout":"","theme-transparent-header-meta":"","adv-header-id-meta":"","stick-header-meta":"","header-above-stick-meta":"","header-main-stick-meta":"","header-below-stick-meta":"","astra-migrate-meta-layouts":"default","ast-page-background-enabled":"default","ast-page-background-meta":{"desktop":{"background-color":"var(--ast-global-color-4)","background-image":"","background-repeat":"repeat","background-position":"center center","background-size":"auto","background-attachment":"scroll","background-type":"","background-media":"","overlay-type":"","overlay-color":"","overlay-opacity":"","overlay-gradient":""},"tablet":{"background-color":"","background-image":"","background-repeat":"repeat","background-position":"center center","background-size":"auto","background-attachment":"scroll","background-type":"","background-media":"","overlay-type":"","overlay-color":"","overlay-opacity":"","overlay-gradient":""},"mobile":{"background-color":"","background-image":"","background-repeat":"repeat","background-position":"center center","background-size":"auto","background-attachment":"scroll","background-type":"","background-media":"","overlay-type":"","overlay-color":"","overlay-opacity":"","overlay-gradient":""}},"ast-content-background-meta":{"desktop":{"background-color":"var(--ast-global-color-5)","background-image":"","background-repeat":"repeat","background-position":"center center","background-size":"auto","background-attachment":"scroll","background-type":"","background-media":"","overlay-type":"","overlay-color":"","overlay-opacity":"","overlay-gradient":""},"tablet":{"background-color":"var(--ast-global-color-5)","background-image":"","background-repeat":"repeat","background-position":"center center","background-size":"auto","background-attachment":"scroll","background-type":"","background-media":"","overlay-type":"","overlay-color":"","overlay-opacity":"","overlay-gradient":""},"mobile":{"background-color":"var(--ast-global-color-5)","background-image":"","background-repeat":"repeat","background-position":"center center","background-size":"auto","background-attachment":"scroll","background-type":"","background-media":"","overlay-type":"","overlay-color":"","overlay-opacity":"","overlay-gradient":""}},"footnotes":""},"class_list":["post-9063","page","type-page","status-publish","hentry"],"post_mailing_queue_ids":[],"_links":{"self":[{"href":"https:\/\/agora-eoi.xtec.cat\/eoisantcugat\/wp-json\/wp\/v2\/pages\/9063","targetHints":{"allow":["GET"]}}],"collection":[{"href":"https:\/\/agora-eoi.xtec.cat\/eoisantcugat\/wp-json\/wp\/v2\/pages"}],"about":[{"href":"https:\/\/agora-eoi.xtec.cat\/eoisantcugat\/wp-json\/wp\/v2\/types\/page"}],"author":[{"embeddable":true,"href":"https:\/\/agora-eoi.xtec.cat\/eoisantcugat\/wp-json\/wp\/v2\/users\/1"}],"replies":[{"embeddable":true,"href":"https:\/\/agora-eoi.xtec.cat\/eoisantcugat\/wp-json\/wp\/v2\/comments?post=9063"}],"version-history":[{"count":1,"href":"https:\/\/agora-eoi.xtec.cat\/eoisantcugat\/wp-json\/wp\/v2\/pages\/9063\/revisions"}],"predecessor-version":[{"id":9064,"href":"https:\/\/agora-eoi.xtec.cat\/eoisantcugat\/wp-json\/wp\/v2\/pages\/9063\/revisions\/9064"}],"wp:attachment":[{"href":"https:\/\/agora-eoi.xtec.cat\/eoisantcugat\/wp-json\/wp\/v2\/media?parent=9063"}],"curies":[{"name":"wp","href":"https:\/\/api.w.org\/{rel}","templated":true}]}}