{"id":9060,"date":"2024-12-11T13:12:11","date_gmt":"2024-12-11T12:12:11","guid":{"rendered":"https:\/\/agora-eoi.xtec.cat\/eoisantcugat\/?page_id=9060"},"modified":"2024-12-11T13:12:11","modified_gmt":"2024-12-11T12:12:11","slug":"convalidacions-eso-i-batxillerat","status":"publish","type":"page","link":"https:\/\/agora-eoi.xtec.cat\/eoisantcugat\/convalidacions-eso-i-batxillerat\/","title":{"rendered":"Convalidacions ESO i Batxillerat"},"content":{"rendered":"<p><strong>Convalidacions ESO<\/strong><\/p>\n<p>L\u2019alumnat que cursa una segona llengua estrangera, que no s\u2019ofereixi en el centre educatiu, i que ho faci en una escola oficial d\u2019idiomes, pot sol\u00b7licitar-ne el reconeixement. En aquests casos, l\u2019alumne o alumna ha d\u2019acreditar que est\u00e0 matriculat en un d\u2019aquests centres i ha de comunicar, si fos el cas, l\u2019abandonament d\u2019aquests estudis.<\/p>\n<p>El tr\u00e0mit que han de fer les fam\u00edlies dels alumnes \u00e9s el seg\u00fcent:<\/p>\n<ul>\n<li>Sol\u00b7licitar al centre el reconeixement dels estudis com a mat\u00e8ria optativa de segona llengua estrangera, amb el formulari corresponent. En la sol\u00b7licitud cal adjuntar el comprovant de matr\u00edcula.<\/li>\n<li>Presentar al centre, a final de curs, el certificat o diploma de superaci\u00f3 dels estudis expedit per l\u2019EOI.<\/li>\n<\/ul>\n<p>El reconeixement de la formaci\u00f3 com a segona llengua estrangera es fa efectiu en finalitzar el curs acad\u00e8mic.<\/p>\n<p><strong>Convalidacions\u00a0Batxillerat<\/strong><\/p>\n<p>Convalidacions de mat\u00e8ries del batxillerat per a alumnes que cursen lleng\u00fces estrangeres simult\u00e0niament en una EOI.<strong>\u00a0<\/strong><\/p>\n<p>Els i les alumnes que cursen el batxillerat i, al mateix temps, una segona llengua estrangera en una escola oficial d\u2019idiomes (EOI) poden sol\u00b7licitar, a cada curs, la convalidaci\u00f3 de la darrera franja de quatre hores de cada curs que es completa amb una mat\u00e8ria de modalitat, pr\u00f2pia o aliena, o b\u00e9 amb dues mat\u00e8ries espec\u00edfiques, si es dona alguna de les condicions seg\u00fcents:<\/p>\n<ul>\n<li>Es cursa a l\u2019EOI amb el nivell B2 o superior una segona llengua estrangera que ofereix el centre.<\/li>\n<li>Es cursa a l\u2019EOI una llengua estrangera que no ofereix el centre.<\/li>\n<\/ul>\n<p>La sol\u00b7licitud de convalidaci\u00f3 la presenta l\u2019alumne o alumna el primer mes de classe al centre on estudia batxillerat, juntament amb el certificat expedit per l&#8217;EOI on s&#8217;acredita el curs de la segona llengua estrangera que cursa l&#8217;alumne o alumna.\u00a0El director o directora del centre\u00a0 resol la sol\u00b7licitud.<\/p>\n<p>La convalidaci\u00f3 est\u00e0 condicionada a la superaci\u00f3 del curs a l\u2019EOI, que cal documentar amb un certificat del nivell assolit expedit per la secretaria de l\u2019EOI.<\/p>\n","protected":false},"excerpt":{"rendered":"<p>Convalidacions ESO L\u2019alumnat que cursa una segona llengua estrangera, que no s\u2019ofereixi en el centre educatiu, i que ho faci [&hellip;]<\/p>\n","protected":false},"author":1,"featured_media":0,"parent":0,"menu_order":95,"comment_status":"closed","ping_status":"close","template":"page-templates\/side-menu.php","meta":{"site-sidebar-layout":"default","site-content-layout":"","ast-site-content-layout":"","site-content-style":"default","site-sidebar-style":"default","ast-global-header-display":"","ast-banner-title-visibility":"","ast-main-header-display":"","ast-hfb-above-header-display":"","ast-hfb-below-header-display":"","ast-hfb-mobile-header-display":"","site-post-title":"","ast-breadcrumbs-content":"","ast-featured-img":"","footer-sml-layout":"","theme-transparent-header-meta":"","adv-header-id-meta":"","stick-header-meta":"","header-above-stick-meta":"","header-main-stick-meta":"","header-below-stick-meta":"","astra-migrate-meta-layouts":"default","ast-page-background-enabled":"default","ast-page-background-meta":{"desktop":{"background-color":"var(--ast-global-color-4)","background-image":"","background-repeat":"repeat","background-position":"center center","background-size":"auto","background-attachment":"scroll","background-type":"","background-media":"","overlay-type":"","overlay-color":"","overlay-opacity":"","overlay-gradient":""},"tablet":{"background-color":"","background-image":"","background-repeat":"repeat","background-position":"center center","background-size":"auto","background-attachment":"scroll","background-type":"","background-media":"","overlay-type":"","overlay-color":"","overlay-opacity":"","overlay-gradient":""},"mobile":{"background-color":"","background-image":"","background-repeat":"repeat","background-position":"center center","background-size":"auto","background-attachment":"scroll","background-type":"","background-media":"","overlay-type":"","overlay-color":"","overlay-opacity":"","overlay-gradient":""}},"ast-content-background-meta":{"desktop":{"background-color":"var(--ast-global-color-5)","background-image":"","background-repeat":"repeat","background-position":"center center","background-size":"auto","background-attachment":"scroll","background-type":"","background-media":"","overlay-type":"","overlay-color":"","overlay-opacity":"","overlay-gradient":""},"tablet":{"background-color":"var(--ast-global-color-5)","background-image":"","background-repeat":"repeat","background-position":"center center","background-size":"auto","background-attachment":"scroll","background-type":"","background-media":"","overlay-type":"","overlay-color":"","overlay-opacity":"","overlay-gradient":""},"mobile":{"background-color":"var(--ast-global-color-5)","background-image":"","background-repeat":"repeat","background-position":"center center","background-size":"auto","background-attachment":"scroll","background-type":"","background-media":"","overlay-type":"","overlay-color":"","overlay-opacity":"","overlay-gradient":""}},"footnotes":""},"class_list":["post-9060","page","type-page","status-publish","hentry"],"post_mailing_queue_ids":[],"_links":{"self":[{"href":"https:\/\/agora-eoi.xtec.cat\/eoisantcugat\/wp-json\/wp\/v2\/pages\/9060","targetHints":{"allow":["GET"]}}],"collection":[{"href":"https:\/\/agora-eoi.xtec.cat\/eoisantcugat\/wp-json\/wp\/v2\/pages"}],"about":[{"href":"https:\/\/agora-eoi.xtec.cat\/eoisantcugat\/wp-json\/wp\/v2\/types\/page"}],"author":[{"embeddable":true,"href":"https:\/\/agora-eoi.xtec.cat\/eoisantcugat\/wp-json\/wp\/v2\/users\/1"}],"replies":[{"embeddable":true,"href":"https:\/\/agora-eoi.xtec.cat\/eoisantcugat\/wp-json\/wp\/v2\/comments?post=9060"}],"version-history":[{"count":1,"href":"https:\/\/agora-eoi.xtec.cat\/eoisantcugat\/wp-json\/wp\/v2\/pages\/9060\/revisions"}],"predecessor-version":[{"id":9061,"href":"https:\/\/agora-eoi.xtec.cat\/eoisantcugat\/wp-json\/wp\/v2\/pages\/9060\/revisions\/9061"}],"wp:attachment":[{"href":"https:\/\/agora-eoi.xtec.cat\/eoisantcugat\/wp-json\/wp\/v2\/media?parent=9060"}],"curies":[{"name":"wp","href":"https:\/\/api.w.org\/{rel}","templated":true}]}}