{"id":9055,"date":"2024-12-11T13:00:27","date_gmt":"2024-12-11T12:00:27","guid":{"rendered":"https:\/\/agora-eoi.xtec.cat\/eoisantcugat\/?page_id=9055"},"modified":"2024-12-11T13:01:26","modified_gmt":"2024-12-11T12:01:26","slug":"taxes-per-expedicio-de-titols","status":"publish","type":"page","link":"https:\/\/agora-eoi.xtec.cat\/eoisantcugat\/taxes-i-preus-publics\/taxes-per-expedicio-de-titols\/","title":{"rendered":"Taxes per Expedici\u00f3 de T\u00edtols"},"content":{"rendered":"<table width=\"690\">\n<tbody>\n<tr bgcolor=\"#878885\">\n<td><em><strong>Taxa per Expedici\u00f3 de T\u00edtols Acad\u00e8mics i Professionals<\/strong><\/em><\/td>\n<td bgcolor=\"#ffffff\"><\/td>\n<td><em><strong>\u00a0<\/strong><\/em><\/p>\n<p><em><strong>\u00a0Taxa Ordin\u00e0ria \u00a0 \u00a0<\/strong><\/em><\/td>\n<td bgcolor=\"#ffffff\"><\/td>\n<td><em><strong>Fam\u00edlia Nombrosa. Categoria General i\/o Monoparental<\/strong><\/em><\/td>\n<td bgcolor=\"#ffffff\"><\/td>\n<td><em><strong>Fam\u00edlia Nombrosa. Categoria Especial<\/strong><\/em><\/td>\n<\/tr>\n<tr>\n<td colspan=\"4\"><\/td>\n<\/tr>\n<tr>\n<td><em>Certificat de nivell intermedi B2\u00a0 i de nivell avan\u00e7at\u00a0 C1<\/em><\/td>\n<td bgcolor=\"#ffffff\"><\/td>\n<td style=\"text-align: center;\"><em>78\u00a0 \u20ac<\/em><\/td>\n<td bgcolor=\"#ffffff\"><\/td>\n<td style=\"text-align: center;\"><em>39 \u20ac<\/em><\/td>\n<td bgcolor=\"#ffffff\"><\/td>\n<td style=\"text-align: center;\"><em>Gratu\u00eft<\/em><\/td>\n<\/tr>\n<tr>\n<td style=\"text-align: center;\" colspan=\"4\"><\/td>\n<\/tr>\n<tr>\n<td><em>Reexpedici\u00f3 (expedici\u00f3 de duplicats)<\/em><\/td>\n<td bgcolor=\"#ffffff\"><\/td>\n<td style=\"text-align: center;\"><em>17,25 \u20ac<\/em><\/td>\n<td bgcolor=\"#ffffff\"><\/td>\n<td style=\"text-align: center;\"><em>17,25 \u20ac<\/em><\/td>\n<td bgcolor=\"#ffffff\"><\/td>\n<td style=\"text-align: center;\"><em>17,25 \u20ac<\/em><\/td>\n<\/tr>\n<tr>\n<td colspan=\"4\"><\/td>\n<\/tr>\n<tr>\n<td colspan=\"4\"><strong><em>No hi ha\u00a0bonificaci\u00f3 en la reexpedici\u00f3 de t\u00edtols.<\/em><\/strong><\/td>\n<\/tr>\n<\/tbody>\n<\/table>\n","protected":false},"excerpt":{"rendered":"<p>Taxa per Expedici\u00f3 de T\u00edtols Acad\u00e8mics i Professionals \u00a0 \u00a0Taxa Ordin\u00e0ria \u00a0 \u00a0 Fam\u00edlia Nombrosa. Categoria General i\/o Monoparental Fam\u00edlia [&hellip;]<\/p>\n","protected":false},"author":1,"featured_media":0,"parent":9044,"menu_order":30,"comment_status":"closed","ping_status":"close","template":"page-templates\/side-menu.php","meta":{"site-sidebar-layout":"default","site-content-layout":"","ast-site-content-layout":"","site-content-style":"default","site-sidebar-style":"default","ast-global-header-display":"","ast-banner-title-visibility":"","ast-main-header-display":"","ast-hfb-above-header-display":"","ast-hfb-below-header-display":"","ast-hfb-mobile-header-display":"","site-post-title":"","ast-breadcrumbs-content":"","ast-featured-img":"","footer-sml-layout":"","theme-transparent-header-meta":"","adv-header-id-meta":"","stick-header-meta":"","header-above-stick-meta":"","header-main-stick-meta":"","header-below-stick-meta":"","astra-migrate-meta-layouts":"default","ast-page-background-enabled":"default","ast-page-background-meta":{"desktop":{"background-color":"var(--ast-global-color-4)","background-image":"","background-repeat":"repeat","background-position":"center center","background-size":"auto","background-attachment":"scroll","background-type":"","background-media":"","overlay-type":"","overlay-color":"","overlay-opacity":"","overlay-gradient":""},"tablet":{"background-color":"","background-image":"","background-repeat":"repeat","background-position":"center center","background-size":"auto","background-attachment":"scroll","background-type":"","background-media":"","overlay-type":"","overlay-color":"","overlay-opacity":"","overlay-gradient":""},"mobile":{"background-color":"","background-image":"","background-repeat":"repeat","background-position":"center center","background-size":"auto","background-attachment":"scroll","background-type":"","background-media":"","overlay-type":"","overlay-color":"","overlay-opacity":"","overlay-gradient":""}},"ast-content-background-meta":{"desktop":{"background-color":"var(--ast-global-color-5)","background-image":"","background-repeat":"repeat","background-position":"center center","background-size":"auto","background-attachment":"scroll","background-type":"","background-media":"","overlay-type":"","overlay-color":"","overlay-opacity":"","overlay-gradient":""},"tablet":{"background-color":"var(--ast-global-color-5)","background-image":"","background-repeat":"repeat","background-position":"center center","background-size":"auto","background-attachment":"scroll","background-type":"","background-media":"","overlay-type":"","overlay-color":"","overlay-opacity":"","overlay-gradient":""},"mobile":{"background-color":"var(--ast-global-color-5)","background-image":"","background-repeat":"repeat","background-position":"center center","background-size":"auto","background-attachment":"scroll","background-type":"","background-media":"","overlay-type":"","overlay-color":"","overlay-opacity":"","overlay-gradient":""}},"footnotes":""},"class_list":["post-9055","page","type-page","status-publish","hentry"],"post_mailing_queue_ids":[],"_links":{"self":[{"href":"https:\/\/agora-eoi.xtec.cat\/eoisantcugat\/wp-json\/wp\/v2\/pages\/9055","targetHints":{"allow":["GET"]}}],"collection":[{"href":"https:\/\/agora-eoi.xtec.cat\/eoisantcugat\/wp-json\/wp\/v2\/pages"}],"about":[{"href":"https:\/\/agora-eoi.xtec.cat\/eoisantcugat\/wp-json\/wp\/v2\/types\/page"}],"author":[{"embeddable":true,"href":"https:\/\/agora-eoi.xtec.cat\/eoisantcugat\/wp-json\/wp\/v2\/users\/1"}],"replies":[{"embeddable":true,"href":"https:\/\/agora-eoi.xtec.cat\/eoisantcugat\/wp-json\/wp\/v2\/comments?post=9055"}],"version-history":[{"count":2,"href":"https:\/\/agora-eoi.xtec.cat\/eoisantcugat\/wp-json\/wp\/v2\/pages\/9055\/revisions"}],"predecessor-version":[{"id":9057,"href":"https:\/\/agora-eoi.xtec.cat\/eoisantcugat\/wp-json\/wp\/v2\/pages\/9055\/revisions\/9057"}],"up":[{"embeddable":true,"href":"https:\/\/agora-eoi.xtec.cat\/eoisantcugat\/wp-json\/wp\/v2\/pages\/9044"}],"wp:attachment":[{"href":"https:\/\/agora-eoi.xtec.cat\/eoisantcugat\/wp-json\/wp\/v2\/media?parent=9055"}],"curies":[{"name":"wp","href":"https:\/\/api.w.org\/{rel}","templated":true}]}}