{"id":9046,"date":"2024-12-11T12:44:26","date_gmt":"2024-12-11T11:44:26","guid":{"rendered":"https:\/\/agora-eoi.xtec.cat\/eoisantcugat\/?page_id=9046"},"modified":"2024-12-11T12:47:30","modified_gmt":"2024-12-11T11:47:30","slug":"taxes-i-preus-publics-matricula","status":"publish","type":"page","link":"https:\/\/agora-eoi.xtec.cat\/eoisantcugat\/taxes-i-preus-publics\/taxes-i-preus-publics-matricula\/","title":{"rendered":"Taxes i Preus P\u00fablics Matr\u00edcula"},"content":{"rendered":"<h3>Preus p\u00fablics pels cursos oficials de:\u00a0A1, A2 i C1<\/h3>\n<p><strong>Ordin\u00e0ria :\u00a0<\/strong>275 \u20ac\u00a0(preu p\u00fablic matr\u00edcula)\u00a0+ 30 \u20ac (preu p\u00fablic plataforma\/materials)=\u00a0<strong>305 \u20ac<\/strong><\/p>\n<p><strong>1a repetici\u00f3:\u00a0<\/strong>357,5 \u20ac (preu p\u00fablic matr\u00edcula) + 39 \u20ac (preu p\u00fablic plataforma\/materials)=\u00a0<strong>396,5 \u20ac<\/strong><\/p>\n<p><strong>2a repetici\u00f3:\u00a0<\/strong>495 \u20ac (preu p\u00fablic matr\u00edcula)\u00a0+ 54 \u20ac (preu p\u00fablic plataforma\/materials)=\u00a0<strong>549 \u20ac<\/strong><\/p>\n<h3>Taxes pels cursos oficials de:\u00a0B1, B2.1 i B2.2.<\/h3>\n<p><strong>Ordin\u00e0ria:\u00a0<\/strong>297,60\u00a0\u20ac<strong>\u00a0<\/strong>(taxa matr\u00edcula)\u00a0+ 30 \u20ac\u00a0(preu p\u00fablic plataforma\/materials)=\u00a0<strong>327,60 \u20ac<\/strong><\/p>\n<p><strong>1a repetici\u00f3:\u00a0<\/strong>386,90 \u20ac (taxa matr\u00edcula)\u00a0+ 39 \u20ac (preu p\u00fablic plataforma\/materials)=\u00a0<strong>425,90 \u20ac<\/strong><\/p>\n<p><strong>2a repetici\u00f3:\u00a0<\/strong>535,70 \u20ac (taxa matr\u00edcula)\u00a0+ 54 \u20ac (preu p\u00fablic plataforma\/materials)=\u00a0<strong>589,70\u00a0\u20ac<\/strong><\/p>\n<h3><u>ACC\u00c9S A LA PLATAFORMA I MATERIALS DID\u00c0CTICS: PREU P\u00daBLIC:<\/u><\/h3>\n<ul>\n<li>El preu p\u00fablic pels serveis d&#8217;acc\u00e9s a la plataforma i materials did\u00e0ctics dels ensenyaments d&#8217;idiomes de 30,00 euros\u00a0<strong>\u00e9s\u00a0de pagament obligatori en tots els nivells.\u00a0<\/strong>Aquest preu p\u00fablic est\u00e0 subjecte a les bonificacions i exempcions i tamb\u00e9 a les penalitzacions per repetici\u00f3.<\/li>\n<\/ul>\n<h3><a href=\"https:\/\/educacio.gencat.cat\/ca\/departament\/normativa\/taxes-preus-publics\/exempcions-bonificacions\/\" target=\"_blank\" rel=\"alternate noopener\">Exempcions i bonificacions\u00a0generals<\/a><\/h3>\n<p>Podeu consultar tota la informaci\u00f3 sobre taxes, preus p\u00fablics, bonificacions i exempcions a<a href=\"http:\/\/educacio.gencat.cat\/ca\/departament\/normativa\/taxes-preus-publics\" target=\"_blank\" rel=\"alternate noopener\"> http:\/\/educacio.gencat.cat\/ca\/departament\/normativa\/taxes-preus-publics<\/a><\/p>\n","protected":false},"excerpt":{"rendered":"<p>Preus p\u00fablics pels cursos oficials de:\u00a0A1, A2 i C1 Ordin\u00e0ria :\u00a0275 \u20ac\u00a0(preu p\u00fablic matr\u00edcula)\u00a0+ 30 \u20ac (preu p\u00fablic plataforma\/materials)=\u00a0305 \u20ac [&hellip;]<\/p>\n","protected":false},"author":1,"featured_media":0,"parent":9044,"menu_order":11,"comment_status":"closed","ping_status":"close","template":"page-templates\/side-menu.php","meta":{"site-sidebar-layout":"default","site-content-layout":"","ast-site-content-layout":"","site-content-style":"default","site-sidebar-style":"default","ast-global-header-display":"","ast-banner-title-visibility":"","ast-main-header-display":"","ast-hfb-above-header-display":"","ast-hfb-below-header-display":"","ast-hfb-mobile-header-display":"","site-post-title":"","ast-breadcrumbs-content":"","ast-featured-img":"","footer-sml-layout":"","theme-transparent-header-meta":"","adv-header-id-meta":"","stick-header-meta":"","header-above-stick-meta":"","header-main-stick-meta":"","header-below-stick-meta":"","astra-migrate-meta-layouts":"default","ast-page-background-enabled":"default","ast-page-background-meta":{"desktop":{"background-color":"var(--ast-global-color-4)","background-image":"","background-repeat":"repeat","background-position":"center center","background-size":"auto","background-attachment":"scroll","background-type":"","background-media":"","overlay-type":"","overlay-color":"","overlay-opacity":"","overlay-gradient":""},"tablet":{"background-color":"","background-image":"","background-repeat":"repeat","background-position":"center center","background-size":"auto","background-attachment":"scroll","background-type":"","background-media":"","overlay-type":"","overlay-color":"","overlay-opacity":"","overlay-gradient":""},"mobile":{"background-color":"","background-image":"","background-repeat":"repeat","background-position":"center center","background-size":"auto","background-attachment":"scroll","background-type":"","background-media":"","overlay-type":"","overlay-color":"","overlay-opacity":"","overlay-gradient":""}},"ast-content-background-meta":{"desktop":{"background-color":"var(--ast-global-color-5)","background-image":"","background-repeat":"repeat","background-position":"center center","background-size":"auto","background-attachment":"scroll","background-type":"","background-media":"","overlay-type":"","overlay-color":"","overlay-opacity":"","overlay-gradient":""},"tablet":{"background-color":"var(--ast-global-color-5)","background-image":"","background-repeat":"repeat","background-position":"center center","background-size":"auto","background-attachment":"scroll","background-type":"","background-media":"","overlay-type":"","overlay-color":"","overlay-opacity":"","overlay-gradient":""},"mobile":{"background-color":"var(--ast-global-color-5)","background-image":"","background-repeat":"repeat","background-position":"center center","background-size":"auto","background-attachment":"scroll","background-type":"","background-media":"","overlay-type":"","overlay-color":"","overlay-opacity":"","overlay-gradient":""}},"footnotes":""},"class_list":["post-9046","page","type-page","status-publish","hentry"],"post_mailing_queue_ids":[],"_links":{"self":[{"href":"https:\/\/agora-eoi.xtec.cat\/eoisantcugat\/wp-json\/wp\/v2\/pages\/9046","targetHints":{"allow":["GET"]}}],"collection":[{"href":"https:\/\/agora-eoi.xtec.cat\/eoisantcugat\/wp-json\/wp\/v2\/pages"}],"about":[{"href":"https:\/\/agora-eoi.xtec.cat\/eoisantcugat\/wp-json\/wp\/v2\/types\/page"}],"author":[{"embeddable":true,"href":"https:\/\/agora-eoi.xtec.cat\/eoisantcugat\/wp-json\/wp\/v2\/users\/1"}],"replies":[{"embeddable":true,"href":"https:\/\/agora-eoi.xtec.cat\/eoisantcugat\/wp-json\/wp\/v2\/comments?post=9046"}],"version-history":[{"count":2,"href":"https:\/\/agora-eoi.xtec.cat\/eoisantcugat\/wp-json\/wp\/v2\/pages\/9046\/revisions"}],"predecessor-version":[{"id":9048,"href":"https:\/\/agora-eoi.xtec.cat\/eoisantcugat\/wp-json\/wp\/v2\/pages\/9046\/revisions\/9048"}],"up":[{"embeddable":true,"href":"https:\/\/agora-eoi.xtec.cat\/eoisantcugat\/wp-json\/wp\/v2\/pages\/9044"}],"wp:attachment":[{"href":"https:\/\/agora-eoi.xtec.cat\/eoisantcugat\/wp-json\/wp\/v2\/media?parent=9046"}],"curies":[{"name":"wp","href":"https:\/\/api.w.org\/{rel}","templated":true}]}}