{"id":9011,"date":"2024-09-16T13:29:42","date_gmt":"2024-09-16T11:29:42","guid":{"rendered":"https:\/\/agora-eoi.xtec.cat\/eoisantcugat\/?page_id=9011"},"modified":"2024-09-16T13:32:34","modified_gmt":"2024-09-16T11:32:34","slug":"acces-als-estudis","status":"publish","type":"page","link":"https:\/\/agora-eoi.xtec.cat\/eoisantcugat\/acces-als-estudis\/","title":{"rendered":"Acc\u00e9s als estudis"},"content":{"rendered":"<p><strong>COM ACCEDIR A L&#8217;EOI SANT CUGAT?<\/strong><\/p>\n<p>Per accedir a l\u2019Escola Oficial d\u2019Idiomes de Sant Cugat primer cal fer una preinscripci\u00f3 telem\u00e0tica entre els darrers dies d&#8217;agost i els primers de setembre en aquest\u00a0<a href=\"https:\/\/www.eoidigital.com\/preinscripcio\/alumnes\/\">aplicatiu<\/a>, (web del\u00a0<a href=\"https:\/\/preinscripcio.gencat.cat\/ca\/estudis\/idiomes-eoi\/informat\/calendari\/\" target=\"_blank\" rel=\"alternate noopener\">Departament d&#8217;Educaci\u00f3<\/a>, on tamb\u00e9 s&#8217;han de consultar els resultats del test de nivell i\u00a0 l&#8217;estat de la preinscripci\u00f3) \u00a0tenint en compte el seg\u00fcent:<\/p>\n<ul>\n<li>Si no es tenen coneixements previs de l\u2019idioma, s\u2019haur\u00e0 d\u2019escollir l\u2019opci\u00f3: Preinscripci\u00f3 a l&#8217;A1(1r).<\/li>\n<\/ul>\n<ul>\n<li>Si es tenen coneixements de l\u2019idioma per fer la preinscripci\u00f3 a A2 (2n), B1 (3r), B2.1 (4t), B2.2 (5\u00e8)\u00a0 o nivell C1,\u00a0<strong>teniu dues opcions<\/strong><\/li>\n<\/ul>\n<p>1)\u00a0Preinscripci\u00f3 directa al curs corresponent,\u00a0<strong>sense fer test de nivell<\/strong>.<\/p>\n<p>Aquesta opci\u00f3 \u00e9s per a les persones \u00a0que us trobeu en alguna de les circumst\u00e0ncies seg\u00fcents\u00a0:<\/p>\n<p>&#8211; Heu aprovat el curs anterior en una EOI.<\/p>\n<p>&#8211; Teniu el certificat de nivell b\u00e0sic A2, el certificat de nivell intermedi\u00a0B1 o el certificat de nivell intermedi B2.<\/p>\n<p>&#8211; Teniu alguna de les acreditacions de les taules d&#8217;exempcions que<\/p>\n<p>trobareu a l&#8217;aplicatiu de preinscripci\u00f3 o aqui:\u00a0<a href=\"http:\/\/xtec.gencat.cat\/web\/.content\/alfresco\/d\/d\/workspace\/SpacesStore\/0068\/9d8483a2-5b29-4c1b-a811-8c9fdde7b6e9\/equil-alemany.pdf\" target=\"_blank\" rel=\"alternate noopener\">alemany<\/a>\u00a0\u00a0<a href=\"http:\/\/xtec.gencat.cat\/web\/.content\/curriculum\/idiomes\/certificats\/documents\/equivalencies-angles.pdf\" target=\"_blank\" rel=\"alternate noopener\">angl\u00e8s<\/a><\/p>\n<p>2)\u00a0Preinscripci\u00f3 al\u00a0<strong>test de nivell<\/strong>.<\/p>\n<p>Aquesta opci\u00f3 \u00e9s per a les persones que ja teniu coneixements de l\u2019idioma al qual us voleu preinscriure per\u00f2 no us trobeu en cap de les circumst\u00e0ncies anteriors o no disposeu de la documentaci\u00f3 que les pot acreditar.<\/p>\n<p><strong>Nivells de l\u2019A1 al C1<\/strong>:<\/p>\n<p>ANGL\u00c8S I ALEMANY\u00a0:<\/p>\n<p>Test de nivell telem\u00e0tic, el per\u00edode s\u2019inicia en el moment de fer la preinscripci\u00f3.<\/p>\n<p>Fet el test de nivell cal escollir horari.<\/p>\n","protected":false},"excerpt":{"rendered":"<p>COM ACCEDIR A L&#8217;EOI SANT CUGAT? Per accedir a l\u2019Escola Oficial d\u2019Idiomes de Sant Cugat primer cal fer una preinscripci\u00f3 [&hellip;]<\/p>\n","protected":false},"author":1,"featured_media":0,"parent":0,"menu_order":2,"comment_status":"closed","ping_status":"close","template":"page-templates\/side-menu.php","meta":{"site-sidebar-layout":"default","site-content-layout":"","ast-site-content-layout":"","site-content-style":"default","site-sidebar-style":"default","ast-global-header-display":"","ast-banner-title-visibility":"","ast-main-header-display":"","ast-hfb-above-header-display":"","ast-hfb-below-header-display":"","ast-hfb-mobile-header-display":"","site-post-title":"","ast-breadcrumbs-content":"","ast-featured-img":"","footer-sml-layout":"","theme-transparent-header-meta":"","adv-header-id-meta":"","stick-header-meta":"","header-above-stick-meta":"","header-main-stick-meta":"","header-below-stick-meta":"","astra-migrate-meta-layouts":"default","ast-page-background-enabled":"default","ast-page-background-meta":{"desktop":{"background-color":"var(--ast-global-color-4)","background-image":"","background-repeat":"repeat","background-position":"center center","background-size":"auto","background-attachment":"scroll","background-type":"","background-media":"","overlay-type":"","overlay-color":"","overlay-opacity":"","overlay-gradient":""},"tablet":{"background-color":"","background-image":"","background-repeat":"repeat","background-position":"center center","background-size":"auto","background-attachment":"scroll","background-type":"","background-media":"","overlay-type":"","overlay-color":"","overlay-opacity":"","overlay-gradient":""},"mobile":{"background-color":"","background-image":"","background-repeat":"repeat","background-position":"center center","background-size":"auto","background-attachment":"scroll","background-type":"","background-media":"","overlay-type":"","overlay-color":"","overlay-opacity":"","overlay-gradient":""}},"ast-content-background-meta":{"desktop":{"background-color":"var(--ast-global-color-5)","background-image":"","background-repeat":"repeat","background-position":"center center","background-size":"auto","background-attachment":"scroll","background-type":"","background-media":"","overlay-type":"","overlay-color":"","overlay-opacity":"","overlay-gradient":""},"tablet":{"background-color":"var(--ast-global-color-5)","background-image":"","background-repeat":"repeat","background-position":"center center","background-size":"auto","background-attachment":"scroll","background-type":"","background-media":"","overlay-type":"","overlay-color":"","overlay-opacity":"","overlay-gradient":""},"mobile":{"background-color":"var(--ast-global-color-5)","background-image":"","background-repeat":"repeat","background-position":"center center","background-size":"auto","background-attachment":"scroll","background-type":"","background-media":"","overlay-type":"","overlay-color":"","overlay-opacity":"","overlay-gradient":""}},"footnotes":""},"class_list":["post-9011","page","type-page","status-publish","hentry"],"post_mailing_queue_ids":[],"_links":{"self":[{"href":"https:\/\/agora-eoi.xtec.cat\/eoisantcugat\/wp-json\/wp\/v2\/pages\/9011","targetHints":{"allow":["GET"]}}],"collection":[{"href":"https:\/\/agora-eoi.xtec.cat\/eoisantcugat\/wp-json\/wp\/v2\/pages"}],"about":[{"href":"https:\/\/agora-eoi.xtec.cat\/eoisantcugat\/wp-json\/wp\/v2\/types\/page"}],"author":[{"embeddable":true,"href":"https:\/\/agora-eoi.xtec.cat\/eoisantcugat\/wp-json\/wp\/v2\/users\/1"}],"replies":[{"embeddable":true,"href":"https:\/\/agora-eoi.xtec.cat\/eoisantcugat\/wp-json\/wp\/v2\/comments?post=9011"}],"version-history":[{"count":2,"href":"https:\/\/agora-eoi.xtec.cat\/eoisantcugat\/wp-json\/wp\/v2\/pages\/9011\/revisions"}],"predecessor-version":[{"id":9013,"href":"https:\/\/agora-eoi.xtec.cat\/eoisantcugat\/wp-json\/wp\/v2\/pages\/9011\/revisions\/9013"}],"wp:attachment":[{"href":"https:\/\/agora-eoi.xtec.cat\/eoisantcugat\/wp-json\/wp\/v2\/media?parent=9011"}],"curies":[{"name":"wp","href":"https:\/\/api.w.org\/{rel}","templated":true}]}}