{"id":8960,"date":"2024-09-12T11:13:17","date_gmt":"2024-09-12T09:13:17","guid":{"rendered":"https:\/\/agora-eoi.xtec.cat\/eoisantcugat\/?page_id=8960"},"modified":"2025-09-09T11:23:58","modified_gmt":"2025-09-09T09:23:58","slug":"equip-docent-i-pas","status":"publish","type":"page","link":"https:\/\/agora-eoi.xtec.cat\/eoisantcugat\/organigrama\/equip-docent-i-pas\/","title":{"rendered":"Equip Docent i PAS"},"content":{"rendered":"<p><strong>Equip docent:<\/strong><\/p>\n<p><strong>Departament d&#8217;alemany:<\/strong><\/p>\n<p>Hanna Albani (<span id=\"cloak0f7f9664adc5ebfdf33f4e9d1efcd71b\"><a href=\"mailto:halbani@eoisantcugat.com\">halbani@eoisantcugat.com<\/a><\/span>)<\/p>\n<p>Francesc Fern\u00e1ndez (<span id=\"cloak9157b80acd7146715819d964857769e5\"><a href=\"mailto:ffernandez@eoisantcugat.com\">ffernandez@eoisantcugat.com<\/a><\/span>)<\/p>\n<p>Miquel \u00c0. Gago (<span id=\"cloakab2376f6b11449497baf2c709cd28603\"><a href=\"mailto:mgago@eoisantcugat.com\">mgago@eoisantcugat.com<\/a><\/span>)<\/p>\n<p>S\u00edlvia Mendoza (smendoza@eoisantcugat.com)<\/p>\n<p><strong>Departament d&#8217;angl\u00e8s:<\/strong><\/p>\n<p>Sandra Carmona (<span id=\"cloak3c2df353f8f7e882470c0b0374d4eef2\"><a href=\"mailto:scarmona@eoisantcugat.com\" rel=\"alternate\">scarmona@eoisantcugat.com<\/a><\/span>)<\/p>\n<p>Esther Castilla (<span id=\"cloak02f8abca97ed0358dae4a24428375419\"><a href=\"mailto:ecastilla@eoisantcugat.com\">ecastilla@eoisantcugat.com<\/a><\/span>)<\/p>\n<p>Clara Mart\u00ednez (<span id=\"cloak5c54f96f7e6d5381994d1cda5e645e66\"><a href=\"mailto:cmartinez@eoisantcugat.com\">cmartinez@eoisantcugat.com<\/a><\/span>)<\/p>\n<p>Adela Robles (arobles@eoisantcugat.com)<\/p>\n<p>Gerard Garcia (ggarci17@eoisantcugat.com)<\/p>\n<p><strong>Personal d&#8217;Administraci\u00f3 i Serveis:<\/strong><\/p>\n<p><strong>Auxiliar Administrativa:<\/strong><\/p>\n<p>Inmaculada Fuster (<span id=\"cloak90275c942847c4482b9ee2fd62c02532\"><a href=\"mailto:departament_alumnat@eoisantcugat.com\">departament_alumnat@eoisantcugat.com<\/a><\/span>)<\/p>\n<p><strong>Conserge:<\/strong><\/p>\n<p>Estrella Rold\u00e1n (<span id=\"cloakf2ed6df0f95ff9b1df1d8b61b069ef26\"><a href=\"mailto:amartin@eoisantcugat.com\">eroldan@eoisantcugat.com<\/a><\/span>)<\/p>\n","protected":false},"excerpt":{"rendered":"<p>Equip docent: Departament d&#8217;alemany: Hanna Albani (halbani@eoisantcugat.com) Francesc Fern\u00e1ndez (ffernandez@eoisantcugat.com) Miquel \u00c0. Gago (mgago@eoisantcugat.com) S\u00edlvia Mendoza (smendoza@eoisantcugat.com) Departament d&#8217;angl\u00e8s: Sandra [&hellip;]<\/p>\n","protected":false},"author":1,"featured_media":0,"parent":8141,"menu_order":16,"comment_status":"closed","ping_status":"close","template":"","meta":{"site-sidebar-layout":"default","site-content-layout":"","ast-site-content-layout":"default","site-content-style":"default","site-sidebar-style":"default","ast-global-header-display":"","ast-banner-title-visibility":"","ast-main-header-display":"","ast-hfb-above-header-display":"","ast-hfb-below-header-display":"","ast-hfb-mobile-header-display":"","site-post-title":"","ast-breadcrumbs-content":"","ast-featured-img":"","footer-sml-layout":"","theme-transparent-header-meta":"","adv-header-id-meta":"","stick-header-meta":"","header-above-stick-meta":"","header-main-stick-meta":"","header-below-stick-meta":"","astra-migrate-meta-layouts":"set","ast-page-background-enabled":"default","ast-page-background-meta":{"desktop":{"background-color":"var(--ast-global-color-4)","background-image":"","background-repeat":"repeat","background-position":"center center","background-size":"auto","background-attachment":"scroll","background-type":"","background-media":"","overlay-type":"","overlay-color":"","overlay-opacity":"","overlay-gradient":""},"tablet":{"background-color":"","background-image":"","background-repeat":"repeat","background-position":"center center","background-size":"auto","background-attachment":"scroll","background-type":"","background-media":"","overlay-type":"","overlay-color":"","overlay-opacity":"","overlay-gradient":""},"mobile":{"background-color":"","background-image":"","background-repeat":"repeat","background-position":"center center","background-size":"auto","background-attachment":"scroll","background-type":"","background-media":"","overlay-type":"","overlay-color":"","overlay-opacity":"","overlay-gradient":""}},"ast-content-background-meta":{"desktop":{"background-color":"var(--ast-global-color-5)","background-image":"","background-repeat":"repeat","background-position":"center center","background-size":"auto","background-attachment":"scroll","background-type":"","background-media":"","overlay-type":"","overlay-color":"","overlay-opacity":"","overlay-gradient":""},"tablet":{"background-color":"var(--ast-global-color-5)","background-image":"","background-repeat":"repeat","background-position":"center center","background-size":"auto","background-attachment":"scroll","background-type":"","background-media":"","overlay-type":"","overlay-color":"","overlay-opacity":"","overlay-gradient":""},"mobile":{"background-color":"var(--ast-global-color-5)","background-image":"","background-repeat":"repeat","background-position":"center center","background-size":"auto","background-attachment":"scroll","background-type":"","background-media":"","overlay-type":"","overlay-color":"","overlay-opacity":"","overlay-gradient":""}},"footnotes":""},"class_list":["post-8960","page","type-page","status-publish","hentry"],"post_mailing_queue_ids":[],"_links":{"self":[{"href":"https:\/\/agora-eoi.xtec.cat\/eoisantcugat\/wp-json\/wp\/v2\/pages\/8960","targetHints":{"allow":["GET"]}}],"collection":[{"href":"https:\/\/agora-eoi.xtec.cat\/eoisantcugat\/wp-json\/wp\/v2\/pages"}],"about":[{"href":"https:\/\/agora-eoi.xtec.cat\/eoisantcugat\/wp-json\/wp\/v2\/types\/page"}],"author":[{"embeddable":true,"href":"https:\/\/agora-eoi.xtec.cat\/eoisantcugat\/wp-json\/wp\/v2\/users\/1"}],"replies":[{"embeddable":true,"href":"https:\/\/agora-eoi.xtec.cat\/eoisantcugat\/wp-json\/wp\/v2\/comments?post=8960"}],"version-history":[{"count":5,"href":"https:\/\/agora-eoi.xtec.cat\/eoisantcugat\/wp-json\/wp\/v2\/pages\/8960\/revisions"}],"predecessor-version":[{"id":9669,"href":"https:\/\/agora-eoi.xtec.cat\/eoisantcugat\/wp-json\/wp\/v2\/pages\/8960\/revisions\/9669"}],"up":[{"embeddable":true,"href":"https:\/\/agora-eoi.xtec.cat\/eoisantcugat\/wp-json\/wp\/v2\/pages\/8141"}],"wp:attachment":[{"href":"https:\/\/agora-eoi.xtec.cat\/eoisantcugat\/wp-json\/wp\/v2\/media?parent=8960"}],"curies":[{"name":"wp","href":"https:\/\/api.w.org\/{rel}","templated":true}]}}